{"id":4154,"date":"2021-03-24T12:04:05","date_gmt":"2021-03-24T11:04:05","guid":{"rendered":"https:\/\/blogsaverroes.juntadeandalucia.es\/iesalhadra\/?page_id=4154"},"modified":"2021-03-24T12:51:59","modified_gmt":"2021-03-24T11:51:59","slug":"educaandos","status":"publish","type":"page","link":"https:\/\/blogsaverroes.juntadeandalucia.es\/iesalhadra\/educaandos\/","title":{"rendered":"EducaAndOS"},"content":{"rendered":"[et_pb_section fb_built=&#8221;1&#8243; _builder_version=&#8221;4.5.0&#8243;][et_pb_row column_structure=&#8221;3_4,1_4&#8243; _builder_version=&#8221;3.25&#8243; background_size=&#8221;initial&#8221; background_position=&#8221;top_left&#8221; background_repeat=&#8221;repeat&#8221;][et_pb_column type=&#8221;3_4&#8243; _builder_version=&#8221;3.25&#8243; custom_padding=&#8221;|||&#8221; custom_padding__hover=&#8221;|||&#8221;][et_pb_post_title force_fullwidth=&#8221;off&#8221; image_width=&#8221;50%&#8221; _builder_version=&#8221;4.5.0&#8243; _module_preset=&#8221;default&#8221; width=&#8221;100%&#8221; module_alignment=&#8221;center&#8221;][\/et_pb_post_title][et_pb_text _builder_version=&#8221;4.5.0&#8243; background_size=&#8221;initial&#8221; background_position=&#8221;top_left&#8221; background_repeat=&#8221;repeat&#8221;]<p data-adtags-visited=\"true\"><span style=\"font-size: medium;font-family: inherit\"><strong>EducaAndOS 20.04<\/strong> es la primera versi\u00f3n de la <strong>nueva distribuci\u00f3n educativa <\/strong>EducaAndOS, desarrollada por el <strong><a href=\"http:\/\/juntadeandalucia.es\/educacion\/cga\" target=\"_blank\" rel=\"noreferrer noopener\"><span style=\"color: #800080\">Centro de Gesti\u00f3n Avanzado (CGA)<\/span><\/a><\/strong> de la Consejer\u00eda de Educaci\u00f3n y Deporte de la Junta de Andaluc\u00eda. Siguiendo la estela de su antecesora, Guadalinex Edu, ofrece un cat\u00e1logo de aplicaciones educativas y herramientas <strong>para su uso diario en las escuelas andaluzas.<\/strong><\/span><\/p>\n<p><span style=\"font-size: medium;font-family: inherit\">Desde el punto de vista t\u00e9cnico, EducaAndOS 20.04 se basa en <strong>Ubuntu 20.04<\/strong> y se estrena con <strong>GNOME 3.36<\/strong> como entorno de escritorio. Adem\u00e1s, emplea el <strong>kernel 5.4.0<\/strong> de Linux, ofreciendo m\u00e1s compatibilidad con el hardware de reciente adquisici\u00f3n. Como novedad destacada, se ha a\u00f1adido <strong>soporte <\/strong>para equipos con <strong>UEFI<\/strong>, soportando \u00edntegramente equipos con procesadores de <strong>64 Bits<\/strong>. <\/span><\/p>\n<p data-adtags-visited=\"true\"><span style=\"font-size: medium;font-family: inherit\">En cuanto a la <strong>Administraci\u00f3n electr\u00f3nica<\/strong>, se ha incluido una aplicaci\u00f3n para la configuraci\u00f3n autom\u00e1tica del <strong>DNIe <\/strong>con el navegador web <strong>Firefox<\/strong>. Igualmente, <strong>Autofirma <\/strong>viene de serie para facilitar el uso de la<strong> firma electr\u00f3nica<\/strong> en documentos digitales.<\/span><\/p>\n<p data-adtags-visited=\"true\"><span style=\"font-size: medium;font-family: inherit\">El centro de software ha sido mejorado y el centro de control ha sido totalmente renovado, ofreciendo nuevas funcionalidades. Todas las <strong>herramientas incluidas<\/strong> en la distribuci\u00f3n han sido <strong>actualizadas <\/strong>durante la fase de desarrollo ofreciendo nuevas mejoras y correcci\u00f3n de errores, tanto en las aplicaciones base del sistema como en las <strong>solicitadas por la comunidad educativa<\/strong> durante los \u00faltimos a\u00f1os.<\/span><\/p>\n<p data-adtags-visited=\"true\"><span style=\"font-size: medium;font-family: inherit\">Esta nueva versi\u00f3n se encuentra preinstalada en los nuevos port\u00e1tiles suministrados al profesorado durante el presente curso escolar, atendiendo a la <strong>Estrategia Digital de Educaci\u00f3n de Andaluc\u00eda (EDEA)<\/strong> y a la ense\u00f1anza telem\u00e1tica.<\/span><\/p>\n<p data-adtags-visited=\"true\"><span style=\"font-size: 12pt\">Fuente: <a href=\"https:\/\/muyguadablog.com\/2020\/11\/30\/el-centro-de-gestion-avanzado-despliega-la-version-final-de-educaandos-20-04\/\" target=\"_blank\" rel=\"noopener noreferrer\"><span style=\"color: #800080\">GuadaBlog<\/span><\/a><\/span><\/p>\n<p><\/p>[\/et_pb_text][et_pb_divider _builder_version=&#8221;4.5.0&#8243; _module_preset=&#8221;default&#8221;][\/et_pb_divider][et_pb_text admin_label=&#8221;Compartir la pantalla&#8221; _builder_version=&#8221;4.5.0&#8243; _module_preset=&#8221;default&#8221; link_option_url=&#8221;https:\/\/blogsaverroes.juntadeandalucia.es\/iesalhadra\/educaandos\/compartir-pantalla-en-el-proyector\/&#8221; link_option_url_new_window=&#8221;on&#8221;]<ul>\n<li>\n<h3><a href=\"https:\/\/blogsaverroes.juntadeandalucia.es\/iesalhadra\/educaandos\/compartir-pantalla-en-el-proyector\/\"><span style=\"color: #800080\">Compartir pantalla en el proyector del aula<\/span><\/a><\/h3>\n<\/li>\n<\/ul>[\/et_pb_text][et_pb_text admin_label=&#8221;Compartir la pantalla&#8221; _builder_version=&#8221;4.5.0&#8243; _module_preset=&#8221;default&#8221; link_option_url=&#8221;https:\/\/blogsaverroes.juntadeandalucia.es\/iesalhadra\/educaandos\/configuracion-de-la-fecha-y-hora\/&#8221; link_option_url_new_window=&#8221;on&#8221;]<ul>\n<li>\n<h3><a href=\"https:\/\/blogsaverroes.juntadeandalucia.es\/iesalhadra\/educaandos\/configuracion-de-la-fecha-y-hora\/\"><span style=\"color: #800080\">Configuraci\u00f3n de la fecha y la hora<\/span><\/a><\/h3>\n<\/li>\n<\/ul>[\/et_pb_text][et_pb_text admin_label=&#8221;Compartir la pantalla&#8221; _builder_version=&#8221;4.5.0&#8243; _module_preset=&#8221;default&#8221; link_option_url=&#8221;https:\/\/blogsaverroes.juntadeandalucia.es\/iesalhadra\/educaandos\/instalacion-de-un-programa\/&#8221; link_option_url_new_window=&#8221;on&#8221; hover_enabled=&#8221;0&#8243;]<ul>\n<li>\n<h3><a href=\"https:\/\/blogsaverroes.juntadeandalucia.es\/iesalhadra\/educaandos\/instalacion-de-un-programa\/\"><span style=\"color: #800080\">Instalaci\u00f3n de un programa<\/span><\/a><\/h3>\n<\/li>\n<\/ul>\n[\/et_pb_text][et_pb_divider _builder_version=&#8221;4.5.0&#8243; _module_preset=&#8221;default&#8221;][\/et_pb_divider][\/et_pb_column][et_pb_column type=&#8221;1_4&#8243; _builder_version=&#8221;3.25&#8243; custom_padding=&#8221;|||&#8221; custom_padding__hover=&#8221;|||&#8221;][et_pb_sidebar area=&#8221;sidebar-1&#8243; _builder_version=&#8221;4.5.0&#8243; _module_preset=&#8221;default&#8221;][\/et_pb_sidebar][\/et_pb_column][\/et_pb_row][\/et_pb_section]","protected":false},"excerpt":{"rendered":"<p>EducaAndOS 20.04 es la primera versi\u00f3n de la nueva distribuci\u00f3n educativa EducaAndOS, desarrollada por el Centro de Gesti\u00f3n Avanzado (CGA) de la Consejer\u00eda de Educaci\u00f3n y Deporte de la Junta de Andaluc\u00eda. Siguiendo la estela de su antecesora, Guadalinex Edu, ofrece un cat\u00e1logo de aplicaciones educativas y herramientas para su uso diario en las escuelas [&hellip;]<\/p>\n","protected":false},"author":11159,"featured_media":4158,"parent":0,"menu_order":0,"comment_status":"closed","ping_status":"closed","template":"","meta":{"_et_pb_use_builder":"on","_et_pb_old_content":"","_et_gb_content_width":"","ngg_post_thumbnail":0,"footnotes":""},"aioseo_notices":[],"_links":{"self":[{"href":"https:\/\/blogsaverroes.juntadeandalucia.es\/iesalhadra\/wp-json\/wp\/v2\/pages\/4154"}],"collection":[{"href":"https:\/\/blogsaverroes.juntadeandalucia.es\/iesalhadra\/wp-json\/wp\/v2\/pages"}],"about":[{"href":"https:\/\/blogsaverroes.juntadeandalucia.es\/iesalhadra\/wp-json\/wp\/v2\/types\/page"}],"author":[{"embeddable":true,"href":"https:\/\/blogsaverroes.juntadeandalucia.es\/iesalhadra\/wp-json\/wp\/v2\/users\/11159"}],"replies":[{"embeddable":true,"href":"https:\/\/blogsaverroes.juntadeandalucia.es\/iesalhadra\/wp-json\/wp\/v2\/comments?post=4154"}],"version-history":[{"count":7,"href":"https:\/\/blogsaverroes.juntadeandalucia.es\/iesalhadra\/wp-json\/wp\/v2\/pages\/4154\/revisions"}],"predecessor-version":[{"id":4197,"href":"https:\/\/blogsaverroes.juntadeandalucia.es\/iesalhadra\/wp-json\/wp\/v2\/pages\/4154\/revisions\/4197"}],"wp:featuredmedia":[{"embeddable":true,"href":"https:\/\/blogsaverroes.juntadeandalucia.es\/iesalhadra\/wp-json\/wp\/v2\/media\/4158"}],"wp:attachment":[{"href":"https:\/\/blogsaverroes.juntadeandalucia.es\/iesalhadra\/wp-json\/wp\/v2\/media?parent=4154"}],"curies":[{"name":"wp","href":"https:\/\/api.w.org\/{rel}","templated":true}]}}