{"id":4162,"date":"2021-03-24T12:17:25","date_gmt":"2021-03-24T11:17:25","guid":{"rendered":"https:\/\/blogsaverroes.juntadeandalucia.es\/iesalhadra\/?page_id=4162"},"modified":"2021-03-24T12:33:53","modified_gmt":"2021-03-24T11:33:53","slug":"compartir-pantalla-en-el-proyector","status":"publish","type":"page","link":"https:\/\/blogsaverroes.juntadeandalucia.es\/iesalhadra\/educaandos\/compartir-pantalla-en-el-proyector\/","title":{"rendered":"Compartir pantalla en el proyector"},"content":{"rendered":"<p>[et_pb_section fb_built=&#8221;1&#8243; _builder_version=&#8221;3.22&#8243;][et_pb_row column_structure=&#8221;3_4,1_4&#8243; _builder_version=&#8221;3.25&#8243; background_size=&#8221;initial&#8221; background_position=&#8221;top_left&#8221; background_repeat=&#8221;repeat&#8221;][et_pb_column type=&#8221;3_4&#8243; _builder_version=&#8221;3.25&#8243; custom_padding=&#8221;|||&#8221; custom_padding__hover=&#8221;|||&#8221;][et_pb_post_title force_fullwidth=&#8221;off&#8221; image_width=&#8221;50%&#8221; _builder_version=&#8221;4.5.0&#8243; _module_preset=&#8221;default&#8221; hover_enabled=&#8221;0&#8243;][\/et_pb_post_title][et_pb_text _builder_version=&#8221;4.5.0&#8243; background_size=&#8221;initial&#8221; background_position=&#8221;top_left&#8221; background_repeat=&#8221;repeat&#8221; hover_enabled=&#8221;0&#8243;]<\/p>\n<div class=\"gmail_default\">\n<div><span style=\"font-size: 12pt\">Para <span class=\"il\">compartir<\/span> la <span class=\"il\">pantalla<\/span> del ordenador en el proyector de un aula, deber\u00e1s establecer la configuraci\u00f3n de <span class=\"il\">pantalla<\/span> en <strong>modo espejo<\/strong> en el port\u00e1til siguiendo los siguientes pasos:<\/span><\/div>\n<div>\u00a0<\/div>\n<div><span style=\"font-size: 12pt\">1. <b>Conecta el cable VGA<\/b> al port\u00e1til y al proyector (o conexi\u00f3n en la pared correspondiente).<\/span><\/div>\n<div>\u00a0<\/div>\n<div><span style=\"font-size: 12pt\">2. Accede al men\u00fa <b>Aplicaciones &gt; Herramientas del sistema &gt; Configuraci\u00f3n &gt; <span class=\"il\">Pantallas<\/span>.<\/b><\/span><\/div>\n<div><span style=\"font-size: 12pt\"><b>\u00a0<\/b><\/span><\/div>\n<div><span style=\"font-size: 12pt\">3. En <b>Modo de la <span class=\"il\">Pantalla<\/span><\/b> selecciona <i><b>Espejo<\/b><\/i> y pulsa el bot\u00f3n <b>Aplicar<\/b>.<\/span><\/div>\n<\/div>\n<div>\u00a0<\/div>\n<div><img loading=\"lazy\" decoding=\"async\" class=\"wp-image-4165 size-full aligncenter\" src=\"https:\/\/blogsaverroes.juntadeandalucia.es\/iesalhadra\/files\/2021\/03\/imagen3.png\" alt=\"\" width=\"985\" height=\"496\" srcset=\"https:\/\/blogsaverroes.juntadeandalucia.es\/iesalhadra\/files\/2021\/03\/imagen3.png 985w, https:\/\/blogsaverroes.juntadeandalucia.es\/iesalhadra\/files\/2021\/03\/imagen3-980x493.png 980w, https:\/\/blogsaverroes.juntadeandalucia.es\/iesalhadra\/files\/2021\/03\/imagen3-480x242.png 480w\" sizes=\"(min-width: 0px) and (max-width: 480px) 480px, (min-width: 481px) and (max-width: 980px) 980px, (min-width: 981px) 985px, 100vw\" \/><\/div>\n<div class=\"gmail_default\">\u00a0<\/div>\n<p>[\/et_pb_text][et_pb_button button_text=&#8221;Volver a EducaAndOS&#8221; admin_label=&#8221;Bot\u00f3n volver&#8221; _builder_version=&#8221;4.5.0&#8243; _module_preset=&#8221;default&#8221; background_layout=&#8221;dark&#8221; custom_button=&#8221;on&#8221; button_text_color=&#8221;#ffffff&#8221; button_bg_color=&#8221;#8300e9&#8243; button_bg_enable_color=&#8221;on&#8221; button_icon=&#8221;%%27%%&#8221; button_icon_color=&#8221;#ffffff&#8221; box_shadow_style=&#8221;preset1&#8243; button_url=&#8221;https:\/\/blogsaverroes.juntadeandalucia.es\/iesalhadra\/educaandos\/&#8221; hover_enabled=&#8221;0&#8243; button_icon_placement=&#8221;left&#8221;][\/et_pb_button][\/et_pb_column][et_pb_column type=&#8221;1_4&#8243; _builder_version=&#8221;3.25&#8243; custom_padding=&#8221;|||&#8221; custom_padding__hover=&#8221;|||&#8221;][et_pb_sidebar area=&#8221;sidebar-1&#8243; _builder_version=&#8221;4.5.0&#8243; _module_preset=&#8221;default&#8221;][\/et_pb_sidebar][\/et_pb_column][\/et_pb_row][\/et_pb_section]<\/p>\n","protected":false},"excerpt":{"rendered":"<p>Para compartir la pantalla del ordenador en el proyector de un aula, deber\u00e1s establecer la configuraci\u00f3n de pantalla en modo espejo en el port\u00e1til siguiendo los siguientes pasos: \u00a0 1. Conecta el cable VGA al port\u00e1til y al proyector (o conexi\u00f3n en la pared correspondiente). \u00a0 2. Accede al men\u00fa Aplicaciones &gt; Herramientas del sistema [&hellip;]<\/p>\n","protected":false},"author":11159,"featured_media":4158,"parent":4154,"menu_order":0,"comment_status":"closed","ping_status":"closed","template":"","meta":{"_et_pb_use_builder":"on","_et_pb_old_content":"","_et_gb_content_width":"","ngg_post_thumbnail":0,"footnotes":""},"aioseo_notices":[],"_links":{"self":[{"href":"https:\/\/blogsaverroes.juntadeandalucia.es\/iesalhadra\/wp-json\/wp\/v2\/pages\/4162"}],"collection":[{"href":"https:\/\/blogsaverroes.juntadeandalucia.es\/iesalhadra\/wp-json\/wp\/v2\/pages"}],"about":[{"href":"https:\/\/blogsaverroes.juntadeandalucia.es\/iesalhadra\/wp-json\/wp\/v2\/types\/page"}],"author":[{"embeddable":true,"href":"https:\/\/blogsaverroes.juntadeandalucia.es\/iesalhadra\/wp-json\/wp\/v2\/users\/11159"}],"replies":[{"embeddable":true,"href":"https:\/\/blogsaverroes.juntadeandalucia.es\/iesalhadra\/wp-json\/wp\/v2\/comments?post=4162"}],"version-history":[{"count":7,"href":"https:\/\/blogsaverroes.juntadeandalucia.es\/iesalhadra\/wp-json\/wp\/v2\/pages\/4162\/revisions"}],"predecessor-version":[{"id":4181,"href":"https:\/\/blogsaverroes.juntadeandalucia.es\/iesalhadra\/wp-json\/wp\/v2\/pages\/4162\/revisions\/4181"}],"up":[{"embeddable":true,"href":"https:\/\/blogsaverroes.juntadeandalucia.es\/iesalhadra\/wp-json\/wp\/v2\/pages\/4154"}],"wp:featuredmedia":[{"embeddable":true,"href":"https:\/\/blogsaverroes.juntadeandalucia.es\/iesalhadra\/wp-json\/wp\/v2\/media\/4158"}],"wp:attachment":[{"href":"https:\/\/blogsaverroes.juntadeandalucia.es\/iesalhadra\/wp-json\/wp\/v2\/media?parent=4162"}],"curies":[{"name":"wp","href":"https:\/\/api.w.org\/{rel}","templated":true}]}}