{"id":4190,"date":"2021-03-24T12:50:30","date_gmt":"2021-03-24T11:50:30","guid":{"rendered":"https:\/\/blogsaverroes.juntadeandalucia.es\/iesalhadra\/?page_id=4190"},"modified":"2021-04-19T11:25:46","modified_gmt":"2021-04-19T10:25:46","slug":"instalacion-de-un-programa","status":"publish","type":"page","link":"https:\/\/blogsaverroes.juntadeandalucia.es\/iesalhadra\/educaandos\/instalacion-de-un-programa\/","title":{"rendered":"Instalaci\u00f3n de un programa"},"content":{"rendered":"<p>[et_pb_section fb_built=&#8221;1&#8243; _builder_version=&#8221;3.22&#8243;][et_pb_row column_structure=&#8221;3_4,1_4&#8243; _builder_version=&#8221;3.25&#8243; background_size=&#8221;initial&#8221; background_position=&#8221;top_left&#8221; background_repeat=&#8221;repeat&#8221;][et_pb_column type=&#8221;3_4&#8243; _builder_version=&#8221;3.25&#8243; custom_padding=&#8221;|||&#8221; custom_padding__hover=&#8221;|||&#8221;][et_pb_post_title force_fullwidth=&#8221;off&#8221; image_width=&#8221;50%&#8221; _builder_version=&#8221;4.5.0&#8243; _module_preset=&#8221;default&#8221;][\/et_pb_post_title][et_pb_text _builder_version=&#8221;4.5.0&#8243; background_size=&#8221;initial&#8221; background_position=&#8221;top_left&#8221; background_repeat=&#8221;repeat&#8221; hover_enabled=&#8221;0&#8243;]<\/p>\n<div class=\"gmail_default\">&nbsp;<\/div>\n<div>\n<div class=\"gmail_default\"><span style=\"font-size: 12pt\">Para <span class=\"il\">instalar<\/span> un programa en los port\u00e1tiles facilitados por por la Consejer\u00eda de Educaci\u00f3n y Deporte de la Junta de Andaluc\u00eda debemos seguir los siguientes pasos:<\/span><\/div>\n<div class=\"gmail_default\"><\/p>\n<div><span style=\"font-size: 12pt\">1. Accede al men\u00fa <b>Aplicaciones &gt; Herramientas del Sistema &gt; Centro de Software de EducaAndOS<\/b>.<\/span><\/div>\n<div>&nbsp;<\/div>\n<div>\n<div><span style=\"font-size: 12pt\"><img loading=\"lazy\" decoding=\"async\" class=\"alignnone wp-image-4193 size-large\" src=\"https:\/\/blogsaverroes.juntadeandalucia.es\/iesalhadra\/files\/2021\/03\/imagen6-1024x473.png\" alt=\"\" width=\"1024\" height=\"473\" srcset=\"https:\/\/blogsaverroes.juntadeandalucia.es\/iesalhadra\/files\/2021\/03\/imagen6-1024x473.png 1024w, https:\/\/blogsaverroes.juntadeandalucia.es\/iesalhadra\/files\/2021\/03\/imagen6-980x452.png 980w, https:\/\/blogsaverroes.juntadeandalucia.es\/iesalhadra\/files\/2021\/03\/imagen6-480x222.png 480w\" sizes=\"(min-width: 0px) and (max-width: 480px) 480px, (min-width: 481px) and (max-width: 980px) 980px, (min-width: 981px) 1024px, 100vw\" \/><\/span><\/div>\n<\/div>\n<\/div>\n<div>&nbsp;<\/div>\n<div><span style=\"font-size: 12pt\">2. <b>Accede a una de las Categor\u00edas<\/b>. Por ejemplo, si queremos <span class=\"il\">instalar<\/span> el navegador <i>Chromiun<\/i>, accederemos a la Categor\u00eda &#8220;Comunicaci\u00f3n y noticias&#8221;.<\/span><\/div>\n<div>&nbsp;<\/div>\n<div><span style=\"font-size: 12pt\">3. Hacer <b>clic sobre el programa<\/b> que queremos <span class=\"il\">instalar<\/span>.<\/span><\/div>\n<div>&nbsp;<\/div>\n<div><span style=\"font-size: 12pt\">4. Pulsar el bot\u00f3n <b>&#8220;<span class=\"il\">Instalar<\/span>&#8220;<\/b>.<\/span><\/div>\n<div>&nbsp;<\/div>\n<div><span style=\"font-size: 12pt\">5. Una vez <span class=\"il\">instalado<\/span>, nos aparecer\u00e1 en el apartado correspondiente del men\u00fa Aplicaciones. Siguiendo con el ejemplo anterior, <em>Chromiun<\/em> nos aparecer\u00e1 en el apartado Internet del men\u00fa Aplicaciones.<\/span><\/div>\n<div>&nbsp;<\/div>\n<div><img loading=\"lazy\" decoding=\"async\" class=\"alignnone wp-image-4194 size-full\" src=\"https:\/\/blogsaverroes.juntadeandalucia.es\/iesalhadra\/files\/2021\/03\/imagen7.png\" alt=\"\" width=\"616\" height=\"390\" srcset=\"https:\/\/blogsaverroes.juntadeandalucia.es\/iesalhadra\/files\/2021\/03\/imagen7.png 616w, https:\/\/blogsaverroes.juntadeandalucia.es\/iesalhadra\/files\/2021\/03\/imagen7-480x304.png 480w\" sizes=\"(min-width: 0px) and (max-width: 480px) 480px, (min-width: 481px) 616px, 100vw\" \/><\/div>\n<\/div>\n<div class=\"gmail_default\">&nbsp;<\/div>\n<p>[\/et_pb_text][et_pb_button button_url=&#8221;https:\/\/blogsaverroes.juntadeandalucia.es\/iesalhadra\/educaandos\/&#8221; button_text=&#8221;Volver a EducaAndOS&#8221; admin_label=&#8221;Bot\u00f3n volver&#8221; _builder_version=&#8221;4.5.0&#8243; _module_preset=&#8221;default&#8221; custom_button=&#8221;on&#8221; button_text_color=&#8221;#ffffff&#8221; button_bg_color=&#8221;#8300e9&#8243; button_icon=&#8221;%%27%%&#8221; button_icon_color=&#8221;#ffffff&#8221; button_icon_placement=&#8221;left&#8221; background_layout=&#8221;dark&#8221; box_shadow_style=&#8221;preset1&#8243;][\/et_pb_button][\/et_pb_column][et_pb_column type=&#8221;1_4&#8243; _builder_version=&#8221;3.25&#8243; custom_padding=&#8221;|||&#8221; custom_padding__hover=&#8221;|||&#8221;][et_pb_sidebar area=&#8221;sidebar-1&#8243; _builder_version=&#8221;4.5.0&#8243; _module_preset=&#8221;default&#8221;][\/et_pb_sidebar][\/et_pb_column][\/et_pb_row][\/et_pb_section]<\/p>\n","protected":false},"excerpt":{"rendered":"<p>&nbsp; Para instalar un programa en los port\u00e1tiles facilitados por por la Consejer\u00eda de Educaci\u00f3n y Deporte de la Junta de Andaluc\u00eda debemos seguir los siguientes pasos: 1. Accede al men\u00fa Aplicaciones &gt; Herramientas del Sistema &gt; Centro de Software de EducaAndOS. &nbsp; &nbsp; 2. Accede a una de las Categor\u00edas. Por ejemplo, si queremos [&hellip;]<\/p>\n","protected":false},"author":11159,"featured_media":4158,"parent":4154,"menu_order":0,"comment_status":"closed","ping_status":"closed","template":"","meta":{"_et_pb_use_builder":"on","_et_pb_old_content":"","_et_gb_content_width":"","ngg_post_thumbnail":0,"footnotes":""},"aioseo_notices":[],"_links":{"self":[{"href":"https:\/\/blogsaverroes.juntadeandalucia.es\/iesalhadra\/wp-json\/wp\/v2\/pages\/4190"}],"collection":[{"href":"https:\/\/blogsaverroes.juntadeandalucia.es\/iesalhadra\/wp-json\/wp\/v2\/pages"}],"about":[{"href":"https:\/\/blogsaverroes.juntadeandalucia.es\/iesalhadra\/wp-json\/wp\/v2\/types\/page"}],"author":[{"embeddable":true,"href":"https:\/\/blogsaverroes.juntadeandalucia.es\/iesalhadra\/wp-json\/wp\/v2\/users\/11159"}],"replies":[{"embeddable":true,"href":"https:\/\/blogsaverroes.juntadeandalucia.es\/iesalhadra\/wp-json\/wp\/v2\/comments?post=4190"}],"version-history":[{"count":2,"href":"https:\/\/blogsaverroes.juntadeandalucia.es\/iesalhadra\/wp-json\/wp\/v2\/pages\/4190\/revisions"}],"predecessor-version":[{"id":4195,"href":"https:\/\/blogsaverroes.juntadeandalucia.es\/iesalhadra\/wp-json\/wp\/v2\/pages\/4190\/revisions\/4195"}],"up":[{"embeddable":true,"href":"https:\/\/blogsaverroes.juntadeandalucia.es\/iesalhadra\/wp-json\/wp\/v2\/pages\/4154"}],"wp:featuredmedia":[{"embeddable":true,"href":"https:\/\/blogsaverroes.juntadeandalucia.es\/iesalhadra\/wp-json\/wp\/v2\/media\/4158"}],"wp:attachment":[{"href":"https:\/\/blogsaverroes.juntadeandalucia.es\/iesalhadra\/wp-json\/wp\/v2\/media?parent=4190"}],"curies":[{"name":"wp","href":"https:\/\/api.w.org\/{rel}","templated":true}]}}