{"id":4819,"date":"2021-05-04T19:35:14","date_gmt":"2021-05-04T18:35:14","guid":{"rendered":"https:\/\/blogsaverroes.juntadeandalucia.es\/iesalhadra\/?page_id=4819"},"modified":"2026-03-19T14:40:03","modified_gmt":"2026-03-19T13:40:03","slug":"erasmus-educacion-escolar","status":"publish","type":"page","link":"https:\/\/blogsaverroes.juntadeandalucia.es\/iesalhadra\/erasmus-educacion-escolar\/","title":{"rendered":"ERASMUS+ EDUCACI\u00d3N ESCOLAR"},"content":{"rendered":"<p>[et_pb_section fb_built=&#8221;1&#8243; _builder_version=&#8221;4.16&#8243; _module_preset=&#8221;default&#8221; global_colors_info=&#8221;{}&#8221;][et_pb_row column_structure=&#8221;3_4,1_4&#8243; _builder_version=&#8221;4.16&#8243; _module_preset=&#8221;default&#8221; global_colors_info=&#8221;{}&#8221;][et_pb_column type=&#8221;3_4&#8243; _builder_version=&#8221;4.16&#8243; _module_preset=&#8221;default&#8221; global_colors_info=&#8221;{}&#8221;][et_pb_post_title meta=&#8221;off&#8221; _builder_version=&#8221;4.16&#8243; _module_preset=&#8221;default&#8221; hover_enabled=&#8221;0&#8243; global_colors_info=&#8221;{}&#8221; sticky_enabled=&#8221;0&#8243;][\/et_pb_post_title][et_pb_text _builder_version=&#8221;4.24.2&#8243; _module_preset=&#8221;default&#8221; global_colors_info=&#8221;{}&#8221;]<\/p>\n<div>Nuestro centro cuenta con la acreditaci\u00f3n Erasmus KA120 desde el a\u00f1o 2020, a partir de ah\u00ed se ha ido evolucionando en cuanto a n\u00famero de movilidades y de personas implicadas en las mismas.&nbsp;<\/div>\n<div>&nbsp;<\/div>\n<div>El objetivo de este proyecto es mejorar aspectos tales como la convivencia, la inclusi\u00f3n, el abandono escolar y&nbsp; el aprendizaje de lenguas extranjeras; intentando para ello&nbsp;conseguir que el m\u00e1ximo n\u00famero de personas posible pueda disfrutar de las diferentes movilidades que tienen cabida en este programa y que contribuyen al desarrollo personal de cada uno de los participantes.&nbsp;<\/div>\n<div>&nbsp;<\/div>\n<div>Los pa\u00edses visitados durante estos a\u00f1os han sido varios: Portugal, Italia, Irlanda, Francia, Islandia, Rep\u00fablica Checa, Austria&#8230; realizando diferentes tipos de movilidades tales como aprendizaje por observaci\u00f3n, cursos de formaci\u00f3n, movilidades educativas de corta duraci\u00f3n o movilidades en grupo; intentando apostar tambi\u00e9n por las movilidades de larga duraci\u00f3n.<\/div>\n<div>&nbsp;<\/div>\n<div>Para conocer mejor nuestro programa, te invitamos a visitar nuestro blog:<\/div>\n<div>&nbsp;<\/div>\n<p>[\/et_pb_text][et_pb_button button_url=&#8221;https:\/\/sites.google.com\/g.educaand.es\/departamento-de-ingls\/erasmus&#8221; url_new_window=&#8221;on&#8221; button_text=&#8221;Blog Erasmus&#8221; _builder_version=&#8221;4.24.2&#8243; _module_preset=&#8221;default&#8221; custom_button=&#8221;on&#8221; button_text_color=&#8221;#ffffff&#8221; button_bg_color=&#8221;#E09900&#8243; button_icon=&#8221;&#xe0e3;||divi||400&#8243; global_colors_info=&#8221;{}&#8221;][\/et_pb_button][et_pb_text _builder_version=&#8221;4.24.2&#8243; _module_preset=&#8221;default&#8221; global_colors_info=&#8221;{}&#8221;]<\/p>\n<h2>Nuestro proyecto<\/h2>\n<p>[\/et_pb_text][et_pb_button button_url=&#8221;https:\/\/blogsaverroes.juntadeandalucia.es\/iesalhadra\/files\/2021\/05\/KA101-D253936E-ES-3-3.pdf&#8221; url_new_window=&#8221;on&#8221; button_text=&#8221;ALHADRA XXI : INNOVACI\u00d3N Y MEJORA DE LA CALIDAD EDUCATIVA EN UN ENTORNO GLOBALIZADO&#8221; _builder_version=&#8221;4.16&#8243; _module_preset=&#8221;default&#8221; custom_button=&#8221;on&#8221; button_text_color=&#8221;#ffffff&#8221; button_bg_color=&#8221;#8300e9&#8243; button_icon=&#8221;&#xe0e6;||divi||400&#8243; global_colors_info=&#8221;{}&#8221;][\/et_pb_button][et_pb_code disabled_on=&#8221;on|on|off&#8221; admin_label=&#8221;Genially ordenador&#8221; _builder_version=&#8221;4.16&#8243; _module_preset=&#8221;default&#8221; global_colors_info=&#8221;{}&#8221;]<\/p>\n<div style=\"width: 100%\">\n<div style=\"padding-bottom: 56.25%;padding-top: 0;height: 0\"><iframe loading=\"lazy\" frameborder=\"0\" width=\"1200px\" height=\"675px\" src=\"https:\/\/view.genial.ly\/60464211e169130d83a5b80a\" scrolling=\"yes\"><\/iframe> <\/div>\n<\/p><\/div>\n<p>[\/et_pb_code][et_pb_code disabled_on=&#8221;off|off|on&#8221; admin_label=&#8221;Genially dispositivos m\u00f3viles&#8221; _builder_version=&#8221;4.16&#8243; _module_preset=&#8221;default&#8221; global_colors_info=&#8221;{}&#8221;]<\/p>\n<div style=\"width: 100%\">\n<div style=\"padding-bottom: 56.25%;padding-top: 0;height: 0\"><iframe loading=\"lazy\" frameborder=\"0\" width=\"600px\" height=\"\" src=\"https:\/\/view.genial.ly\/60464211e169130d83a5b80a\" scrolling=\"yes\"><\/iframe> <\/div>\n<\/p><\/div>\n<p>[\/et_pb_code][et_pb_text disabled_on=&#8221;on|on|off&#8221; admin_label=&#8221;SEPIE FSE ordenador&#8221; _builder_version=&#8221;4.24.2&#8243; _module_preset=&#8221;default&#8221; global_colors_info=&#8221;{}&#8221;]<\/p>\n<p>&nbsp;<\/p>\n<p>&nbsp;<\/p>\n<p>&nbsp;<\/p>\n<p>&nbsp;<\/p>\n<table style=\"border-collapse: collapse;width: 100%\">\n<tbody>\n<tr>\n<td style=\"width: 33.8396%\"><a href=\"http:\/\/sepie.es\/\" target=\"_blank\" rel=\"noopener noreferrer\"><img loading=\"lazy\" decoding=\"async\" class=\"wp-image-4822  alignleft\" src=\"https:\/\/blogsaverroes.juntadeandalucia.es\/iesalhadra\/files\/2021\/05\/sepie.png\" alt=\"\" width=\"236\" height=\"122\"><\/a><\/td>\n<td style=\"width: 36.8514%\"><img loading=\"lazy\" decoding=\"async\" class=\"wp-image-15951 aligncenter\" src=\"https:\/\/blogsaverroes.juntadeandalucia.es\/iesalhadra\/files\/2026\/03\/Logo-seleccionado-300x169.jpg\" alt=\"\" width=\"488\" height=\"275\"><\/td>\n<td style=\"width: 29.309%\"><img loading=\"lazy\" decoding=\"async\" class=\"size-medium wp-image-3115 alignright\" src=\"https:\/\/blogsaverroes.juntadeandalucia.es\/iesalhadra\/files\/2020\/06\/logo-FSE-300x255.png\" alt=\"\" width=\"300\" height=\"255\"><\/td>\n<\/tr>\n<\/tbody>\n<\/table>\n<p>[\/et_pb_text][et_pb_text disabled_on=&#8221;off|off|on&#8221; admin_label=&#8221;SEPIE FSE dispositivos m\u00f3viles&#8221; _builder_version=&#8221;4.24.2&#8243; _module_preset=&#8221;default&#8221; global_colors_info=&#8221;{}&#8221;]<\/p>\n<p><a href=\"http:\/\/sepie.es\/\" target=\"_blank\" rel=\"noopener noreferrer\"><img loading=\"lazy\" decoding=\"async\" class=\"wp-image-4822 aligncenter\" src=\"https:\/\/blogsaverroes.juntadeandalucia.es\/iesalhadra\/files\/2021\/05\/sepie.png\" alt=\"\" width=\"306\" height=\"158\"><\/a><\/p>\n<p><img loading=\"lazy\" decoding=\"async\" class=\"size-medium wp-image-15951 aligncenter\" src=\"https:\/\/blogsaverroes.juntadeandalucia.es\/iesalhadra\/files\/2026\/03\/Logo-seleccionado-300x169.jpg\" alt=\"\" width=\"300\" height=\"169\"><\/p>\n<p><img loading=\"lazy\" decoding=\"async\" class=\"wp-image-3115 aligncenter\" src=\"https:\/\/blogsaverroes.juntadeandalucia.es\/iesalhadra\/files\/2020\/06\/logo-FSE-300x255.png\" alt=\"\" width=\"285\" height=\"242\"><\/p>\n<p>[\/et_pb_text][et_pb_blurb _builder_version=&#8221;4.24.2&#8243; _module_preset=&#8221;default&#8221; global_colors_info=&#8221;{}&#8221;]<\/p>\n<p>El proyecto \u201cAlhadra XXI\u201d est\u00e1 cofinanciado por la Uni\u00f3n Europea. Las opiniones y puntos de vista expresados en esta publicaci\u00f3n s\u00f3lo comprometen a sus autores (IES Alhadra) y no reflejan necesariamente los de la Uni\u00f3n Europea ni los del Servicio Espa\u00f1ol para la Internacionalizaci\u00f3n de la Educaci\u00f3n (SEPIE). Ni la Uni\u00f3n Europea ni la Agencia Nacional SEPIE pueden ser considerados responsables de ellos.&nbsp;<\/p>\n<p>[\/et_pb_blurb][et_pb_blog fullwidth=&#8221;off&#8221; posts_number=&#8221;9&#8243; include_categories=&#8221;55&#8243; show_more=&#8221;on&#8221; show_author=&#8221;off&#8221; show_categories=&#8221;off&#8221; _builder_version=&#8221;4.16&#8243; _module_preset=&#8221;default&#8221; global_colors_info=&#8221;{}&#8221;][\/et_pb_blog][\/et_pb_column][et_pb_column type=&#8221;1_4&#8243; _builder_version=&#8221;4.16&#8243; _module_preset=&#8221;default&#8221; global_colors_info=&#8221;{}&#8221;][et_pb_sidebar area=&#8221;sidebar-1&#8243; _builder_version=&#8221;4.16&#8243; _module_preset=&#8221;default&#8221; global_colors_info=&#8221;{}&#8221;][\/et_pb_sidebar][\/et_pb_column][\/et_pb_row][\/et_pb_section]<\/p>\n","protected":false},"excerpt":{"rendered":"<p>Nuestro centro cuenta con la acreditaci\u00f3n Erasmus KA120 desde el a\u00f1o 2020, a partir de ah\u00ed se ha ido evolucionando en cuanto a n\u00famero de movilidades y de personas implicadas en las mismas.&nbsp; &nbsp; El objetivo de este proyecto es mejorar aspectos tales como la convivencia, la inclusi\u00f3n, el abandono escolar y&nbsp; el aprendizaje de [&hellip;]<\/p>\n","protected":false},"author":11159,"featured_media":15959,"parent":0,"menu_order":0,"comment_status":"closed","ping_status":"closed","template":"","meta":{"_et_pb_use_builder":"on","_et_pb_old_content":"","_et_gb_content_width":"","ngg_post_thumbnail":0,"footnotes":""},"aioseo_notices":[],"_links":{"self":[{"href":"https:\/\/blogsaverroes.juntadeandalucia.es\/iesalhadra\/wp-json\/wp\/v2\/pages\/4819"}],"collection":[{"href":"https:\/\/blogsaverroes.juntadeandalucia.es\/iesalhadra\/wp-json\/wp\/v2\/pages"}],"about":[{"href":"https:\/\/blogsaverroes.juntadeandalucia.es\/iesalhadra\/wp-json\/wp\/v2\/types\/page"}],"author":[{"embeddable":true,"href":"https:\/\/blogsaverroes.juntadeandalucia.es\/iesalhadra\/wp-json\/wp\/v2\/users\/11159"}],"replies":[{"embeddable":true,"href":"https:\/\/blogsaverroes.juntadeandalucia.es\/iesalhadra\/wp-json\/wp\/v2\/comments?post=4819"}],"version-history":[{"count":31,"href":"https:\/\/blogsaverroes.juntadeandalucia.es\/iesalhadra\/wp-json\/wp\/v2\/pages\/4819\/revisions"}],"predecessor-version":[{"id":15960,"href":"https:\/\/blogsaverroes.juntadeandalucia.es\/iesalhadra\/wp-json\/wp\/v2\/pages\/4819\/revisions\/15960"}],"wp:featuredmedia":[{"embeddable":true,"href":"https:\/\/blogsaverroes.juntadeandalucia.es\/iesalhadra\/wp-json\/wp\/v2\/media\/15959"}],"wp:attachment":[{"href":"https:\/\/blogsaverroes.juntadeandalucia.es\/iesalhadra\/wp-json\/wp\/v2\/media?parent=4819"}],"curies":[{"name":"wp","href":"https:\/\/api.w.org\/{rel}","templated":true}]}}