{"id":49,"date":"2018-07-18T10:55:33","date_gmt":"2018-07-18T10:55:33","guid":{"rendered":"https:\/\/iesalhadra.wordpress.com\/?page_id=49"},"modified":"2021-11-15T12:18:32","modified_gmt":"2021-11-15T11:18:32","slug":"servicios-complementarios","status":"publish","type":"page","link":"https:\/\/blogsaverroes.juntadeandalucia.es\/iesalhadra\/servicios-complementarios\/","title":{"rendered":"Servicios Complementarios"},"content":{"rendered":"<p>Los servicios conexos a la ense\u00f1anza son de gran relevancia para la conciliaci\u00f3n de la vida laboral y familiar, por tanto, los <strong>servicios complementarios<\/strong> de <strong>comedor escolar<\/strong>, <strong>actividades extraescolares y transporte escolar<\/strong>,&nbsp; se han ido manteniendo dentro del Sistema P\u00fablico Educativo Andaluz desde su implantaci\u00f3n.<\/p>\r\n<p>Los centros de ense\u00f1anza que imparten educaci\u00f3n secundaria pueden ofrecer algunos servicios escolares complementarios.<\/p>\r\n<p>Los Servicios Complementarios de los cuales se pueden hacer uso en nuestro Centro son:<\/p>\r\n<ul>\r\n<li><strong>Comedor escolar<\/strong><\/li>\r\n<li><strong>Transporte escolar: <\/strong><a href=\"https:\/\/blogsaverroes.juntadeandalucia.es\/iesalhadra\/files\/2020\/06\/ANEXO-III-Impreso-solicitud-Transporte-Escolar.pdf\">ANEXO-III-Impreso-solicitud-Transporte-Escolar<\/a><a class=\"wp-block-file__button\" href=\"https:\/\/blogsaverroes.juntadeandalucia.es\/iesalhadra\/files\/2020\/06\/ANEXO-III-Impreso-solicitud-Transporte-Escolar.pdf\">Descarga<\/a><\/li>\r\n<\/ul>\r\n<!-- \/wp:file -->\r\n\r\n<!-- wp:gallery {\"ids\":[2972]} -->\r\n<figure><\/figure>\r\n<!-- \/wp:gallery -->\r\n<p>&nbsp;<\/p>\r\n<p>Puedes descargar <span style=\"color: #800080\"><strong><a style=\"color: #800080\" href=\"http:\/\/www.juntadeandalucia.es\/educacion\/portals\/delegate\/content\/6c4342f7-1581-4c26-bc7e-2e49b4b64cee\/Anexo%20II.-%20Servicio%20de%20Aula%20Matinal,%20Comedor%20Escolar%20y%20actividades%20Extraescolares\">aqu\u00ed<\/a> <\/strong><\/span>tu solicitud para cualquiera de los Servicios Complementarios que hay en nuestro Centro (comedor y actividades extraescolares) y entregarla junto a tu matr\u00edcula.<!-- \/wp:paragraph -->\r\n\r\n<!-- wp:paragraph --><\/p>\r\n<p>Tambi\u00e9n podr\u00e1s <strong>solicitar la gratuidad<\/strong> de estos servicios entregando tu <a href=\"http:\/\/www.juntadeandalucia.es\/educacion\/portals\/delegate\/content\/fcc8b9c5-53ad-46ca-9098-80d7b3c81097\/Anexo%20V.-%20Gratuidad\/bonificaci%C3%B3n%20del%20precio%20p%C3%BAblico%20por%20los%20servicios%20complementarios%20de%20Aula%20Matinal,%20Comedor%20Escolar%20y%20Actividades%20Extraescolares\">solicitud<\/a> del <strong>1 al 7 de septiembre<\/strong>, fechas indicadas por la Consejer\u00eda de Educaci\u00f3n, mediante el anexo V de la orden de 17 de abril de 2017.<\/p>","protected":false},"excerpt":{"rendered":"<p>Los servicios conexos a la ense\u00f1anza son de gran relevancia para la conciliaci\u00f3n de la vida laboral y familiar, por tanto, los servicios complementarios de comedor escolar, actividades extraescolares y transporte escolar,&nbsp; se han ido manteniendo dentro del Sistema P\u00fablico Educativo Andaluz desde su implantaci\u00f3n. Los centros de ense\u00f1anza que imparten educaci\u00f3n secundaria pueden ofrecer [&hellip;]<\/p>\n","protected":false},"author":11612,"featured_media":0,"parent":0,"menu_order":0,"comment_status":"closed","ping_status":"closed","template":"","meta":{"_et_pb_use_builder":"","_et_pb_old_content":"","_et_gb_content_width":"","ngg_post_thumbnail":0,"footnotes":""},"aioseo_notices":[],"_links":{"self":[{"href":"https:\/\/blogsaverroes.juntadeandalucia.es\/iesalhadra\/wp-json\/wp\/v2\/pages\/49"}],"collection":[{"href":"https:\/\/blogsaverroes.juntadeandalucia.es\/iesalhadra\/wp-json\/wp\/v2\/pages"}],"about":[{"href":"https:\/\/blogsaverroes.juntadeandalucia.es\/iesalhadra\/wp-json\/wp\/v2\/types\/page"}],"author":[{"embeddable":true,"href":"https:\/\/blogsaverroes.juntadeandalucia.es\/iesalhadra\/wp-json\/wp\/v2\/users\/11612"}],"replies":[{"embeddable":true,"href":"https:\/\/blogsaverroes.juntadeandalucia.es\/iesalhadra\/wp-json\/wp\/v2\/comments?post=49"}],"version-history":[{"count":4,"href":"https:\/\/blogsaverroes.juntadeandalucia.es\/iesalhadra\/wp-json\/wp\/v2\/pages\/49\/revisions"}],"predecessor-version":[{"id":6124,"href":"https:\/\/blogsaverroes.juntadeandalucia.es\/iesalhadra\/wp-json\/wp\/v2\/pages\/49\/revisions\/6124"}],"wp:attachment":[{"href":"https:\/\/blogsaverroes.juntadeandalucia.es\/iesalhadra\/wp-json\/wp\/v2\/media?parent=49"}],"curies":[{"name":"wp","href":"https:\/\/api.w.org\/{rel}","templated":true}]}}