{"id":50,"date":"2018-07-18T10:55:32","date_gmt":"2018-07-18T10:55:32","guid":{"rendered":"https:\/\/iesalhadra.wordpress.com\/?page_id=50"},"modified":"2024-10-08T17:24:04","modified_gmt":"2024-10-08T16:24:04","slug":"planes-y-proyectos-2","status":"publish","type":"page","link":"https:\/\/blogsaverroes.juntadeandalucia.es\/iesalhadra\/planes-y-proyectos-2\/","title":{"rendered":"Planes y Proyectos Educativos"},"content":{"rendered":"<table style=\"height: 829px;width: 100%\" width=\"100%\">\r\n<tbody>\r\n<tr style=\"height: 23px\">\r\n<td style=\"height: 23px\" colspan=\"2\" width=\"575\">&nbsp;<\/td>\r\n<\/tr>\r\n<tr style=\"height: 39px\">\r\n<td style=\"height: 46px;width: 57.667%\" width=\"249\">Plan de Transformaci\u00f3n Digital Educativa<span style=\"color: #003300\"> (<a href=\"mailto:04001163.coordinacionTDE@g.educaand.es\"><span style=\"color: #800080\"><strong>04001163.coordinacionTDE@g.educaand.es<\/strong><\/span><\/a>)<\/span><\/td>\r\n<td style=\"text-align: right;height: 46px;width: 41.2188%\" width=\"326\">\r\n<p>Antonia Mar\u00eda Ruiz Delgado<\/p>\r\n<\/td>\r\n<\/tr>\r\n<tr style=\"height: 51px\">\r\n<td style=\"width: 57.667%;height: 51px\">\r\n<p>Programa de centro Biling\u00fce (Ingl\u00e9s)<\/p>\r\n<\/td>\r\n<td style=\"text-align: right;width: 41.2188%;height: 51px\">Antonio Miguel Berrio L\u00f3pez<\/td>\r\n<\/tr>\r\n<tr style=\"height: 45px\">\r\n<td style=\"width: 57.667%;height: 45px\">\r\n<p><span style=\"color: #800080\">Programa educativo europeo Erasmus + KA101 Educaci\u00f3n Escolar <\/span>(<a href=\"mailto:04001163.erasmusplussec@g.educaand.es\"><span style=\"color: #800080\"><b>04001163.erasmusplussec@g.educaand.es<\/b><\/span><\/a><b>)<\/b><\/p>\r\n<\/td>\r\n<td style=\"text-align: right;width: 41.2188%;height: 45px\">Miguel \u00c1ngel Araque Mart\u00ednez<\/td>\r\n<\/tr>\r\n<tr style=\"height: 39px\">\r\n<td style=\"height: 41px;width: 57.667%\" width=\"249\">Plan de Salud laboral y Prevenci\u00f3n de Riesgos Laborales<\/td>\r\n<td style=\"text-align: right;height: 41px;width: 41.2188%\" width=\"326\">Pablo Maya Uceda<\/td>\r\n<\/tr>\r\n<tr style=\"height: 39px\">\r\n<td style=\"height: 39px;width: 57.667%\" width=\"249\">\r\n<p><span style=\"color: #003300\"><span style=\"color: #800080\"><a style=\"color: #800080\" href=\"https:\/\/blogsaverroes.juntadeandalucia.es\/iesalhadra\/prevencion-de-la-violencia-de-genero-pacto-de-estado\/\">Prevenci\u00f3n de Violencia de G\u00e9nero<\/a><\/span><br>(<a href=\"mailto:04001163.igualdad@g.educaand.es\"><span style=\"color: #800080\"><b>04001163.igualdad@g.educaand.es<\/b><\/span><\/a><b>)<\/b><br><\/span><\/p>\r\n<\/td>\r\n<td style=\"text-align: right;height: 39px;width: 41.2188%\" width=\"326\">Irene Rojas Soto<\/td>\r\n<\/tr>\r\n<tr style=\"height: 43px\">\r\n<td style=\"width: 57.667%;height: 43px\">Organizaci\u00f3n y Funcionamiento de la Bibliotecas Escolares<\/td>\r\n<td style=\"text-align: right;width: 41.2188%;height: 43px\">Antonio Garrido Jim\u00e9nez<\/td>\r\n<\/tr>\r\n<tr style=\"height: 39px\">\r\n<td style=\"height: 39px;width: 57.667%\" width=\"249\">Plan de Aperturas de Centros Docentes<\/td>\r\n<td style=\"text-align: right;height: 39px;width: 41.2188%\" width=\"326\">Salvador Alonso Delgado<\/td>\r\n<\/tr>\r\n<tr style=\"height: 39px\">\r\n<td style=\"height: 39px;width: 57.667%\" width=\"249\">Mediaci\u00f3n Escolar \/ Convivencia<\/td>\r\n<td style=\"text-align: right;height: 39px;width: 41.2188%\" width=\"326\">Consuelo Fuentes Uribe<br>M\u00aa Concepci\u00f3n Torres Rojas<\/td>\r\n<\/tr>\r\n<tr style=\"height: 67px\">\r\n<td style=\"height: 29px;width: 57.667%\" width=\"249\"><span style=\"color: #800080\"><a style=\"color: #800080\" href=\"https:\/\/blogsaverroes.juntadeandalucia.es\/iesalhadra\/escuela-espacio-de-paz\/\">Escuela Espacio de Paz<\/a><br><\/span><\/td>\r\n<td style=\"text-align: right;height: 29px;width: 41.2188%\" width=\"326\">\r\n<p>Mar\u00eda Bel\u00e9n And\u00fajar Mart\u00ednez<\/p>\r\n<\/td>\r\n<\/tr>\r\n<tr style=\"height: 39px\">\r\n<td style=\"height: 39px;width: 57.667%\" width=\"249\">Departamento de F. E. I. E.<\/td>\r\n<td style=\"text-align: right;height: 39px;width: 41.2188%\" width=\"326\">El\u00edas Lozano Mart\u00ednez<\/td>\r\n<\/tr>\r\n<tr style=\"height: 39px\">\r\n<td style=\"height: 10px;width: 57.667%\" width=\"249\">\r\n<p><span style=\"color: #800080\"><a style=\"color: #800080\" href=\"https:\/\/blogsaverroes.juntadeandalucia.es\/erasmuseducacionsuperioralhadra\/\" target=\"_blank\" rel=\"noopener noreferrer\">Programa educativo europeo Erasmus + FP <\/a><\/span>(<span style=\"color: #800080\"><strong><a style=\"color: #800080\" href=\"mailto:04001163.erasmus@g.educaand.es\">04001163.erasmus@g.educaand.es<\/a><\/strong><\/span>)<\/p>\r\n<\/td>\r\n<td style=\"text-align: right;padding-left: 40px;height: 10px;width: 41.2188%\" width=\"326\">Mar\u00eda del Mar Daza Rodr\u00edguez<\/td>\r\n<\/tr>\r\n<tr>\r\n<td style=\"width: 57.667%\">\r\n<p>Plan de Convivencia<span style=\"color: #800080\"><br><\/span><\/p>\r\n<\/td>\r\n<td style=\"text-align: right;padding-left: 40px;width: 41.2188%\">Brenda Mar\u00eda Parra Gonz\u00e1lez<\/td>\r\n<\/tr>\r\n<tr style=\"height: 23px\">\r\n<td style=\"width: 57.667%;height: 37px\"><span style=\"color: #800080\"><a style=\"color: #800080\" href=\"https:\/\/blogsaverroes.juntadeandalucia.es\/iesalhadra\/aula-de-emprendimiento\/\">Aulas de emprendimiento<\/a><\/span><\/td>\r\n<td style=\"text-align: right;padding-left: 40px;width: 41.2188%;height: 37px\">Mar\u00eda de las Mercedes Hidalgo Montoro<\/td>\r\n<\/tr>\r\n<tr style=\"height: 43px\">\r\n<td style=\"width: 57.667%;height: 43px\"><a href=\"https:\/\/blogsaverroes.juntadeandalucia.es\/iesalhadra\/aulas-ateca\/\"><span style=\"color: #800080\">Aulas Ateca<\/span><\/a><\/td>\r\n<td style=\"text-align: right;padding-left: 40px;width: 41.2188%;height: 43px\">Mar\u00eda de las Mercedes Hidalgo Montoro \/ Salvador Alonso Delgado<\/td>\r\n<\/tr>\r\n<tr style=\"height: 23px\">\r\n<td style=\"width: 57.667%;height: 38px\"><span style=\"color: #800080\"><a style=\"color: #800080\" href=\"https:\/\/blogsaverroes.juntadeandalucia.es\/iesalhadra\/cima-info\/\">Cima<\/a><\/span><\/td>\r\n<td style=\"text-align: right;padding-left: 40px;width: 41.2188%;height: 38px\">Mar\u00eda del Mar Rienda Mart\u00ednez<\/td>\r\n<\/tr>\r\n<tr style=\"height: 35px\">\r\n<td style=\"width: 57.667%;height: 35px\">Promoci\u00f3n de h\u00e1bitos de vida saludable<\/td>\r\n<td style=\"text-align: right;padding-left: 40px;width: 41.2188%;height: 35px\">&nbsp;<\/td>\r\n<\/tr>\r\n<tr style=\"height: 28px\">\r\n<td style=\"height: 37px\">Aldea, Educaci\u00f3n Ambiental para la sostenibilidad<\/td>\r\n<td style=\"text-align: right;padding-left: 40px;width: 41.2188%;height: 37px\">&nbsp;<\/td>\r\n<\/tr>\r\n<tr style=\"height: 38px\">\r\n<td style=\"height: 38px\">STEAM<\/td>\r\n<td style=\"text-align: right;padding-left: 40px;width: 41.2188%;height: 38px\">Margarita Gutierrez Carretero<\/td>\r\n<\/tr>\r\n<tr style=\"height: 39px\">\r\n<td style=\"height: 39px\">Arte y cultura<\/td>\r\n<td style=\"text-align: right;padding-left: 40px;width: 41.2188%;height: 39px\">&nbsp;<\/td>\r\n<\/tr>\r\n<tr style=\"height: 41px\">\r\n<td style=\"height: 41px\">PLC, Comunicaci\u00f3n y Alfabetizaci\u00f3n medi\u00e1tica e informacional<\/td>\r\n<td style=\"text-align: right;padding-left: 40px;width: 41.2188%;height: 41px\">&nbsp;<\/td>\r\n<\/tr>\r\n<tr style=\"height: 28px\">\r\n<td style=\"height: 36px\"><a href=\"https:\/\/blogsaverroes.juntadeandalucia.es\/iesalhadra\/mejora-de-la-empleabilidad-del-alumnado-de-medicacion-comunicativa-dual\/\"><span style=\"color: #800080\">Proyecto espec\u00edfico para la mejora de la empleabilidad del alumnado de Mediaci\u00f3n Comunicativa DUAL<\/span><\/a><\/td>\r\n<td style=\"text-align: right;padding-left: 40px;width: 41.2188%;height: 36px\">&nbsp;<\/td>\r\n<\/tr>\r\n<\/tbody>\r\n<\/table>\r\n\r\n<p>&nbsp;<\/p>\r\n\r\n<p>&nbsp;<\/p>","protected":false},"excerpt":{"rendered":"<p>&nbsp; Plan de Transformaci\u00f3n Digital Educativa (04001163.coordinacionTDE@g.educaand.es) Antonia Mar\u00eda Ruiz Delgado Programa de centro Biling\u00fce (Ingl\u00e9s) Antonio Miguel Berrio L\u00f3pez Programa educativo europeo Erasmus + KA101 Educaci\u00f3n Escolar (04001163.erasmusplussec@g.educaand.es) Miguel \u00c1ngel Araque Mart\u00ednez Plan de Salud laboral y Prevenci\u00f3n de Riesgos Laborales Pablo Maya Uceda Prevenci\u00f3n de Violencia de G\u00e9nero(04001163.igualdad@g.educaand.es) Irene Rojas Soto Organizaci\u00f3n y [&hellip;]<\/p>\n","protected":false},"author":11612,"featured_media":0,"parent":0,"menu_order":0,"comment_status":"closed","ping_status":"closed","template":"","meta":{"_et_pb_use_builder":"","_et_pb_old_content":"","_et_gb_content_width":"","ngg_post_thumbnail":0,"footnotes":""},"aioseo_notices":[],"_links":{"self":[{"href":"https:\/\/blogsaverroes.juntadeandalucia.es\/iesalhadra\/wp-json\/wp\/v2\/pages\/50"}],"collection":[{"href":"https:\/\/blogsaverroes.juntadeandalucia.es\/iesalhadra\/wp-json\/wp\/v2\/pages"}],"about":[{"href":"https:\/\/blogsaverroes.juntadeandalucia.es\/iesalhadra\/wp-json\/wp\/v2\/types\/page"}],"author":[{"embeddable":true,"href":"https:\/\/blogsaverroes.juntadeandalucia.es\/iesalhadra\/wp-json\/wp\/v2\/users\/11612"}],"replies":[{"embeddable":true,"href":"https:\/\/blogsaverroes.juntadeandalucia.es\/iesalhadra\/wp-json\/wp\/v2\/comments?post=50"}],"version-history":[{"count":33,"href":"https:\/\/blogsaverroes.juntadeandalucia.es\/iesalhadra\/wp-json\/wp\/v2\/pages\/50\/revisions"}],"predecessor-version":[{"id":13099,"href":"https:\/\/blogsaverroes.juntadeandalucia.es\/iesalhadra\/wp-json\/wp\/v2\/pages\/50\/revisions\/13099"}],"wp:attachment":[{"href":"https:\/\/blogsaverroes.juntadeandalucia.es\/iesalhadra\/wp-json\/wp\/v2\/media?parent=50"}],"curies":[{"name":"wp","href":"https:\/\/api.w.org\/{rel}","templated":true}]}}