{"id":5160,"date":"2024-06-28T20:40:48","date_gmt":"2024-06-28T19:40:48","guid":{"rendered":"https:\/\/blogsaverroes.juntadeandalucia.es\/iesalhadra\/?page_id=5160"},"modified":"2024-06-28T19:49:54","modified_gmt":"2024-06-28T18:49:54","slug":"copia-de-seguridad-de-un-aula-virtual","status":"publish","type":"page","link":"https:\/\/blogsaverroes.juntadeandalucia.es\/iesalhadra\/moodle-centros\/copia-de-seguridad-de-un-aula-virtual\/","title":{"rendered":"Copia de seguridad de un aula virtual"},"content":{"rendered":"<p>[et_pb_section fb_built=&#8221;1&#8243; admin_label=&#8221;section&#8221; _builder_version=&#8221;4.16&#8243; global_colors_info=&#8221;{}&#8221;][et_pb_row column_structure=&#8221;3_4,1_4&#8243; admin_label=&#8221;row&#8221; _builder_version=&#8221;4.16&#8243; background_size=&#8221;initial&#8221; background_position=&#8221;top_left&#8221; background_repeat=&#8221;repeat&#8221; global_colors_info=&#8221;{}&#8221;][et_pb_column type=&#8221;3_4&#8243; _builder_version=&#8221;4.16&#8243; custom_padding=&#8221;|||&#8221; global_colors_info=&#8221;{}&#8221; custom_padding__hover=&#8221;|||&#8221;][et_pb_post_title force_fullwidth=&#8221;off&#8221; image_width=&#8221;50%&#8221; _builder_version=&#8221;4.16&#8243; _module_preset=&#8221;default&#8221; global_colors_info=&#8221;{}&#8221;][\/et_pb_post_title][et_pb_text admin_label=&#8221;Baja y alta de participantes&#8221; _builder_version=&#8221;4.24.2&#8243; _module_preset=&#8221;default&#8221; global_colors_info=&#8221;{}&#8221;]<\/p>\n<p>Es importante realizar copias de seguridad de nuestras aulas virtuales en Moodle Centros para prevenir la p\u00e9rdida de datos o para reutilizar estas aulas el pr\u00f3ximo curso escolar.<\/p>\n<p>Para realizar una copia de seguridad debemos <strong>acceder al aula virtual<\/strong> en cuesti\u00f3n y desplegar el men\u00fa &#8220;M\u00e1s&#8221; y pulsar la opci\u00f3n &#8220;Reutilizaci\u00f3n de curso&#8221;.<\/p>\n<p><img loading=\"lazy\" decoding=\"async\" class=\"wp-image-12895 size-full aligncenter\" src=\"https:\/\/blogsaverroes.juntadeandalucia.es\/iesalhadra\/files\/2024\/06\/CS_MOODLE_01.jpg\" alt=\"\" width=\"905\" height=\"403\" srcset=\"https:\/\/blogsaverroes.juntadeandalucia.es\/iesalhadra\/files\/2024\/06\/CS_MOODLE_01.jpg 905w, https:\/\/blogsaverroes.juntadeandalucia.es\/iesalhadra\/files\/2024\/06\/CS_MOODLE_01-480x214.jpg 480w\" sizes=\"(min-width: 0px) and (max-width: 480px) 480px, (min-width: 481px) 905px, 100vw\" \/><\/p>\n<p>En la vista &#8220;Importar&#8221;, desplegar las opciones del campo y seleccionar la opci\u00f3n &#8220;Copia de seguridad&#8221;.<\/p>\n<p><img loading=\"lazy\" decoding=\"async\" class=\"wp-image-12896 size-full aligncenter\" src=\"https:\/\/blogsaverroes.juntadeandalucia.es\/iesalhadra\/files\/2024\/06\/CS_MOODLE_02.jpg\" alt=\"\" width=\"523\" height=\"313\" srcset=\"https:\/\/blogsaverroes.juntadeandalucia.es\/iesalhadra\/files\/2024\/06\/CS_MOODLE_02.jpg 523w, https:\/\/blogsaverroes.juntadeandalucia.es\/iesalhadra\/files\/2024\/06\/CS_MOODLE_02-480x287.jpg 480w\" sizes=\"(min-width: 0px) and (max-width: 480px) 480px, (min-width: 481px) 523px, 100vw\" \/><\/p>\n<p>Nos desplazamos al final de la p\u00e1gina y, si no queremos descartar contenidos, pulsamos el bot\u00f3n <strong>&#8220;Saltar al \u00faltimo paso&#8221;<\/strong>.<\/p>\n<p><img loading=\"lazy\" decoding=\"async\" class=\"wp-image-12897 size-full aligncenter\" src=\"https:\/\/blogsaverroes.juntadeandalucia.es\/iesalhadra\/files\/2024\/06\/CS_MOODLE_03.jpg\" alt=\"\" width=\"897\" height=\"707\" srcset=\"https:\/\/blogsaverroes.juntadeandalucia.es\/iesalhadra\/files\/2024\/06\/CS_MOODLE_03.jpg 897w, https:\/\/blogsaverroes.juntadeandalucia.es\/iesalhadra\/files\/2024\/06\/CS_MOODLE_03-480x378.jpg 480w\" sizes=\"(min-width: 0px) and (max-width: 480px) 480px, (min-width: 481px) 897px, 100vw\" \/><\/p>\n<p>Cuando veamos el mensaje &#8220;El archivo de copia de seguridad se cre\u00f3 con \u00e9xito&#8221;, pulsamos el bot\u00f3n <strong>&#8220;Continuar&#8221;<\/strong> para acceder a la vista de restauraci\u00f3n de copias de seguridad.<\/p>\n<p><img loading=\"lazy\" decoding=\"async\" class=\"wp-image-12898 size-full aligncenter\" src=\"https:\/\/blogsaverroes.juntadeandalucia.es\/iesalhadra\/files\/2024\/06\/CS_MOODLE_04.jpg\" alt=\"\" width=\"883\" height=\"412\" srcset=\"https:\/\/blogsaverroes.juntadeandalucia.es\/iesalhadra\/files\/2024\/06\/CS_MOODLE_04.jpg 883w, https:\/\/blogsaverroes.juntadeandalucia.es\/iesalhadra\/files\/2024\/06\/CS_MOODLE_04-480x224.jpg 480w\" sizes=\"(min-width: 0px) and (max-width: 480px) 480px, (min-width: 481px) 883px, 100vw\" \/><\/p>\n<p>Busca en &#8220;Zona de copia de seguridad privada de usuario&#8221; el archivo correspondiente a la copia de seguridad que acabamos de generar, comprueba que el campo &#8220;Hora&#8221; muestra la fecha actual y la hora en la que hemos ejecutado el proceso. Pulsa sobre el enlace <strong>&#8220;Descargar&#8221;<\/strong> para guardar el archivo en tu equipo.&nbsp;<\/p>\n<p><img loading=\"lazy\" decoding=\"async\" class=\"wp-image-12899 size-full aligncenter\" src=\"https:\/\/blogsaverroes.juntadeandalucia.es\/iesalhadra\/files\/2024\/06\/CS_MOODLE_05.jpg\" alt=\"\" width=\"1521\" height=\"737\" srcset=\"https:\/\/blogsaverroes.juntadeandalucia.es\/iesalhadra\/files\/2024\/06\/CS_MOODLE_05.jpg 1521w, https:\/\/blogsaverroes.juntadeandalucia.es\/iesalhadra\/files\/2024\/06\/CS_MOODLE_05-1280x620.jpg 1280w, https:\/\/blogsaverroes.juntadeandalucia.es\/iesalhadra\/files\/2024\/06\/CS_MOODLE_05-980x475.jpg 980w, https:\/\/blogsaverroes.juntadeandalucia.es\/iesalhadra\/files\/2024\/06\/CS_MOODLE_05-480x233.jpg 480w\" sizes=\"(min-width: 0px) and (max-width: 480px) 480px, (min-width: 481px) and (max-width: 980px) 980px, (min-width: 981px) and (max-width: 1280px) 1280px, (min-width: 1281px) 1521px, 100vw\" \/><\/p>\n<p>El archivo descargado con extensi\u00f3n .mbz deber\u00e1s utilizarlo el pr\u00f3ximo curso para restaurar los contenidos de un aula virtual. Por tanto, te recomiendo que lo guardes en el Drive de tu cuenta g.educaand.es.<\/p>\n<p>Observa que el nombre del archivo incluye el nombre corto del curso que puedes modificar en la configuraci\u00f3n del mismo (en la imagenes anteriores es tic1_2324), por tanto, si tienes varios cursos y quieres distinguir los archivos de las diferentes copias de seguridad, puedes cambiar el nombre corto del curso antes de hacer la copia de seguridad, o cambiar el nombre del archivo sin modificar la extensi\u00f3n (.mbz).<\/p>\n<p>&nbsp;<\/p>\n<p>&nbsp;<\/p>\n<p>&nbsp;<\/p>\n<p>&nbsp;<\/p>\n<p>[\/et_pb_text][\/et_pb_column][et_pb_column type=&#8221;1_4&#8243; _builder_version=&#8221;4.16&#8243; custom_padding=&#8221;|||&#8221; global_colors_info=&#8221;{}&#8221; custom_padding__hover=&#8221;|||&#8221;][et_pb_sidebar area=&#8221;sidebar-1&#8243; _builder_version=&#8221;4.16&#8243; _module_preset=&#8221;default&#8221; global_colors_info=&#8221;{}&#8221;][\/et_pb_sidebar][\/et_pb_column][\/et_pb_row][\/et_pb_section]<\/p>\n","protected":false},"excerpt":{"rendered":"<p>Es importante realizar copias de seguridad de nuestras aulas virtuales en Moodle Centros para prevenir la p\u00e9rdida de datos o para reutilizar estas aulas el pr\u00f3ximo curso escolar. Para realizar una copia de seguridad debemos acceder al aula virtual en cuesti\u00f3n y desplegar el men\u00fa &#8220;M\u00e1s&#8221; y pulsar la opci\u00f3n &#8220;Reutilizaci\u00f3n de curso&#8221;. En la [&hellip;]<\/p>\n","protected":false},"author":11159,"featured_media":3958,"parent":3223,"menu_order":0,"comment_status":"closed","ping_status":"closed","template":"","meta":{"_et_pb_use_builder":"on","_et_pb_old_content":"","_et_gb_content_width":"","ngg_post_thumbnail":0,"footnotes":""},"aioseo_notices":[],"_links":{"self":[{"href":"https:\/\/blogsaverroes.juntadeandalucia.es\/iesalhadra\/wp-json\/wp\/v2\/pages\/5160"}],"collection":[{"href":"https:\/\/blogsaverroes.juntadeandalucia.es\/iesalhadra\/wp-json\/wp\/v2\/pages"}],"about":[{"href":"https:\/\/blogsaverroes.juntadeandalucia.es\/iesalhadra\/wp-json\/wp\/v2\/types\/page"}],"author":[{"embeddable":true,"href":"https:\/\/blogsaverroes.juntadeandalucia.es\/iesalhadra\/wp-json\/wp\/v2\/users\/11159"}],"replies":[{"embeddable":true,"href":"https:\/\/blogsaverroes.juntadeandalucia.es\/iesalhadra\/wp-json\/wp\/v2\/comments?post=5160"}],"version-history":[{"count":6,"href":"https:\/\/blogsaverroes.juntadeandalucia.es\/iesalhadra\/wp-json\/wp\/v2\/pages\/5160\/revisions"}],"predecessor-version":[{"id":12902,"href":"https:\/\/blogsaverroes.juntadeandalucia.es\/iesalhadra\/wp-json\/wp\/v2\/pages\/5160\/revisions\/12902"}],"up":[{"embeddable":true,"href":"https:\/\/blogsaverroes.juntadeandalucia.es\/iesalhadra\/wp-json\/wp\/v2\/pages\/3223"}],"wp:featuredmedia":[{"embeddable":true,"href":"https:\/\/blogsaverroes.juntadeandalucia.es\/iesalhadra\/wp-json\/wp\/v2\/media\/3958"}],"wp:attachment":[{"href":"https:\/\/blogsaverroes.juntadeandalucia.es\/iesalhadra\/wp-json\/wp\/v2\/media?parent=5160"}],"curies":[{"name":"wp","href":"https:\/\/api.w.org\/{rel}","templated":true}]}}