{"id":518,"date":"2018-11-23T08:24:10","date_gmt":"2018-11-23T08:24:10","guid":{"rendered":"https:\/\/iesalhadra.wordpress.com\/?page_id=518"},"modified":"2025-09-23T17:22:09","modified_gmt":"2025-09-23T16:22:09","slug":"filosofia","status":"publish","type":"page","link":"https:\/\/blogsaverroes.juntadeandalucia.es\/iesalhadra\/departamentos\/filosofia\/","title":{"rendered":"Filosof\u00eda"},"content":{"rendered":"<p>[et_pb_section fb_built=&#8221;1&#8243; _builder_version=&#8221;4.16&#8243; global_colors_info=&#8221;{}&#8221;][et_pb_row column_structure=&#8221;3_4,1_4&#8243; _builder_version=&#8221;4.16&#8243; background_size=&#8221;initial&#8221; background_position=&#8221;top_left&#8221; background_repeat=&#8221;repeat&#8221; global_colors_info=&#8221;{}&#8221;][et_pb_column type=&#8221;3_4&#8243; _builder_version=&#8221;4.16&#8243; custom_padding=&#8221;|||&#8221; global_colors_info=&#8221;{}&#8221; custom_padding__hover=&#8221;|||&#8221;][et_pb_post_title title=&#8221;off&#8221; meta=&#8221;off&#8221; _builder_version=&#8221;4.16&#8243; _module_preset=&#8221;default&#8221; global_colors_info=&#8221;{}&#8221;][\/et_pb_post_title][et_pb_text disabled_on=&#8221;off|off|off&#8221; admin_label=&#8221;Profesorado&#8221; _builder_version=&#8221;4.24.2&#8243; background_size=&#8221;initial&#8221; background_position=&#8221;top_left&#8221; background_repeat=&#8221;repeat&#8221; hover_enabled=&#8221;0&#8243; global_colors_info=&#8221;{}&#8221; sticky_enabled=&#8221;0&#8243;]<\/p>\n<h2>Docentes<\/h2>\n<p>&nbsp;<\/p>\n<table class=\" alignleft\" style=\"height: 86px;width: 100%\" cellspacing=\"2\">\n<tbody>\n<tr style=\"height: 43px\">\n<td style=\"width: 71.0464%;height: 43px\">Carretero Mota, Mar\u00eda (Jefe de departamento)<\/td>\n<td style=\"width: 28.3242%;height: 43px\"><span style=\"color: #800080\"><a style=\"color: #800080\" href=\"mailto:mcarmot293@g.educaand.es\">mcarmot293@g.educaand.es<\/a><\/span><\/td>\n<\/tr>\n<tr>\n<td style=\"width: 71.0464%\">Tornero S\u00e1nchez, Lidia<\/td>\n<td style=\"width: 28.3242%\"><span style=\"color: #800080\"><a style=\"color: #800080\" href=\"mailto:ltorsan721@g.educaand.es\">ltorsan721@g.educaand.es<\/a><\/span><\/td>\n<\/tr>\n<\/tbody>\n<\/table>\n<p>[\/et_pb_text][et_pb_text disabled_on=&#8221;on|on|on&#8221; _builder_version=&#8221;4.16&#8243; _module_preset=&#8221;default&#8221; disabled=&#8221;on&#8221; global_colors_info=&#8221;{}&#8221;]<\/p>\n<h2>&nbsp;<\/h2>\n<h2>Recursos<\/h2>\n<p>[\/et_pb_text][et_pb_button button_url=&#8221;https:\/\/blogsaverroes.juntadeandalucia.es\/ticalhadra\/&#8221; url_new_window=&#8221;on&#8221; button_text=&#8221;Blog %22Las TIC en el IES Alhadra%22&#8243; button_alignment=&#8221;left&#8221; disabled_on=&#8221;on|on|on&#8221; _builder_version=&#8221;4.16&#8243; _module_preset=&#8221;default&#8221; custom_button=&#8221;on&#8221; button_text_size=&#8221;14px&#8221; button_text_color=&#8221;#ffffff&#8221; button_bg_color=&#8221;#8300e9&#8243; button_border_color=&#8221;#8300e9&#8243; button_icon=&#8221;&#xe0e3;||divi||400&#8243; disabled=&#8221;on&#8221; global_colors_info=&#8221;{}&#8221;][\/et_pb_button][et_pb_text _builder_version=&#8221;4.16&#8243; _module_preset=&#8221;default&#8221; global_colors_info=&#8221;{}&#8221;]<\/p>\n<h2>&nbsp;<\/h2>\n<h2>Actividades<\/h2>\n<p>[\/et_pb_text][et_pb_blog fullwidth=&#8221;off&#8221; include_categories=&#8221;37&#8243; show_more=&#8221;on&#8221; show_author=&#8221;off&#8221; show_categories=&#8221;off&#8221; _builder_version=&#8221;4.16&#8243; _module_preset=&#8221;default&#8221; global_colors_info=&#8221;{}&#8221;][\/et_pb_blog][\/et_pb_column][et_pb_column type=&#8221;1_4&#8243; _builder_version=&#8221;4.16&#8243; custom_padding=&#8221;|||&#8221; global_colors_info=&#8221;{}&#8221; custom_padding__hover=&#8221;|||&#8221;][et_pb_sidebar area=&#8221;sidebar-1&#8243; _builder_version=&#8221;4.16&#8243; _module_preset=&#8221;default&#8221; global_colors_info=&#8221;{}&#8221;][\/et_pb_sidebar][\/et_pb_column][\/et_pb_row][\/et_pb_section]<\/p>\n","protected":false},"excerpt":{"rendered":"<p>[et_pb_section fb_built=&#8221;1&#8243; _builder_version=&#8221;4.16&#8243; global_colors_info=&#8221;{}&#8221;][et_pb_row column_structure=&#8221;3_4,1_4&#8243; _builder_version=&#8221;4.16&#8243; background_size=&#8221;initial&#8221; background_position=&#8221;top_left&#8221; background_repeat=&#8221;repeat&#8221; global_colors_info=&#8221;{}&#8221;][et_pb_column type=&#8221;3_4&#8243; _builder_version=&#8221;4.16&#8243; custom_padding=&#8221;|||&#8221; global_colors_info=&#8221;{}&#8221; custom_padding__hover=&#8221;|||&#8221;][et_pb_post_title title=&#8221;off&#8221; meta=&#8221;off&#8221; _builder_version=&#8221;4.16&#8243; _module_preset=&#8221;default&#8221; global_colors_info=&#8221;{}&#8221;][\/et_pb_post_title][et_pb_text disabled_on=&#8221;off|off|off&#8221; admin_label=&#8221;Profesorado&#8221; _builder_version=&#8221;4.24.2&#8243; background_size=&#8221;initial&#8221; background_position=&#8221;top_left&#8221; background_repeat=&#8221;repeat&#8221; hover_enabled=&#8221;0&#8243; global_colors_info=&#8221;{}&#8221; sticky_enabled=&#8221;0&#8243;] Docentes &nbsp; Carretero Mota, Mar\u00eda (Jefe de departamento) mcarmot293@g.educaand.es Tornero S\u00e1nchez, Lidia ltorsan721@g.educaand.es [\/et_pb_text][et_pb_text disabled_on=&#8221;on|on|on&#8221; _builder_version=&#8221;4.16&#8243; _module_preset=&#8221;default&#8221; disabled=&#8221;on&#8221; global_colors_info=&#8221;{}&#8221;] &nbsp; Recursos [\/et_pb_text][et_pb_button button_url=&#8221;https:\/\/blogsaverroes.juntadeandalucia.es\/ticalhadra\/&#8221; url_new_window=&#8221;on&#8221; button_text=&#8221;Blog %22Las [&hellip;]<\/p>\n","protected":false},"author":11169,"featured_media":6614,"parent":43,"menu_order":0,"comment_status":"closed","ping_status":"closed","template":"","meta":{"_et_pb_use_builder":"on","_et_pb_old_content":"<p>\u00a0<\/p>\r\n<!-- wp:paragraph -->\r\n<p><strong>Aula de la Naturaleza y Valores \u00c9ticos<\/strong><\/p>\r\n<!-- \/wp:paragraph --><!-- wp:gallery {\"ids\":[1212,1213]} -->\r\n<ul class=\"wp-block-gallery columns-2 is-cropped\">\r\n<li class=\"blocks-gallery-item\">\r\n<figure><img class=\"wp-image-1212\" src=\"https:\/\/blogsaverroes.juntadeandalucia.es\/iesalhadra\/files\/2019\/04\/IMG_20190424_132638-1024x498.jpg\" alt=\"\" data-id=\"1212\" data-link=\"http:\/\/iesalhadra.org\/wpAlhadra\/departamentos\/filosofia\/img_20190424_132638\/\"><\/figure>\r\n<\/li>\r\n<li class=\"blocks-gallery-item\">\r\n<figure><img class=\"wp-image-1213\" src=\"https:\/\/blogsaverroes.juntadeandalucia.es\/iesalhadra\/files\/2019\/04\/IMG_20190424_132642-1024x498.jpg\" alt=\"\" data-id=\"1213\" data-link=\"http:\/\/iesalhadra.org\/wpAlhadra\/departamentos\/filosofia\/img_20190424_132642\/\"><\/figure>\r\n<\/li>\r\n<\/ul>\r\n<!-- \/wp:gallery -->\r\n<p><strong>APADRINA UN FIL\u00d3SOF@<\/strong><\/p>\r\n<p>Cada a\u00f1o, desde el Departamento de Filosof\u00eda, se celebra una actividad en forma de concurso llamada \"Apadrina un fil\u00f3sof@\". A cada grupo de la ESO y Bachillerato se le asigna un fil\u00f3sof@ relevante de la historia del pensamiento. Los alumnos y alumnas buscan informaci\u00f3n de dicho fil\u00f3sofo y lo plasman en forma de tweets.<\/p>\r\n<p>[gallery columns=\"2\" ids=\"1144,1145,1146,1147,1148\"]<\/p>\r\n<p>\u00a0<\/p>\r\n<!-- wp:heading -->\r\n<h2>Ruta filos\u00f3fica a la Alcazaba<\/h2>\r\n<!-- \/wp:heading --><!-- wp:paragraph -->\r\n<p>Ruta por distintos lugares de la ciudad de Almer\u00eda donde el alumnado resolvi\u00f3 distintas pruebas de agilidad mental, acertijos, pruebas de observaci\u00f3n del entorno...<\/p>\r\n<!-- \/wp:paragraph --><!-- wp:gallery {\"ids\":[1397,1398,1399,1400,1401,1402,1403]} -->\r\n<ul class=\"wp-block-gallery columns-3 is-cropped\">\r\n<li class=\"blocks-gallery-item\">\r\n<figure><img class=\"wp-image-1397\" src=\"https:\/\/blogsaverroes.juntadeandalucia.es\/iesalhadra\/files\/2019\/04\/IMG_20190425_184107_984-1024x1024.jpg\" alt=\"\" data-id=\"1397\" data-link=\"http:\/\/iesalhadra.org\/wpAlhadra\/departamentos\/filosofia\/img_20190425_184107_984\/\"><\/figure>\r\n<\/li>\r\n<li class=\"blocks-gallery-item\">\r\n<figure><img class=\"wp-image-1398\" src=\"https:\/\/blogsaverroes.juntadeandalucia.es\/iesalhadra\/files\/2019\/04\/IMG_20190425_184107_986-1024x1024.jpg\" alt=\"\" data-id=\"1398\" data-link=\"http:\/\/iesalhadra.org\/wpAlhadra\/departamentos\/filosofia\/img_20190425_184107_986\/\"><\/figure>\r\n<\/li>\r\n<li class=\"blocks-gallery-item\">\r\n<figure><img class=\"wp-image-1399\" src=\"https:\/\/blogsaverroes.juntadeandalucia.es\/iesalhadra\/files\/2019\/04\/IMG-20190425-WA0004-1024x768.jpg\" alt=\"\" data-id=\"1399\" data-link=\"http:\/\/iesalhadra.org\/wpAlhadra\/departamentos\/filosofia\/img-20190425-wa0004\/\"><\/figure>\r\n<\/li>\r\n<li class=\"blocks-gallery-item\">\r\n<figure><img class=\"wp-image-1400\" src=\"https:\/\/blogsaverroes.juntadeandalucia.es\/iesalhadra\/files\/2019\/04\/IMG-20190425-WA0008-1024x768.jpg\" alt=\"\" data-id=\"1400\" data-link=\"http:\/\/iesalhadra.org\/wpAlhadra\/departamentos\/filosofia\/img-20190425-wa0008\/\"><\/figure>\r\n<\/li>\r\n<li class=\"blocks-gallery-item\">\r\n<figure><img class=\"wp-image-1401\" src=\"https:\/\/blogsaverroes.juntadeandalucia.es\/iesalhadra\/files\/2019\/04\/IMG-20190425-WA0011-1024x768.jpg\" alt=\"\" data-id=\"1401\" data-link=\"http:\/\/iesalhadra.org\/wpAlhadra\/departamentos\/filosofia\/img-20190425-wa0011\/\"><\/figure>\r\n<\/li>\r\n<li class=\"blocks-gallery-item\">\r\n<figure><img class=\"wp-image-1402\" src=\"https:\/\/blogsaverroes.juntadeandalucia.es\/iesalhadra\/files\/2019\/04\/IMG-20190425-WA0012-1-1024x768.jpg\" alt=\"\" data-id=\"1402\" data-link=\"http:\/\/iesalhadra.org\/wpAlhadra\/departamentos\/filosofia\/img-20190425-wa0012-1\/\"><\/figure>\r\n<\/li>\r\n<li class=\"blocks-gallery-item\">\r\n<figure><img class=\"wp-image-1403\" src=\"https:\/\/blogsaverroes.juntadeandalucia.es\/iesalhadra\/files\/2019\/04\/IMG-20190425-WA0013-1024x768.jpg\" alt=\"\" data-id=\"1403\" data-link=\"http:\/\/iesalhadra.org\/wpAlhadra\/departamentos\/filosofia\/img-20190425-wa0013\/\"><\/figure>\r\n<\/li>\r\n<\/ul>\r\n<!-- \/wp:gallery --><!-- wp:heading -->\r\n<h2>Torneo de debate<\/h2>\r\n<!-- \/wp:heading --><!-- wp:paragraph -->\r\n<p>Comienzan los debates filos\u00f3ficos en los recreos de los jueves. Eutanasia, pena de muerte, armas.....Participa voluntariamente en equipos de 4 o 5 personas.<\/p>\r\n<!-- \/wp:paragraph --><!-- wp:file {\"id\":1696,\"href\":\"http:\\\/\\\/iesalhadra.org\\\/wpAlhadra\\\/wp-content\\\/uploads\\\/2019\\\/05\\\/Cartel-Torneo-Debate.pdf\"} -->\r\n<div class=\"wp-block-file\"><a href=\"https:\/\/blogsaverroes.juntadeandalucia.es\/iesalhadra\/files\/2019\/05\/Cartel-Torneo-Debate.pdf\">Cartel Torneo Debate<\/a><a class=\"wp-block-file__button\" href=\"https:\/\/blogsaverroes.juntadeandalucia.es\/iesalhadra\/files\/2019\/05\/Cartel-Torneo-Debate.pdf\" download=\"\">Descarga<\/a><\/div>\r\n<!-- \/wp:file --><!-- wp:paragraph -->\r\n<p>\u00a0<\/p>\r\n<!-- \/wp:paragraph -->\r\n<p>\u00a0<\/p>","_et_gb_content_width":"","ngg_post_thumbnail":0,"footnotes":""},"aioseo_notices":[],"_links":{"self":[{"href":"https:\/\/blogsaverroes.juntadeandalucia.es\/iesalhadra\/wp-json\/wp\/v2\/pages\/518"}],"collection":[{"href":"https:\/\/blogsaverroes.juntadeandalucia.es\/iesalhadra\/wp-json\/wp\/v2\/pages"}],"about":[{"href":"https:\/\/blogsaverroes.juntadeandalucia.es\/iesalhadra\/wp-json\/wp\/v2\/types\/page"}],"author":[{"embeddable":true,"href":"https:\/\/blogsaverroes.juntadeandalucia.es\/iesalhadra\/wp-json\/wp\/v2\/users\/11169"}],"replies":[{"embeddable":true,"href":"https:\/\/blogsaverroes.juntadeandalucia.es\/iesalhadra\/wp-json\/wp\/v2\/comments?post=518"}],"version-history":[{"count":8,"href":"https:\/\/blogsaverroes.juntadeandalucia.es\/iesalhadra\/wp-json\/wp\/v2\/pages\/518\/revisions"}],"predecessor-version":[{"id":15051,"href":"https:\/\/blogsaverroes.juntadeandalucia.es\/iesalhadra\/wp-json\/wp\/v2\/pages\/518\/revisions\/15051"}],"up":[{"embeddable":true,"href":"https:\/\/blogsaverroes.juntadeandalucia.es\/iesalhadra\/wp-json\/wp\/v2\/pages\/43"}],"wp:featuredmedia":[{"embeddable":true,"href":"https:\/\/blogsaverroes.juntadeandalucia.es\/iesalhadra\/wp-json\/wp\/v2\/media\/6614"}],"wp:attachment":[{"href":"https:\/\/blogsaverroes.juntadeandalucia.es\/iesalhadra\/wp-json\/wp\/v2\/media?parent=518"}],"curies":[{"name":"wp","href":"https:\/\/api.w.org\/{rel}","templated":true}]}}