{"id":524,"date":"2018-11-23T08:27:12","date_gmt":"2018-11-23T08:27:12","guid":{"rendered":"https:\/\/iesalhadra.wordpress.com\/?page_id=524"},"modified":"2024-10-08T10:12:07","modified_gmt":"2024-10-08T09:12:07","slug":"educacion-fisica","status":"publish","type":"page","link":"https:\/\/blogsaverroes.juntadeandalucia.es\/iesalhadra\/departamentos\/educacion-fisica\/","title":{"rendered":"Educaci\u00f3n F\u00edsica"},"content":{"rendered":"<p>[et_pb_section fb_built=&#8221;1&#8243; _builder_version=&#8221;4.16&#8243; global_colors_info=&#8221;{}&#8221;][et_pb_row column_structure=&#8221;3_4,1_4&#8243; _builder_version=&#8221;4.16&#8243; background_size=&#8221;initial&#8221; background_position=&#8221;top_left&#8221; background_repeat=&#8221;repeat&#8221; global_colors_info=&#8221;{}&#8221;][et_pb_column type=&#8221;3_4&#8243; _builder_version=&#8221;4.16&#8243; custom_padding=&#8221;|||&#8221; global_colors_info=&#8221;{}&#8221; custom_padding__hover=&#8221;|||&#8221;][et_pb_post_title title=&#8221;off&#8221; meta=&#8221;off&#8221; _builder_version=&#8221;4.16&#8243; _module_preset=&#8221;default&#8221; global_colors_info=&#8221;{}&#8221;][\/et_pb_post_title][et_pb_text admin_label=&#8221;Profesorado&#8221; _builder_version=&#8221;4.24.2&#8243; _module_preset=&#8221;default&#8221; hover_enabled=&#8221;0&#8243; global_colors_info=&#8221;{}&#8221; sticky_enabled=&#8221;0&#8243;]<\/p>\n<h2>Docentes<\/h2>\n<p>&nbsp;<\/p>\n<table class=\" alignleft\" style=\"height: px;width: 100%\" cellspacing=\"2\">\n<tbody>\n<tr>\n<td style=\"width: 71.7087%\">\n<p>Araque Mart\u00ednez, Miguel \u00c1ngel (Jefe de departamento)<\/p>\n<\/td>\n<td style=\"width: 27.1709%\"><span style=\"color: #800080\"><a style=\"color: #800080\" href=\"mailto:maramar211t@g.educaand.es\">maramar211t@g.educaand.es<\/a><\/span><\/td>\n<\/tr>\n<tr style=\"height: 23px\">\n<td style=\"width: 71.7087%;height: 23px\">\n<p>Berrio L\u00f3pez, Antonio Miguel<\/p>\n<\/td>\n<td style=\"width: 27.1709%;height: 23px\"><span style=\"color: #800080\"><a style=\"color: #800080\" href=\"mailto:aberlop339@g.educaand.es\">aberlop339@g.educaand.es<\/a><\/span><\/td>\n<\/tr>\n<tr style=\"height: 23px\">\n<td style=\"width: 71.7087%;height: 23px\">\n<p>Maya Uceda, Pablo Antonio<\/p>\n<\/td>\n<td style=\"width: 27.1709%;height: 23px\"><span style=\"color: #800080\"><a style=\"color: #800080\" href=\"mailto:pmayuce715@g.educaand.es\">pmayuce715@g.educaand.es<\/a><\/span><\/td>\n<\/tr>\n<tr>\n<td style=\"width: 71.7087%\">\n<p><span data-sheets-root=\"1\">Riado Fernandez, Mar\u00eda del Mar<\/span><\/p>\n<\/td>\n<td style=\"width: 27.1709%\"><span style=\"color: #800080\">mriafer618@g.educaand.es<\/span><\/td>\n<\/tr>\n<\/tbody>\n<\/table>\n<p>&nbsp;<\/p>\n<p>&nbsp;<\/p>\n<p>&nbsp;<\/p>\n<p>[\/et_pb_text][et_pb_text _builder_version=&#8221;4.24.2&#8243; _module_preset=&#8221;default&#8221; global_colors_info=&#8221;{}&#8221;]<\/p>\n<div>Durante este curso 2024\/2025, la Consejer\u00eda de Desarrollo Educativo y Formaci\u00f3n Profesional&nbsp;nos ha concedido un proyecto de innovaci\u00f3n educativa titulado <strong>&#8220;M\u00e1sterchEF en el Alhadra&#8221;<\/strong>. Se trata de una propuesta sobre alimentaci\u00f3n saludable que se llevar\u00e1 a cabo en 1\u00ba de ESO. Pod\u00e9is seguir la actividad de este proyecto en el siguiente enlace:&nbsp;<span style=\"color: #800080\"><a style=\"color: #800080\" href=\"https:\/\/sites.google.com\/g.educaand.es\/masterchefenelalhadra\/inicio\" target=\"_blank\" rel=\"noopener\" data-saferedirecturl=\"https:\/\/www.google.com\/url?q=https:\/\/sites.google.com\/g.educaand.es\/masterchefenelalhadra\/inicio&amp;source=gmail&amp;ust=1728461403687000&amp;usg=AOvVaw38nYwuguPXzGFkure4WMn8\">https:\/\/sites.google.com\/g.educaand.es\/masterchefenelalhadra\/inicio<\/a><\/span><\/div>\n<div>&nbsp;<\/div>\n<p>[\/et_pb_text][et_pb_text _builder_version=&#8221;4.16&#8243; _module_preset=&#8221;default&#8221; global_colors_info=&#8221;{}&#8221;]<\/p>\n<h2>Actividades<\/h2>\n<p>[\/et_pb_text][et_pb_blog fullwidth=&#8221;off&#8221; include_categories=&#8221;33&#8243; show_more=&#8221;on&#8221; show_author=&#8221;off&#8221; _builder_version=&#8221;4.16&#8243; _module_preset=&#8221;default&#8221; global_colors_info=&#8221;{}&#8221;][\/et_pb_blog][\/et_pb_column][et_pb_column type=&#8221;1_4&#8243; _builder_version=&#8221;4.16&#8243; custom_padding=&#8221;|||&#8221; global_colors_info=&#8221;{}&#8221; custom_padding__hover=&#8221;|||&#8221;][et_pb_sidebar area=&#8221;sidebar-1&#8243; _builder_version=&#8221;4.16&#8243; _module_preset=&#8221;default&#8221; global_colors_info=&#8221;{}&#8221;][\/et_pb_sidebar][\/et_pb_column][\/et_pb_row][\/et_pb_section]<\/p>\n","protected":false},"excerpt":{"rendered":"<p>[et_pb_section fb_built=&#8221;1&#8243; _builder_version=&#8221;4.16&#8243; global_colors_info=&#8221;{}&#8221;][et_pb_row column_structure=&#8221;3_4,1_4&#8243; _builder_version=&#8221;4.16&#8243; background_size=&#8221;initial&#8221; background_position=&#8221;top_left&#8221; background_repeat=&#8221;repeat&#8221; global_colors_info=&#8221;{}&#8221;][et_pb_column type=&#8221;3_4&#8243; _builder_version=&#8221;4.16&#8243; custom_padding=&#8221;|||&#8221; global_colors_info=&#8221;{}&#8221; custom_padding__hover=&#8221;|||&#8221;][et_pb_post_title title=&#8221;off&#8221; meta=&#8221;off&#8221; _builder_version=&#8221;4.16&#8243; _module_preset=&#8221;default&#8221; global_colors_info=&#8221;{}&#8221;][\/et_pb_post_title][et_pb_text admin_label=&#8221;Profesorado&#8221; _builder_version=&#8221;4.24.2&#8243; _module_preset=&#8221;default&#8221; hover_enabled=&#8221;0&#8243; global_colors_info=&#8221;{}&#8221; sticky_enabled=&#8221;0&#8243;] Docentes &nbsp; Araque Mart\u00ednez, Miguel \u00c1ngel (Jefe de departamento) maramar211t@g.educaand.es Berrio L\u00f3pez, Antonio Miguel aberlop339@g.educaand.es Maya Uceda, Pablo Antonio pmayuce715@g.educaand.es Riado Fernandez, Mar\u00eda del Mar mriafer618@g.educaand.es &nbsp; &nbsp; &nbsp; [&hellip;]<\/p>\n","protected":false},"author":11169,"featured_media":6623,"parent":43,"menu_order":0,"comment_status":"closed","ping_status":"closed","template":"","meta":{"_et_pb_use_builder":"on","_et_pb_old_content":"<p>\u00a0<\/p>\r\n<!-- wp:heading -->\r\n<h2>Curso 2019_2020<\/h2>\r\n<!-- \/wp:heading --><!-- wp:heading -->\r\n<h2>D\u00eda Blanco en Sierra Nevada<\/h2>\r\n<!-- \/wp:heading --><!-- wp:paragraph {\"align\":\"justify\"} -->\r\n<p style=\"text-align: justify;\">El alumnado de 1\u00ba y 2\u00ba ESO disfrutan de una actividad orientada al conocimiento y pr\u00e1ctica l\u00fadica de los deportes de invierno en Sierra Nevada. Tambi\u00e9n visitan el Centro de alto rendimiento deportivo.<\/p>\r\n<!-- \/wp:paragraph --><!-- wp:gallery {\"ids\":[2358,2359,2360,2361,2362,2363,2364]} -->\r\n<ul class=\"wp-block-gallery columns-3 is-cropped\">\r\n<li class=\"blocks-gallery-item\">\r\n<figure><img class=\"wp-image-2358\" src=\"https:\/\/blogsaverroes.juntadeandalucia.es\/iesalhadra\/files\/2020\/03\/IMG-20200304-WA0006-1024x1024.jpg\" alt=\"\" data-id=\"2358\" data-link=\"http:\/\/iesalhadra.org\/wpAlhadra\/departamentos\/educacion-fisica\/img-20200304-wa0006\/\"><\/figure>\r\n<\/li>\r\n<li class=\"blocks-gallery-item\">\r\n<figure><img class=\"wp-image-2359\" src=\"https:\/\/blogsaverroes.juntadeandalucia.es\/iesalhadra\/files\/2020\/03\/IMG-20200304-WA0009-1024x1024.jpg\" alt=\"\" data-id=\"2359\" data-link=\"http:\/\/iesalhadra.org\/wpAlhadra\/departamentos\/educacion-fisica\/img-20200304-wa0009\/\"><\/figure>\r\n<\/li>\r\n<li class=\"blocks-gallery-item\">\r\n<figure><img class=\"wp-image-2360\" src=\"https:\/\/blogsaverroes.juntadeandalucia.es\/iesalhadra\/files\/2020\/03\/IMG-20200304-WA0010-1024x1024.jpg\" alt=\"\" data-id=\"2360\" data-link=\"http:\/\/iesalhadra.org\/wpAlhadra\/departamentos\/educacion-fisica\/img-20200304-wa0010\/\"><\/figure>\r\n<\/li>\r\n<li class=\"blocks-gallery-item\">\r\n<figure><img class=\"wp-image-2361\" src=\"https:\/\/blogsaverroes.juntadeandalucia.es\/iesalhadra\/files\/2020\/03\/IMG-20200304-WA0008-1024x1024.jpg\" alt=\"\" data-id=\"2361\" data-link=\"http:\/\/iesalhadra.org\/wpAlhadra\/departamentos\/educacion-fisica\/img-20200304-wa0008\/\"><\/figure>\r\n<\/li>\r\n<li class=\"blocks-gallery-item\">\r\n<figure><img class=\"wp-image-2362\" src=\"https:\/\/blogsaverroes.juntadeandalucia.es\/iesalhadra\/files\/2020\/03\/IMG-20200304-WA0007-1024x1024.jpg\" alt=\"\" data-id=\"2362\" data-link=\"http:\/\/iesalhadra.org\/wpAlhadra\/departamentos\/educacion-fisica\/img-20200304-wa0007\/\"><\/figure>\r\n<\/li>\r\n<li class=\"blocks-gallery-item\">\r\n<figure><img class=\"wp-image-2363\" src=\"https:\/\/blogsaverroes.juntadeandalucia.es\/iesalhadra\/files\/2020\/03\/IMG-20200304-WA0011-1024x1024.jpg\" alt=\"\" data-id=\"2363\" data-link=\"http:\/\/iesalhadra.org\/wpAlhadra\/departamentos\/educacion-fisica\/img-20200304-wa0011\/\"><\/figure>\r\n<\/li>\r\n<li class=\"blocks-gallery-item\">\r\n<figure><img class=\"wp-image-2364\" src=\"https:\/\/blogsaverroes.juntadeandalucia.es\/iesalhadra\/files\/2020\/03\/IMG-20200304-WA0012-1024x1024.jpg\" alt=\"\" data-id=\"2364\" data-link=\"http:\/\/iesalhadra.org\/wpAlhadra\/departamentos\/educacion-fisica\/img-20200304-wa0012\/\"><\/figure>\r\n<\/li>\r\n<\/ul>\r\n<!-- \/wp:gallery --><!-- wp:heading -->\r\n<h2>Curso 2018_2019<\/h2>\r\n<!-- \/wp:heading --><!-- wp:heading -->\r\n<h2>Programa Multiaventura<\/h2>\r\n<!-- \/wp:heading --><!-- wp:paragraph -->\r\n<p>Convivencia en la Sierra de Cazorla para realizar actividades de multiaventura como pirag\u00fcismo, escalada, senderismo.....<\/p>\r\n<!-- \/wp:paragraph --><!-- wp:gallery {\"ids\":[1415,1416,1417,1418,1419,1420]} -->\r\n<ul class=\"wp-block-gallery columns-3 is-cropped\">\r\n<li class=\"blocks-gallery-item\">\r\n<figure><img class=\"wp-image-1415\" src=\"https:\/\/blogsaverroes.juntadeandalucia.es\/iesalhadra\/files\/2019\/04\/IMG-20190424-WA0032-1024x768.jpg\" alt=\"\" data-id=\"1415\" data-link=\"http:\/\/iesalhadra.org\/wpAlhadra\/departamentos\/educacion-fisica\/img-20190424-wa0032\/\"><\/figure>\r\n<\/li>\r\n<li class=\"blocks-gallery-item\">\r\n<figure><img class=\"wp-image-1416\" src=\"https:\/\/blogsaverroes.juntadeandalucia.es\/iesalhadra\/files\/2019\/04\/IMG-20190424-WA0034-768x1024.jpg\" alt=\"\" data-id=\"1416\" data-link=\"http:\/\/iesalhadra.org\/wpAlhadra\/departamentos\/educacion-fisica\/img-20190424-wa0034\/\"><\/figure>\r\n<\/li>\r\n<li class=\"blocks-gallery-item\">\r\n<figure><img class=\"wp-image-1417\" src=\"https:\/\/blogsaverroes.juntadeandalucia.es\/iesalhadra\/files\/2019\/04\/IMG-20190424-WA0037-1024x768.jpg\" alt=\"\" data-id=\"1417\" data-link=\"http:\/\/iesalhadra.org\/wpAlhadra\/departamentos\/educacion-fisica\/img-20190424-wa0037\/\"><\/figure>\r\n<\/li>\r\n<li class=\"blocks-gallery-item\">\r\n<figure><img class=\"wp-image-1418\" src=\"https:\/\/blogsaverroes.juntadeandalucia.es\/iesalhadra\/files\/2019\/04\/IMG-20190424-WA0039-1024x768.jpg\" alt=\"\" data-id=\"1418\" data-link=\"http:\/\/iesalhadra.org\/wpAlhadra\/departamentos\/educacion-fisica\/img-20190424-wa0039\/\"><\/figure>\r\n<\/li>\r\n<li class=\"blocks-gallery-item\">\r\n<figure><img class=\"wp-image-1419\" src=\"https:\/\/blogsaverroes.juntadeandalucia.es\/iesalhadra\/files\/2019\/04\/IMG-20190424-WA0040-1024x768.jpg\" alt=\"\" data-id=\"1419\" data-link=\"http:\/\/iesalhadra.org\/wpAlhadra\/departamentos\/educacion-fisica\/img-20190424-wa0040\/\"><\/figure>\r\n<\/li>\r\n<li class=\"blocks-gallery-item\">\r\n<figure><img class=\"wp-image-1420\" src=\"https:\/\/blogsaverroes.juntadeandalucia.es\/iesalhadra\/files\/2019\/04\/IMG-20190425-WA0001-1024x768.jpg\" alt=\"\" data-id=\"1420\" data-link=\"http:\/\/iesalhadra.org\/wpAlhadra\/departamentos\/educacion-fisica\/img-20190425-wa0001\/\"><\/figure>\r\n<\/li>\r\n<\/ul>\r\n<!-- \/wp:gallery -->\r\n<p>\u00a0<\/p>","_et_gb_content_width":"","ngg_post_thumbnail":0,"footnotes":""},"aioseo_notices":[],"_links":{"self":[{"href":"https:\/\/blogsaverroes.juntadeandalucia.es\/iesalhadra\/wp-json\/wp\/v2\/pages\/524"}],"collection":[{"href":"https:\/\/blogsaverroes.juntadeandalucia.es\/iesalhadra\/wp-json\/wp\/v2\/pages"}],"about":[{"href":"https:\/\/blogsaverroes.juntadeandalucia.es\/iesalhadra\/wp-json\/wp\/v2\/types\/page"}],"author":[{"embeddable":true,"href":"https:\/\/blogsaverroes.juntadeandalucia.es\/iesalhadra\/wp-json\/wp\/v2\/users\/11169"}],"replies":[{"embeddable":true,"href":"https:\/\/blogsaverroes.juntadeandalucia.es\/iesalhadra\/wp-json\/wp\/v2\/comments?post=524"}],"version-history":[{"count":15,"href":"https:\/\/blogsaverroes.juntadeandalucia.es\/iesalhadra\/wp-json\/wp\/v2\/pages\/524\/revisions"}],"predecessor-version":[{"id":13095,"href":"https:\/\/blogsaverroes.juntadeandalucia.es\/iesalhadra\/wp-json\/wp\/v2\/pages\/524\/revisions\/13095"}],"up":[{"embeddable":true,"href":"https:\/\/blogsaverroes.juntadeandalucia.es\/iesalhadra\/wp-json\/wp\/v2\/pages\/43"}],"wp:featuredmedia":[{"embeddable":true,"href":"https:\/\/blogsaverroes.juntadeandalucia.es\/iesalhadra\/wp-json\/wp\/v2\/media\/6623"}],"wp:attachment":[{"href":"https:\/\/blogsaverroes.juntadeandalucia.es\/iesalhadra\/wp-json\/wp\/v2\/media?parent=524"}],"curies":[{"name":"wp","href":"https:\/\/api.w.org\/{rel}","templated":true}]}}