{"id":527,"date":"2018-11-23T08:31:31","date_gmt":"2018-11-23T08:31:31","guid":{"rendered":"https:\/\/iesalhadra.wordpress.com\/?page_id=527"},"modified":"2026-03-12T12:52:15","modified_gmt":"2026-03-12T11:52:15","slug":"orientacion","status":"publish","type":"page","link":"https:\/\/blogsaverroes.juntadeandalucia.es\/iesalhadra\/departamentos\/orientacion\/","title":{"rendered":"Orientaci\u00f3n"},"content":{"rendered":"[et_pb_section fb_built=&#8221;1&#8243; _builder_version=&#8221;4.16&#8243; global_colors_info=&#8221;{}&#8221;][et_pb_row column_structure=&#8221;3_4,1_4&#8243; _builder_version=&#8221;4.16&#8243; background_size=&#8221;initial&#8221; background_position=&#8221;top_left&#8221; background_repeat=&#8221;repeat&#8221; global_colors_info=&#8221;{}&#8221;][et_pb_column type=&#8221;3_4&#8243; _builder_version=&#8221;4.16&#8243; custom_padding=&#8221;|||&#8221; global_colors_info=&#8221;{}&#8221; custom_padding__hover=&#8221;|||&#8221;][et_pb_post_title title=&#8221;off&#8221; meta=&#8221;off&#8221; _builder_version=&#8221;4.16&#8243; _module_preset=&#8221;default&#8221; global_colors_info=&#8221;{}&#8221;][\/et_pb_post_title][et_pb_text admin_label=&#8221;Contato&#8221; _builder_version=&#8221;4.24.2&#8243; background_size=&#8221;initial&#8221; background_position=&#8221;top_left&#8221; background_repeat=&#8221;repeat&#8221; global_colors_info=&#8221;{}&#8221;]<p>Para cualquier consulta y asesoramiento de orientaci\u00f3n para el proceso de ense\u00f1anza y aprendizaje pod\u00e9is dirigiros al siguiente correo electr\u00f3nico:<br><span style=\"color: #800080\"><a style=\"color: #800080\" href=\"mailto:04001163.orientacion@g.educaand.es\"><span style=\"color: #800080\"><span style=\"font-size: 18.6667px\">04001163.orientacion@g.educaand.es<\/span><\/span><\/a><\/span><\/p>\n<p>&nbsp;<\/p>\n<table style=\"height: 75px;width: 100%;border-collapse: collapse\">\n<tbody>\n<tr style=\"height: 51px\">\n<td style=\"width: 50%;height: 51px\">\n<div dir=\"ltr\">\n<div class=\"input-box\">\n<div id=\"waffle-rich-text-editor\" class=\"cell-input editable\" dir=\"ltr\" role=\"combobox\" aria-label=\"A60\">\n<p><span style=\"font-size: 12pt\">Garc\u00eda L\u00f3pez, Roc\u00edo<\/span><\/p>\n<\/div>\n<\/div>\n<\/div>\n<\/td>\n<td style=\"width: 50%;text-align: right;height: 51px\"><span style=\"color: #800080\"><span style=\"font-size: 12pt\">rgarlop019@g.educaand.es<\/span><\/span><\/td>\n<\/tr>\n<tr style=\"height: 24px\">\n<td style=\"width: 50%;height: 24px\">\n<p><span style=\"font-size: 12pt\">Guti\u00e9rrez Gonz\u00e1lez, Jos\u00e9 Ignacio (Jefe de departamento)<\/span><\/p>\n<\/td>\n<td style=\"width: 50%;text-align: right;height: 24px\"><span style=\"color: #800080\"><span style=\"font-size: 12pt\">jgutgon473@g.educaand.es<\/span><\/span><\/td>\n<\/tr>\n<\/tbody>\n<\/table>\n<p><\/p>\n<p><\/p>[\/et_pb_text][et_pb_button button_url=&#8221;https:\/\/blogsaverroes.juntadeandalucia.es\/iesalhadra\/files\/2025\/05\/Fechas-P.A.U.-2024-2025.pdf&#8221; url_new_window=&#8221;on&#8221; button_text=&#8221;Fechas de inscripci\u00f3n PAU 2025&#8243; disabled_on=&#8221;on|on|on&#8221; _builder_version=&#8221;4.24.2&#8243; _module_preset=&#8221;default&#8221; disabled=&#8221;on&#8221; global_colors_info=&#8221;{}&#8221;][\/et_pb_button][et_pb_button button_url=&#8221;https:\/\/blogsaverroes.juntadeandalucia.es\/iesalhadra\/files\/2026\/02\/OBTENCION-DEL-TITULO-DE-BACHILLERATO-PARA-MAYORES-DE-20-ANOS.pdf&#8221; url_new_window=&#8221;on&#8221; button_text=&#8221;T\u00edtulo de Bachillerato para mayores de 20 a\u00f1os Curso 2025 &#8211; 2026&#8243; _builder_version=&#8221;4.24.2&#8243; _module_preset=&#8221;default&#8221; global_colors_info=&#8221;{}&#8221;][\/et_pb_button][et_pb_button button_url=&#8221;https:\/\/blogsaverroes.juntadeandalucia.es\/iesalhadra\/files\/2026\/02\/Prueba-libre-TESO.pdf&#8221; url_new_window=&#8221;on&#8221; button_text=&#8221;T\u00edtulo de la ESO para mayores de 18 a\u00f1os Curso 2025 &#8211; 2026&#8243; _builder_version=&#8221;4.24.2&#8243; _module_preset=&#8221;default&#8221; global_colors_info=&#8221;{}&#8221;][\/et_pb_button][et_pb_button button_url=&#8221;https:\/\/blogsaverroes.juntadeandalucia.es\/iesalhadra\/files\/2025\/12\/beca-Adriano-2025-2026.pdf&#8221; url_new_window=&#8221;on&#8221; button_text=&#8221;Pruebas de acceso a Ciclos Formativos de Grado Medio 2026&#8243; _builder_version=&#8221;4.24.2&#8243; _module_preset=&#8221;default&#8221; global_colors_info=&#8221;{}&#8221;][\/et_pb_button][et_pb_button button_url=&#8221;https:\/\/blogsaverroes.juntadeandalucia.es\/iesalhadra\/files\/2025\/12\/beca-Adriano-2025-2026.pdf&#8221; url_new_window=&#8221;on&#8221; button_text=&#8221;Beca Adriano Curso 2025\/2026&#8243; _builder_version=&#8221;4.24.2&#8243; _module_preset=&#8221;default&#8221; global_colors_info=&#8221;{}&#8221;][\/et_pb_button][et_pb_button button_url=&#8221;https:\/\/blogsaverroes.juntadeandalucia.es\/iesalhadra\/files\/2025\/12\/beca-6000-curso-2025-2026.pdf&#8221; url_new_window=&#8221;on&#8221; button_text=&#8221;Beca 6000 Curso 2025\/2026&#8243; _builder_version=&#8221;4.24.2&#8243; _module_preset=&#8221;default&#8221; global_colors_info=&#8221;{}&#8221;][\/et_pb_button][et_pb_button button_url=&#8221;https:\/\/blogsaverroes.juntadeandalucia.es\/iesalhadra\/files\/2025\/05\/Beca-General-Curso-2025-2026.pdf&#8221; url_new_window=&#8221;on&#8221; button_text=&#8221;Beca General Curso 2025\/2026&#8243; _builder_version=&#8221;4.24.2&#8243; _module_preset=&#8221;default&#8221; global_colors_info=&#8221;{}&#8221;][\/et_pb_button][et_pb_button button_url=&#8221;https:\/\/blogsaverroes.juntadeandalucia.es\/iesalhadra\/files\/2025\/05\/BEca-NEAE-Curso-2025-2026.pdf&#8221; url_new_window=&#8221;on&#8221; button_text=&#8221;Beca NEAE Curso 2025\/2026&#8243; _builder_version=&#8221;4.24.2&#8243; _module_preset=&#8221;default&#8221; hover_enabled=&#8221;0&#8243; global_colors_info=&#8221;{}&#8221; sticky_enabled=&#8221;0&#8243;][\/et_pb_button][et_pb_button button_url=&#8221;https:\/\/drive.google.com\/file\/d\/1NhhbWQi5_ur8INn2523snOEA9qSOJtnR\/view?usp=drive_link&#8221; url_new_window=&#8221;on&#8221; button_text=&#8221;Orientaci\u00f3n 4\u00baESO Curso 2025\/2026&#8243; _builder_version=&#8221;4.24.2&#8243; _module_preset=&#8221;default&#8221; hover_enabled=&#8221;0&#8243; global_colors_info=&#8221;{}&#8221; sticky_enabled=&#8221;0&#8243;][\/et_pb_button][et_pb_button button_url=&#8221;https:\/\/blogsaverroes.juntadeandalucia.es\/iesalhadra\/files\/2025\/05\/Opciones-al-finalizar-Bachillerato-2024-2025-con-enlaces.pdf&#8221; url_new_window=&#8221;on&#8221; button_text=&#8221;Opciones al finalizar Bachillerato&#8221; _builder_version=&#8221;4.24.2&#8243; _module_preset=&#8221;default&#8221; hover_enabled=&#8221;0&#8243; global_colors_info=&#8221;{}&#8221; sticky_enabled=&#8221;0&#8243;][\/et_pb_button][et_pb_button button_url=&#8221;https:\/\/blogsaverroes.juntadeandalucia.es\/iesalhadra\/files\/2025\/03\/infografia-OAYV-Bachillerato-con-enlaces-1.pdf&#8221; url_new_window=&#8221;on&#8221; button_text=&#8221;Informaci\u00f3n Prueba de Acceso a la Universidad&#8221; _builder_version=&#8221;4.24.2&#8243; _module_preset=&#8221;default&#8221; hover_enabled=&#8221;0&#8243; global_colors_info=&#8221;{}&#8221; sticky_enabled=&#8221;0&#8243;][\/et_pb_button][et_pb_text _builder_version=&#8221;4.24.2&#8243; _module_preset=&#8221;default&#8221; global_colors_info=&#8221;{}&#8221;]<h2 class=\"wp-block-heading\">Actividades<\/h2>[\/et_pb_text][et_pb_blog fullwidth=&#8221;off&#8221; include_categories=&#8221;43&#8243; show_author=&#8221;off&#8221; show_categories=&#8221;off&#8221; _builder_version=&#8221;4.16&#8243; _module_preset=&#8221;default&#8221; global_colors_info=&#8221;{}&#8221;][\/et_pb_blog][et_pb_button button_url=&#8221;https:\/\/blogsaverroes.juntadeandalucia.es\/iesalhadra\/departamentos\/orientacion\/aula-especifica\/&#8221; button_text=&#8221;Aula Espec\u00edfica&#8221; button_alignment=&#8221;left&#8221; admin_label=&#8221;Bot\u00f3n enlace Aula Espec\u00edfica&#8221; _builder_version=&#8221;4.16&#8243; _module_preset=&#8221;default&#8221; global_colors_info=&#8221;{}&#8221;][\/et_pb_button][\/et_pb_column][et_pb_column type=&#8221;1_4&#8243; _builder_version=&#8221;4.16&#8243; custom_padding=&#8221;|||&#8221; global_colors_info=&#8221;{}&#8221; custom_padding__hover=&#8221;|||&#8221;][et_pb_sidebar area=&#8221;sidebar-1&#8243; _builder_version=&#8221;4.16&#8243; _module_preset=&#8221;default&#8221; global_colors_info=&#8221;{}&#8221;][\/et_pb_sidebar][\/et_pb_column][\/et_pb_row][\/et_pb_section]","protected":false},"excerpt":{"rendered":"<p>[et_pb_section fb_built=&#8221;1&#8243; _builder_version=&#8221;4.16&#8243; global_colors_info=&#8221;{}&#8221;][et_pb_row column_structure=&#8221;3_4,1_4&#8243; _builder_version=&#8221;4.16&#8243; background_size=&#8221;initial&#8221; background_position=&#8221;top_left&#8221; background_repeat=&#8221;repeat&#8221; global_colors_info=&#8221;{}&#8221;][et_pb_column type=&#8221;3_4&#8243; _builder_version=&#8221;4.16&#8243; custom_padding=&#8221;|||&#8221; global_colors_info=&#8221;{}&#8221; custom_padding__hover=&#8221;|||&#8221;][et_pb_post_title title=&#8221;off&#8221; meta=&#8221;off&#8221; _builder_version=&#8221;4.16&#8243; _module_preset=&#8221;default&#8221; global_colors_info=&#8221;{}&#8221;][\/et_pb_post_title][et_pb_text admin_label=&#8221;Contato&#8221; _builder_version=&#8221;4.24.2&#8243; background_size=&#8221;initial&#8221; background_position=&#8221;top_left&#8221; background_repeat=&#8221;repeat&#8221; global_colors_info=&#8221;{}&#8221;] Para cualquier consulta y asesoramiento de orientaci\u00f3n para el proceso de ense\u00f1anza y aprendizaje pod\u00e9is dirigiros al siguiente correo electr\u00f3nico:04001163.orientacion@g.educaand.es &nbsp; Garc\u00eda L\u00f3pez, Roc\u00edo rgarlop019@g.educaand.es Guti\u00e9rrez Gonz\u00e1lez, Jos\u00e9 Ignacio [&hellip;]<\/p>\n","protected":false},"author":11169,"featured_media":6666,"parent":43,"menu_order":0,"comment_status":"closed","ping_status":"closed","template":"","meta":{"_et_pb_use_builder":"on","_et_pb_old_content":"<p>\u00a0<\/p>\r\n<!-- wp:paragraph -->\r\n<p>Para cualquier consulta y asesoramiento de orientaci\u00f3n para el proceso de ense\u00f1anza y aprendizaje pod\u00e9is dirigiros al siguiente correo electr\u00f3nico:<\/p>\r\n<!-- \/wp:paragraph --><!-- wp:paragraph -->\r\n<p><a href=\"orientacion@iesalhadra.org\">orientacion@iesalhadra.org<\/a><\/p>\r\n<!-- \/wp:paragraph --><!-- wp:heading -->\r\n<h2>Liga espa\u00f1ola de educaci\u00f3n<\/h2>\r\n<!-- \/wp:heading --><!-- wp:paragraph -->\r\n<p>Entrega del certificado y premio del eslogan ganador de la Campa\u00f1a de prevenci\u00f3n del VIH y ETS<\/p>\r\n<!-- \/wp:paragraph --><!-- wp:gallery {\"ids\":[1044,1045,1046,1047,1048]} -->\r\n<ul class=\"wp-block-gallery columns-3 is-cropped\">\r\n<li class=\"blocks-gallery-item\">\r\n<figure><img class=\"wp-image-1044\" src=\"https:\/\/blogsaverroes.juntadeandalucia.es\/iesalhadra\/files\/2019\/04\/IMG-20190411-WA0019-1024x765.jpg\" alt=\"\" data-id=\"1044\" data-link=\"http:\/\/iesalhadra.org\/wpAlhadra\/departamentos\/orientacion\/img-20190411-wa0019\/\"><\/figure>\r\n<\/li>\r\n<li class=\"blocks-gallery-item\">\r\n<figure><img class=\"wp-image-1045\" src=\"https:\/\/blogsaverroes.juntadeandalucia.es\/iesalhadra\/files\/2019\/04\/IMG-20190411-WA0020-1024x765.jpg\" alt=\"\" data-id=\"1045\" data-link=\"http:\/\/iesalhadra.org\/wpAlhadra\/departamentos\/orientacion\/img-20190411-wa0020\/\"><\/figure>\r\n<\/li>\r\n<li class=\"blocks-gallery-item\">\r\n<figure><img class=\"wp-image-1046\" src=\"https:\/\/blogsaverroes.juntadeandalucia.es\/iesalhadra\/files\/2019\/04\/IMG-20190411-WA0021-1024x765.jpg\" alt=\"\" data-id=\"1046\" data-link=\"http:\/\/iesalhadra.org\/wpAlhadra\/departamentos\/orientacion\/img-20190411-wa0021\/\"><\/figure>\r\n<\/li>\r\n<li class=\"blocks-gallery-item\">\r\n<figure><img class=\"wp-image-1047\" src=\"https:\/\/blogsaverroes.juntadeandalucia.es\/iesalhadra\/files\/2019\/04\/IMG-20190411-WA0022-1024x765.jpg\" alt=\"\" data-id=\"1047\" data-link=\"http:\/\/iesalhadra.org\/wpAlhadra\/departamentos\/orientacion\/img-20190411-wa0022\/\"><\/figure>\r\n<\/li>\r\n<li class=\"blocks-gallery-item\">\r\n<figure><img class=\"wp-image-1048\" src=\"https:\/\/blogsaverroes.juntadeandalucia.es\/iesalhadra\/files\/2019\/04\/IMG-20190411-WA0023-1024x765.jpg\" alt=\"\" data-id=\"1048\" data-link=\"http:\/\/iesalhadra.org\/wpAlhadra\/departamentos\/orientacion\/img-20190411-wa0023\/\"><\/figure>\r\n<\/li>\r\n<\/ul>\r\n<!-- \/wp:gallery -->\r\n<p><a href=\"http:\/\/iesalhadra.org\/wpAlhadra\/departamentos\/orientacion\/aula-especifica\/\">Aula Espec\u00edfica<\/a><\/p>","_et_gb_content_width":"","ngg_post_thumbnail":0,"footnotes":""},"aioseo_notices":[],"_links":{"self":[{"href":"https:\/\/blogsaverroes.juntadeandalucia.es\/iesalhadra\/wp-json\/wp\/v2\/pages\/527"}],"collection":[{"href":"https:\/\/blogsaverroes.juntadeandalucia.es\/iesalhadra\/wp-json\/wp\/v2\/pages"}],"about":[{"href":"https:\/\/blogsaverroes.juntadeandalucia.es\/iesalhadra\/wp-json\/wp\/v2\/types\/page"}],"author":[{"embeddable":true,"href":"https:\/\/blogsaverroes.juntadeandalucia.es\/iesalhadra\/wp-json\/wp\/v2\/users\/11169"}],"replies":[{"embeddable":true,"href":"https:\/\/blogsaverroes.juntadeandalucia.es\/iesalhadra\/wp-json\/wp\/v2\/comments?post=527"}],"version-history":[{"count":24,"href":"https:\/\/blogsaverroes.juntadeandalucia.es\/iesalhadra\/wp-json\/wp\/v2\/pages\/527\/revisions"}],"predecessor-version":[{"id":15911,"href":"https:\/\/blogsaverroes.juntadeandalucia.es\/iesalhadra\/wp-json\/wp\/v2\/pages\/527\/revisions\/15911"}],"up":[{"embeddable":true,"href":"https:\/\/blogsaverroes.juntadeandalucia.es\/iesalhadra\/wp-json\/wp\/v2\/pages\/43"}],"wp:featuredmedia":[{"embeddable":true,"href":"https:\/\/blogsaverroes.juntadeandalucia.es\/iesalhadra\/wp-json\/wp\/v2\/media\/6666"}],"wp:attachment":[{"href":"https:\/\/blogsaverroes.juntadeandalucia.es\/iesalhadra\/wp-json\/wp\/v2\/media?parent=527"}],"curies":[{"name":"wp","href":"https:\/\/api.w.org\/{rel}","templated":true}]}}