{"id":533,"date":"2018-11-23T08:34:20","date_gmt":"2018-11-23T08:34:20","guid":{"rendered":"https:\/\/iesalhadra.wordpress.com\/?page_id=533"},"modified":"2024-10-07T12:13:17","modified_gmt":"2024-10-07T11:13:17","slug":"imagen-personal","status":"publish","type":"page","link":"https:\/\/blogsaverroes.juntadeandalucia.es\/iesalhadra\/departamentos\/imagen-personal\/","title":{"rendered":"Imagen Personal"},"content":{"rendered":"[et_pb_section fb_built=&#8221;1&#8243; _builder_version=&#8221;4.16&#8243; global_colors_info=&#8221;{}&#8221;][et_pb_row column_structure=&#8221;3_4,1_4&#8243; _builder_version=&#8221;4.16&#8243; background_size=&#8221;initial&#8221; background_position=&#8221;top_left&#8221; background_repeat=&#8221;repeat&#8221; global_colors_info=&#8221;{}&#8221;][et_pb_column type=&#8221;3_4&#8243; _builder_version=&#8221;4.16&#8243; custom_padding=&#8221;|||&#8221; global_colors_info=&#8221;{}&#8221; custom_padding__hover=&#8221;|||&#8221;][et_pb_post_title title=&#8221;off&#8221; meta=&#8221;off&#8221; _builder_version=&#8221;4.16&#8243; _module_preset=&#8221;default&#8221; global_colors_info=&#8221;{}&#8221;][\/et_pb_post_title][et_pb_text _builder_version=&#8221;4.16&#8243; background_size=&#8221;initial&#8221; background_position=&#8221;top_left&#8221; background_repeat=&#8221;repeat&#8221; global_colors_info=&#8221;{}&#8221;]<p><\/p>\n<p style=\"text-align: justify\">La familia profesional de Imagen Personal abarca un conjunto de actividades que tienen como finalidad el <strong>mantenimiento y cuidado del aspecto f\u00edsico de la persona<\/strong>, estas actividades tienen estrecha relaci\u00f3n con <strong>la salud y la moda<\/strong> y configuran una estructura de ofertas de servicios que ha ido consolid\u00e1ndose a\u00f1o tras a\u00f1o.<\/p>\n<p><\/p>\n<p><\/p>\n<p style=\"text-align: justify\">Est\u00e1 organizada en tres niveles: Formaci\u00f3n Profesional B\u00e1sica, Ciclos Formativos de Grado Medio y Ciclos Formativos de Grado Superior. Estas ense\u00f1anzas a su vez, se estructuran en m\u00f3dulos profesionales (son las materias o asignaturas) de distinta naturaleza.<\/p>\n<p style=\"text-align: center\"><\/p>\n<p><\/p>\n<h2>&nbsp;<\/h2>\n<h2><strong>Oferta educativa en nuestro Centro<\/strong><\/h2>\n<p><!-- \/wp:heading --><\/p>\n<p><!-- wp:paragraph {\"textColor\":\"yellow\",\"backgroundColor\":\"light-gray\"} --><\/p>\n<p class=\"has-text-color has-background has-yellow-color has-light-gray-background-color\"><strong>FORMACI\u00d3N PROFESIONAL B\u00c1SICA<\/strong><br>&#8211;<span style=\"color: #800080\"> <a style=\"color: #800080\" href=\"https:\/\/blogsaverroes.juntadeandalucia.es\/iesalhadra\/files\/2021\/04\/FPB-ESTETICA-Y-PELUQUERIA.pdf\" target=\"_blank\" rel=\"noopener noreferrer\">Profesional B\u00e1sico en Peluquer\u00eda y Est\u00e9tica (Turno de ma\u00f1ana)<\/a><\/span><\/p>\n<p class=\"has-text-color has-background has-yellow-color has-light-gray-background-color\"><strong>FORMACI\u00d3N PROFESIONAL GRADO MEDIO<\/strong><br>&#8211; <span style=\"color: #800080\"><a style=\"color: #800080\" href=\"https:\/\/blogsaverroes.juntadeandalucia.es\/iesalhadra\/estetica-y-belleza-2\/\">T\u00e9cnico en Est\u00e9tica y Belleza (Turno de ma\u00f1ana)<\/a><\/span><br>&#8211; <span style=\"color: #800080\"><a style=\"color: #800080\" href=\"https:\/\/blogsaverroes.juntadeandalucia.es\/iesalhadra\/peluqueria-y-cosmetica-capilar-2\/\">T\u00e9cnico en Peluquer\u00eda y Cosm\u00e9tica Capilar (Turno de ma\u00f1ana y tarde)<\/a><\/span><\/p>\n<p class=\"has-text-color has-background has-yellow-color has-light-gray-background-color\"><strong>FORMACI\u00d3N PROFESIONAL GRADO SUPERIOR<\/strong><br>&#8211; <span style=\"color: #800080\"><a style=\"color: #800080\" href=\"https:\/\/blogsaverroes.juntadeandalucia.es\/iesalhadra\/estetica-integral-y-bienestar-2\/\">T\u00e9cnico Superior en Est\u00e9tica Integral y Bienestar (Turno de ma\u00f1ana)<\/a><\/span><br>&#8211; <span style=\"color: #800080\"><a style=\"color: #800080\" href=\"https:\/\/blogsaverroes.juntadeandalucia.es\/iesalhadra\/estilismo-y-direccion-de-peluqueria-2\/\">T\u00e9cnico Superior en Estilismo y Direcci\u00f3n de Peluquer\u00eda (Turno de tarde)<\/a><\/span><br>&#8211; <span style=\"color: #800080\"><a style=\"color: #800080\" href=\"https:\/\/blogsaverroes.juntadeandalucia.es\/iesalhadra\/caracterizacion-y-maquillaje-profesional-2\/\">T\u00e9cnico Superior en Caracterizaci\u00f3n y Maquillaje Profesional (Turno de ma\u00f1ana)<\/a><\/span><\/p>\n<p><!-- \/wp:paragraph --><\/p>\n<p><!-- wp:paragraph -->Para saber m\u00e1s de cada uno de los Ciclos Formativos consulta el siguiente <span style=\"color: #800080\"><a style=\"color: #800080\" href=\"http:\/\/www.todofp.es\/que-como-y-donde-estudiar\/que-estudiar\/familia\/loe\/imagen-personal.html\">enlace.<\/a><\/span><!-- wp:gallery {\"ids\":[1676,1677,1678,1679,1680,1681,1682,1683,1684,1685,1686]} --><\/p>\n<p><!-- \/wp:paragraph --><\/p>\n<p><!-- wp:heading \/--><\/p>\n<p><!-- wp:heading --><\/p>\n<figure><\/figure>\n<p><!-- \/wp:heading --><\/p>\n<p><!-- \/wp:heading --><\/p>\n<figure><\/figure>\n<figure><\/figure>\n<figure><\/figure>\n<figure><\/figure>\n<figure><\/figure>\n<p><!-- \/wp:gallery --><\/p>[\/et_pb_text][et_pb_text admin_label=&#8221;Profesorado&#8221; _builder_version=&#8221;4.24.2&#8243; _module_preset=&#8221;default&#8221; hover_enabled=&#8221;0&#8243; global_colors_info=&#8221;{}&#8221; sticky_enabled=&#8221;0&#8243;]<h2>Docentes<br><!--td {border: 1px solid #ccc;}br {mso-data-placement:same-cell;}--><\/h2>\n<table dir=\"ltr\" style=\"width: 100%;height: 533px\" border=\"0\" cellspacing=\"0\" cellpadding=\"0\">\n<colgroup>\n<col width=\"420\">\n<col width=\"305\"><\/colgroup>\n<tbody>\n<tr>\n<td style=\"width: 57.8253%\">Alcaraz Guirado, \u00c1ngeles<\/td>\n<td style=\"width: 42.1119%\">\n<div>\n<div>aalcgui735h@g.educaand.es<\/div>\n<\/div>\n<\/td>\n<\/tr>\n<tr>\n<td style=\"width: 57.8253%\">Bol\u00edvar P\u00e9rez, Alicia<\/td>\n<td style=\"width: 42.1119%\">\n<div>\n<div>abolper142@g.educaand.es<\/div>\n<\/div>\n<\/td>\n<\/tr>\n<tr>\n<td style=\"width: 57.8253%\">Caparr\u00f3s Cort\u00e9s, Mar\u00eda del Carmen<\/td>\n<td style=\"width: 42.1119%\">\n<div>\n<div>mcapcor389@g.educaand.es<\/div>\n<\/div>\n<\/td>\n<\/tr>\n<tr>\n<td style=\"width: 57.8253%\">Carcedo Serrano, Elvira<\/td>\n<td style=\"width: 42.1119%\">\n<div>\n<div>ecarser169@g.educaand.es<\/div>\n<\/div>\n<\/td>\n<\/tr>\n<tr>\n<td style=\"width: 57.8253%\">Caro L\u00f3pez, Rosario<\/td>\n<td style=\"width: 42.1119%\">\n<div>\n<div>rcarlop331@g.educaand.es<\/div>\n<\/div>\n<\/td>\n<\/tr>\n<tr>\n<td style=\"width: 57.8253%\">Cueto Gonz\u00e1lez, Alicia<\/td>\n<td style=\"width: 42.1119%\">\n<div>\n<div>acuegon454@g.educaand.es<\/div>\n<\/div>\n<\/td>\n<\/tr>\n<tr>\n<td style=\"width: 57.8253%\">Garc\u00eda Alc\u00e1zar, Mar\u00eda Ester<\/td>\n<td style=\"width: 42.1119%\">\n<div>\n<div>mgaralc220@g.educaand.es<\/div>\n<\/div>\n<\/td>\n<\/tr>\n<tr>\n<td style=\"width: 57.8253%\">Gil Mellado, Antonia<\/td>\n<td style=\"width: 42.1119%\">\n<div>\n<div>agilmel106@g.educaand.es<\/div>\n<\/div>\n<\/td>\n<\/tr>\n<tr>\n<td style=\"width: 57.8253%\">Gonz\u00e1lez L\u00f3pez, Cristina<\/td>\n<td style=\"width: 42.1119%\">\n<div>\n<div>cgonlop360@g.educaand.es<\/div>\n<\/div>\n<\/td>\n<\/tr>\n<tr>\n<td style=\"width: 57.8253%\">Heredia Ruiz, Lourdes (Jefa de departamento)<\/td>\n<td style=\"width: 42.1119%\">\n<div>\n<div>lherrui538@g.educaand.es<\/div>\n<\/div>\n<\/td>\n<\/tr>\n<tr>\n<td style=\"width: 57.8253%\">Hern\u00e1ndez P\u00e9rez, Mar\u00eda del Mar<\/td>\n<td style=\"width: 42.1119%\">\n<div>\n<div>mherper889@g.educaand.es<\/div>\n<\/div>\n<\/td>\n<\/tr>\n<tr>\n<td style=\"width: 57.8253%\">L\u00f3pez Tabernero, Domingo David<\/td>\n<td style=\"width: 42.1119%\">\n<div>\n<div>dloptab571@g.educaand.es<\/div>\n<\/div>\n<\/td>\n<\/tr>\n<tr>\n<td style=\"width: 57.8253%\">Mart\u00edn Miras, Laura<\/td>\n<td style=\"width: 42.1119%\">\n<div>\n<div>lmarmir517@g.educaand.es<\/div>\n<\/div>\n<\/td>\n<\/tr>\n<tr>\n<td style=\"width: 57.8253%\">Maturana Espinosa, Ana Mar\u00eda<\/td>\n<td style=\"width: 42.1119%\">\n<div>\n<div>amatesp271@g.educaand.es<\/div>\n<\/div>\n<\/td>\n<\/tr>\n<tr>\n<td style=\"width: 57.8253%\">Montalvo C\u00e1novas, Carmen<\/td>\n<td style=\"width: 42.1119%\">\n<div>\n<div>cmoncan337@g.educaand.es<\/div>\n<\/div>\n<\/td>\n<\/tr>\n<tr>\n<td style=\"width: 57.8253%\">Palmer Mart\u00ednez, Mar\u00eda del Carmen<\/td>\n<td style=\"width: 42.1119%\">\n<div>\n<div>mpalmar715@g.educaand.es<\/div>\n<\/div>\n<\/td>\n<\/tr>\n<tr>\n<td style=\"width: 57.8253%\">P\u00e9rez Ruiz, Encarnaci\u00f3n Mar\u00eda<\/td>\n<td style=\"width: 42.1119%\">\n<div>\n<div>eperrui019@g.educaand.es<\/div>\n<\/div>\n<\/td>\n<\/tr>\n<tr>\n<td style=\"width: 57.8253%\">Praena Jim\u00e9nez, Mar\u00eda Pilar<\/td>\n<td style=\"width: 42.1119%\">\n<div>\n<div>mprajim797@g.educaand.es<\/div>\n<\/div>\n<\/td>\n<\/tr>\n<tr>\n<td style=\"width: 57.8253%\">Romero P\u00e9rez, Mar\u00eda Elo\u00edsa<\/td>\n<td style=\"width: 42.1119%\">\n<div>\n<div>mromper245@g.educaand.es<\/div>\n<\/div>\n<\/td>\n<\/tr>\n<tr>\n<td style=\"width: 57.8253%\">Ruiz Luna, Antonio Jes\u00fas<\/td>\n<td style=\"width: 42.1119%\">\n<div>\n<div>aruilun267@g.educaand.es<\/div>\n<\/div>\n<\/td>\n<\/tr>\n<\/tbody>\n<\/table>\n<p>&nbsp;<\/p>[\/et_pb_text][et_pb_text admin_label=&#8221;Actividades&#8221; _builder_version=&#8221;4.16&#8243; _module_preset=&#8221;default&#8221; global_colors_info=&#8221;{}&#8221;]<h2>&nbsp;<\/h2>\n<h2>&nbsp;<\/h2>\n<h2>Actividades<\/h2>\n<p>&nbsp;<\/p>[\/et_pb_text][et_pb_blog fullwidth=&#8221;off&#8221; include_categories=&#8221;45&#8243; show_author=&#8221;off&#8221; show_categories=&#8221;off&#8221; _builder_version=&#8221;4.16&#8243; _module_preset=&#8221;default&#8221; global_colors_info=&#8221;{}&#8221;][\/et_pb_blog][\/et_pb_column][et_pb_column type=&#8221;1_4&#8243; _builder_version=&#8221;4.16&#8243; custom_padding=&#8221;|||&#8221; global_colors_info=&#8221;{}&#8221; custom_padding__hover=&#8221;|||&#8221;][et_pb_sidebar area=&#8221;sidebar-1&#8243; _builder_version=&#8221;4.16&#8243; _module_preset=&#8221;default&#8221; global_colors_info=&#8221;{}&#8221;][\/et_pb_sidebar][\/et_pb_column][\/et_pb_row][\/et_pb_section]","protected":false},"excerpt":{"rendered":"<p>[et_pb_section fb_built=&#8221;1&#8243; _builder_version=&#8221;4.16&#8243; global_colors_info=&#8221;{}&#8221;][et_pb_row column_structure=&#8221;3_4,1_4&#8243; _builder_version=&#8221;4.16&#8243; background_size=&#8221;initial&#8221; background_position=&#8221;top_left&#8221; background_repeat=&#8221;repeat&#8221; global_colors_info=&#8221;{}&#8221;][et_pb_column type=&#8221;3_4&#8243; _builder_version=&#8221;4.16&#8243; custom_padding=&#8221;|||&#8221; global_colors_info=&#8221;{}&#8221; custom_padding__hover=&#8221;|||&#8221;][et_pb_post_title title=&#8221;off&#8221; meta=&#8221;off&#8221; _builder_version=&#8221;4.16&#8243; _module_preset=&#8221;default&#8221; global_colors_info=&#8221;{}&#8221;][\/et_pb_post_title][et_pb_text _builder_version=&#8221;4.16&#8243; background_size=&#8221;initial&#8221; background_position=&#8221;top_left&#8221; background_repeat=&#8221;repeat&#8221; global_colors_info=&#8221;{}&#8221;] La familia profesional de Imagen Personal abarca un conjunto de actividades que tienen como finalidad el mantenimiento y cuidado del aspecto f\u00edsico de la persona, estas actividades tienen estrecha relaci\u00f3n [&hellip;]<\/p>\n","protected":false},"author":11169,"featured_media":6675,"parent":43,"menu_order":0,"comment_status":"closed","ping_status":"closed","template":"","meta":{"_et_pb_use_builder":"on","_et_pb_old_content":"<!-- wp:paragraph {\"align\":\"justify\"} -->\r\n<p style=\"text-align: justify;\">La familia profesional de Imagen Personal abarca un conjunto de actividades que tienen como finalidad el <strong>mantenimiento y cuidado del aspecto f\u00edsico de la persona<\/strong>, estas actividades tienen estrecha relaci\u00f3n con <strong>la salud y la moda<\/strong> y configuran una estructura de ofertas de servicios que ha ido consolid\u00e1ndose a\u00f1o tras a\u00f1o.<\/p>\r\n<!-- \/wp:paragraph --><!-- wp:paragraph {\"align\":\"justify\"} -->\r\n<p style=\"text-align: justify;\">Est\u00e1 organizada en tres niveles: Formaci\u00f3n Profesional B\u00e1sica, Ciclos Formativos de Grado Medio y Ciclos Formativos de Grado Superior. Estas ense\u00f1anzas a su vez, se estructuran en m\u00f3dulos profesionales (son las materias o asignaturas) de distinta naturaleza.<\/p>\r\n<p style=\"text-align: center;\"><iframe src=\"\/\/www.youtube.com\/embed\/wOYMmG1urKk\" width=\"560\" height=\"314\"><\/iframe><\/p>\r\n<!-- \/wp:paragraph --><!-- wp:heading -->\r\n<h2>\u00a0<\/h2>\r\n<h2><strong>Oferta educativa en nuestro Centro<\/strong><\/h2>\r\n<!-- \/wp:heading --><!-- wp:paragraph {\"textColor\":\"yellow\",\"backgroundColor\":\"light-gray\"} -->\r\n<p class=\"has-text-color has-background has-yellow-color has-light-gray-background-color\"><strong>FORMACI\u00d3N PROFESIONAL B\u00c1SICA<\/strong><br>-<span style=\"color: #800080;\"> <a style=\"color: #800080;\" href=\"https:\/\/blogsaverroes.juntadeandalucia.es\/iesalhadra\/files\/2021\/04\/FPB-ESTETICA-Y-PELUQUERIA.pdf\" target=\"_blank\" rel=\"noopener noreferrer\">Profesional B\u00e1sico en Peluquer\u00eda y Est\u00e9tica (Turno de ma\u00f1ana)<\/a><\/span><\/p>\r\n<p class=\"has-text-color has-background has-yellow-color has-light-gray-background-color\"><strong>FORMACI\u00d3N PROFESIONAL GRADO MEDIO<\/strong><br>- <span style=\"color: #800080;\"><a style=\"color: #800080;\" href=\"https:\/\/blogsaverroes.juntadeandalucia.es\/iesalhadra\/estetica-y-belleza-2\/\">T\u00e9cnico en Est\u00e9tica y Belleza (Turno de ma\u00f1ana)<\/a><\/span><br>- <span style=\"color: #800080;\"><a style=\"color: #800080;\" href=\"https:\/\/blogsaverroes.juntadeandalucia.es\/iesalhadra\/peluqueria-y-cosmetica-capilar-2\/\">T\u00e9cnico en Peluquer\u00eda y Cosm\u00e9tica Capilar (Turno de ma\u00f1ana y tarde)<\/a><\/span><\/p>\r\n<p class=\"has-text-color has-background has-yellow-color has-light-gray-background-color\"><strong>FORMACI\u00d3N PROFESIONAL GRADO SUPERIOR<\/strong><br>- <span style=\"color: #800080;\"><a style=\"color: #800080;\" href=\"https:\/\/blogsaverroes.juntadeandalucia.es\/iesalhadra\/estetica-integral-y-bienestar-2\/\">T\u00e9cnico Superior en Est\u00e9tica Integral y Bienestar (Turno de ma\u00f1ana)<\/a><\/span><br>- <span style=\"color: #800080;\"><a style=\"color: #800080;\" href=\"https:\/\/blogsaverroes.juntadeandalucia.es\/iesalhadra\/estilismo-y-direccion-de-peluqueria-2\/\">T\u00e9cnico Superior en Estilismo y Direcci\u00f3n de Peluquer\u00eda (Turno de tarde)<\/a><\/span><br>- <span style=\"color: #800080;\"><a style=\"color: #800080;\" href=\"https:\/\/blogsaverroes.juntadeandalucia.es\/iesalhadra\/caracterizacion-y-maquillaje-profesional-2\/\">T\u00e9cnico Superior en Caracterizaci\u00f3n y Maquillaje Profesional (Turno de ma\u00f1ana)<\/a><\/span><\/p>\r\n<!-- \/wp:paragraph --><!-- wp:paragraph -->\r\n<p>Para saber m\u00e1s de cada uno de los Ciclos Formativos consulta el siguiente <span style=\"color: #800080;\"><a style=\"color: #800080;\" href=\"http:\/\/www.todofp.es\/que-como-y-donde-estudiar\/que-estudiar\/familia\/loe\/imagen-personal.html\">enlace<\/a><\/span>.<\/p>\r\n<!-- \/wp:paragraph --><!-- wp:heading \/--><!-- wp:heading -->\r\n<h2>\u00a0<\/h2>\r\n<h2>\u00a0<\/h2>\r\n<figure><\/figure>\r\n<!-- \/wp:heading --><!-- wp:heading -->\r\n<p>\u00a0<\/p>\r\n<!-- \/wp:heading --><!-- wp:gallery {\"ids\":[1676,1677,1678,1679,1680,1681,1682,1683,1684,1685,1686]} -->\r\n<figure><\/figure>\r\n<figure><\/figure>\r\n<figure><\/figure>\r\n<figure><\/figure>\r\n<figure><\/figure>\r\n<!-- \/wp:gallery -->","_et_gb_content_width":"","ngg_post_thumbnail":0,"footnotes":""},"aioseo_notices":[],"_links":{"self":[{"href":"https:\/\/blogsaverroes.juntadeandalucia.es\/iesalhadra\/wp-json\/wp\/v2\/pages\/533"}],"collection":[{"href":"https:\/\/blogsaverroes.juntadeandalucia.es\/iesalhadra\/wp-json\/wp\/v2\/pages"}],"about":[{"href":"https:\/\/blogsaverroes.juntadeandalucia.es\/iesalhadra\/wp-json\/wp\/v2\/types\/page"}],"author":[{"embeddable":true,"href":"https:\/\/blogsaverroes.juntadeandalucia.es\/iesalhadra\/wp-json\/wp\/v2\/users\/11169"}],"replies":[{"embeddable":true,"href":"https:\/\/blogsaverroes.juntadeandalucia.es\/iesalhadra\/wp-json\/wp\/v2\/comments?post=533"}],"version-history":[{"count":27,"href":"https:\/\/blogsaverroes.juntadeandalucia.es\/iesalhadra\/wp-json\/wp\/v2\/pages\/533\/revisions"}],"predecessor-version":[{"id":13086,"href":"https:\/\/blogsaverroes.juntadeandalucia.es\/iesalhadra\/wp-json\/wp\/v2\/pages\/533\/revisions\/13086"}],"up":[{"embeddable":true,"href":"https:\/\/blogsaverroes.juntadeandalucia.es\/iesalhadra\/wp-json\/wp\/v2\/pages\/43"}],"wp:featuredmedia":[{"embeddable":true,"href":"https:\/\/blogsaverroes.juntadeandalucia.es\/iesalhadra\/wp-json\/wp\/v2\/media\/6675"}],"wp:attachment":[{"href":"https:\/\/blogsaverroes.juntadeandalucia.es\/iesalhadra\/wp-json\/wp\/v2\/media?parent=533"}],"curies":[{"name":"wp","href":"https:\/\/api.w.org\/{rel}","templated":true}]}}