{"id":62,"date":"2018-07-18T10:57:25","date_gmt":"2018-07-18T10:57:25","guid":{"rendered":"https:\/\/iesalhadra.wordpress.com\/?page_id=62"},"modified":"2024-06-11T13:10:12","modified_gmt":"2024-06-11T12:10:12","slug":"acreditacion-de-competencias","status":"publish","type":"page","link":"https:\/\/blogsaverroes.juntadeandalucia.es\/iesalhadra\/acreditacion-de-competencias\/","title":{"rendered":"Acreditaci\u00f3n de competencias"},"content":{"rendered":"[et_pb_section fb_built=&#8221;1&#8243; _builder_version=&#8221;4.16&#8243; global_colors_info=&#8221;{}&#8221;][et_pb_row column_structure=&#8221;3_4,1_4&#8243; _builder_version=&#8221;4.16&#8243; background_size=&#8221;initial&#8221; background_position=&#8221;top_left&#8221; background_repeat=&#8221;repeat&#8221; global_colors_info=&#8221;{}&#8221;][et_pb_column type=&#8221;3_4&#8243; _builder_version=&#8221;4.16&#8243; custom_padding=&#8221;|||&#8221; global_colors_info=&#8221;{}&#8221; custom_padding__hover=&#8221;|||&#8221;][et_pb_post_title meta=&#8221;off&#8221; _builder_version=&#8221;4.24.2&#8243; _module_preset=&#8221;default&#8221; global_colors_info=&#8221;{}&#8221;][\/et_pb_post_title][et_pb_button button_url=&#8221;https:\/\/www.juntadeandalucia.es\/educacion\/portals\/web\/iacp\/convocatorias&#8221; url_new_window=&#8221;on&#8221; button_text=&#8221;Acceso al portal web del IACP: convocatorias&#8221; admin_label=&#8221;Enlace a las convocatorias&#8221; _builder_version=&#8221;4.24.2&#8243; _module_preset=&#8221;default&#8221; global_colors_info=&#8221;{}&#8221;][\/et_pb_button][et_pb_button button_url=&#8221;https:\/\/blogsaverroes.juntadeandalucia.es\/iesalhadra\/files\/2024\/04\/Diptico-Acredita-C20I1-PRTR.pdf&#8221; url_new_window=&#8221;on&#8221; button_text=&#8221;D\u00edptico acredita (pdf)&#8221; _builder_version=&#8221;4.24.2&#8243; _module_preset=&#8221;default&#8221; global_colors_info=&#8221;{}&#8221;][\/et_pb_button][et_pb_text _builder_version=&#8221;4.24.2&#8243; background_size=&#8221;initial&#8221; background_position=&#8221;top_left&#8221; background_repeat=&#8221;repeat&#8221; global_colors_info=&#8221;{}&#8221;]<h1>\u00bfQu\u00e9 es la evaluaci\u00f3n y acreditaci\u00f3n de competencias profesionales?<\/h1>\n<p>&nbsp;<\/p>\n<div class=\"cte\">\n<p>Es un proceso mediante el cual se otorga una acreditaci\u00f3n oficial, a la persona candidata,\u00a0<strong>previa evaluaci\u00f3n de las competencias profesionales adquiridas por la experiencia laboral y v\u00edas no formales de formaci\u00f3n.\u00a0<\/strong>El\u00a0<a href=\"https:\/\/www.boe.es\/eli\/es\/rd\/2023\/07\/18\/659\" target=\"_blank\" rel=\"noopener\">Real Decreto 659\/2023, de 18 de julio<\/a>, de reconocimiento de las competencias profesionales adquiridas por experiencia laboral, determina el <strong>procedimiento \u00fanico<\/strong>, tanto para el \u00e1mbito educativo como para el laboral, para la evaluaci\u00f3n y acreditaci\u00f3n de las competencias profesionales adquiridas a trav\u00e9s de la experiencia laboral o de v\u00edas no formales de formaci\u00f3n, del que trata el art\u00edculo 8.2 de la<a href=\"http:\/\/todofp.es\/dam\/jcr:0795f352-7251-46d5-abbc-9b1a697ae82b\/a22437-22442-pdf.pdf\">\u00a0Ley Org\u00e1nica 5\/2002<\/a>\u00a0, de 19 de junio, de las Cualificaciones y de la Formaci\u00f3n Profesional. Este Real Decreto conlleva la realizaci\u00f3n de convocatorias por las Administraciones competentes para evaluar y en su caso, acreditar la competencia profesional de los candidatos que deseen verla reconocida.<\/p>\n<p>Las personas que participen en las convocatorias\u00a0<strong>podr\u00e1n ver acreditadas unidades de competencia que constituyen una parte de un t\u00edtulo de Formaci\u00f3n Profesional o de un Certificado de Profesionalidad.\u00a0<\/strong>Al finalizar el procedimiento, la comisi\u00f3n de evaluaci\u00f3n pertinente les indicar\u00e1 la formaci\u00f3n complementaria que el participante tiene que cursar, si desea continuar con su formaci\u00f3n, para poder obtener el t\u00edtulo de Formaci\u00f3n Profesional o el Certificado de Profesionalidad.<\/p>\n<p>&nbsp;<\/p>\n<h1>\u00bfA qui\u00e9n le puede interesar?<\/h1>\n<p>&nbsp;<\/p>\n<div class=\"cte\">\n<p>Si ha adquirido\u00a0<strong>sus conocimientos profesionales desarrollando una actividad laboral y no tiene titulaci\u00f3n<\/strong>, las Administraciones convocan peri\u00f3dicamente procedimientos de evaluaci\u00f3n y acreditaci\u00f3n de competencias profesionales en los que se puede obtener, tras unas pruebas concretas, una acreditaci\u00f3n con validez en todo el territorio nacional y orientaciones sobre c\u00f3mo cursando una formaci\u00f3n complementaria, podr\u00e1 poder obtener el t\u00edtulo de Formaci\u00f3n Profesional o el Certificado de Profesionalidad.<\/p>\n<p><strong>Si ha abandonado sus estudios para incorporarse al mundo laboral<\/strong>\u00a0y ha aprendido su profesi\u00f3n en su puesto de trabajo&#8230;<\/p>\n<p>Si ha adquirido competencias profesionales desempe\u00f1ando\u00a0<strong>tareas de voluntariado o como becario&#8230;<\/strong><\/p>\n<p>Si a lo largo de su vida\u00a0<strong>ha realizado actividades no remuneradas\u00a0<\/strong>que le han permitido adquirir competencias del mundo laboral y se ha formado por v\u00edas no formales&#8230;<\/p>\n<p>PUEDE presentarse a las convocatorias de acreditaci\u00f3n de competencias profesionales relacionadas con su actividad.<\/p>\n<p>&nbsp;<\/p>\n<h1>\u00bfQu\u00e9 debe hacer para participar?<\/h1>\n<p>&nbsp;<\/p>\n<div class=\"cte\">\n<p>La persona interesa en participar en el procedimiento\u00a0<strong>puede consultar<\/strong>\u00a0las convocatorias en las\u00a0<a href=\"http:\/\/todofp.es\/acreditacion-de-competencias\/webs-acreditacion-ccaa.html\">p\u00e1ginas web oficiales de las administraciones auton\u00f3micas.<\/a><\/p>\n<p>La solicitud se podr\u00e1 presentar por <strong>v\u00eda telem\u00e1tica<\/strong>, a trav\u00e9s de la <strong>Secretar\u00eda Virtua<\/strong>l de la Junta de Andaluc\u00eda.<\/p>\n<p>En <strong>nuestro Centro<\/strong>, se llevar\u00e1 a cabo el procedimiento de las siguientes unidades de competencia:<\/p>\n<ul>\n<li><strong>Atenci\u00f3n sociosanitaria a personas en el domicilio.<\/strong><\/li>\n<li><strong>Atenci\u00f3n sociosanitaria a personas dependientes en instituciones sociales.<\/strong><\/li>\n<li><strong>Docencia de la formaci\u00f3n para el empleo.<\/strong><\/li>\n<\/ul>\n<h3>\u00a0<\/h3>\n<h3>Requisitos de participaci\u00f3n:<\/h3>\n<ul>\n<li>Tener la nacionalidad espa\u00f1ola, certificado de residente comunitario, la tarjeta de familiar de ciudadano de la Uni\u00f3n Europea, o ser titular de una autorizaci\u00f3n de residencia y trabajo en Espa\u00f1a en vigor.<\/li>\n<\/ul>\n<p><strong>Adem\u00e1s, en funci\u00f3n del nivel de las unidades de competencia que se quieran acreditar deber\u00e1n cumplirse los siguientes requisitos:<\/strong><\/p>\n<ul>\n<li>Tener 18 a\u00f1os cumplidos al realizar la inscripci\u00f3n si es para una o varias cualificaciones profesionales de\u00a0<strong>nivel I<\/strong>.<\/li>\n<li>Tener 20 a\u00f1os cumplidos al realizar la inscripci\u00f3n si es para una o varias cualificaciones profesionales de\u00a0<strong>nivel II<\/strong>\u00a0<strong>y III<\/strong>.<\/li>\n<\/ul>\n<p><strong>Adem\u00e1s de lo se\u00f1alado anteriormente, ha de tener, al menos, uno de estos dos requisitos:<\/strong><\/p>\n<ul>\n<li><strong>Experiencia laboral (adquirida en los \u00faltimos 15 a\u00f1os) relacionada con las competencias que se quieran acreditar de:<\/strong>\n<ul>\n<li>2 a\u00f1os (1000 horas m\u00ednimas trabajadas) para competencias de nivel I.<\/li>\n<li>3 a\u00f1os (2000 horas m\u00ednimas trabajadas) para competencias de nivel II y III.<\/li>\n<\/ul>\n<\/li>\n<li><strong>Formaci\u00f3n (realizada en los \u00faltimos 10 a\u00f1os) relacionada con las competencias que se quieran acreditar:<\/strong>\n<ul>\n<li>200 horas para cualificaciones de nivel I.<\/li>\n<li>300 horas para cualificaciones de nivel II y III.<\/li>\n<\/ul>\n<\/li>\n<li><strong>Formaci\u00f3n informal (realizado en los \u00faltimos 15 a\u00f1os) relacionado con las competencias que se quieran acreditar:<\/strong>\n<ul>\n<li>2 a\u00f1os (1000 horas m\u00ednimas de voluntariado) para competencias de nivel I.<\/li>\n<li>3 a\u00f1os (2000 horas m\u00ednimas de voluntariado) para competencias de nivel II y III.<\/li>\n<\/ul>\n<\/li>\n<\/ul>\n<p>&nbsp;<\/p>\n<p>&nbsp;<\/p>\n<\/div>\n<\/div>\n<\/div>\n<p><\/p>\n<ul class=\"et_post_gallery clearfix\">\n\t\t\t\t\t<li class=\"et_gallery_item et_pb_gallery_image\">\n\t\t\t\t\t\t<a href=\"https:\/\/blogsaverroes.juntadeandalucia.es\/iesalhadra\/files\/2020\/05\/IMG-20200523-WA0008-2.jpg\" title=\"IMG-20200523-WA0008\">\n\t\t\t\t\t\t\t<span class=\"et_portfolio_image\">\n\t\t\t\t\t\t\t\t<img loading=\"lazy\" decoding=\"async\" width=\"400\" height=\"284\" src=\"https:\/\/blogsaverroes.juntadeandalucia.es\/iesalhadra\/files\/2020\/05\/IMG-20200523-WA0008-2-400x284.jpg\" class=\"attachment-et-pb-portfolio-image size-et-pb-portfolio-image\" alt=\"\" \/>\n\t\t\t\t\t\t\t\t<span class=\"et_overlay\"><\/span>\n\t\t\t\t\t\t\t<\/span>\n\t\t\t\t\t\t<\/a>\n\t\t\t\t\t\t<p class=\"et_pb_gallery_caption\">\n\t\t\t\t\t\t<\/p>\n\t\t\t\t\t<\/li><li class=\"et_gallery_item et_pb_gallery_image\">\n\t\t\t\t\t\t<a href=\"https:\/\/blogsaverroes.juntadeandalucia.es\/iesalhadra\/files\/2020\/05\/IMG-20200523-WA0007-1.jpg\" title=\"IMG-20200523-WA0007\">\n\t\t\t\t\t\t\t<span class=\"et_portfolio_image\">\n\t\t\t\t\t\t\t\t<img loading=\"lazy\" decoding=\"async\" width=\"400\" height=\"284\" src=\"https:\/\/blogsaverroes.juntadeandalucia.es\/iesalhadra\/files\/2020\/05\/IMG-20200523-WA0007-1-400x284.jpg\" class=\"attachment-et-pb-portfolio-image size-et-pb-portfolio-image\" alt=\"\" \/>\n\t\t\t\t\t\t\t\t<span class=\"et_overlay\"><\/span>\n\t\t\t\t\t\t\t<\/span>\n\t\t\t\t\t\t<\/a>\n\t\t\t\t\t\t<p class=\"et_pb_gallery_caption\">\n\t\t\t\t\t\t<\/p>\n\t\t\t\t\t<\/li>\n\t\t\t\t<\/ul>\n<p class=\"wp-block-gallery-1 is-layout-flex wp-block-gallery-is-layout-flex\">\u00a0<\/p>[\/et_pb_text][et_pb_blog include_categories=&#8221;63&#8243; show_thumbnail=&#8221;off&#8221; use_manual_excerpt=&#8221;off&#8221; show_more=&#8221;on&#8221; show_author=&#8221;off&#8221; show_categories=&#8221;off&#8221; _builder_version=&#8221;4.16&#8243; _module_preset=&#8221;default&#8221; global_colors_info=&#8221;{}&#8221; disabled_on=&#8221;on|on|on&#8221; disabled=&#8221;on&#8221;][\/et_pb_blog][\/et_pb_column][et_pb_column type=&#8221;1_4&#8243; _builder_version=&#8221;4.16&#8243; custom_padding=&#8221;|||&#8221; global_colors_info=&#8221;{}&#8221; custom_padding__hover=&#8221;|||&#8221;][et_pb_sidebar _builder_version=&#8221;4.16&#8243; _module_preset=&#8221;default&#8221; global_colors_info=&#8221;{}&#8221;][\/et_pb_sidebar][\/et_pb_column][\/et_pb_row][\/et_pb_section]","protected":false},"excerpt":{"rendered":"<p>[et_pb_section fb_built=&#8221;1&#8243; _builder_version=&#8221;4.16&#8243; global_colors_info=&#8221;{}&#8221;][et_pb_row column_structure=&#8221;3_4,1_4&#8243; _builder_version=&#8221;4.16&#8243; background_size=&#8221;initial&#8221; background_position=&#8221;top_left&#8221; background_repeat=&#8221;repeat&#8221; global_colors_info=&#8221;{}&#8221;][et_pb_column type=&#8221;3_4&#8243; _builder_version=&#8221;4.16&#8243; custom_padding=&#8221;|||&#8221; global_colors_info=&#8221;{}&#8221; custom_padding__hover=&#8221;|||&#8221;][et_pb_post_title meta=&#8221;off&#8221; _builder_version=&#8221;4.24.2&#8243; _module_preset=&#8221;default&#8221; global_colors_info=&#8221;{}&#8221;][\/et_pb_post_title][et_pb_button button_url=&#8221;https:\/\/www.juntadeandalucia.es\/educacion\/portals\/web\/iacp\/convocatorias&#8221; url_new_window=&#8221;on&#8221; button_text=&#8221;Acceso al portal web del IACP: convocatorias&#8221; admin_label=&#8221;Enlace a las convocatorias&#8221; _builder_version=&#8221;4.24.2&#8243; _module_preset=&#8221;default&#8221; global_colors_info=&#8221;{}&#8221;][\/et_pb_button][et_pb_button button_url=&#8221;https:\/\/blogsaverroes.juntadeandalucia.es\/iesalhadra\/files\/2024\/04\/Diptico-Acredita-C20I1-PRTR.pdf&#8221; url_new_window=&#8221;on&#8221; button_text=&#8221;D\u00edptico acredita (pdf)&#8221; _builder_version=&#8221;4.24.2&#8243; _module_preset=&#8221;default&#8221; global_colors_info=&#8221;{}&#8221;][\/et_pb_button][et_pb_text _builder_version=&#8221;4.24.2&#8243; background_size=&#8221;initial&#8221; background_position=&#8221;top_left&#8221; background_repeat=&#8221;repeat&#8221; global_colors_info=&#8221;{}&#8221;] \u00bfQu\u00e9 es la evaluaci\u00f3n y acreditaci\u00f3n de [&hellip;]<\/p>\n","protected":false},"author":11612,"featured_media":11039,"parent":0,"menu_order":0,"comment_status":"closed","ping_status":"closed","template":"","meta":{"_et_pb_use_builder":"on","_et_pb_old_content":"<h1>\u00bfQu\u00e9 es la evaluaci\u00f3n y acreditaci\u00f3n de competencias profesionales?<\/h1>\r\n<div class=\"cte\">\r\n<p>Es un proceso mediante el cual se otorga una acreditaci\u00f3n oficial, a la persona candidata,\u00a0<strong>previa evaluaci\u00f3n de las competencias profesionales adquiridas por la experiencia laboral y v\u00edas no formales de formaci\u00f3n.\u00a0<\/strong>El\u00a0<a href=\"http:\/\/todofp.es\/dam\/jcr:23ae272d-76d5-4662-b1e6-52cd8f15dc34\/boe-a-2009-13781-pdf.pdf\">Real Decreto 1224\/2009<\/a>\u00a0\u00a0, de 17 de julio, de reconocimiento de las competencias profesionales adquiridas por experiencia laboral, determina el\u00a0<strong>procedimiento \u00fanico<\/strong>, tanto para el \u00e1mbito educativo como para el laboral, para la ev<\/p>\r\n<p>aluaci\u00f3n y acreditaci\u00f3n de las competencias profesionales adquiridas a trav\u00e9s de la experiencia laboral o de v\u00edas no formales de formaci\u00f3n, del que trata el art\u00edculo 8.2 de la<a href=\"http:\/\/todofp.es\/dam\/jcr:0795f352-7251-46d5-abbc-9b1a697ae82b\/a22437-22442-pdf.pdf\">\u00a0Ley Org\u00e1nica 5\/2002<\/a>\u00a0, de 19 de junio, de las Cualificaciones y de la Formaci\u00f3n Profesional. Este Real Decreto conlleva la realizaci\u00f3n de convocatorias por las Administraciones competentes para evaluar y en su caso, acreditar la competencia profesional de los candidatos que deseen verla reconocida.<\/p>\r\n<p>Las personas que participen en las convocatorias\u00a0<strong>podr\u00e1n ver acreditadas unidades de competencia que constituyen una parte de un t\u00edtulo de Formaci\u00f3n Profesional o de un Certificado de Profesionalidad.\u00a0<\/strong>Al finalizar el procedimiento, la comisi\u00f3n de evaluaci\u00f3n pertinente les indicar\u00e1 la formaci\u00f3n complementaria que el participante tiene que cursar, si desea continuar con su formaci\u00f3n, para poder obtener el t\u00edtulo de Formaci\u00f3n Profesional o el Certificado de Profesionalidad.<\/p>\r\n<h1>\u00bfA qui\u00e9n le puede interesar?<\/h1>\r\n<div class=\"cte\">\r\n<p>Si ha adquirido\u00a0<strong>sus conocimientos profesionales desarrollando una actividad laboral y no tiene titulaci\u00f3n<\/strong>, las Administraciones convocan peri\u00f3dicamente procedimientos de evaluaci\u00f3n y acreditaci\u00f3n de competencias profesionales en los que se puede obtener, tras unas pruebas concretas, una acreditaci\u00f3n con validez en todo el territorio nacional y orientaciones sobre c\u00f3mo cursando una formaci\u00f3n complementaria, podr\u00e1 poder obtener el t\u00edtulo de Formaci\u00f3n Profesional o el Certificado de Profesionalidad.<\/p>\r\n<p><strong>Si ha abandonado sus estudios para incorporarse al mundo laboral<\/strong>\u00a0y ha aprendido su profesi\u00f3n en su puesto de trabajo...<\/p>\r\n<p>Si ha adquirido competencias profesionales desempe\u00f1ando\u00a0<strong>tareas de voluntariado o como becario...<\/strong><\/p>\r\n<p>Si a lo largo de su vida\u00a0<strong>ha realizado actividades no remuneradas\u00a0<\/strong>que le han permitido adquirir competencias del mundo laboral y se ha formado por v\u00edas no formales...<\/p>\r\n<p>PUEDE presentarse a las convocatorias de acreditaci\u00f3n de competencias profesionales relacionadas con su actividad.<\/p>\r\n<h1>\u00bfQu\u00e9 debe hacer para participar?<\/h1>\r\n<div class=\"cte\">\r\n<p>La persona interesa en participar en el procedimiento\u00a0<strong>puede consultar<\/strong>\u00a0las convocatorias en las\u00a0<a href=\"http:\/\/todofp.es\/acreditacion-de-competencias\/webs-acreditacion-ccaa.html\">p\u00e1ginas web oficiales de las administraciones auton\u00f3micas.<\/a><\/p>\r\n<p>La solicitud se podr\u00e1 presentar por <strong>v\u00eda telem\u00e1tica<\/strong>, a trav\u00e9s de la <strong>Secretar\u00eda Virtua<\/strong>l de la Junta de Andaluc\u00eda.<\/p>\r\n<p>En <strong>nuestro Centro<\/strong>, se llevar\u00e1 a cabo el procedimiento de las siguientes unidades de competencia:<\/p>\r\n<ul>\r\n<li><strong>Atenci\u00f3n sociosanitaria a personas en el domicilio.<\/strong><\/li>\r\n<li><strong>Atenci\u00f3n sociosanitaria a personas dependientes en instituciones sociales.<\/strong><\/li>\r\n<li><strong>Docencia de la formaci\u00f3n para el empleo.<\/strong><\/li>\r\n<\/ul>\r\n<h3>Requisitos de participaci\u00f3n:<\/h3>\r\n<ul>\r\n<li>Tener la nacionalidad espa\u00f1ola, certificado de residente comunitario, la tarjeta de familiar de ciudadano de la Uni\u00f3n Europea, o ser titular de una autorizaci\u00f3n de residencia y trabajo en Espa\u00f1a en vigor.<\/li>\r\n<\/ul>\r\n<p><strong>Adem\u00e1s, en funci\u00f3n del nivel de las unidades de competencia que se quieran acreditar deber\u00e1n cumplirse los siguientes requisitos:<\/strong><\/p>\r\n<ul>\r\n<li>Tener 18 a\u00f1os cumplidos al realizar la inscripci\u00f3n si es para una o varias cualificaciones profesionales de\u00a0<strong>nivel I<\/strong>.<\/li>\r\n<li>Tener 20 a\u00f1os cumplidos al realizar la inscripci\u00f3n si es para una o varias cualificaciones profesionales de\u00a0<strong>nivel II<\/strong>\u00a0<strong>y III<\/strong>.<\/li>\r\n<\/ul>\r\n<p><strong>Adem\u00e1s de lo se\u00f1alado anteriormente, ha de tener, al menos, uno de estos dos requisitos:<\/strong><\/p>\r\n<ul>\r\n<li><strong>Experiencia laboral (adquirida en los \u00faltimos 10 a\u00f1os) relacionada con las competencias que se quieran acreditar de:<\/strong>\r\n<ul>\r\n<li>2 a\u00f1os (1200 horas m\u00ednimas trabajadas) para competencias de nivel I.<\/li>\r\n<li>3 a\u00f1os (2000 horas m\u00ednimas trabajadas) para competencias de nivel II y III.<\/li>\r\n<\/ul>\r\n<\/li>\r\n<li><strong>Formaci\u00f3n (realizada en los \u00faltimos 10 a\u00f1os) relacionada con las competencias que se quieran acreditar<\/strong>\r\n<ul>\r\n<li>200 horas para cualificaciones de nivel I.<\/li>\r\n<li>300 horas para cualificaciones de nivel II y III.<\/li>\r\n<\/ul>\r\n<\/li>\r\n<\/ul>\r\n<p>\u00a0<\/p>\r\n<\/div>\r\n<\/div>\r\n<\/div>\r\n<!-- wp:gallery {\"ids\":[2929,2930]} -->\r\n<ul class=\"wp-block-gallery columns-2 is-cropped\">\r\n<li class=\"blocks-gallery-item\">\r\n<figure><img class=\"wp-image-2929\" src=\"https:\/\/blogsaverroes.juntadeandalucia.es\/iesalhadra\/files\/2020\/05\/IMG-20200523-WA0008-2-1024x724.jpg\" alt=\"\" data-id=\"2929\" data-link=\"http:\/\/iesalhadra.org\/wpAlhadra\/acreditacion-de-competencias\/img-20200523-wa0008-3\/\"><\/figure>\r\n<\/li>\r\n<li class=\"blocks-gallery-item\">\r\n<figure><img class=\"wp-image-2930\" src=\"https:\/\/blogsaverroes.juntadeandalucia.es\/iesalhadra\/files\/2020\/05\/IMG-20200523-WA0007-1-739x1024.jpg\" alt=\"\" data-id=\"2930\" data-link=\"http:\/\/iesalhadra.org\/wpAlhadra\/acreditacion-de-competencias\/img-20200523-wa0007-2\/\"><\/figure>\r\n<\/li>\r\n<\/ul>\r\n<!-- \/wp:gallery -->\r\n<p>\u00a0<\/p>","_et_gb_content_width":"","ngg_post_thumbnail":0,"footnotes":""},"aioseo_notices":[],"_links":{"self":[{"href":"https:\/\/blogsaverroes.juntadeandalucia.es\/iesalhadra\/wp-json\/wp\/v2\/pages\/62"}],"collection":[{"href":"https:\/\/blogsaverroes.juntadeandalucia.es\/iesalhadra\/wp-json\/wp\/v2\/pages"}],"about":[{"href":"https:\/\/blogsaverroes.juntadeandalucia.es\/iesalhadra\/wp-json\/wp\/v2\/types\/page"}],"author":[{"embeddable":true,"href":"https:\/\/blogsaverroes.juntadeandalucia.es\/iesalhadra\/wp-json\/wp\/v2\/users\/11612"}],"replies":[{"embeddable":true,"href":"https:\/\/blogsaverroes.juntadeandalucia.es\/iesalhadra\/wp-json\/wp\/v2\/comments?post=62"}],"version-history":[{"count":11,"href":"https:\/\/blogsaverroes.juntadeandalucia.es\/iesalhadra\/wp-json\/wp\/v2\/pages\/62\/revisions"}],"predecessor-version":[{"id":12209,"href":"https:\/\/blogsaverroes.juntadeandalucia.es\/iesalhadra\/wp-json\/wp\/v2\/pages\/62\/revisions\/12209"}],"wp:featuredmedia":[{"embeddable":true,"href":"https:\/\/blogsaverroes.juntadeandalucia.es\/iesalhadra\/wp-json\/wp\/v2\/media\/11039"}],"wp:attachment":[{"href":"https:\/\/blogsaverroes.juntadeandalucia.es\/iesalhadra\/wp-json\/wp\/v2\/media?parent=62"}],"curies":[{"name":"wp","href":"https:\/\/api.w.org\/{rel}","templated":true}]}}