{"id":6699,"date":"2022-04-20T07:46:42","date_gmt":"2022-04-20T06:46:42","guid":{"rendered":"https:\/\/blogsaverroes.juntadeandalucia.es\/iesalhadra\/?page_id=6699"},"modified":"2024-05-07T12:54:32","modified_gmt":"2024-05-07T11:54:32","slug":"proa-transformate","status":"publish","type":"page","link":"https:\/\/blogsaverroes.juntadeandalucia.es\/iesalhadra\/planes-y-proyectos-2\/proa-transformate\/","title":{"rendered":"PROA+ TRANSF\u00d3RMATE"},"content":{"rendered":"<p>[et_pb_section fb_built=&#8221;1&#8243; _builder_version=&#8221;4.16&#8243; _module_preset=&#8221;default&#8221; global_colors_info=&#8221;{}&#8221;][et_pb_row admin_label=&#8221;Fila&#8221; _builder_version=&#8221;4.16&#8243; _module_preset=&#8221;default&#8221; global_colors_info=&#8221;{}&#8221;][et_pb_column type=&#8221;4_4&#8243; _builder_version=&#8221;4.16&#8243; _module_preset=&#8221;default&#8221; global_colors_info=&#8221;{}&#8221;][et_pb_image src=&#8221;https:\/\/blogsaverroes.juntadeandalucia.es\/iesalhadra\/files\/2024\/05\/Logos-PROA-23_24.png&#8221; title_text=&#8221;Logos PROA 23_24&#8243; _builder_version=&#8221;4.24.2&#8243; _module_preset=&#8221;default&#8221; global_colors_info=&#8221;{}&#8221;][\/et_pb_image][\/et_pb_column][\/et_pb_row][et_pb_row column_structure=&#8221;3_4,1_4&#8243; _builder_version=&#8221;4.16&#8243; _module_preset=&#8221;default&#8221; global_colors_info=&#8221;{}&#8221;][et_pb_column type=&#8221;3_4&#8243; _builder_version=&#8221;4.16&#8243; _module_preset=&#8221;default&#8221; global_colors_info=&#8221;{}&#8221;][et_pb_text _builder_version=&#8221;4.24.2&#8243; _module_preset=&#8221;default&#8221; global_colors_info=&#8221;{}&#8221;]<\/p>\n<div>\n<div class=\"adL\">Programa PROA + TRANSF\u00d3RMATE, para el desarrollo de la actividad palanca A230 &#8211; Actividades de refuerzo para la mejora y \u00e9xito educativo para alumnado.<\/div>\n<\/div>\n<div>\n<h2 align=\"center\"><strong>PROA + TRANSF\u00d3RMATE<\/strong><\/h2>\n<p align=\"justify\"><img loading=\"lazy\" decoding=\"async\" class=\"size-medium wp-image-10541 aligncenter\" src=\"https:\/\/blogsaverroes.juntadeandalucia.es\/iesalhadra\/files\/2024\/02\/Logo-PROA-300x150.jpg\" alt=\"\" width=\"300\" height=\"150\"><\/p>\n<p align=\"justify\">El IES Alhadra forma parte de los centros educativos p\u00fablicos que desarrollan el Programa para la orientaci\u00f3n, avance y enriquecimiento educativo <a href=\"https:\/\/www.juntadeandalucia.es\/educacion\/portals\/web\/ced\/novedades\/-\/contenidos\/detalle\/resolucion-de-18-de-noviembre-2021-de-la-direccion-general-de-atencion-a-la-diversidad-participacion-y-convivencia\">Proa+ \u201cTransf\u00f3rmate\u201d<\/a>, planteado con car\u00e1cter plurianual, 2021-2024.<\/p>\n<p align=\"justify\">Los <strong>principios pedag\u00f3gicos<\/strong> que sustentan este programa son los siguientes:<\/p>\n<p align=\"justify\">a) La equidad, que garantiza la igualdad de oportunidades dentro de los centros.<\/p>\n<p align=\"justify\">b) La educaci\u00f3n inclusiva.<\/p>\n<p align=\"justify\">c) Las expectativas positivas sobre las posibilidades de \u00e9xito de todo el alumnado.<\/p>\n<p align=\"justify\">d) El acompa\u00f1amiento, la prevenci\u00f3n y la detecci\u00f3n temprana de las dificultades de aprendizaje, y la puesta en marcha de mecanismos de refuerzo.<\/p>\n<p align=\"justify\">e) La especial atenci\u00f3n al desarrollo del \u00e1mbito socio-afectivo del alumnado.<\/p>\n<p align=\"justify\">f) El uso del conocimiento acumulado para la mejora continua del proceso de ense\u00f1anza-aprendizaje.<\/p>\n<p align=\"justify\">&nbsp;<\/p>\n<p align=\"justify\">Estos principios pedag\u00f3gicos gu\u00edan las <strong>cinco l\u00edneas estrat\u00e9gicas<\/strong> que sustentan el Programa:<\/p>\n<p align=\"justify\">a) Asegurar las condiciones m\u00ednimas de educabilidad del alumnado.<\/p>\n<p align=\"justify\">b) Apoyar al alumnado con dificultades de aprendizaje.<\/p>\n<p align=\"justify\">c) Desarrollar actitudes positivas en el centro docente.<\/p>\n<p align=\"justify\">d) Mejorar el proceso de ense\u00f1anza y aprendizaje en aquellos aspectos relacionados con las competencias clave.<\/p>\n<p align=\"justify\">e) Aplicar nuevas formas de organizaci\u00f3n y gesti\u00f3n del centro docente orientadas a mejorar el \u00e9xito educativo de todo el alumnado.<\/p>\n<p align=\"justify\">&nbsp;<\/p>\n<p align=\"justify\">El <strong>objetivo general<\/strong> es:<\/p>\n<ul>\n<li>Fortalecer a los centros docentes p\u00fablicos con mayor porcentaje de alumnado en situaci\u00f3n de vulnerabilidad socioeducativa, creando una cultura que busque el \u00e9xito y la permanencia en el Sistema Educativo de todo el alumnado.<\/li>\n<\/ul>\n<p align=\"justify\">&nbsp;<\/p>\n<p align=\"justify\">Los <strong>objetivos intermedios<\/strong> son:<\/p>\n<ul>\n<li>Reducir el absentismo escolar, mejorando las fases del proceso de aprendizaje.<\/li>\n<li>Reducir el n\u00famero de alumnado que presenta dificultades para el aprendizaje.<\/li>\n<li>Reducir el n\u00famero de alumnado que repite curso.<\/li>\n<li>Incrementar los resultados escolares de aprendizajes cognitivos y socioemocionales.<\/li>\n<\/ul>\n<p align=\"justify\">&nbsp;<\/p>\n<p align=\"justify\">Los <strong>objetivos de actitudes en el centro docente<\/strong> son:<\/p>\n<ul>\n<li>Avanzar hacia una escuela inclusiva y sin segregaci\u00f3n interna en el centro.<\/li>\n<li>Conseguir y mantener expectativas positivas del profesorado sobre todo el alumnado.<\/li>\n<li>Conseguir y mantener un buen nivel de satisfacci\u00f3n en el proceso de ense\u00f1anza-aprendizaje.<\/li>\n<li>Conseguir y mantener un buen clima inclusivo en el centro docente.<\/li>\n<\/ul>\n<p align=\"justify\">&nbsp;<\/p>\n<p align=\"justify\">Los <strong>objetivos de desarrollo de estrategias y actividades palanca: <\/strong><\/p>\n<ul>\n<li>Aplicar estrategias y actividades palanca facilitadoras de los objetivos intermedios y de actitudes en el centro.<\/li>\n<\/ul>\n<p align=\"justify\">&nbsp;<\/p>\n<p align=\"justify\">Los <strong>objetivos de recursos: <\/strong><\/p>\n<ul>\n<li>Formar al equipo directivo y al Claustro de profesorado en liderazgo pedag\u00f3gico y en las competencias necesarias para reducir el abandono escolar temprano y alcanzar los objetivos del programa.<\/li>\n<li>Utilizar los recursos disponibles para la consecuci\u00f3n de los objetivos del Programa de forma eficiente y eficaz.<\/li>\n<li>Integrar la educaci\u00f3n formal, no formal e informal al servicio de los objetivos intermedios.<\/li>\n<\/ul>\n<p align=\"justify\">&nbsp;<\/p>\n<p align=\"justify\">Los <strong>objetivos del entorno<\/strong> son:<\/p>\n<ul>\n<li>Colaborar en el aseguramiento de unas adecuadas condiciones de educabilidad para todo el alumnado.<\/li>\n<li>Contribuir a reducir la segregaci\u00f3n entre los centros docentes.<\/li>\n<\/ul>\n<\/div>\n<p>[\/et_pb_text][et_pb_image src=&#8221;https:\/\/blogsaverroes.juntadeandalucia.es\/iesalhadra\/files\/2024\/05\/16.-CARTEL-PROA-2023_2024_page-0001.jpg&#8221; title_text=&#8221;16. CARTEL PROA 2023_2024_page-0001&#8243; _builder_version=&#8221;4.24.2&#8243; _module_preset=&#8221;default&#8221; width=&#8221;60%&#8221; hover_enabled=&#8221;0&#8243; global_colors_info=&#8221;{}&#8221; align=&#8221;center&#8221; sticky_enabled=&#8221;0&#8243;][\/et_pb_image][et_pb_blog fullwidth=&#8221;off&#8221; include_categories=&#8221;58&#8243; show_more=&#8221;on&#8221; show_author=&#8221;off&#8221; _builder_version=&#8221;4.16&#8243; _module_preset=&#8221;default&#8221; global_colors_info=&#8221;{}&#8221;][\/et_pb_blog][\/et_pb_column][et_pb_column type=&#8221;1_4&#8243; _builder_version=&#8221;4.16&#8243; _module_preset=&#8221;default&#8221; global_colors_info=&#8221;{}&#8221;][et_pb_sidebar area=&#8221;sidebar-1&#8243; _builder_version=&#8221;4.16&#8243; _module_preset=&#8221;default&#8221; global_colors_info=&#8221;{}&#8221;][\/et_pb_sidebar][\/et_pb_column][\/et_pb_row][\/et_pb_section]<\/p>\n","protected":false},"excerpt":{"rendered":"<p>Programa PROA + TRANSF\u00d3RMATE, para el desarrollo de la actividad palanca A230 &#8211; Actividades de refuerzo para la mejora y \u00e9xito educativo para alumnado. PROA + TRANSF\u00d3RMATE El IES Alhadra forma parte de los centros educativos p\u00fablicos que desarrollan el Programa para la orientaci\u00f3n, avance y enriquecimiento educativo Proa+ \u201cTransf\u00f3rmate\u201d, planteado con car\u00e1cter plurianual, 2021-2024. [&hellip;]<\/p>\n","protected":false},"author":11159,"featured_media":0,"parent":50,"menu_order":0,"comment_status":"closed","ping_status":"closed","template":"","meta":{"_et_pb_use_builder":"on","_et_pb_old_content":"","_et_gb_content_width":"","ngg_post_thumbnail":0,"footnotes":""},"aioseo_notices":[],"_links":{"self":[{"href":"https:\/\/blogsaverroes.juntadeandalucia.es\/iesalhadra\/wp-json\/wp\/v2\/pages\/6699"}],"collection":[{"href":"https:\/\/blogsaverroes.juntadeandalucia.es\/iesalhadra\/wp-json\/wp\/v2\/pages"}],"about":[{"href":"https:\/\/blogsaverroes.juntadeandalucia.es\/iesalhadra\/wp-json\/wp\/v2\/types\/page"}],"author":[{"embeddable":true,"href":"https:\/\/blogsaverroes.juntadeandalucia.es\/iesalhadra\/wp-json\/wp\/v2\/users\/11159"}],"replies":[{"embeddable":true,"href":"https:\/\/blogsaverroes.juntadeandalucia.es\/iesalhadra\/wp-json\/wp\/v2\/comments?post=6699"}],"version-history":[{"count":16,"href":"https:\/\/blogsaverroes.juntadeandalucia.es\/iesalhadra\/wp-json\/wp\/v2\/pages\/6699\/revisions"}],"predecessor-version":[{"id":11850,"href":"https:\/\/blogsaverroes.juntadeandalucia.es\/iesalhadra\/wp-json\/wp\/v2\/pages\/6699\/revisions\/11850"}],"up":[{"embeddable":true,"href":"https:\/\/blogsaverroes.juntadeandalucia.es\/iesalhadra\/wp-json\/wp\/v2\/pages\/50"}],"wp:attachment":[{"href":"https:\/\/blogsaverroes.juntadeandalucia.es\/iesalhadra\/wp-json\/wp\/v2\/media?parent=6699"}],"curies":[{"name":"wp","href":"https:\/\/api.w.org\/{rel}","templated":true}]}}