{"id":9981,"date":"2023-12-14T09:44:03","date_gmt":"2023-12-14T08:44:03","guid":{"rendered":"https:\/\/blogsaverroes.juntadeandalucia.es\/iesalhadra\/?page_id=9981"},"modified":"2025-01-21T10:05:01","modified_gmt":"2025-01-21T09:05:01","slug":"cima-info","status":"publish","type":"page","link":"https:\/\/blogsaverroes.juntadeandalucia.es\/iesalhadra\/cima-info\/","title":{"rendered":"\u00c1mbitos y l\u00edneas de actuaci\u00f3n del programa CIMA"},"content":{"rendered":"<p>[et_pb_section fb_built=&#8221;1&#8243; _builder_version=&#8221;4.16&#8243; _module_preset=&#8221;default&#8221; global_colors_info=&#8221;{}&#8221;][et_pb_row column_structure=&#8221;3_4,1_4&#8243; _builder_version=&#8221;4.16&#8243; _module_preset=&#8221;default&#8221; global_colors_info=&#8221;{}&#8221;][et_pb_column type=&#8221;3_4&#8243; _builder_version=&#8221;4.16&#8243; _module_preset=&#8221;default&#8221; global_colors_info=&#8221;{}&#8221;][et_pb_image src=&#8221;https:\/\/blogsaverroes.juntadeandalucia.es\/iesalhadra\/files\/2024\/03\/cabecera-web.jpg&#8221; title_text=&#8221;cabecera web&#8221; _builder_version=&#8221;4.16&#8243; _module_preset=&#8221;default&#8221; global_colors_info=&#8221;{}&#8221;][\/et_pb_image][et_pb_blog posts_number=&#8221;3&#8243; show_author=&#8221;off&#8221; show_date=&#8221;off&#8221; show_categories=&#8221;off&#8221; show_excerpt=&#8221;off&#8221; show_pagination=&#8221;off&#8221; disabled_on=&#8221;off|off|off&#8221; _builder_version=&#8221;4.24.2&#8243; _module_preset=&#8221;default&#8221; hover_enabled=&#8221;0&#8243; global_colors_info=&#8221;{}&#8221; include_categories=&#8221;137&#8243; sticky_enabled=&#8221;0&#8243;][\/et_pb_blog][et_pb_text _builder_version=&#8221;4.24.2&#8243; _module_preset=&#8221;default&#8221; global_colors_info=&#8221;{}&#8221;]<\/p>\n<h2><em><strong>\u00c1mbitos y l\u00edneas de actuaci\u00f3n 24_25<\/strong><\/em><\/h2>\n<p>[\/et_pb_text][et_pb_text _builder_version=&#8221;4.24.2&#8243; _module_preset=&#8221;default&#8221; global_colors_info=&#8221;{}&#8221;]<\/p>\n<h3><strong>1. Para la transformaci\u00f3n hacia entornos m\u00e1s sostenibles y saludables:<\/strong><\/h3>\n<p>[\/et_pb_text][et_pb_accordion toggle_icon=&#8221;&#x47;||divi||400&#8243; _builder_version=&#8221;4.24.2&#8243; _module_preset=&#8221;default&#8221; global_colors_info=&#8221;{}&#8221;][et_pb_accordion_item title=&#8221;PROMOCI\u00d3N DE H\u00c1BITOS DE VIDA SALUDABLE&#8221; open=&#8221;on&#8221; open_toggle_text_color=&#8221;#0C71C3&#8243; _builder_version=&#8221;4.24.2&#8243; _module_preset=&#8221;default&#8221; global_colors_info=&#8221;{}&#8221; toggle_font=&#8221;|700|||||||&#8221;]<\/p>\n<ul>\n<li><a href=\"https:\/\/blogsaverroes.juntadeandalucia.es\/iesalhadra\/educacion-emocional\/\"><span style=\"font-size: 14pt\">Educaci\u00f3n emocional<\/span><\/a><\/li>\n<li><a href=\"https:\/\/blogsaverroes.juntadeandalucia.es\/iesalhadra\/alimentacion-saludable\/\"><span style=\"font-size: 14pt\">Alimentaci\u00f3n saludable<\/span><\/a><\/li>\n<li><a href=\"https:\/\/blogsaverroes.juntadeandalucia.es\/iesalhadra\/cima-info\/sueno-saludable-y-autocuidado\/\"><span style=\"font-size: 14pt\">Sue\u00f1o saludable y autocuidado<\/span><\/a><\/li>\n<li><a href=\"https:\/\/blogsaverroes.juntadeandalucia.es\/iesalhadra\/educacion-afectivo-sexual\/\"><span style=\"font-size: 14pt\">Educaci\u00f3n afectivo &#8211; sexual<\/span><\/a><\/li>\n<li><span style=\"font-size: 14pt\"><a href=\"https:\/\/blogsaverroes.juntadeandalucia.es\/iesalhadra\/cima-info\/higiene-digital\/\">Higiene digital<\/a><\/span><\/li>\n<li><span style=\"font-size: 14pt\"><a href=\"https:\/\/blogsaverroes.juntadeandalucia.es\/iesalhadra\/cima-info\/ocio-saludable-y-seguro\/\">Ocio saludable y seguro<\/a><\/span><\/li>\n<\/ul>\n<p>[\/et_pb_accordion_item][\/et_pb_accordion][et_pb_accordion toggle_icon=&#8221;&#x47;||divi||400&#8243; _builder_version=&#8221;4.24.2&#8243; _module_preset=&#8221;default&#8221; global_colors_info=&#8221;{}&#8221;][et_pb_accordion_item title=&#8221;ALDEA, EDUCACI\u00d3N AMBIENTAL PARA LA SOSTENIBILIDAD&#8221; open=&#8221;on&#8221; open_toggle_text_color=&#8221;#0C71C3&#8243; _builder_version=&#8221;4.24.2&#8243; _module_preset=&#8221;default&#8221; global_colors_info=&#8221;{}&#8221; toggle_font=&#8221;|700|||||||&#8221;]<\/p>\n<ul>\n<li><a href=\"https:\/\/blogsaverroes.juntadeandalucia.es\/iesalhadra\/litoral-y-medio-oceanico\/\"><span style=\"font-size: 14pt\">Litoral y medio oce\u00e1nico<\/span><\/a><\/li>\n<li><span style=\"font-size: 14pt\"><a href=\"https:\/\/blogsaverroes.juntadeandalucia.es\/iesalhadra\/cima-info\/educacion-para-la-circularidad\/\">Educaci\u00f3n para la circularidad<\/a><\/span><\/li>\n<li><a href=\"https:\/\/blogsaverroes.juntadeandalucia.es\/iesalhadra\/huertos-escolares\/\"><span style=\"font-size: 14pt\">Huertos escolares<\/span><\/a><\/li>\n<li><span style=\"font-size: 14pt\"><a href=\"https:\/\/blogsaverroes.juntadeandalucia.es\/iesalhadra\/cima-info\/huerto-tradicional\/\">Huerto Tradicional<\/a><\/span><\/li>\n<\/ul>\n<p>[\/et_pb_accordion_item][\/et_pb_accordion][et_pb_text _builder_version=&#8221;4.16&#8243; _module_preset=&#8221;default&#8221; global_colors_info=&#8221;{}&#8221;]<\/p>\n<h3><strong>2. Para la transformaci\u00f3n digital educativa:<\/strong><\/h3>\n<p>[\/et_pb_text][et_pb_accordion toggle_icon=&#8221;&#x47;||divi||400&#8243; _builder_version=&#8221;4.24.2&#8243; _module_preset=&#8221;default&#8221; global_colors_info=&#8221;{}&#8221;][et_pb_accordion_item title=&#8221;STEAM&#8221; open=&#8221;on&#8221; open_toggle_text_color=&#8221;#0C71C3&#8243; _builder_version=&#8221;4.24.2&#8243; _module_preset=&#8221;default&#8221; global_colors_info=&#8221;{}&#8221; toggle_font=&#8221;|700|||||||&#8221;]<\/p>\n<ul>\n<li><a href=\"https:\/\/blogsaverroes.juntadeandalucia.es\/iesalhadra\/pensamiento-computacional\/\"><span style=\"font-size: 14pt\">Pensamiento computacional<\/span><\/a><\/li>\n<li><a href=\"https:\/\/blogsaverroes.juntadeandalucia.es\/iesalhadra\/robotica\/\"><span style=\"font-size: 14pt\">Programaci\u00f3n y rob\u00f3tica<\/span><\/a><\/li>\n<li><span style=\"font-size: 14pt\"><a href=\"https:\/\/blogsaverroes.juntadeandalucia.es\/iesalhadra\/cima-info\/investigacion-aeroespacial\/\">Investigaci\u00f3n aeroespacial<\/a><\/span><\/li>\n<li><span style=\"font-size: 14pt\"><a href=\"https:\/\/blogsaverroes.juntadeandalucia.es\/iesalhadra\/cima-info\/big-data\/\">Big data<\/a><\/span><\/li>\n<li><a href=\"https:\/\/blogsaverroes.juntadeandalucia.es\/iesalhadra\/inteligencia-artificial\/\"><span style=\"font-size: 14pt\">Inteligencia artificial<\/span><\/a><\/li>\n<\/ul>\n<p>[\/et_pb_accordion_item][\/et_pb_accordion][et_pb_text _builder_version=&#8221;4.16&#8243; _module_preset=&#8221;default&#8221; global_colors_info=&#8221;{}&#8221;]<\/p>\n<h3><strong>3. Para la transformaci\u00f3n desde la cultura y la alfabetizaci\u00f3n medi\u00e1tica:<\/strong><\/h3>\n<p>[\/et_pb_text][et_pb_accordion toggle_icon=&#8221;&#x47;||divi||400&#8243; _builder_version=&#8221;4.24.2&#8243; _module_preset=&#8221;default&#8221; global_colors_info=&#8221;{}&#8221;][et_pb_accordion_item title=&#8221;ARTE, CULTURA Y CREATIVIDAD&#8221; open=&#8221;on&#8221; open_toggle_text_color=&#8221;#0C71C3&#8243; _builder_version=&#8221;4.24.2&#8243; _module_preset=&#8221;default&#8221; global_colors_info=&#8221;{}&#8221; toggle_font=&#8221;|700|||||||&#8221;]<\/p>\n<ul>\n<li><a href=\"https:\/\/blogsaverroes.juntadeandalucia.es\/iesalhadra\/artistas-en-el-aula\/\"><span style=\"font-size: 14pt\">Flamenco en el aula<\/span><\/a><\/li>\n<li><span style=\"font-size: 14pt\"><a href=\"https:\/\/blogsaverroes.juntadeandalucia.es\/iesalhadra\/cima-info\/cine\/\">Cine<\/a><\/span><\/li>\n<li><span style=\"font-size: 14pt\"><a href=\"https:\/\/blogsaverroes.juntadeandalucia.es\/iesalhadra\/cima-info\/artes-plasticas-y-diseno-grafico\/\">Artes pl\u00e1sticas y dise\u00f1o gr\u00e1fico<\/a><\/span><\/li>\n<li><span style=\"font-size: 14pt\"><a href=\"https:\/\/blogsaverroes.juntadeandalucia.es\/iesalhadra\/cima-info\/patrimonio-andaluz\/\">Patrimonio andaluz<\/a><\/span><\/li>\n<\/ul>\n<p>[\/et_pb_accordion_item][\/et_pb_accordion][et_pb_accordion toggle_icon=&#8221;&#x47;||divi||400&#8243; _builder_version=&#8221;4.24.2&#8243; _module_preset=&#8221;default&#8221; global_colors_info=&#8221;{}&#8221;][et_pb_accordion_item title=&#8221;INN, SOCIAL Y ED. DESARROLLO&#8221; open=&#8221;on&#8221; open_toggle_text_color=&#8221;#0C71C3&#8243; _builder_version=&#8221;4.24.2&#8243; _module_preset=&#8221;default&#8221; global_colors_info=&#8221;{}&#8221; toggle_font=&#8221;|700|||||||&#8221;]<\/p>\n<ul>\n<li><a href=\"https:\/\/blogsaverroes.juntadeandalucia.es\/iesalhadra\/cima-info\/desarrollo-sostenible\/\"><span style=\"font-size: 18.6667px\">Desarrollo sostenible<\/span><\/a><\/li>\n<li><a href=\"https:\/\/blogsaverroes.juntadeandalucia.es\/iesalhadra\/cima-info\/emprendimiento-educativo\/\"><span style=\"font-size: 14pt\">Emprendimiento educativo<\/span><\/a><\/li>\n<\/ul>\n<p>[\/et_pb_accordion_item][\/et_pb_accordion][et_pb_text _builder_version=&#8221;4.24.2&#8243; _module_preset=&#8221;default&#8221; global_colors_info=&#8221;{}&#8221;]<\/p>\n<h3><span style=\"color: #800080\"><a style=\"color: #800080\" href=\"https:\/\/blogsaverroes.juntadeandalucia.es\/iesalhadra\/cima_2324\/\"><em><strong>\u00c1mbitos y l\u00edneas de actuaci\u00f3n 2023_24<\/strong><\/em><\/a><\/span><\/h3>\n<p>[\/et_pb_text][\/et_pb_column][et_pb_column type=&#8221;1_4&#8243; _builder_version=&#8221;4.16&#8243; _module_preset=&#8221;default&#8221; global_colors_info=&#8221;{}&#8221;][et_pb_sidebar _builder_version=&#8221;4.16&#8243; _module_preset=&#8221;default&#8221; global_colors_info=&#8221;{}&#8221;][\/et_pb_sidebar][\/et_pb_column][\/et_pb_row][\/et_pb_section][et_pb_section fb_built=&#8221;1&#8243; fullwidth=&#8221;on&#8221; _builder_version=&#8221;4.16&#8243; _module_preset=&#8221;default&#8221; global_colors_info=&#8221;{}&#8221;][\/et_pb_section]<\/p>\n","protected":false},"excerpt":{"rendered":"<p>\u00c1mbitos y l\u00edneas de actuaci\u00f3n 24_251. Para la transformaci\u00f3n hacia entornos m\u00e1s sostenibles y saludables: Educaci\u00f3n emocional Alimentaci\u00f3n saludable Sue\u00f1o saludable y autocuidado Educaci\u00f3n afectivo &#8211; sexual Higiene digital Ocio saludable y seguro Litoral y medio oce\u00e1nico Educaci\u00f3n para la circularidad Huertos escolares Huerto Tradicional 2. Para la transformaci\u00f3n digital educativa: Pensamiento computacional Programaci\u00f3n y [&hellip;]<\/p>\n","protected":false},"author":18450,"featured_media":10658,"parent":0,"menu_order":0,"comment_status":"closed","ping_status":"closed","template":"","meta":{"_et_pb_use_builder":"on","_et_pb_old_content":"","_et_gb_content_width":"","ngg_post_thumbnail":0,"footnotes":""},"aioseo_notices":[],"_links":{"self":[{"href":"https:\/\/blogsaverroes.juntadeandalucia.es\/iesalhadra\/wp-json\/wp\/v2\/pages\/9981"}],"collection":[{"href":"https:\/\/blogsaverroes.juntadeandalucia.es\/iesalhadra\/wp-json\/wp\/v2\/pages"}],"about":[{"href":"https:\/\/blogsaverroes.juntadeandalucia.es\/iesalhadra\/wp-json\/wp\/v2\/types\/page"}],"author":[{"embeddable":true,"href":"https:\/\/blogsaverroes.juntadeandalucia.es\/iesalhadra\/wp-json\/wp\/v2\/users\/18450"}],"replies":[{"embeddable":true,"href":"https:\/\/blogsaverroes.juntadeandalucia.es\/iesalhadra\/wp-json\/wp\/v2\/comments?post=9981"}],"version-history":[{"count":43,"href":"https:\/\/blogsaverroes.juntadeandalucia.es\/iesalhadra\/wp-json\/wp\/v2\/pages\/9981\/revisions"}],"predecessor-version":[{"id":13762,"href":"https:\/\/blogsaverroes.juntadeandalucia.es\/iesalhadra\/wp-json\/wp\/v2\/pages\/9981\/revisions\/13762"}],"wp:featuredmedia":[{"embeddable":true,"href":"https:\/\/blogsaverroes.juntadeandalucia.es\/iesalhadra\/wp-json\/wp\/v2\/media\/10658"}],"wp:attachment":[{"href":"https:\/\/blogsaverroes.juntadeandalucia.es\/iesalhadra\/wp-json\/wp\/v2\/media?parent=9981"}],"curies":[{"name":"wp","href":"https:\/\/api.w.org\/{rel}","templated":true}]}}