{"id":666,"date":"2024-11-24T18:14:35","date_gmt":"2024-11-24T17:14:35","guid":{"rendered":"https:\/\/blogsaverroes.juntadeandalucia.es\/iesalhajar\/?page_id=666"},"modified":"2025-11-12T12:23:46","modified_gmt":"2025-11-12T11:23:46","slug":"matematicas","status":"publish","type":"page","link":"https:\/\/blogsaverroes.juntadeandalucia.es\/iesalhajar\/matematicas\/","title":{"rendered":"Matem\u00e1ticas"},"content":{"rendered":"<p>Departamento formado por:<\/p>\n<ul>\n<li>D. \u00c1ngel Zurita L\u00f3pez (Jefe del Departamento)<\/li>\n<li>D. Pedro Honrubia Lara<\/li>\n<\/ul>\n<p>Programaciones:<\/p>\n<ul>\n<li style=\"list-style-type: none\">\n<ul>\n<li><a href=\"https:\/\/blogsaverroes.juntadeandalucia.es\/iesalhajar\/files\/2025\/11\/AMBITO-CIENTIFICO-TECNOLOGICO.pdf\">\u00c1mbito Cient\u00edfico Tecnol\u00f3gico<\/a><\/li>\n<li><a href=\"https:\/\/blogsaverroes.juntadeandalucia.es\/iesalhajar\/files\/2025\/11\/MATEMATICAS-1o-ESO.pdf\">Matem\u00e1ticas 1\u00ba ESO<\/a><\/li>\n<li><a href=\"https:\/\/blogsaverroes.juntadeandalucia.es\/iesalhajar\/files\/2025\/11\/MATEMATICAS-2o-ESO.pdf\">Matem\u00e1ticas 2\u00ba ESO<\/a><\/li>\n<li><a href=\"https:\/\/blogsaverroes.juntadeandalucia.es\/iesalhajar\/files\/2025\/11\/MATEMATICAS-3o-ESO.pdf\">Matem\u00e1ticas 3\u00ba ESO<\/a><\/li>\n<li><a href=\"https:\/\/blogsaverroes.juntadeandalucia.es\/iesalhajar\/files\/2025\/11\/MATEMATICAS-A-4o-ESO-.pdf\">Matem\u00e1ticas A 4\u00ba ESO<\/a><\/li>\n<li><a href=\"https:\/\/blogsaverroes.juntadeandalucia.es\/iesalhajar\/files\/2025\/11\/MATEMATICAS-B-4o-ESO.pdf\">Matem\u00e1ticas B 4\u00ba ESO<\/a><\/li>\n<li><a href=\"https:\/\/blogsaverroes.juntadeandalucia.es\/iesalhajar\/files\/2025\/11\/ECONOMIA.pdf\">Econom\u00eda y Emprendimiento<\/a><\/li>\n<\/ul>\n<\/li>\n<\/ul>\n<p>&nbsp;<\/p>\n","protected":false},"excerpt":{"rendered":"<p>Departamento formado por: D. \u00c1ngel Zurita L\u00f3pez (Jefe del Departamento) D. Pedro Honrubia Lara Programaciones: \u00c1mbito Cient\u00edfico Tecnol\u00f3gico Matem\u00e1ticas 1\u00ba ESO Matem\u00e1ticas 2\u00ba ESO Matem\u00e1ticas 3\u00ba ESO Matem\u00e1ticas A 4\u00ba ESO Matem\u00e1ticas B 4\u00ba ESO Econom\u00eda y Emprendimiento &nbsp;<\/p>\n","protected":false},"author":20327,"featured_media":0,"parent":0,"menu_order":0,"comment_status":"closed","ping_status":"closed","template":"","meta":{"_et_pb_use_builder":"","_et_pb_old_content":"","_et_gb_content_width":"","ngg_post_thumbnail":0,"footnotes":""},"aioseo_notices":[],"_links":{"self":[{"href":"https:\/\/blogsaverroes.juntadeandalucia.es\/iesalhajar\/wp-json\/wp\/v2\/pages\/666"}],"collection":[{"href":"https:\/\/blogsaverroes.juntadeandalucia.es\/iesalhajar\/wp-json\/wp\/v2\/pages"}],"about":[{"href":"https:\/\/blogsaverroes.juntadeandalucia.es\/iesalhajar\/wp-json\/wp\/v2\/types\/page"}],"author":[{"embeddable":true,"href":"https:\/\/blogsaverroes.juntadeandalucia.es\/iesalhajar\/wp-json\/wp\/v2\/users\/20327"}],"replies":[{"embeddable":true,"href":"https:\/\/blogsaverroes.juntadeandalucia.es\/iesalhajar\/wp-json\/wp\/v2\/comments?post=666"}],"version-history":[{"count":14,"href":"https:\/\/blogsaverroes.juntadeandalucia.es\/iesalhajar\/wp-json\/wp\/v2\/pages\/666\/revisions"}],"predecessor-version":[{"id":1010,"href":"https:\/\/blogsaverroes.juntadeandalucia.es\/iesalhajar\/wp-json\/wp\/v2\/pages\/666\/revisions\/1010"}],"wp:attachment":[{"href":"https:\/\/blogsaverroes.juntadeandalucia.es\/iesalhajar\/wp-json\/wp\/v2\/media?parent=666"}],"curies":[{"name":"wp","href":"https:\/\/api.w.org\/{rel}","templated":true}]}}