{"id":678,"date":"2024-11-24T18:19:02","date_gmt":"2024-11-24T17:19:02","guid":{"rendered":"https:\/\/blogsaverroes.juntadeandalucia.es\/iesalhajar\/?page_id=678"},"modified":"2025-11-10T14:05:37","modified_gmt":"2025-11-10T13:05:37","slug":"geografia-e-historia","status":"publish","type":"page","link":"https:\/\/blogsaverroes.juntadeandalucia.es\/iesalhajar\/geografia-e-historia\/","title":{"rendered":"Geograf\u00eda e Historia"},"content":{"rendered":"<p>Departamento formado por:<\/p>\n<ul>\n<li>D\u00aa. Roc\u00edo Granadino del Moral (Jefa del Departamento)<\/li>\n<li>D. Carlos Oya Aponte<\/li>\n<\/ul>\n<p>Programaciones:<\/p>\n<ul>\n<li><a href=\"https:\/\/blogsaverroes.juntadeandalucia.es\/iesalhajar\/files\/2025\/11\/GEOGRAFIA-E-HISTORIA.pdf\">Geograf\u00eda e Historia<\/a><\/li>\n<li><a href=\"https:\/\/blogsaverroes.juntadeandalucia.es\/iesalhajar\/files\/2025\/11\/EVCE.pdf\">Educaci\u00f3n en Valores C\u00edvicos y \u00c9ticos 2\u00ba ESO<\/a><\/li>\n<li><a href=\"https:\/\/blogsaverroes.juntadeandalucia.es\/iesalhajar\/files\/2025\/11\/FILOSOFIA.pdf\">Filosof\u00eda<\/a><\/li>\n<\/ul>\n","protected":false},"excerpt":{"rendered":"<p>Departamento formado por: D\u00aa. Roc\u00edo Granadino del Moral (Jefa del Departamento) D. Carlos Oya Aponte Programaciones: Geograf\u00eda e Historia Educaci\u00f3n en Valores C\u00edvicos y \u00c9ticos 2\u00ba ESO Filosof\u00eda<\/p>\n","protected":false},"author":20327,"featured_media":0,"parent":0,"menu_order":0,"comment_status":"closed","ping_status":"closed","template":"","meta":{"_et_pb_use_builder":"","_et_pb_old_content":"","_et_gb_content_width":"","ngg_post_thumbnail":0,"footnotes":""},"aioseo_notices":[],"_links":{"self":[{"href":"https:\/\/blogsaverroes.juntadeandalucia.es\/iesalhajar\/wp-json\/wp\/v2\/pages\/678"}],"collection":[{"href":"https:\/\/blogsaverroes.juntadeandalucia.es\/iesalhajar\/wp-json\/wp\/v2\/pages"}],"about":[{"href":"https:\/\/blogsaverroes.juntadeandalucia.es\/iesalhajar\/wp-json\/wp\/v2\/types\/page"}],"author":[{"embeddable":true,"href":"https:\/\/blogsaverroes.juntadeandalucia.es\/iesalhajar\/wp-json\/wp\/v2\/users\/20327"}],"replies":[{"embeddable":true,"href":"https:\/\/blogsaverroes.juntadeandalucia.es\/iesalhajar\/wp-json\/wp\/v2\/comments?post=678"}],"version-history":[{"count":13,"href":"https:\/\/blogsaverroes.juntadeandalucia.es\/iesalhajar\/wp-json\/wp\/v2\/pages\/678\/revisions"}],"predecessor-version":[{"id":978,"href":"https:\/\/blogsaverroes.juntadeandalucia.es\/iesalhajar\/wp-json\/wp\/v2\/pages\/678\/revisions\/978"}],"wp:attachment":[{"href":"https:\/\/blogsaverroes.juntadeandalucia.es\/iesalhajar\/wp-json\/wp\/v2\/media?parent=678"}],"curies":[{"name":"wp","href":"https:\/\/api.w.org\/{rel}","templated":true}]}}