{"id":688,"date":"2024-11-24T18:23:22","date_gmt":"2024-11-24T17:23:22","guid":{"rendered":"https:\/\/blogsaverroes.juntadeandalucia.es\/iesalhajar\/?page_id=688"},"modified":"2025-11-10T14:20:54","modified_gmt":"2025-11-10T13:20:54","slug":"ciencias-naturales","status":"publish","type":"page","link":"https:\/\/blogsaverroes.juntadeandalucia.es\/iesalhajar\/ciencias-naturales\/","title":{"rendered":"Ciencias Naturales"},"content":{"rendered":"<p>Departamento formado por:<\/p>\n<ul>\n<li>D\u00aa. Paqui Quesada Tello (Jefa del Departamento)<\/li>\n<li>D\u00aa. Ana Villal\u00f3n Og\u00e1yar<\/li>\n<\/ul>\n<p>Programaciones:<\/p>\n<ul>\n<li><a href=\"https:\/\/blogsaverroes.juntadeandalucia.es\/iesalhajar\/files\/2025\/11\/FISICA-Y-QUIMICA.pdf\">F\u00edsica y Qu\u00edmica<\/a><\/li>\n<li><a href=\"https:\/\/blogsaverroes.juntadeandalucia.es\/iesalhajar\/files\/2025\/11\/BIOLOGIA.pdf\">Biolog\u00eda y Geolog\u00eda<\/a><\/li>\n<\/ul>\n","protected":false},"excerpt":{"rendered":"<p>Departamento formado por: D\u00aa. Paqui Quesada Tello (Jefa del Departamento) D\u00aa. Ana Villal\u00f3n Og\u00e1yar Programaciones: F\u00edsica y Qu\u00edmica Biolog\u00eda y Geolog\u00eda<\/p>\n","protected":false},"author":20327,"featured_media":0,"parent":0,"menu_order":0,"comment_status":"closed","ping_status":"closed","template":"","meta":{"_et_pb_use_builder":"","_et_pb_old_content":"","_et_gb_content_width":"","ngg_post_thumbnail":0,"footnotes":""},"aioseo_notices":[],"_links":{"self":[{"href":"https:\/\/blogsaverroes.juntadeandalucia.es\/iesalhajar\/wp-json\/wp\/v2\/pages\/688"}],"collection":[{"href":"https:\/\/blogsaverroes.juntadeandalucia.es\/iesalhajar\/wp-json\/wp\/v2\/pages"}],"about":[{"href":"https:\/\/blogsaverroes.juntadeandalucia.es\/iesalhajar\/wp-json\/wp\/v2\/types\/page"}],"author":[{"embeddable":true,"href":"https:\/\/blogsaverroes.juntadeandalucia.es\/iesalhajar\/wp-json\/wp\/v2\/users\/20327"}],"replies":[{"embeddable":true,"href":"https:\/\/blogsaverroes.juntadeandalucia.es\/iesalhajar\/wp-json\/wp\/v2\/comments?post=688"}],"version-history":[{"count":6,"href":"https:\/\/blogsaverroes.juntadeandalucia.es\/iesalhajar\/wp-json\/wp\/v2\/pages\/688\/revisions"}],"predecessor-version":[{"id":981,"href":"https:\/\/blogsaverroes.juntadeandalucia.es\/iesalhajar\/wp-json\/wp\/v2\/pages\/688\/revisions\/981"}],"wp:attachment":[{"href":"https:\/\/blogsaverroes.juntadeandalucia.es\/iesalhajar\/wp-json\/wp\/v2\/media?parent=688"}],"curies":[{"name":"wp","href":"https:\/\/api.w.org\/{rel}","templated":true}]}}