{"id":2559,"date":"2017-02-13T15:46:50","date_gmt":"2017-02-13T15:46:50","guid":{"rendered":"http:\/\/blogsaverroes.juntadeandalucia.es\/iesaljanadic\/?page_id=2559"},"modified":"2019-04-26T09:18:44","modified_gmt":"2019-04-26T09:18:44","slug":"agrarias","status":"publish","type":"page","link":"https:\/\/blogsaverroes.juntadeandalucia.es\/iesaljanadic\/agrarias\/","title":{"rendered":"Agrarias"},"content":{"rendered":"<p>Miembros del departamento, curso 2018\/2019:<\/p>\n<ol>\n<li>D. Antonio Balsera Mart\u00ednez (Jefe de Departamento)<\/li>\n<li>D. V\u00edctor Eduardo Ch\u00e1vez Loaiza<\/li>\n<li>D. Alfredo Dom\u00ednguez Escribano<\/li>\n<li>D.Ram\u00f3n Jorge M\u00e9rida \u00c1lvarez (Sustitu\u00eddo en la actualidad por Do\u00f1a Rosa Ojeda)<\/li>\n<li>D. Pedro Orihuela Torrente<\/li>\n<li>Do\u00f1a Ar\u00e1nzazu Seco de Herrera Moreno<\/li>\n<li>Do\u00f1a Mar\u00eda Senra Zarza<\/li>\n<li>D. Jes\u00fas de la Torre Fern\u00e1ndez<\/li>\n<li>D. Mart\u00edn \u00c1ngel Torres Crespo<\/li>\n<li>Do\u00f1a Margarita Heredia Fern\u00e1ndez<\/li>\n<\/ol>\n","protected":false},"excerpt":{"rendered":"<p>Miembros del departamento, curso 2018\/2019: D. Antonio Balsera Mart\u00ednez (Jefe de Departamento) D. V\u00edctor Eduardo Ch\u00e1vez Loaiza D. Alfredo Dom\u00ednguez Escribano D.Ram\u00f3n Jorge M\u00e9rida \u00c1lvarez (Sustitu\u00eddo en la actualidad por Do\u00f1a Rosa Ojeda) D.&#46;&#46;&#46;<\/p>\n","protected":false},"author":2884,"featured_media":0,"parent":0,"menu_order":0,"comment_status":"open","ping_status":"open","template":"","meta":{"ngg_post_thumbnail":0,"footnotes":"","_mc_calendar":[]},"aioseo_notices":[],"_links":{"self":[{"href":"https:\/\/blogsaverroes.juntadeandalucia.es\/iesaljanadic\/wp-json\/wp\/v2\/pages\/2559"}],"collection":[{"href":"https:\/\/blogsaverroes.juntadeandalucia.es\/iesaljanadic\/wp-json\/wp\/v2\/pages"}],"about":[{"href":"https:\/\/blogsaverroes.juntadeandalucia.es\/iesaljanadic\/wp-json\/wp\/v2\/types\/page"}],"author":[{"embeddable":true,"href":"https:\/\/blogsaverroes.juntadeandalucia.es\/iesaljanadic\/wp-json\/wp\/v2\/users\/2884"}],"replies":[{"embeddable":true,"href":"https:\/\/blogsaverroes.juntadeandalucia.es\/iesaljanadic\/wp-json\/wp\/v2\/comments?post=2559"}],"version-history":[{"count":6,"href":"https:\/\/blogsaverroes.juntadeandalucia.es\/iesaljanadic\/wp-json\/wp\/v2\/pages\/2559\/revisions"}],"predecessor-version":[{"id":3527,"href":"https:\/\/blogsaverroes.juntadeandalucia.es\/iesaljanadic\/wp-json\/wp\/v2\/pages\/2559\/revisions\/3527"}],"wp:attachment":[{"href":"https:\/\/blogsaverroes.juntadeandalucia.es\/iesaljanadic\/wp-json\/wp\/v2\/media?parent=2559"}],"curies":[{"name":"wp","href":"https:\/\/api.w.org\/{rel}","templated":true}]}}