{"id":4118,"date":"2021-04-20T08:05:59","date_gmt":"2021-04-20T08:05:59","guid":{"rendered":"https:\/\/blogsaverroes.juntadeandalucia.es\/iesaljanadic\/?page_id=4118"},"modified":"2023-12-18T11:39:39","modified_gmt":"2023-12-18T11:39:39","slug":"comunidad","status":"publish","type":"page","link":"https:\/\/blogsaverroes.juntadeandalucia.es\/iesaljanadic\/comunidad\/","title":{"rendered":"Aula de emprendimiento"},"content":{"rendered":"<p><span style=\"color: #000000\"><span style=\"font-family: Garamond, serif\"><span style=\"font-size: large\"><b>\u00bfQu\u00e9 es el Aula de Emprendimiento?<\/b><\/span><\/span><\/span><\/p>\n<p><span style=\"color: #000000\"><span style=\"font-family: Garamond, serif\">El Aula de Emprendimiento \u201cSue\u00f1a y emprende\u201d es el nuevo proyecto en el que nos embarcamos el IES Aljanadic, el cual desarrollaremos progresivamente en tres fases consecutivas comprendidas desde 2023 hasta 2026. <\/span><\/span><\/p>\n<p><span style=\"color: #000000\"><span style=\"font-family: Garamond, serif\"><span style=\"font-size: large\"><b>\u00bfEn qu\u00e9 consiste el Aula de Emprendimiento?<\/b><\/span><\/span><\/span><\/p>\n<p><span style=\"color: #000000\"><span style=\"font-family: Garamond, serif\">Consiste en crear un espacio f\u00edsico en el Centro, con el soporte material y tecnol\u00f3gico adecuado, donde todo el alumnado de formaci\u00f3n profesional que tenga una idea de negocio, pueda desarrollar su proyecto empresarial en \u00e9l. Tambi\u00e9n ser\u00e1 un espacio destinado a trabajar y adquirir las Soft-Skills, establecer colaboraciones y redes contacto y fomentar el trabajo en equipo. <\/span><\/span><\/p>\n<p><span style=\"color: #000000\"><span style=\"font-family: Garamond, serif\"><span style=\"font-size: large\"><b>\u00bfC\u00f3mo surge el Aula de Emprendimiento?<\/b><\/span><\/span><\/span><\/p>\n<p><span style=\"color: #000000\"> <span style=\"font-family: Garamond, serif\">La creaci\u00f3n de estas aulas en distintos Institutos de la Comunidad Aut\u00f3noma de Andaluc\u00eda es posible gracias al Plan para la Formaci\u00f3n Profesional, el crecimiento econ\u00f3mico social y la empleabilidad del Gobierno, junto con el Plan de Recuperaci\u00f3n, Transformaci\u00f3n y Resiliencia. <\/span><\/span><\/p>\n<p><span style=\"color: #000000\"><span style=\"font-family: Garamond, serif\"><span style=\"font-size: large\"><b>\u00bfQu\u00e9 se persigue con este nuevo proyecto?<\/b><\/span><\/span><\/span><\/p>\n<p><span style=\"color: #000000\"><span style=\"font-family: Garamond, serif\">Los objetivos que se pretenden son muy variados, de entre los cuales destacamos:<\/span><\/span><\/p>\n<ol>\n<li><span style=\"color: #000000\"><span style=\"font-family: Garamond, serif\">Sensibilizar en el emprendimiento <\/span><\/span><\/li>\n<li><span style=\"color: #000000\"><span style=\"font-family: Garamond, serif\">Consolidar las Soft-Vocational Skills<\/span><\/span><\/li>\n<li><span style=\"color: #000000\"><span style=\"font-family: Garamond, serif\">Crear un espacio f\u00edsico para ello <\/span><\/span><\/li>\n<li><span style=\"color: #000000\"><span style=\"font-family: Garamond, serif\">Crear una red de colaboraci\u00f3n, cooperaci\u00f3n y alianzas entre distintos agentes <\/span><\/span><\/li>\n<li><span style=\"color: #000000\"><span style=\"font-family: Garamond, serif\">Generar experiencias reales de emprendimiento <\/span><\/span><\/li>\n<\/ol>\n<p><span style=\"color: #000000\"><span style=\"font-family: Garamond, serif\"><span style=\"font-size: large\"><b>Actuaciones<\/b><\/span><\/span><\/span><\/p>\n<ul>\n<li><span style=\"color: #000000\"><span style=\"font-family: Garamond, serif\"><b>Taller <a href=\"https:\/\/blogsaverroes.juntadeandalucia.es\/iesaljanadic\/files\/2023\/12\/PDF1.-Cartel-A4-taller-creatividad.pdf\">Explota tu creatividad<\/a><\/b><\/span><\/span><\/li>\n<li><span style=\"color: #000000\"><span style=\"font-family: Garamond, serif\"><b><a href=\"https:\/\/blogsaverroes.juntadeandalucia.es\/iesaljanadic\/files\/2023\/12\/PDF2.-CartelA4-concurso-logo.pdf\">Concurso dise\u00f1o de logotipo<\/a><\/b><\/span><\/span><\/li>\n<li><a href=\"https:\/\/blogsaverroes.juntadeandalucia.es\/iesaljanadic\/files\/2023\/12\/PDF3.-CartelA4-taller-soft.pdf\">Taller soft skills<\/a><\/li>\n<\/ul>\n","protected":false},"excerpt":{"rendered":"<p>\u00bfQu\u00e9 es el Aula de Emprendimiento? El Aula de Emprendimiento \u201cSue\u00f1a y emprende\u201d es el nuevo proyecto en el que nos embarcamos el IES Aljanadic, el cual desarrollaremos progresivamente en tres fases consecutivas comprendidas&#46;&#46;&#46;<\/p>\n","protected":false},"author":2884,"featured_media":0,"parent":0,"menu_order":0,"comment_status":"closed","ping_status":"closed","template":"","meta":{"ngg_post_thumbnail":0,"footnotes":"","_mc_calendar":[]},"aioseo_notices":[],"_links":{"self":[{"href":"https:\/\/blogsaverroes.juntadeandalucia.es\/iesaljanadic\/wp-json\/wp\/v2\/pages\/4118"}],"collection":[{"href":"https:\/\/blogsaverroes.juntadeandalucia.es\/iesaljanadic\/wp-json\/wp\/v2\/pages"}],"about":[{"href":"https:\/\/blogsaverroes.juntadeandalucia.es\/iesaljanadic\/wp-json\/wp\/v2\/types\/page"}],"author":[{"embeddable":true,"href":"https:\/\/blogsaverroes.juntadeandalucia.es\/iesaljanadic\/wp-json\/wp\/v2\/users\/2884"}],"replies":[{"embeddable":true,"href":"https:\/\/blogsaverroes.juntadeandalucia.es\/iesaljanadic\/wp-json\/wp\/v2\/comments?post=4118"}],"version-history":[{"count":6,"href":"https:\/\/blogsaverroes.juntadeandalucia.es\/iesaljanadic\/wp-json\/wp\/v2\/pages\/4118\/revisions"}],"predecessor-version":[{"id":5356,"href":"https:\/\/blogsaverroes.juntadeandalucia.es\/iesaljanadic\/wp-json\/wp\/v2\/pages\/4118\/revisions\/5356"}],"wp:attachment":[{"href":"https:\/\/blogsaverroes.juntadeandalucia.es\/iesaljanadic\/wp-json\/wp\/v2\/media?parent=4118"}],"curies":[{"name":"wp","href":"https:\/\/api.w.org\/{rel}","templated":true}]}}