{"id":4176,"date":"2021-05-04T08:01:15","date_gmt":"2021-05-04T08:01:15","guid":{"rendered":"https:\/\/blogsaverroes.juntadeandalucia.es\/iesaljanadic\/?page_id=4176"},"modified":"2021-05-11T08:10:05","modified_gmt":"2021-05-11T08:10:05","slug":"centro-bilingue","status":"publish","type":"page","link":"https:\/\/blogsaverroes.juntadeandalucia.es\/iesaljanadic\/centro-bilingue\/","title":{"rendered":"CENTRO BILING\u00dcE"},"content":{"rendered":"\t\t<div data-elementor-type=\"wp-page\" data-elementor-id=\"4176\" class=\"elementor elementor-4176\">\n\t\t\t\t\t\t<section class=\"elementor-section elementor-top-section elementor-element elementor-element-36d3a48e elementor-section-boxed elementor-section-height-default elementor-section-height-default\" data-id=\"36d3a48e\" data-element_type=\"section\">\n\t\t\t\t\t\t<div class=\"elementor-container elementor-column-gap-default\">\n\t\t\t\t\t<div class=\"elementor-column elementor-col-100 elementor-top-column elementor-element elementor-element-3f4e2f50\" data-id=\"3f4e2f50\" data-element_type=\"column\">\n\t\t\t<div class=\"elementor-widget-wrap elementor-element-populated\">\n\t\t\t\t\t\t<div class=\"elementor-element elementor-element-2281e0c5 elementor-widget elementor-widget-text-editor\" data-id=\"2281e0c5\" data-element_type=\"widget\" data-widget_type=\"text-editor.default\">\n\t\t\t\t<div class=\"elementor-widget-container\">\n\t\t\t\t\t\t\t\t\t<img fetchpriority=\"high\" decoding=\"async\" class=\"alignnone size-full wp-image-4023\" src=\"https:\/\/blogsaverroes.juntadeandalucia.es\/iesaljanadic\/files\/2021\/04\/bandera-bilin.png\" alt=\"\" width=\"809\" height=\"401\" srcset=\"https:\/\/blogsaverroes.juntadeandalucia.es\/iesaljanadic\/files\/2021\/04\/bandera-bilin.png 809w, https:\/\/blogsaverroes.juntadeandalucia.es\/iesaljanadic\/files\/2021\/04\/bandera-bilin-300x149.png 300w, https:\/\/blogsaverroes.juntadeandalucia.es\/iesaljanadic\/files\/2021\/04\/bandera-bilin-768x381.png 768w, https:\/\/blogsaverroes.juntadeandalucia.es\/iesaljanadic\/files\/2021\/04\/bandera-bilin-700x347.png 700w\" sizes=\"(max-width: 809px) 100vw, 809px\" \/><br>\n<h3>Nuestro programa de biling\u00fcismo se extiende a toda la Ense\u00f1anza Secundaria Obligatoria, implica a todo el alumnado y consiste en usar el ingl\u00e9s como lengua vehicular en algunas asignaturas.<br><br>\nPara ello, disponemos de profesorado formado e implicado en esta tarea. <\/h3>\t\t\t\t\t\t\t\t<\/div>\n\t\t\t\t<\/div>\n\t\t\t\t\t<\/div>\n\t\t<\/div>\n\t\t\t\t\t<\/div>\n\t\t<\/section>\n\t\t\t\t<\/div>\n\t\t","protected":false},"excerpt":{"rendered":"<p>Nuestro programa de biling\u00fcismo se extiende a toda la Ense\u00f1anza Secundaria Obligatoria, implica a todo el alumnado y consiste en usar el ingl\u00e9s como lengua vehicular en algunas asignaturas. Para ello, disponemos de profesorado&#46;&#46;&#46;<\/p>\n","protected":false},"author":2884,"featured_media":0,"parent":0,"menu_order":0,"comment_status":"closed","ping_status":"closed","template":"","meta":{"ngg_post_thumbnail":0,"footnotes":"","_mc_calendar":[]},"aioseo_notices":[],"_links":{"self":[{"href":"https:\/\/blogsaverroes.juntadeandalucia.es\/iesaljanadic\/wp-json\/wp\/v2\/pages\/4176"}],"collection":[{"href":"https:\/\/blogsaverroes.juntadeandalucia.es\/iesaljanadic\/wp-json\/wp\/v2\/pages"}],"about":[{"href":"https:\/\/blogsaverroes.juntadeandalucia.es\/iesaljanadic\/wp-json\/wp\/v2\/types\/page"}],"author":[{"embeddable":true,"href":"https:\/\/blogsaverroes.juntadeandalucia.es\/iesaljanadic\/wp-json\/wp\/v2\/users\/2884"}],"replies":[{"embeddable":true,"href":"https:\/\/blogsaverroes.juntadeandalucia.es\/iesaljanadic\/wp-json\/wp\/v2\/comments?post=4176"}],"version-history":[{"count":4,"href":"https:\/\/blogsaverroes.juntadeandalucia.es\/iesaljanadic\/wp-json\/wp\/v2\/pages\/4176\/revisions"}],"predecessor-version":[{"id":4244,"href":"https:\/\/blogsaverroes.juntadeandalucia.es\/iesaljanadic\/wp-json\/wp\/v2\/pages\/4176\/revisions\/4244"}],"wp:attachment":[{"href":"https:\/\/blogsaverroes.juntadeandalucia.es\/iesaljanadic\/wp-json\/wp\/v2\/media?parent=4176"}],"curies":[{"name":"wp","href":"https:\/\/api.w.org\/{rel}","templated":true}]}}