{"id":155,"date":"2015-03-17T07:49:21","date_gmt":"2015-03-17T07:49:21","guid":{"rendered":"http:\/\/blogsaverroes.juntadeandalucia.es\/pre\/ceip\/?page_id=155"},"modified":"2021-12-20T19:29:00","modified_gmt":"2021-12-20T19:29:00","slug":"ingles","status":"publish","type":"page","link":"https:\/\/blogsaverroes.juntadeandalucia.es\/iesallawra\/ingles\/","title":{"rendered":"Lengua Castellana"},"content":{"rendered":"<p><img loading=\"lazy\" decoding=\"async\" class=\"aligncenter size-medium wp-image-2126\" src=\"http:\/\/blogsaverroes.juntadeandalucia.es\/temahuemanies\/files\/2015\/03\/lengua-300x200.jpg\" alt=\"lengua\" width=\"300\" height=\"200\" srcset=\"https:\/\/blogsaverroes.juntadeandalucia.es\/iesallawra\/files\/2015\/03\/lengua-300x200.jpg 300w, https:\/\/blogsaverroes.juntadeandalucia.es\/iesallawra\/files\/2015\/03\/lengua.jpg 640w\" sizes=\"(max-width: 300px) 100vw, 300px\" \/><\/p>\n<p><strong><span style=\"font-family: sans-serif\"><span style=\"font-size: medium\">Lengua Castellana y Literatura <\/span><\/span><\/strong><\/p>\n<p><span style=\"color: #800000\"><strong><u>Miembros del departamento 2021-2022:<\/u><\/strong><\/span><\/p>\n<ol>\n<li style=\"list-style-type: none\">\n<ul>\n<li><span style=\"color: #333399\">D. Rafael G\u00f3mez P\u00e9rez, <span style=\"color: #000000\">profesor de Lengua Castellana, jefe de departamento y coordinador del \u00c1rea Socioling\u00fc\u00edstica<\/span><\/span>.<\/li>\n<li><span style=\"color: #333399\">D\u00aa. Mar\u00eda Jos\u00e9 Setefilla Navarro Mart\u00ednez, <span style=\"color: #000000\">profesora de Lengua Castellana, lat\u00edn y <\/span><span style=\"color: #000000\">directora del centro<\/span><\/span><span style=\"color: #000000\">.<\/span><\/li>\n<li><span style=\"color: #333399\">D\u00aa. Celia Mar\u00eda G\u00f3mez Mart\u00ednez,<span style=\"color: #000000\"> profesora de Lengua Castellana.<\/span><\/span><\/li>\n<li><span style=\"color: #333399\">D\u00aa M\u00aa Del Rosario S\u00e1nchez Valle, <span style=\"color: #000000\">profesora de Lengua Castellana.<\/span><\/span><\/li>\n<li><span style=\"color: #333399\">D\u00aa. , <span style=\"color: #000000\">tutora de 2\u00ba E.S.O. C<\/span><\/span><\/li>\n<li><span style=\"color: #333399\">D\u00aa. , <\/span><\/li>\n<\/ul>\n<\/li>\n<\/ol>\n","protected":false},"excerpt":{"rendered":"<p>Lengua Castellana y Literatura Miembros del departamento 2021-2022: D. Rafael G\u00f3mez P\u00e9rez, profesor de Lengua Castellana, jefe de departamento y coordinador del \u00c1rea Socioling\u00fc\u00edstica. D\u00aa. Mar\u00eda Jos\u00e9 Setefilla Navarro Mart\u00ednez, profesora de Lengua Castellana,&#46;&#46;&#46;<\/p>\n","protected":false},"author":1,"featured_media":0,"parent":0,"menu_order":0,"comment_status":"open","ping_status":"open","template":"page-templates\/child-menu.php","meta":{"ngg_post_thumbnail":0,"footnotes":"","_mc_calendar":[]},"aioseo_notices":[],"_links":{"self":[{"href":"https:\/\/blogsaverroes.juntadeandalucia.es\/iesallawra\/wp-json\/wp\/v2\/pages\/155"}],"collection":[{"href":"https:\/\/blogsaverroes.juntadeandalucia.es\/iesallawra\/wp-json\/wp\/v2\/pages"}],"about":[{"href":"https:\/\/blogsaverroes.juntadeandalucia.es\/iesallawra\/wp-json\/wp\/v2\/types\/page"}],"author":[{"embeddable":true,"href":"https:\/\/blogsaverroes.juntadeandalucia.es\/iesallawra\/wp-json\/wp\/v2\/users\/1"}],"replies":[{"embeddable":true,"href":"https:\/\/blogsaverroes.juntadeandalucia.es\/iesallawra\/wp-json\/wp\/v2\/comments?post=155"}],"version-history":[{"count":9,"href":"https:\/\/blogsaverroes.juntadeandalucia.es\/iesallawra\/wp-json\/wp\/v2\/pages\/155\/revisions"}],"predecessor-version":[{"id":2858,"href":"https:\/\/blogsaverroes.juntadeandalucia.es\/iesallawra\/wp-json\/wp\/v2\/pages\/155\/revisions\/2858"}],"wp:attachment":[{"href":"https:\/\/blogsaverroes.juntadeandalucia.es\/iesallawra\/wp-json\/wp\/v2\/media?parent=155"}],"curies":[{"name":"wp","href":"https:\/\/api.w.org\/{rel}","templated":true}]}}