{"id":162,"date":"2015-03-17T07:51:10","date_gmt":"2015-03-17T07:51:10","guid":{"rendered":"http:\/\/blogsaverroes.juntadeandalucia.es\/pre\/ceip\/?page_id=162"},"modified":"2021-12-20T19:40:15","modified_gmt":"2021-12-20T19:40:15","slug":"tecnologia","status":"publish","type":"page","link":"https:\/\/blogsaverroes.juntadeandalucia.es\/iesallawra\/tecnologia\/","title":{"rendered":"Tecnolog\u00eda"},"content":{"rendered":"<p><img loading=\"lazy\" decoding=\"async\" class=\"aligncenter\" src=\"https:\/\/blogsaverroes.juntadeandalucia.es\/iesallawra\/wp-content\/uploads\/sites\/859\/nggallery\/mariano\/thumbs\/thumbs_images.jpg?i=55040363\" width=\"278\" height=\"209\"><\/p>\n<p><strong><span style=\"font-family: sans-serif\"><span style=\"font-size: medium\">Tecnolog\u00eda <\/span><\/span><\/strong><\/p>\n<p>Cuando los problemas educativos encuentran soluci\u00f3n en el uso de la tecnolog\u00eda de la informaci\u00f3n, es decir, en el uso de computadoras y m\u00e1s equipos de telecomunicaci\u00f3n de&nbsp;almacenamiento, transmisi\u00f3n y manipulaci\u00f3n de datos, hablamos de la tecnolog\u00eda en la educaci\u00f3n.<\/p>\n<p>En otras palabras, comprendemos que<strong>&nbsp;la tecnolog\u00eda educativa se trata de la utilizaci\u00f3n de dispositivos tecnol\u00f3gicos para prop\u00f3sitos educativos<\/strong>.<\/p>\n<p><span style=\"color: #800000\"><strong><u>Miembros del departamento 2021-2022:<\/u><\/strong><\/span><\/p>\n<ul>\n<li><span style=\"color: #333399\">Antonio Joaqu\u00edn Cantos Moreno<\/span>, que act\u00faa como profesor de <strong><em>Tecnolog\u00eda en<\/em><\/strong> 2\u00ba E.S.O. A, B y C y D., 3\u00ba E.S.O. B, 4\u00ba E.S.O.&nbsp; y es tutor de 2\u00ba ESO A.<\/li>\n<li><span style=\"color: #333399\">Jos\u00e9 Mar\u00eda Morillo S\u00e1nchez D\u00edaz<\/span> profesor del departamento de Matem\u00e1ticas que imparte <strong><em>Tecnolog\u00eda Aplicada en <\/em><\/strong>un grupo de 1\u00ba ESO.<\/li>\n<li><span style=\"color: #333399\">Elena Misa Borrego, <\/span>profesora del departamento de Matem\u00e1ticas que imparte <strong><em>T.I.C. 1 en <\/em><\/strong>un grupo de 4\u00ba ESO.<\/li>\n<li><span style=\"color: #333399\">Mariano Enrique Gonz\u00e1lez Gonz\u00e1lez<\/span>, que act\u00faa como <span style=\"color: #008000\">Jefe de Departamento<\/span> y profesor impartiendo <strong><em>Tecnolog\u00eda en <\/em><\/strong>3\u00ba E.S.O. A. y C., Tecnolog\u00eda en 4\u00ba E.S.O. y <strong><em>T.I.C. 2<\/em><\/strong> en un grupo de 4\u00ba E.S.O.<\/li>\n<\/ul>\n<p><span style=\"color: #800000\"><strong><u>Blogs de consulta:<\/u><\/strong><\/span><\/p>\n<p><a href=\"http:\/\/tecnologiaenelal-lawra.blogspot.com\/\">Tecnolog\u00eda en el I.E.S. Al-Lawra<\/a><\/p>\n<p>En este blog se podr\u00e1n encontrar actividades de consulta para cualquiera de los cursos. Adem\u00e1s se podr\u00e1n encontrar las tareas de recuperaci\u00f3n de la materia de pendientes.<\/p>\n<p><span style=\"color: #800000\"><strong><u>NOTA:<\/u><\/strong><\/span><\/p>\n<p>Los Martes de 11:40 a 12:40, don Mariano E. Gonz\u00e1lez Gonz\u00e1lez como Jefe de departamento, tiene una hora para consulta\/resoluci\u00f3n de dudas o cuestiones varias sobre el funcionamiento del departamento.<\/p>\n","protected":false},"excerpt":{"rendered":"<p>Tecnolog\u00eda Cuando los problemas educativos encuentran soluci\u00f3n en el uso de la tecnolog\u00eda de la informaci\u00f3n, es decir, en el uso de computadoras y m\u00e1s equipos de telecomunicaci\u00f3n de&nbsp;almacenamiento, transmisi\u00f3n y manipulaci\u00f3n de datos,&#46;&#46;&#46;<\/p>\n","protected":false},"author":1,"featured_media":0,"parent":0,"menu_order":0,"comment_status":"open","ping_status":"open","template":"page-templates\/child-menu.php","meta":{"ngg_post_thumbnail":0,"footnotes":"","_mc_calendar":[]},"aioseo_notices":[],"_links":{"self":[{"href":"https:\/\/blogsaverroes.juntadeandalucia.es\/iesallawra\/wp-json\/wp\/v2\/pages\/162"}],"collection":[{"href":"https:\/\/blogsaverroes.juntadeandalucia.es\/iesallawra\/wp-json\/wp\/v2\/pages"}],"about":[{"href":"https:\/\/blogsaverroes.juntadeandalucia.es\/iesallawra\/wp-json\/wp\/v2\/types\/page"}],"author":[{"embeddable":true,"href":"https:\/\/blogsaverroes.juntadeandalucia.es\/iesallawra\/wp-json\/wp\/v2\/users\/1"}],"replies":[{"embeddable":true,"href":"https:\/\/blogsaverroes.juntadeandalucia.es\/iesallawra\/wp-json\/wp\/v2\/comments?post=162"}],"version-history":[{"count":10,"href":"https:\/\/blogsaverroes.juntadeandalucia.es\/iesallawra\/wp-json\/wp\/v2\/pages\/162\/revisions"}],"predecessor-version":[{"id":2862,"href":"https:\/\/blogsaverroes.juntadeandalucia.es\/iesallawra\/wp-json\/wp\/v2\/pages\/162\/revisions\/2862"}],"wp:attachment":[{"href":"https:\/\/blogsaverroes.juntadeandalucia.es\/iesallawra\/wp-json\/wp\/v2\/media?parent=162"}],"curies":[{"name":"wp","href":"https:\/\/api.w.org\/{rel}","templated":true}]}}