{"id":164,"date":"2015-03-17T07:52:28","date_gmt":"2015-03-17T07:52:28","guid":{"rendered":"http:\/\/blogsaverroes.juntadeandalucia.es\/pre\/ceip\/?page_id=164"},"modified":"2022-03-08T11:14:10","modified_gmt":"2022-03-08T11:14:10","slug":"ingles-2","status":"publish","type":"page","link":"https:\/\/blogsaverroes.juntadeandalucia.es\/iesallawra\/ingles-2\/","title":{"rendered":"Ingl\u00e9s"},"content":{"rendered":"<p><img loading=\"lazy\" decoding=\"async\" class=\"aligncenter size-medium wp-image-2116\" src=\"http:\/\/blogsaverroes.juntadeandalucia.es\/temahuemanies\/files\/2015\/03\/ingles-300x80.png\" alt=\"ingles\" width=\"300\" height=\"80\" srcset=\"https:\/\/blogsaverroes.juntadeandalucia.es\/iesallawra\/files\/2015\/03\/ingles-300x80.png 300w, https:\/\/blogsaverroes.juntadeandalucia.es\/iesallawra\/files\/2015\/03\/ingles.png 640w\" sizes=\"(max-width: 300px) 100vw, 300px\" \/><\/p>\n<p><strong><span style=\"font-family: sans-serif\"><span style=\"font-size: medium\">Primera Lengua Extranjera <\/span><\/span><\/strong><\/p>\n<p><span style=\"font-family: sans-serif\"><span style=\"font-size: medium\">La lengua es el instrumento por excelencia del aprendizaje y la comunicaci\u00f3n. Tanto las lenguas primeras como las lenguas extranjeras forman parte en la actualidad, y cada vez lo har\u00e1n m\u00e1s en el futuro, del bagaje vital de las personas en un mundo en continua expansi\u00f3n en el que, a la vez, las relaciones entre individuos, pa\u00edses, organismos y corporaciones se hacen m\u00e1s frecuentes y m\u00e1s estrechas. En la medida en que ese bagaje comprende diversos conocimientos, destrezas y actitudes en diversas lenguas, es decir un perfil pluriling\u00fce e intercultural, el individuo est\u00e1 mejor preparado para integrarse y participar en una variedad de contextos y de situaciones que suponen un est\u00edmulo para su desarrollo, y mejores oportunidades, en los \u00e1mbitos personal, p\u00fablico, educativo o acad\u00e9mico, ocupacional y profesional.<\/span><\/span><\/p>\n<p><span style=\"color: #993300\"><strong><u>Miembros del departamento de Idiomas 2021-2022:<\/u><\/strong><\/span><\/p>\n<p style=\"padding-left: 40px\"><span style=\"color: #0000ff\"><em><strong>Do\u00f1a Jos\u00e9 Eulogio Sanguino Payan (ingl\u00e9s)<\/strong><strong>:<\/strong><\/em><\/span><\/p>\n<p style=\"padding-left: 40px\">Tutor 4\u00ba ESO A.&nbsp;<\/p>\n<p style=\"padding-left: 40px\"><span style=\"color: #0000ff\"><em><strong>Do\u00f1a Mar\u00eda Dolores Osuna Galisteo (ingl\u00e9s):<\/strong><\/em><\/span><\/p>\n<p style=\"padding-left: 40px\">Tutora de 1\u00ba ESO C.<\/p>\n<p style=\"padding-left: 40px\"><span style=\"color: #0000ff\"><em><b style=\"color: #0000ff\">Do\u00f1a <\/b><span style=\"color: #0000ff\"><b>Mar\u00eda<\/b><\/span><b style=\"color: #0000ff\"> Isabel Rodr\u00edguez Segovia (ingl\u00e9s):<\/b><\/em><\/span><\/p>\n<p style=\"padding-left: 40px\">Jefa departamento de Igualdad.<\/p>\n<p style=\"padding-left: 40px\"><span style=\"color: #0000ff\"><em><b style=\"color: #0000ff\">Do\u00f1a Mar\u00eda del Carmen Cabezas <\/b><span style=\"color: #0000ff\"><b>Rodr\u00edguez<\/b><\/span><b style=\"color: #0000ff\"> (franc\u00e9s):<\/b><\/em><\/span><\/p>\n<p style=\"padding-left: 40px\">Tutora 3\u00ba ESO A<\/p>\n<p style=\"padding-left: 40px\"><span style=\"color: #0000ff\"><em><strong>Do\u00f1a Mar\u00eda Jos\u00e9 Parra Marchena (ingl\u00e9s):<\/strong><\/em><\/span><\/p>\n<p style=\"padding-left: 40px\"><span style=\"color: #339966\">Jefa de departamento Idiomas<\/span><\/p>\n<p style=\"padding-left: 40px\"><strong><em><span style=\"color: #0000ff\">Do\u00f1a Aurora Villa Eslava (ingl\u00e9s):<\/span><\/em><\/strong><\/p>\n<p style=\"padding-left: 40px\"><span style=\"color: #339966\">Jefa de Estudios<\/span><\/p>\n<p>&nbsp;<\/p>\n<p>&nbsp;<\/p>\n","protected":false},"excerpt":{"rendered":"<p>Primera Lengua Extranjera La lengua es el instrumento por excelencia del aprendizaje y la comunicaci\u00f3n. Tanto las lenguas primeras como las lenguas extranjeras forman parte en la actualidad, y cada vez lo har\u00e1n m\u00e1s&#46;&#46;&#46;<\/p>\n","protected":false},"author":1,"featured_media":0,"parent":0,"menu_order":0,"comment_status":"open","ping_status":"open","template":"page-templates\/child-menu.php","meta":{"ngg_post_thumbnail":0,"footnotes":"","_mc_calendar":[]},"aioseo_notices":[],"_links":{"self":[{"href":"https:\/\/blogsaverroes.juntadeandalucia.es\/iesallawra\/wp-json\/wp\/v2\/pages\/164"}],"collection":[{"href":"https:\/\/blogsaverroes.juntadeandalucia.es\/iesallawra\/wp-json\/wp\/v2\/pages"}],"about":[{"href":"https:\/\/blogsaverroes.juntadeandalucia.es\/iesallawra\/wp-json\/wp\/v2\/types\/page"}],"author":[{"embeddable":true,"href":"https:\/\/blogsaverroes.juntadeandalucia.es\/iesallawra\/wp-json\/wp\/v2\/users\/1"}],"replies":[{"embeddable":true,"href":"https:\/\/blogsaverroes.juntadeandalucia.es\/iesallawra\/wp-json\/wp\/v2\/comments?post=164"}],"version-history":[{"count":6,"href":"https:\/\/blogsaverroes.juntadeandalucia.es\/iesallawra\/wp-json\/wp\/v2\/pages\/164\/revisions"}],"predecessor-version":[{"id":2920,"href":"https:\/\/blogsaverroes.juntadeandalucia.es\/iesallawra\/wp-json\/wp\/v2\/pages\/164\/revisions\/2920"}],"wp:attachment":[{"href":"https:\/\/blogsaverroes.juntadeandalucia.es\/iesallawra\/wp-json\/wp\/v2\/media?parent=164"}],"curies":[{"name":"wp","href":"https:\/\/api.w.org\/{rel}","templated":true}]}}