{"id":178,"date":"2015-03-17T07:56:43","date_gmt":"2015-03-17T07:56:43","guid":{"rendered":"http:\/\/blogsaverroes.juntadeandalucia.es\/pre\/ceip\/?page_id=178"},"modified":"2021-04-06T10:43:27","modified_gmt":"2021-04-06T10:43:27","slug":"musica","status":"publish","type":"page","link":"https:\/\/blogsaverroes.juntadeandalucia.es\/iesallawra\/musica\/","title":{"rendered":"M\u00fasica"},"content":{"rendered":"<p><img loading=\"lazy\" decoding=\"async\" class=\"aligncenter size-medium wp-image-2143\" style=\"text-align: center\" src=\"http:\/\/blogsaverroes.juntadeandalucia.es\/temahuemanies\/files\/2015\/03\/musica-300x300.jpg\" alt=\"musica\" width=\"300\" height=\"300\" srcset=\"https:\/\/blogsaverroes.juntadeandalucia.es\/iesallawra\/files\/2015\/03\/musica-300x300.jpg 300w, https:\/\/blogsaverroes.juntadeandalucia.es\/iesallawra\/files\/2015\/03\/musica-150x150.jpg 150w, https:\/\/blogsaverroes.juntadeandalucia.es\/iesallawra\/files\/2015\/03\/musica-160x160.jpg 160w, https:\/\/blogsaverroes.juntadeandalucia.es\/iesallawra\/files\/2015\/03\/musica.jpg 640w\" sizes=\"(max-width: 300px) 100vw, 300px\" \/><\/p>\n<h5><span style=\"color: #993366\">Grabaci\u00f3n de la canci\u00f3n No Surprise, tocada y cantada por los alumnos\/as de 4\u00ba E.S.O de M\u00fasica. Si quer\u00e9is escucharla pinchar en el enlace que viene a continuaci\u00f3n.&nbsp;<\/span><\/h5>\n<p><a href=\"https:\/\/blogsaverroes.juntadeandalucia.es\/iesallawra\/files\/2021\/04\/No-surprise-Radiohead-Alumnado-4\u00ba-ESO-curso-20-21.mp3\">No Surprise (Radiohead) Alumnado 4\u00ba ESO curso 20-21<\/a><\/p>\n<h5><span style=\"color: #993366\">A continuaci\u00f3n ten\u00e9is una presentaci\u00f3n de los trabajos realizados por el alumnado de 2\u00ba ESO sobre la Mujer en la M\u00fasica, del curso 2019-2020.<\/span><\/h5>\n<p style=\"text-align: center\"><iframe loading=\"lazy\" src=\"https:\/\/onedrive.live.com\/embed?cid=BC893EE3D4027A40&amp;resid=BC893EE3D4027A40%21182&amp;authkey=ADyM9YhT8z6FN3M&amp;em=2&amp;wdAr=1.7777777777777777\" width=\"610px\" height=\"367px\" frameborder=\"0\">Esto es un documento de <a target=\"_blank\" href=\"https:\/\/office.com\" rel=\"noopener noreferrer\">Microsoft Office<\/a> incrustado con tecnolog\u00eda de <a target=\"_blank\" href=\"https:\/\/office.com\/webapps\" rel=\"noopener noreferrer\">Office<\/a>.<\/iframe><br \/>\n&nbsp;<\/p>\n<h1 style=\"text-align: center\"><span style=\"color: #000080\">D\u00eda de Andaluc\u00eda curso 2019-2020<\/span><\/h1>\n<p style=\"text-align: center\">[youtube https:\/\/www.youtube.com\/watch?v=gly9boB4WdU&amp;w=240&amp;h=128]<br \/>\n&nbsp;<br \/>\n[youtube https:\/\/www.youtube.com\/watch?v=or2Pd3M4768&amp;w=560&amp;h=315]<\/p>\n<p>&nbsp;<\/p>\n<p><strong><span style=\"font-family: sans-serif\"><span style=\"font-size: medium\">M\u00fasica <\/span><\/span><\/strong><\/p>\n<p><span style=\"font-family: sans-serif\"><span style=\"font-size: medium\">La m\u00fasica, como bien cultural y como lenguaje y medio de comunicaci\u00f3n no verbal, constituye un elemento con gran valor en la vida de las personas; adem\u00e1s, favorece el desarrollo integral de los individuos, interviene en su formaci\u00f3n emocional e intelectual, a trav\u00e9s del conocimiento del hecho musical como manifestaci\u00f3n cultural e hist\u00f3rica, y contribuye al afianzamiento de una postura abierta, reflexiva y cr\u00edtica en el alumnado. <\/span><\/span><\/p>\n<p><span style=\"font-family: sans-serif\"><span style=\"font-size: medium\">En la actualidad la m\u00fasica constituye uno de los principales referentes de identificaci\u00f3n de la juventud. Con el desarrollo tecnol\u00f3gico se han multiplicado los cauces de acceso a las cada vez m\u00e1s numerosas fuentes de cultura musical, as\u00ed como a sus diversas maneras de creaci\u00f3n e interpretaci\u00f3n a trav\u00e9s de veh\u00edculos que forman parte de su vida cotidiana como Internet, dispositivos m\u00f3viles, reproductores de audio o videojuegos; adem\u00e1s, fomenta el desarrollo de la percepci\u00f3n, la sensibilidad est\u00e9tica, la expresi\u00f3n creativa y la reflexi\u00f3n cr\u00edtica. <\/span><\/span><\/p>\n","protected":false},"excerpt":{"rendered":"<p>Grabaci\u00f3n de la canci\u00f3n No Surprise, tocada y cantada por los alumnos\/as de 4\u00ba E.S.O de M\u00fasica. Si quer\u00e9is escucharla pinchar en el enlace que viene a continuaci\u00f3n.&nbsp; No Surprise (Radiohead) Alumnado 4\u00ba ESO&#46;&#46;&#46;<\/p>\n","protected":false},"author":1,"featured_media":0,"parent":0,"menu_order":0,"comment_status":"open","ping_status":"open","template":"page-templates\/child-menu.php","meta":{"ngg_post_thumbnail":0,"footnotes":"","_mc_calendar":[]},"aioseo_notices":[],"_links":{"self":[{"href":"https:\/\/blogsaverroes.juntadeandalucia.es\/iesallawra\/wp-json\/wp\/v2\/pages\/178"}],"collection":[{"href":"https:\/\/blogsaverroes.juntadeandalucia.es\/iesallawra\/wp-json\/wp\/v2\/pages"}],"about":[{"href":"https:\/\/blogsaverroes.juntadeandalucia.es\/iesallawra\/wp-json\/wp\/v2\/types\/page"}],"author":[{"embeddable":true,"href":"https:\/\/blogsaverroes.juntadeandalucia.es\/iesallawra\/wp-json\/wp\/v2\/users\/1"}],"replies":[{"embeddable":true,"href":"https:\/\/blogsaverroes.juntadeandalucia.es\/iesallawra\/wp-json\/wp\/v2\/comments?post=178"}],"version-history":[{"count":34,"href":"https:\/\/blogsaverroes.juntadeandalucia.es\/iesallawra\/wp-json\/wp\/v2\/pages\/178\/revisions"}],"predecessor-version":[{"id":2732,"href":"https:\/\/blogsaverroes.juntadeandalucia.es\/iesallawra\/wp-json\/wp\/v2\/pages\/178\/revisions\/2732"}],"wp:attachment":[{"href":"https:\/\/blogsaverroes.juntadeandalucia.es\/iesallawra\/wp-json\/wp\/v2\/media?parent=178"}],"curies":[{"name":"wp","href":"https:\/\/api.w.org\/{rel}","templated":true}]}}