{"id":1806,"date":"2015-03-17T07:46:28","date_gmt":"2015-03-17T07:46:28","guid":{"rendered":"http:\/\/blogsaverroes.juntadeandalucia.es\/pre\/ceip\/?page_id=144"},"modified":"2021-03-09T10:22:05","modified_gmt":"2021-03-09T10:22:05","slug":"orientacion-2","status":"publish","type":"page","link":"https:\/\/blogsaverroes.juntadeandalucia.es\/iesallawra\/orientacion-2\/","title":{"rendered":"Orientaci\u00f3n"},"content":{"rendered":"<p><b>DEPARTAMENTO DE ORIENTACI\u00d3N<\/b><\/p>\n<p><b>Las funciones de este Departamento se dividen en tres \u00e1mbitos distintos.<\/b><\/p>\n<p><b>Atenci\u00f3n a la diversidad<\/b><\/p>\n<ul>\n<li style=\"font-weight: 400\"><span style=\"font-weight: 400\">asesoramiento al centro para realizar y ajustar las programaciones did\u00e1cticas<\/span><\/li>\n<li style=\"font-weight: 400\"><span style=\"font-weight: 400\">identificaci\u00f3n y valoraci\u00f3n de necesidades y\/o dificultades en el aprendizaje.<\/span><\/li>\n<li style=\"font-weight: 400\"><span style=\"font-weight: 400\">apoyo al profesorado para atender las dificultades y dar una respuesta ajustada: adaptaciones del curr\u00edculo y del proceso de ense\u00f1anza-aprendizaje, programas de refuerzo\/ampliaci\u00f3n, medidas espec\u00edficas, intervenci\u00f3n de otros profesionales del centro\u2026<\/span><\/li>\n<\/ul>\n<p><b>Acci\u00f3n tutorial<\/b><\/p>\n<ul>\n<li style=\"font-weight: 400\"><span style=\"font-weight: 400\">coordinaci\u00f3n y organizaci\u00f3n de actividades para las tutor\u00edas lectivas del centro, destinadas a tratar temas como educaci\u00f3n en valores, mejora de la salud entendida de forma integral, educaci\u00f3n emocional, seguimiento personalizado de los grupos y de cada alumno\/a en su grupo, convivencia\u2026<\/span><\/li>\n<li style=\"font-weight: 400\"><span style=\"font-weight: 400\">asesoramiento y apoyo a los tutores en la relaci\u00f3n con alumnado y familias.<\/span><\/li>\n<li style=\"font-weight: 400\"><span style=\"font-weight: 400\">informaci\u00f3n y asesoramiento al propio alumnado y a las familias en temas como: dificultades escolares, personales, sociales, de integraci\u00f3n\u2026 y derivaci\u00f3n a otros servicios si es necesario<\/span><\/li>\n<\/ul>\n<p><b>Orientaci\u00f3n vocacional: acad\u00e9mica y profesional<\/b><\/p>\n<ul>\n<li style=\"font-weight: 400\"><span style=\"font-weight: 400\">coordinaci\u00f3n y organizaci\u00f3n de actividades grupales para ayudar al alumnado a trazar un camino acad\u00e9mico profesional personalizado: autoconocimiento \/ conocimiento de sus opciones \/ toma de decisiones<\/span><\/li>\n<li style=\"font-weight: 400\"><span style=\"font-weight: 400\">asesoramiento personalizado al alumnado y sus familias en esto mismo cuando existen circunstancias que lo aconsejen<\/span><\/li>\n<li style=\"font-weight: 400\"><span style=\"font-weight: 400\">coordinaci\u00f3n y asesoramiento en medidas para evitar el absentismo y el abandono del sistema educativo, orientando a alumnado y familias y facilitando la intervenci\u00f3n de otros profesionales y servicios<\/span><\/li>\n<\/ul>\n<p><b>En el Departamento trabajan diferentes profesionales, cada uno con su perfil y competencias, aunque todos se complementan:<\/b><\/p>\n<ul>\n<li style=\"font-weight: 400\"><span style=\"font-weight: 400\">Orientador\/a. Coordina las actividades del Departamento, interviene en las actividades anteriormente enumeradas y realiza algunas funciones espec\u00edficas (p.e: la evaluaci\u00f3n del alumnado). <\/span><b>Alicia Noguero Zaida y Cristina Mart\u00edn Farf\u00e1n<\/b><\/li>\n<li style=\"font-weight: 400\"><span style=\"font-weight: 400\">Maestro\/a de Pedagog\u00eda Terap\u00e9utica (PT). Especializado\/a en las actividades enumeradas en el \u00e1rea de atenci\u00f3n a la diversidad. Realiza la docencia en programas espec\u00edficos y en el apoyo al alumnado que por sus dificultades lo requiere. Tutoriza, junto al tutor del grupo ordinario, al alumnado con dificultades educativas. En nuestro centro existe adem\u00e1s un PT que dedica su acci\u00f3n exclusivamente al Aula Espec\u00edfica de Educaci\u00f3n Especial, de donde es docente y tutor\/a<\/span><b>. Ana Mart\u00edn Rodr\u00edguez y Rosa L\u00e1zaro Jurado<\/b><\/li>\n<li style=\"font-weight: 400\"><span style=\"font-weight: 400\">Maestro\/a de Audici\u00f3n y Lenguaje (AL). Especializado\/a en la intervenci\u00f3n directa (docencia) e indirecta (asesorando al profesorado) con alumnado con necesidades en estas \u00e1reas del desarrollo. <\/span><b>M\u00aa Jes\u00fas \u00c1lvarez Velarde<\/b><\/li>\n<\/ul>\n<p><span style=\"font-weight: 400\">Otros profesionales del centro que trabajan dentro del \u00e1mbito del Departamento: monitora del Aula Espec\u00edfica de Educaci\u00f3n Especial <\/span><b>(Josefa Mu\u00f1oz Serrano) <\/b><\/p>\n","protected":false},"excerpt":{"rendered":"<p>DEPARTAMENTO DE ORIENTACI\u00d3N Las funciones de este Departamento se dividen en tres \u00e1mbitos distintos. Atenci\u00f3n a la diversidad asesoramiento al centro para realizar y ajustar las programaciones did\u00e1cticas identificaci\u00f3n y valoraci\u00f3n de necesidades y\/o&#46;&#46;&#46;<\/p>\n","protected":false},"author":1,"featured_media":0,"parent":0,"menu_order":0,"comment_status":"open","ping_status":"open","template":"page-templates\/child-menu.php","meta":{"ngg_post_thumbnail":0,"footnotes":"","_mc_calendar":[]},"aioseo_notices":[],"_links":{"self":[{"href":"https:\/\/blogsaverroes.juntadeandalucia.es\/iesallawra\/wp-json\/wp\/v2\/pages\/1806"}],"collection":[{"href":"https:\/\/blogsaverroes.juntadeandalucia.es\/iesallawra\/wp-json\/wp\/v2\/pages"}],"about":[{"href":"https:\/\/blogsaverroes.juntadeandalucia.es\/iesallawra\/wp-json\/wp\/v2\/types\/page"}],"author":[{"embeddable":true,"href":"https:\/\/blogsaverroes.juntadeandalucia.es\/iesallawra\/wp-json\/wp\/v2\/users\/1"}],"replies":[{"embeddable":true,"href":"https:\/\/blogsaverroes.juntadeandalucia.es\/iesallawra\/wp-json\/wp\/v2\/comments?post=1806"}],"version-history":[{"count":3,"href":"https:\/\/blogsaverroes.juntadeandalucia.es\/iesallawra\/wp-json\/wp\/v2\/pages\/1806\/revisions"}],"predecessor-version":[{"id":2693,"href":"https:\/\/blogsaverroes.juntadeandalucia.es\/iesallawra\/wp-json\/wp\/v2\/pages\/1806\/revisions\/2693"}],"wp:attachment":[{"href":"https:\/\/blogsaverroes.juntadeandalucia.es\/iesallawra\/wp-json\/wp\/v2\/media?parent=1806"}],"curies":[{"name":"wp","href":"https:\/\/api.w.org\/{rel}","templated":true}]}}