{"id":2806,"date":"2021-11-25T09:41:00","date_gmt":"2021-11-25T09:41:00","guid":{"rendered":"https:\/\/blogsaverroes.juntadeandalucia.es\/iesallawra\/?page_id=2806"},"modified":"2024-05-15T06:43:16","modified_gmt":"2024-05-15T06:43:16","slug":"bilinguismo","status":"publish","type":"page","link":"https:\/\/blogsaverroes.juntadeandalucia.es\/iesallawra\/bilinguismo\/","title":{"rendered":"Biling\u00fcismo"},"content":{"rendered":"<h5 style=\"text-align: center\"><span style=\"color: #339966\"><strong>INFORMATION SHEET FOR LANGUAGE ASSISTANTS<\/strong><\/span><\/h5>\n<p>&nbsp;&nbsp;<\/p>\n<p style=\"text-align: center\"><iframe loading=\"lazy\" src=\"https:\/\/drive.google.com\/file\/d\/1UdrcdjBJlCN6iA6j_JdHrEnSv-emYeMJ\/preview\" width=\"400\" height=\"300\"><\/iframe><\/p>\n<h1 style=\"text-align: center\"><strong><span style=\"color: #993366\">Women in History.&nbsp;<\/span><\/strong><\/h1>\n<p>En este v\u00eddeo os presentamos los trabajos que nuestro alumnado ha realizado en la Unidad Integrada <span style=\"color: #0000ff\">Women in History.<\/span><\/p>\n<p>Esta unidad ha sido coordinada por el Plan de Biling\u00fcismo y el Departamento de Igualdad para celebrar el d\u00eda internacional de la mujer \u00ab8 de Marzo\u00bb<\/p>\n<p>Agradecerle al profesorado y alumnado que han participado porque sin su colaboraci\u00f3n no hubiera sido posible realizar esta tarea.<\/p>\n<p style=\"text-align: center\"><iframe loading=\"lazy\" src=\"https:\/\/www.youtube.com\/embed\/X6Nh0QunbUI\" width=\"560\" height=\"315\" frameborder=\"0\"><\/iframe><\/p>\n<p>&nbsp;&nbsp;<\/p>\n<h3 style=\"text-align: center\"><span style=\"color: #0000ff\"><strong>AL-ANDALUS IN I.E.S. AL-LAWRA<\/strong><\/span><\/h3>\n<p style=\"text-align: left\">En las asignaturas biling\u00fces, nuestro alumnado ha trabajado una unidad integral sobre el legado Andalus\u00ed en nuestra tierra. En este v\u00eddeo os mostramos los trabajos que han realizado. Muchas gracias al profesorado biling\u00fce por su colaboraci\u00f3n, sin la cual no habr\u00eda sido posible.<\/p>\n<p><iframe loading=\"lazy\" title=\"Al Andalus in IES AL Lawra\" width=\"500\" height=\"281\" src=\"https:\/\/www.youtube.com\/embed\/yrClqyQwq3U?feature=oembed&#038;wmode=opaque\" frameborder=\"0\" allow=\"accelerometer; autoplay; clipboard-write; encrypted-media; gyroscope; picture-in-picture; web-share\" referrerpolicy=\"strict-origin-when-cross-origin\" allowfullscreen><\/iframe><\/p>\n<p>&nbsp;<\/p>\n<p><span style=\"color: #ff0000\"><a style=\"color: #ff0000\" href=\"https:\/\/blogsaverroes.juntadeandalucia.es\/iesallawra\/files\/2021\/11\/American-Food-1-1.pdf\">American Food<\/a><\/span><\/p>\n<p style=\"text-align: center\"><iframe loading=\"lazy\" src=\"https:\/\/drive.google.com\/file\/d\/1mAFwRmeuiG5eRwCQvjSoHanly6suIsc3\/preview\" width=\"560\" height=\"315\"><\/iframe><\/p>\n<p><span style=\"color: #ff0000\">Ancient olympics<\/span><\/p>\n<p style=\"text-align: center\"><iframe loading=\"lazy\" src=\"https:\/\/drive.google.com\/file\/d\/1UVbkygjxfBiLMtAZnvW4Jn1YvkcRMA3X\/preview\" width=\"560\" height=\"315\"><\/iframe><\/p>\n<p><span style=\"color: #ff0000\">Kahootbiology<\/span><\/p>\n<p style=\"text-align: center\">[googleapps domain=\u00bbdrive\u00bb dir=\u00bbfile\/d\/143mJi2SzsIU6LnmDZ5HVfQkTlkLW4B5v\/preview\u00bb query=\u00bb\u00bb width=\u00bb560&#8243; height=\u00bb280&#8243; \/]<\/p>\n<p><span style=\"color: #ff0000\">Kahootbiology2<\/span><\/p>\n<p style=\"text-align: center\">[googleapps domain=\u00bbdrive\u00bb dir=\u00bbfile\/d\/1kVcprq95M_cHrb4vs2QoZrpn99Xv9Fk2\/preview\u00bb query=\u00bb\u00bb width=\u00bb560&#8243; height=\u00bb280&#8243; \/]<\/p>\n<p><span style=\"color: #ff0000\">KahootHistoria<\/span><\/p>\n<p style=\"text-align: center\">[googleapps domain=\u00bbdrive\u00bb dir=\u00bbfile\/d\/1lrFtAdFUCH7eCGT_yIAPN126aORwdq1g\/preview\u00bb query=\u00bb\u00bb width=\u00bb5600&#8243; height=\u00bb280&#8243; \/]<\/p>\n","protected":false},"excerpt":{"rendered":"<p>INFORMATION SHEET FOR LANGUAGE ASSISTANTS &nbsp;&nbsp; Women in History.&nbsp; En este v\u00eddeo os presentamos los trabajos que nuestro alumnado ha realizado en la Unidad Integrada Women in History. Esta unidad ha sido coordinada por&#46;&#46;&#46;<\/p>\n","protected":false},"author":11432,"featured_media":0,"parent":0,"menu_order":0,"comment_status":"closed","ping_status":"closed","template":"","meta":{"ngg_post_thumbnail":0,"footnotes":"","_mc_calendar":[]},"aioseo_notices":[],"_links":{"self":[{"href":"https:\/\/blogsaverroes.juntadeandalucia.es\/iesallawra\/wp-json\/wp\/v2\/pages\/2806"}],"collection":[{"href":"https:\/\/blogsaverroes.juntadeandalucia.es\/iesallawra\/wp-json\/wp\/v2\/pages"}],"about":[{"href":"https:\/\/blogsaverroes.juntadeandalucia.es\/iesallawra\/wp-json\/wp\/v2\/types\/page"}],"author":[{"embeddable":true,"href":"https:\/\/blogsaverroes.juntadeandalucia.es\/iesallawra\/wp-json\/wp\/v2\/users\/11432"}],"replies":[{"embeddable":true,"href":"https:\/\/blogsaverroes.juntadeandalucia.es\/iesallawra\/wp-json\/wp\/v2\/comments?post=2806"}],"version-history":[{"count":78,"href":"https:\/\/blogsaverroes.juntadeandalucia.es\/iesallawra\/wp-json\/wp\/v2\/pages\/2806\/revisions"}],"predecessor-version":[{"id":3111,"href":"https:\/\/blogsaverroes.juntadeandalucia.es\/iesallawra\/wp-json\/wp\/v2\/pages\/2806\/revisions\/3111"}],"wp:attachment":[{"href":"https:\/\/blogsaverroes.juntadeandalucia.es\/iesallawra\/wp-json\/wp\/v2\/media?parent=2806"}],"curies":[{"name":"wp","href":"https:\/\/api.w.org\/{rel}","templated":true}]}}