{"id":35,"date":"2015-03-13T08:21:43","date_gmt":"2015-03-13T08:21:43","guid":{"rendered":"http:\/\/blogsaverroes.juntadeandalucia.es\/pre\/ceip\/?page_id=35"},"modified":"2021-01-19T10:05:31","modified_gmt":"2021-01-19T10:05:31","slug":"el-centro-2","status":"publish","type":"page","link":"https:\/\/blogsaverroes.juntadeandalucia.es\/iesallawra\/el-centro-2\/","title":{"rendered":"Datos del centro"},"content":{"rendered":"<p>&nbsp;<\/p>\n<h4>Datos de contacto<\/h4>\n<p>IES AL-LAWRA (LORA DEL R\u00cdO, SEVILLA)<\/p>\n<p><strong>Direcci\u00f3n:<\/strong>&nbsp;Pol\u00edgono Las Vi\u00f1as, s\/n. 41440<br \/>\n<strong>Tel\u00e9fono: 955808580<\/strong><br \/>\n<strong>Email:<\/strong>&nbsp;41701894.edu@juntadeandalucia.es<\/p>\n<h4><strong>Horarios:<\/strong><\/h4>\n<p>8:10-14:40<\/p>\n<h4><strong>Oferta educativa<\/strong><\/h4>\n<p>Educaci\u00f3n Secundaria Obligatoria<\/p>\n<h4>Instalaciones<\/h4>\n<p><!-- index.php -->\n<div\n\tclass=\"ngg-galleryoverview\n\t ngg-ajax-pagination-none\t\"\n\tid=\"ngg-gallery-99684dc598f6c067b864159049bb677a-1\">\n\n\t\t<div class=\"slideshowlink\">\n\t\t<a href='https:\/\/blogsaverroes.juntadeandalucia.es\/iesallawra\/el-centro-2\/nggallery\/slideshow'>[Mostrar presentaci\u00f3n de diapositivas]<\/a>\n\n\t<\/div>\n\t\t\t<!-- Thumbnails -->\n\t\t\t\t<div id=\"ngg-image-0\" class=\"ngg-gallery-thumbnail-box\"\n\t\t\t\t\t\t\t\t\t\t\t>\n\t\t\t\t\t\t<div class=\"ngg-gallery-thumbnail\">\n\t\t\t<a href=\"https:\/\/blogsaverroes.juntadeandalucia.es\/iesallawra\/wp-content\/uploads\/sites\/797\/nggallery\/instalaciones\/instalacion01-1.jpg\"\n\t\t\t\ttitle=\"\"\n\t\t\t\tdata-src=\"https:\/\/blogsaverroes.juntadeandalucia.es\/iesallawra\/wp-content\/uploads\/sites\/797\/nggallery\/instalaciones\/instalacion01-1.jpg\"\n\t\t\t\tdata-thumbnail=\"https:\/\/blogsaverroes.juntadeandalucia.es\/iesallawra\/wp-content\/uploads\/sites\/797\/nggallery\/instalaciones\/thumbs\/thumbs_instalacion01-1.jpg\"\n\t\t\t\tdata-image-id=\"29\"\n\t\t\t\tdata-title=\"instalacion01\"\n\t\t\t\tdata-description=\"\"\n\t\t\t\tdata-image-slug=\"instalacion01\"\n\t\t\t\tclass=\"ngg-fancybox\" rel=\"99684dc598f6c067b864159049bb677a\">\n\t\t\t\t<img\n\t\t\t\t\ttitle=\"instalacion01\"\n\t\t\t\t\talt=\"instalacion01\"\n\t\t\t\t\tsrc=\"https:\/\/blogsaverroes.juntadeandalucia.es\/iesallawra\/wp-content\/uploads\/sites\/797\/nggallery\/instalaciones\/thumbs\/thumbs_instalacion01-1.jpg\"\n\t\t\t\t\twidth=\"120\"\n\t\t\t\t\theight=\"90\"\n\t\t\t\t\tstyle=\"max-width:100%;\"\n\t\t\t\t\/>\n\t\t\t<\/a>\n\t\t<\/div>\n\t\t\t\t\t\t\t<\/div>\n\t\t\t\n\t\t\n\t\t\t\t<div id=\"ngg-image-1\" class=\"ngg-gallery-thumbnail-box\"\n\t\t\t\t\t\t\t\t\t\t\t>\n\t\t\t\t\t\t<div class=\"ngg-gallery-thumbnail\">\n\t\t\t<a href=\"https:\/\/blogsaverroes.juntadeandalucia.es\/iesallawra\/wp-content\/uploads\/sites\/797\/nggallery\/instalaciones\/instalacion02-1.jpg\"\n\t\t\t\ttitle=\"\"\n\t\t\t\tdata-src=\"https:\/\/blogsaverroes.juntadeandalucia.es\/iesallawra\/wp-content\/uploads\/sites\/797\/nggallery\/instalaciones\/instalacion02-1.jpg\"\n\t\t\t\tdata-thumbnail=\"https:\/\/blogsaverroes.juntadeandalucia.es\/iesallawra\/wp-content\/uploads\/sites\/797\/nggallery\/instalaciones\/thumbs\/thumbs_instalacion02-1.jpg\"\n\t\t\t\tdata-image-id=\"30\"\n\t\t\t\tdata-title=\"instalacion02\"\n\t\t\t\tdata-description=\"\"\n\t\t\t\tdata-image-slug=\"instalacion02\"\n\t\t\t\tclass=\"ngg-fancybox\" rel=\"99684dc598f6c067b864159049bb677a\">\n\t\t\t\t<img\n\t\t\t\t\ttitle=\"instalacion02\"\n\t\t\t\t\talt=\"instalacion02\"\n\t\t\t\t\tsrc=\"https:\/\/blogsaverroes.juntadeandalucia.es\/iesallawra\/wp-content\/uploads\/sites\/797\/nggallery\/instalaciones\/thumbs\/thumbs_instalacion02-1.jpg\"\n\t\t\t\t\twidth=\"120\"\n\t\t\t\t\theight=\"90\"\n\t\t\t\t\tstyle=\"max-width:100%;\"\n\t\t\t\t\/>\n\t\t\t<\/a>\n\t\t<\/div>\n\t\t\t\t\t\t\t<\/div>\n\t\t\t\n\t\t\n\t\t\t\t<div id=\"ngg-image-2\" class=\"ngg-gallery-thumbnail-box\"\n\t\t\t\t\t\t\t\t\t\t\t>\n\t\t\t\t\t\t<div class=\"ngg-gallery-thumbnail\">\n\t\t\t<a href=\"https:\/\/blogsaverroes.juntadeandalucia.es\/iesallawra\/wp-content\/uploads\/sites\/797\/nggallery\/instalaciones\/instalacion03-1.jpg\"\n\t\t\t\ttitle=\"\"\n\t\t\t\tdata-src=\"https:\/\/blogsaverroes.juntadeandalucia.es\/iesallawra\/wp-content\/uploads\/sites\/797\/nggallery\/instalaciones\/instalacion03-1.jpg\"\n\t\t\t\tdata-thumbnail=\"https:\/\/blogsaverroes.juntadeandalucia.es\/iesallawra\/wp-content\/uploads\/sites\/797\/nggallery\/instalaciones\/thumbs\/thumbs_instalacion03-1.jpg\"\n\t\t\t\tdata-image-id=\"31\"\n\t\t\t\tdata-title=\"instalacion03\"\n\t\t\t\tdata-description=\"\"\n\t\t\t\tdata-image-slug=\"instalacion03\"\n\t\t\t\tclass=\"ngg-fancybox\" rel=\"99684dc598f6c067b864159049bb677a\">\n\t\t\t\t<img\n\t\t\t\t\ttitle=\"instalacion03\"\n\t\t\t\t\talt=\"instalacion03\"\n\t\t\t\t\tsrc=\"https:\/\/blogsaverroes.juntadeandalucia.es\/iesallawra\/wp-content\/uploads\/sites\/797\/nggallery\/instalaciones\/thumbs\/thumbs_instalacion03-1.jpg\"\n\t\t\t\t\twidth=\"120\"\n\t\t\t\t\theight=\"90\"\n\t\t\t\t\tstyle=\"max-width:100%;\"\n\t\t\t\t\/>\n\t\t\t<\/a>\n\t\t<\/div>\n\t\t\t\t\t\t\t<\/div>\n\t\t\t\n\t\t\n\t\t\t\t<div id=\"ngg-image-3\" class=\"ngg-gallery-thumbnail-box\"\n\t\t\t\t\t\t\t\t\t\t\t>\n\t\t\t\t\t\t<div class=\"ngg-gallery-thumbnail\">\n\t\t\t<a href=\"https:\/\/blogsaverroes.juntadeandalucia.es\/iesallawra\/wp-content\/uploads\/sites\/797\/nggallery\/instalaciones\/instalacion04-1.jpg\"\n\t\t\t\ttitle=\"\"\n\t\t\t\tdata-src=\"https:\/\/blogsaverroes.juntadeandalucia.es\/iesallawra\/wp-content\/uploads\/sites\/797\/nggallery\/instalaciones\/instalacion04-1.jpg\"\n\t\t\t\tdata-thumbnail=\"https:\/\/blogsaverroes.juntadeandalucia.es\/iesallawra\/wp-content\/uploads\/sites\/797\/nggallery\/instalaciones\/thumbs\/thumbs_instalacion04-1.jpg\"\n\t\t\t\tdata-image-id=\"32\"\n\t\t\t\tdata-title=\"instalacion04\"\n\t\t\t\tdata-description=\"\"\n\t\t\t\tdata-image-slug=\"instalacion04\"\n\t\t\t\tclass=\"ngg-fancybox\" rel=\"99684dc598f6c067b864159049bb677a\">\n\t\t\t\t<img\n\t\t\t\t\ttitle=\"instalacion04\"\n\t\t\t\t\talt=\"instalacion04\"\n\t\t\t\t\tsrc=\"https:\/\/blogsaverroes.juntadeandalucia.es\/iesallawra\/wp-content\/uploads\/sites\/797\/nggallery\/instalaciones\/thumbs\/thumbs_instalacion04-1.jpg\"\n\t\t\t\t\twidth=\"120\"\n\t\t\t\t\theight=\"90\"\n\t\t\t\t\tstyle=\"max-width:100%;\"\n\t\t\t\t\/>\n\t\t\t<\/a>\n\t\t<\/div>\n\t\t\t\t\t\t\t<\/div>\n\t\t\t\n\t\t\n\t\t\n\t\t<!-- Pagination -->\n\t\t<div class='ngg-clear'><\/div>\t<\/div>\n<\/p>\n<p>&nbsp;<\/p>\n","protected":false},"excerpt":{"rendered":"<p>&nbsp; Datos de contacto IES AL-LAWRA (LORA DEL R\u00cdO, SEVILLA) Direcci\u00f3n:&nbsp;Pol\u00edgono Las Vi\u00f1as, s\/n. 41440 Tel\u00e9fono: 955808580 Email:&nbsp;41701894.edu@juntadeandalucia.es Horarios: 8:10-14:40 Oferta educativa Educaci\u00f3n Secundaria Obligatoria Instalaciones [Mostrar presentaci\u00f3n de diapositivas] &nbsp;<\/p>\n","protected":false},"author":1,"featured_media":0,"parent":0,"menu_order":0,"comment_status":"open","ping_status":"open","template":"","meta":{"ngg_post_thumbnail":0,"footnotes":"","_mc_calendar":[]},"aioseo_notices":[],"_links":{"self":[{"href":"https:\/\/blogsaverroes.juntadeandalucia.es\/iesallawra\/wp-json\/wp\/v2\/pages\/35"}],"collection":[{"href":"https:\/\/blogsaverroes.juntadeandalucia.es\/iesallawra\/wp-json\/wp\/v2\/pages"}],"about":[{"href":"https:\/\/blogsaverroes.juntadeandalucia.es\/iesallawra\/wp-json\/wp\/v2\/types\/page"}],"author":[{"embeddable":true,"href":"https:\/\/blogsaverroes.juntadeandalucia.es\/iesallawra\/wp-json\/wp\/v2\/users\/1"}],"replies":[{"embeddable":true,"href":"https:\/\/blogsaverroes.juntadeandalucia.es\/iesallawra\/wp-json\/wp\/v2\/comments?post=35"}],"version-history":[{"count":21,"href":"https:\/\/blogsaverroes.juntadeandalucia.es\/iesallawra\/wp-json\/wp\/v2\/pages\/35\/revisions"}],"predecessor-version":[{"id":2640,"href":"https:\/\/blogsaverroes.juntadeandalucia.es\/iesallawra\/wp-json\/wp\/v2\/pages\/35\/revisions\/2640"}],"wp:attachment":[{"href":"https:\/\/blogsaverroes.juntadeandalucia.es\/iesallawra\/wp-json\/wp\/v2\/media?parent=35"}],"curies":[{"name":"wp","href":"https:\/\/api.w.org\/{rel}","templated":true}]}}