{"id":367,"date":"2015-03-18T10:25:01","date_gmt":"2015-03-18T10:25:01","guid":{"rendered":"http:\/\/blogsaverroes.juntadeandalucia.es\/pre\/ceip\/?page_id=367"},"modified":"2020-12-22T09:35:50","modified_gmt":"2020-12-22T09:35:50","slug":"materiales-recursos","status":"publish","type":"page","link":"https:\/\/blogsaverroes.juntadeandalucia.es\/iesallawra\/ingles\/materiales-recursos\/","title":{"rendered":"Materiales, recursos&#8230;"},"content":{"rendered":"<p><a href=\"https:\/\/blogsaverroes.juntadeandalucia.es\/iesallawra\/files\/2020\/12\/PROGRAMACI\u00d3N-LENGUA-LAT\u00cdN.pdf\">PROGRAMACI\u00d3N DE LENGUA Y LAT\u00cdN<\/a><\/p>\n<p>&nbsp;<\/p>\n<p style=\"font-weight: 400\">Recursos en l\u00ednea:<\/p>\n<p style=\"font-weight: 400\"><a href=\"https:\/\/dle.rae.es\/diccionario\" data-saferedirecturl=\"https:\/\/www.google.com\/url?q=https:\/\/dle.rae.es\/diccionario&amp;source=gmail&amp;ust=1607064953298000&amp;usg=AFQjCNF76s_zg6eqFlMdWvG2ZIWO0FgVRw\">https:\/\/dle.rae.es\/diccionario<\/a><\/p>\n<p style=\"font-weight: 400\"><a href=\"https:\/\/www.rae.es\/dpd\/\" data-saferedirecturl=\"https:\/\/www.google.com\/url?q=https:\/\/www.rae.es\/dpd\/&amp;source=gmail&amp;ust=1607064953298000&amp;usg=AFQjCNH2R7THOwkW79T_3ciXI4KzPi_4hQ\">https:\/\/www.rae.es\/dpd\/<\/a><\/p>\n<p style=\"font-weight: 400\"><a href=\"http:\/\/amediavoz.com\/\" data-saferedirecturl=\"https:\/\/www.google.com\/url?q=http:\/\/amediavoz.com\/&amp;source=gmail&amp;ust=1607064953298000&amp;usg=AFQjCNGeTTVFPglFYF6z1aokuOpejp6UGw\">http:\/\/amediavoz.com\/<\/a><\/p>\n<p style=\"font-weight: 400\"><a href=\"https:\/\/www.elcastellano.org\/\" data-saferedirecturl=\"https:\/\/www.google.com\/url?q=https:\/\/www.elcastellano.org\/&amp;source=gmail&amp;ust=1607064953299000&amp;usg=AFQjCNGraCbuY6V8aJNMJeN8aH99RNI03Q\">https:\/\/www.elcastellano.org\/<\/a><\/p>\n<p style=\"font-weight: 400\"><a href=\"https:\/\/www.goodreads.com\/\" data-saferedirecturl=\"https:\/\/www.google.com\/url?q=https:\/\/www.goodreads.com\/&amp;source=gmail&amp;ust=1607064953299000&amp;usg=AFQjCNGXvyFrxjTjWkKsVRvo7ZbWyUwqJQ\">https:\/\/www.goodreads.com\/<\/a><\/p>\n","protected":false},"excerpt":{"rendered":"<p>PROGRAMACI\u00d3N DE LENGUA Y LAT\u00cdN &nbsp; Recursos en l\u00ednea: https:\/\/dle.rae.es\/diccionario https:\/\/www.rae.es\/dpd\/ http:\/\/amediavoz.com\/ https:\/\/www.elcastellano.org\/ https:\/\/www.goodreads.com\/<\/p>\n","protected":false},"author":1,"featured_media":0,"parent":155,"menu_order":0,"comment_status":"open","ping_status":"open","template":"page-templates\/child-menu.php","meta":{"ngg_post_thumbnail":0,"footnotes":"","_mc_calendar":[]},"aioseo_notices":[],"_links":{"self":[{"href":"https:\/\/blogsaverroes.juntadeandalucia.es\/iesallawra\/wp-json\/wp\/v2\/pages\/367"}],"collection":[{"href":"https:\/\/blogsaverroes.juntadeandalucia.es\/iesallawra\/wp-json\/wp\/v2\/pages"}],"about":[{"href":"https:\/\/blogsaverroes.juntadeandalucia.es\/iesallawra\/wp-json\/wp\/v2\/types\/page"}],"author":[{"embeddable":true,"href":"https:\/\/blogsaverroes.juntadeandalucia.es\/iesallawra\/wp-json\/wp\/v2\/users\/1"}],"replies":[{"embeddable":true,"href":"https:\/\/blogsaverroes.juntadeandalucia.es\/iesallawra\/wp-json\/wp\/v2\/comments?post=367"}],"version-history":[{"count":9,"href":"https:\/\/blogsaverroes.juntadeandalucia.es\/iesallawra\/wp-json\/wp\/v2\/pages\/367\/revisions"}],"predecessor-version":[{"id":2540,"href":"https:\/\/blogsaverroes.juntadeandalucia.es\/iesallawra\/wp-json\/wp\/v2\/pages\/367\/revisions\/2540"}],"up":[{"embeddable":true,"href":"https:\/\/blogsaverroes.juntadeandalucia.es\/iesallawra\/wp-json\/wp\/v2\/pages\/155"}],"wp:attachment":[{"href":"https:\/\/blogsaverroes.juntadeandalucia.es\/iesallawra\/wp-json\/wp\/v2\/media?parent=367"}],"curies":[{"name":"wp","href":"https:\/\/api.w.org\/{rel}","templated":true}]}}