{"id":42,"date":"2015-03-13T08:40:47","date_gmt":"2015-03-13T08:40:47","guid":{"rendered":"http:\/\/blogsaverroes.juntadeandalucia.es\/pre\/ceip\/?page_id=42"},"modified":"2021-12-20T19:22:01","modified_gmt":"2021-12-20T19:22:01","slug":"equipo-directivo","status":"publish","type":"page","link":"https:\/\/blogsaverroes.juntadeandalucia.es\/iesallawra\/equipo-directivo\/","title":{"rendered":"Equipo directivo"},"content":{"rendered":"<p>&nbsp;<\/p>\n<p><strong>Direcci\u00f3n: Mar\u00eda Jos\u00e9 de Setefilla Rodr\u00edguez Navarro\/ email: setenavarro@ies-allawra.es<\/strong><\/p>\n<p><strong>Jefatura de estudios: Aurora Mar\u00eda Villa Eslava\/ email: auroravilla@<\/strong><strong>ies-allawra.es<\/strong><\/p>\n<p><strong>Secretar\u00eda: Mar\u00eda Cristina Mart\u00edn Farf\u00e1n\/ email: cristinamartin@ies-allawra<\/strong><\/p>\n","protected":false},"excerpt":{"rendered":"<p>&nbsp; Direcci\u00f3n: Mar\u00eda Jos\u00e9 de Setefilla Rodr\u00edguez Navarro\/ email: setenavarro@ies-allawra.es Jefatura de estudios: Aurora Mar\u00eda Villa Eslava\/ email: auroravilla@ies-allawra.es Secretar\u00eda: Mar\u00eda Cristina Mart\u00edn Farf\u00e1n\/ email: cristinamartin@ies-allawra<\/p>\n","protected":false},"author":1,"featured_media":0,"parent":0,"menu_order":0,"comment_status":"open","ping_status":"open","template":"page-templates\/child-menu.php","meta":{"ngg_post_thumbnail":0,"footnotes":"","_mc_calendar":[]},"aioseo_notices":[],"_links":{"self":[{"href":"https:\/\/blogsaverroes.juntadeandalucia.es\/iesallawra\/wp-json\/wp\/v2\/pages\/42"}],"collection":[{"href":"https:\/\/blogsaverroes.juntadeandalucia.es\/iesallawra\/wp-json\/wp\/v2\/pages"}],"about":[{"href":"https:\/\/blogsaverroes.juntadeandalucia.es\/iesallawra\/wp-json\/wp\/v2\/types\/page"}],"author":[{"embeddable":true,"href":"https:\/\/blogsaverroes.juntadeandalucia.es\/iesallawra\/wp-json\/wp\/v2\/users\/1"}],"replies":[{"embeddable":true,"href":"https:\/\/blogsaverroes.juntadeandalucia.es\/iesallawra\/wp-json\/wp\/v2\/comments?post=42"}],"version-history":[{"count":6,"href":"https:\/\/blogsaverroes.juntadeandalucia.es\/iesallawra\/wp-json\/wp\/v2\/pages\/42\/revisions"}],"predecessor-version":[{"id":2855,"href":"https:\/\/blogsaverroes.juntadeandalucia.es\/iesallawra\/wp-json\/wp\/v2\/pages\/42\/revisions\/2855"}],"wp:attachment":[{"href":"https:\/\/blogsaverroes.juntadeandalucia.es\/iesallawra\/wp-json\/wp\/v2\/media?parent=42"}],"curies":[{"name":"wp","href":"https:\/\/api.w.org\/{rel}","templated":true}]}}