{"id":1238,"date":"2022-02-07T16:51:21","date_gmt":"2022-02-07T15:51:21","guid":{"rendered":"https:\/\/blogsaverroes.juntadeandalucia.es\/iesalmiceran\/?page_id=1238"},"modified":"2023-07-17T12:28:30","modified_gmt":"2023-07-17T10:28:30","slug":"plc","status":"publish","type":"page","link":"https:\/\/blogsaverroes.juntadeandalucia.es\/iesalmiceran\/plc\/","title":{"rendered":"Proyecto Ling\u00fc\u00edstico de Centro"},"content":{"rendered":"<p>[et_pb_section fb_built=&#8221;1&#8243; _builder_version=&#8221;3.22&#8243; global_colors_info=&#8221;{}&#8221;][et_pb_row _builder_version=&#8221;3.25&#8243; background_size=&#8221;initial&#8221; background_position=&#8221;top_left&#8221; background_repeat=&#8221;repeat&#8221; global_colors_info=&#8221;{}&#8221;][et_pb_column type=&#8221;4_4&#8243; _builder_version=&#8221;3.25&#8243; custom_padding=&#8221;|||&#8221; global_colors_info=&#8221;{}&#8221; custom_padding__hover=&#8221;|||&#8221;][et_pb_image _builder_version=&#8221;4.5.0&#8243; _module_preset=&#8221;default&#8221; global_colors_info=&#8221;{}&#8221;][\/et_pb_image][et_pb_image src=&#8221;https:\/\/blogsaverroes.juntadeandalucia.es\/iesalmiceran\/files\/2022\/02\/PLC2.jpg&#8221; title_text=&#8221;PLC2&#8243; _builder_version=&#8221;4.14.5&#8243; _module_preset=&#8221;default&#8221; global_colors_info=&#8221;{}&#8221;][\/et_pb_image][et_pb_text _builder_version=&#8221;4.14.5&#8243; background_size=&#8221;initial&#8221; background_position=&#8221;top_left&#8221; background_repeat=&#8221;repeat&#8221; custom_padding=&#8221;||9px|||&#8221; global_colors_info=&#8221;{}&#8221;]<\/p>\n<p style=\"margin-bottom: 0cm\"><span style=\"font-size: x-large\"><\/span><\/p>\n<p style=\"margin-bottom: 0cm\"><span style=\"font-size: x-large\"><\/span><\/p>\n<p style=\"margin-bottom: 0cm\"><span style=\"font-size: x-large\">\u00a0Justificaci\u00f3n<\/span><\/p>\n<p style=\"margin-bottom: 0cm\" align=\"LEFT\"><span style=\"font-size: large\">\u00a0\u00a0\u00a0\u00a0 El PLC posee como objetivo fundamental impulsar y apoyar la puesta en marcha en los centros educativos de un proyecto global para la mejora de la competencia en comunicaci\u00f3n ling\u00fc\u00edstica. El PLC abarca tres a\u00f1os y exige el compromiso de m\u00e1s del 50% del claustro. La sensibilidad hacia esta problem\u00e1tica nos mueve a trabajar en equipo y colaborar con un grado alto de implicaci\u00f3n. <\/span><\/p>\n<p style=\"margin-bottom: 0cm\" align=\"LEFT\"><span style=\"font-size: large\">\u00a0\u00a0\u00a0\u00a0 El 17 de diciembre, ante el responsable del CEP Jos\u00e9 Luis Pel\u00e1ez, se crea y firma el acta de constituci\u00f3n de la comisi\u00f3n que asumir\u00e1 las tareas pertinentes en la implementaci\u00f3n del programa.<\/span><\/p>\n<p style=\"margin-bottom: 0cm\" align=\"LEFT\"><span style=\"font-size: large\">Siendo esta formada por: <\/span><\/p>\n<p style=\"margin-bottom: 0cm\" align=\"LEFT\"><span style=\"font-size: large\">\u00a0\u00a0\u00a0\u00a0 Mar\u00eda Antonia Pardo D\u00edaz, responsable del \u00e1rea de Biling\u00fcismo.<\/span><\/p>\n<p style=\"margin-bottom: 0cm\" align=\"LEFT\"><span style=\"font-size: large\">\u00a0\u00a0\u00a0\u00a0 Carlos Viedma S\u00e1nchez, responsable del \u00c1NL.<\/span><\/p>\n<p style=\"margin-bottom: 0cm\" align=\"LEFT\"><span style=\"font-size: large\">\u00a0\u00a0\u00a0\u00a0 Lourdes Consuegra Molina, responsable del \u00e1rea de Inform\u00e1tica y de Formaci\u00f3n Profesional.<\/span><\/p>\n<p style=\"margin-bottom: 0cm\" align=\"LEFT\"><span style=\"font-size: large\">\u00a0\u00a0\u00a0\u00a0 Mar\u00eda Luisa P\u00e9rez Espartero, responsable de la Biblioteca.<\/span><\/p>\n<p style=\"margin-bottom: 0cm\" align=\"LEFT\"><span style=\"font-size: large\">\u00a0\u00a0\u00a0\u00a0 Antonia Doncel Lend\u00ednez, responsable de Orientaci\u00f3n.<\/span><\/p>\n<p style=\"margin-bottom: 0cm\" align=\"LEFT\"><span style=\"font-size: large\">\u00a0\u00a0\u00a0\u00a0 Beatriz L\u00f3pez Delgado, Jefa del Dpto. De Formaci\u00f3n,Innovaci\u00f3n.<\/span><\/p>\n<p style=\"margin-bottom: 0cm\" align=\"LEFT\"><span style=\"font-size: large\">\u00a0\u00a0\u00a0\u00a0 M\u00aaBego\u00f1a D\u00edez Bengoechea, Jefa de Estudios<\/span><\/p>\n<p style=\"margin-bottom: 0cm\" align=\"LEFT\"><span style=\"font-size: large\">\u00a0\u00a0\u00a0\u00a0 M\u00aaElena Mendieta Lorente, coordinadora del PLC<\/span><\/p>\n<p style=\"margin-bottom: 0cm\"><span style=\"font-size: large\">\u00a0\u00a0\u00a0\u00a0 El aprendizaje de la lengua oral y escrita es el elemento vehicular en todas las \u00e1reas y materias. Es preciso mejorar la competencia comunicativa porque est\u00e1 presente en todas las disciplinas ya que afecta a la expresi\u00f3n, a la producci\u00f3n y a la comprensi\u00f3n tanto de la modalidad escrita como de la oral. Esto es tarea de todas las \u00e1reas, no solo de Lengua Castellana. <\/span><\/p>\n<p style=\"margin-bottom: 0cm\"><span style=\"font-size: large\">\u00a0\u00a0\u00a0\u00a0 Nuestro IES comienza esta aventura avalada por el consolidado Plan Lector , por el buen funcionamiento de la Biblioteca, por a\u00f1os consolidados de docencia biling\u00fce y por lo que es m\u00e1s importante: por el compromiso del claustro. Consciente de que queremos que nuestro alumnado sea competente porque en la escritura y en la lectura , en la producci\u00f3n y en la interpretaci\u00f3n de textos y en las interacciones orales encontrar\u00e1n las herramientas para construir el saber. <\/span><\/p>\n<p style=\"margin-left: -0.2cm;margin-bottom: 0cm;background: transparent\" align=\"LEFT\"><span style=\"font-size: large\">\u00a0\u00a0\u00a0\u00a0 En este apartado de nuestra p\u00e1gina web iremos incluyendo evidencias del trabajo realizado, los acuerdos, y compromisos, las actividades, los documentos normalizados.<\/span><\/p>\n<p style=\"margin-left: -0.2cm;margin-bottom: 0cm;background: transparent\" align=\"LEFT\"><span style=\"font-size: large\"><\/span><\/p>\n<h1 style=\"margin-left: -0.2cm;margin-bottom: 0cm;background: transparent\" align=\"LEFT\"><strong><span style=\"font-size: large\">NORMALIZACI\u00d3N:<\/span><\/strong><\/h1>\n<ul>\n<li><strong><span style=\"font-size: large\"><a href=\"https:\/\/blogsaverroes.juntadeandalucia.es\/iesalmiceran\/files\/2022\/02\/PLC-CRONOGRAMA.pdf\">Cronograma Informativo 1er a\u00f1o<\/a><\/span><\/strong><\/li>\n<li><a href=\"https:\/\/blogsaverroes.juntadeandalucia.es\/iesalmiceran\/files\/2022\/11\/PLC-Cuadrantes_watermark.pdf\"><strong><span style=\"font-size: large\">Cronograma Informativo 2o a\u00f1o<\/span><\/strong><\/a><\/li>\n<li><strong><span style=\"font-size: large\"><a href=\"https:\/\/blogsaverroes.juntadeandalucia.es\/iesalmiceran\/files\/2022\/05\/CABECERA-EXAMENES.pdf\">Cabecera de ex\u00e1menes<\/a><\/span><\/strong><strong><span style=\"font-size: large\"><\/span><\/strong><\/li>\n<li><a href=\"https:\/\/blogsaverroes.juntadeandalucia.es\/iesalmiceran\/files\/2022\/05\/Rubrica-expresion-oral-segunda-lengua_watermark.pdf\"><strong><span style=\"font-size: large\">R\u00fabrica de expresi\u00f3n oral del Departamentos de Lenguas Extranjeras.<\/span><\/strong><\/a><\/li>\n<li><a href=\"https:\/\/blogsaverroes.juntadeandalucia.es\/iesalmiceran\/files\/2022\/05\/RUBRICA_PLC_DEPARTAMENTO_ARTES_watermark.pdf\"><strong><span style=\"font-size: large\">R\u00fabrica de expresi\u00f3n oral del Departamento de Artes.<\/span><\/strong><\/a><\/li>\n<li><strong><span style=\"font-size: large\"><a href=\"https:\/\/blogsaverroes.juntadeandalucia.es\/iesalmiceran\/files\/2022\/05\/R\u00fabrica-exposici\u00f3n-oral-AULA-FBO_watermark.pdf\">R\u00fabrica de expresi\u00f3n oral del Aula FBO.<\/a><br \/><\/span><\/strong><\/li>\n<li><a href=\"https:\/\/blogsaverroes.juntadeandalucia.es\/iesalmiceran\/files\/2022\/05\/R\u00fabrica-para-elaborar-expresi\u00f3n-oral_watermark.pdf\"><strong><span style=\"font-size: large\">R\u00fabrica de expresi\u00f3n oral del Resto de Departamentos.<\/span><\/strong><\/a><\/li>\n<li><a href=\"https:\/\/blogsaverroes.juntadeandalucia.es\/iesalmiceran\/files\/2022\/11\/PLC-Presentaciones_watermark.pdf\"><strong><span style=\"font-size: large\">Tutorial de Aplicaciones para mejorar la Exposici\u00f3n Oral.<\/span><\/strong><\/a><\/li>\n<li><a href=\"https:\/\/blogsaverroes.juntadeandalucia.es\/iesalmiceran\/files\/2022\/05\/R\u00fabrica-de-evaluaci\u00f3n.-Nivel-espa\u00f1ol_watermark.pdf\"><strong><span style=\"font-size: large\">R\u00fabrica de valoraci\u00f3n del Nivel Competencial para Alumnado Extranjero.<\/span><\/strong><\/a><\/li>\n<li><a href=\"https:\/\/blogsaverroes.juntadeandalucia.es\/iesalmiceran\/files\/2022\/05\/rubrica_para_evaluar_un_debate_watermark.pdf\"><strong><span style=\"font-size: large\">R\u00fabrica de Debate I.<\/span><\/strong><\/a><\/li>\n<li><strong><span style=\"font-size: large\">R\u00fabrica de Debate II.<\/span><\/strong><\/li>\n<li><a href=\"https:\/\/blogsaverroes.juntadeandalucia.es\/iesalmiceran\/files\/2022\/05\/Partes-de-un-trabajo-acad\u00e9mico-1_watermark.pdf\"><strong><span style=\"font-size: large\">R\u00fabrica de Trabajo Acad\u00e9mico.<\/span><\/strong><\/a><\/li>\n<\/ul>\n<p><strong><span style=\"font-size: large\"><\/span><\/strong><\/p>\n<h1 style=\"margin-left: -0.2cm;margin-bottom: 0cm;background: transparent\" align=\"LEFT\"><strong><span style=\"font-size: large\">ACTIVIDADES:<\/span><\/strong><\/h1>\n<ul>\n<li style=\"background: transparent none repeat scroll 0% 0%\" align=\"LEFT\"><strong><span style=\"font-size: large\">Escribimos (Plan de Escritura).<\/span><\/strong><\/li>\n<\/ul>\n<h1 style=\"margin-left: -0.2cm;margin-bottom: 0cm;background: transparent\" align=\"LEFT\"><strong><span style=\"font-size: large\">Participaci\u00f3n en Concursos Literarios<\/span><\/strong><\/h1>\n<h1 style=\"margin-left: -0.2cm;margin-bottom: 0cm;background: transparent\" align=\"LEFT\"><strong><span style=\"font-size: large\">FYQ: \u00bfQui\u00e9n nos ha robado las estrellas? (Ba\u00f1os de la Encina)<br \/><\/span><\/strong><\/h1>\n<h1 style=\"margin-left: -0.2cm;margin-bottom: 0cm;background: transparent\" align=\"LEFT\"><strong><span style=\"font-size: large\"> BYG: Desarrollo sostenible, c\u00f3mo cuidar la naturaleza (Diario Ja\u00e9n)<\/span><\/strong><\/h1>\n<h1 style=\"margin-left: -0.2cm;margin-bottom: 0cm;background: transparent\" align=\"LEFT\"><strong><span style=\"font-size: large\">LCL: Mi libro preferido y II Certamen Literario Pr\u00edncipe de Tugia<\/span><\/strong><strong style=\"font-size: 14px\"><span style=\"font-size: large\"><\/span><\/strong><\/h1>\n<h1 style=\"margin-left: -0.2cm;margin-bottom: 0cm;background: transparent\" align=\"LEFT\"><a href=\"https:\/\/bilinguismoiesalmiceran.blogspot.com\/2022\/01\/my-first-digital-book.html?m=1\"><strong><span style=\"font-size: large\">My First Digital Book<\/span><\/strong><\/a><\/h1>\n<h1 style=\"margin-left: -0.2cm;margin-bottom: 0cm;background: transparent\" align=\"LEFT\"><a href=\"https:\/\/ceschouettelefrancais.blogspot.com\/2022\/04\/ca-va-barder-notre-roman-photo.html?m=1\"><strong><span style=\"font-size: large\">Revista Miraculous I<\/span><\/strong><\/a><\/h1>\n<h1 style=\"margin-left: -0.2cm;margin-bottom: 0cm;background: transparent\" align=\"LEFT\"><strong><span style=\"font-size: large\"><a href=\"https:\/\/blogsaverroes.juntadeandalucia.es\/iesalmiceran\/files\/2023\/05\/Miraculus-II.pdf\">Revista Miraculous II<\/a><\/span><\/strong><\/h1>\n<p><strong><span style=\"font-size: large\"><\/span><\/strong><\/p>\n<ul>\n<li style=\"background: transparent none repeat scroll 0% 0%\" align=\"LEFT\"><strong><span style=\"font-size: large\">Hablamos (Plan de Oralidad)<\/span><\/strong><\/li>\n<\/ul>\n<p><strong><span style=\"font-size: large\"><\/span><\/strong><\/p>\n<h1 style=\"margin-left: -0.2cm;margin-bottom: 0cm;background: transparent\" align=\"LEFT\"><strong><span style=\"font-size: large\">Podcast<\/span><\/strong><\/h1>\n<ul>\n<li><a href=\"https:\/\/www.spreaker.com\/episode\/53196302\"><strong><span style=\"font-size: large\">Podcast de 1\u00ba de ESO<\/span><\/strong><\/a><\/li>\n<li><strong><span style=\"font-size: large\"><a href=\"https:\/\/blogsaverroes.juntadeandalucia.es\/iesalmiceran\/files\/2023\/05\/Podcast-segundo-de-ESO.zip\">Podcast de 2\u00ba de ESO<\/a> (archivo comprimido)<\/span><\/strong><\/li>\n<li><a href=\"https:\/\/www.spreaker.com\/user\/17023787\/recetas-de-cocina-de-peal-de-becerro\"><strong><span style=\"font-size: large\">Podcast de 3\u00ba de ESO<\/span><\/strong><\/a><strong><span style=\"font-size: large\"><\/span><\/strong><\/li>\n<\/ul>\n<h1 style=\"margin-left: -0.2cm;margin-bottom: 0cm;background: transparent\" align=\"LEFT\"><strong><span style=\"font-size: large\">Debates<\/span><\/strong><\/h1>\n<ul>\n<li><strong><span style=\"font-size: large\"><a href=\"https:\/\/blogsaverroes.juntadeandalucia.es\/iesalmiceran\/files\/2023\/05\/03_PRINCIPIOS-B\u00c1SICOS-PARA-PRODUCIR-UN-BUEN-DEBATE.pdf\">Principios B\u00e1sicos para Producir un Buen Debate<\/a><\/span><\/strong><\/li>\n<li><a href=\"https:\/\/blogsaverroes.juntadeandalucia.es\/iesalmiceran\/files\/2023\/05\/05_MODELO-DE-VALORACI\u00d3N-DEL-DEBATE-EDUCATIVO_2.pdf\"><strong><span style=\"font-size: large\">Modelo de Valoraci\u00f3n del Debate Educativo<\/span><\/strong><\/a><\/li>\n<li><a href=\"https:\/\/blogsaverroes.juntadeandalucia.es\/iesalmiceran\/files\/2023\/05\/06_R\u00daBRICA-DE-VALORACI\u00d3N-DE-UN-DEBATE.pdf\"><strong><span style=\"font-size: large\">R\u00fabrica de Valoraci\u00f3n de un Debate<\/span><\/strong><\/a><\/li>\n<li><a href=\"https:\/\/blogsaverroes.juntadeandalucia.es\/iesalmiceran\/files\/2023\/05\/CONTROL-DE-TIEMPOS.pdf\"><strong><span style=\"font-size: large\">Control de Tiempos<\/span><\/strong><\/a><\/li>\n<li><a href=\"https:\/\/drive.google.com\/file\/d\/1GPWCQGpwJwmGNv-fmumqsz5g1S3tH1k0\/view?usp=drive_link\"><strong><span style=\"font-size: large\">Debate en Ingl\u00e9s 1<\/span><\/strong><\/a><\/li>\n<li><a href=\"https:\/\/drive.google.com\/file\/d\/1LUh2y0kC784wl_0qr123If1ZhQSHHA89\/view?usp=drive_link\"><strong><span style=\"font-size: large\">Debate en Ingl\u00e9s 2<\/span><\/strong><\/a><\/li>\n<li><a href=\"https:\/\/drive.google.com\/file\/d\/1ZQ5t7IRempiAes9Uf_qhXH4cs0ltNBw4\/view?usp=drive_link\"><strong><span style=\"font-size: large\">Debate en Ingl\u00e9s 3<\/span><\/strong><\/a><\/li>\n<li><a href=\"https:\/\/drive.google.com\/file\/d\/1Ahv8lbWUCbKHanGIkFHQ46cZwSUxiuYK\/view?usp=drive_link\"><strong><span style=\"font-size: large\">Debate en Ingl\u00e9s 4<\/span><\/strong><\/a><\/li>\n<\/ul>\n<h1 style=\"margin-left: -0.2cm;margin-bottom: 0cm;background: transparent\" align=\"LEFT\"><strong><span style=\"font-size: large\">Exposiciones Orales<\/span><\/strong><\/h1>\n<p><strong><span style=\"font-size: large\"><\/span><\/strong><\/p>\n<ul><\/ul>\n<ul>\n<li style=\"background: transparent none repeat scroll 0% 0%\" align=\"LEFT\"><strong><span style=\"font-size: large\">Nuestras Actividades<\/span><\/strong><\/li>\n<li style=\"background: transparent none repeat scroll 0% 0%\" align=\"LEFT\"><a href=\"https:\/\/blogsaverroes.juntadeandalucia.es\/iesalmiceran\/files\/2023\/05\/Exposici\u00f3n-oral-1.mp4\"><strong><span style=\"font-size: large\">Exposici\u00f3n oral 1<\/span><\/strong><\/a><\/li>\n<li style=\"background: transparent none repeat scroll 0% 0%\" align=\"LEFT\"><a href=\"https:\/\/blogsaverroes.juntadeandalucia.es\/iesalmiceran\/files\/2023\/05\/Exposici\u00f3n-oral-2.mp4\"><strong><span style=\"font-size: large\">Exposici\u00f3n oral 2<\/span><\/strong><\/a><\/li>\n<\/ul>\n<p><strong><span style=\"font-size: large\"><\/span><\/strong><\/p>\n<h1 style=\"margin-left: -0.2cm;margin-bottom: 0cm;background: transparent\" align=\"LEFT\"><strong><span style=\"font-size: large\">Exposici\u00f3n Rafael L\u00e1inez Alcal\u00e1<\/span><\/strong><\/h1>\n<h1 style=\"margin-left: -0.2cm;margin-bottom: 0cm;background: transparent\" align=\"LEFT\"><strong><span style=\"font-size: large\">Pasaporte Lector<\/span><\/strong><\/h1>\n<h1 style=\"margin-left: -0.2cm;margin-bottom: 0cm;background: transparent\" align=\"LEFT\"><strong><span style=\"font-size: large\">Ex Libris<\/span><\/strong><\/h1>\n<h1 style=\"margin-left: -0.2cm;margin-bottom: 0cm;background: transparent\" align=\"LEFT\"><strong style=\"font-size: 47px\"><span style=\"font-size: large\">La Muralla de los Libros<\/span><\/strong><\/h1>\n<h1 style=\"margin-left: -0.2cm;margin-bottom: 0cm;background: transparent\" align=\"LEFT\"><strong><span style=\"font-size: large\">Creaci\u00f3n de Marcap\u00e1ginas y Alfombrillas para PC<\/span><\/strong><\/h1>\n<h1 style=\"margin-left: -0.2cm;margin-bottom: 0cm;background: transparent\" align=\"LEFT\"><strong><span style=\"font-size: large\">Feria del Libro 2022 (30% de descuento)<\/span><\/strong><\/h1>\n<h1 style=\"margin-left: -0.2cm;margin-bottom: 0cm;background: transparent\" align=\"LEFT\"><strong><span style=\"font-size: large\">Feria del Libro 2023<\/span><\/strong><\/h1>\n<h1 style=\"margin-left: -0.2cm;margin-bottom: 0cm;background: transparent\" align=\"LEFT\"><strong><span style=\"font-size: large\">Encuentros con Autor: &#8220;<em>Mi hermano en las alforjas<\/em>&#8221; de <em>Paco Jim\u00e9nez<\/em><\/span><\/strong><\/h1>\n<h1 style=\"margin-left: -0.2cm;margin-bottom: 0cm;background: transparent\" align=\"LEFT\"><strong><span style=\"font-size: large\">La Gaceta del Imperio: Las Nuevas del Siglo de Oro<\/span><\/strong><\/h1>\n<ul>\n<li><a href=\"https:\/\/blogsaverroes.juntadeandalucia.es\/iesalmiceran\/files\/2023\/05\/Gaceta-Imperio-Documento-1.pdf\"><strong><span style=\"font-size: large\">Documento 1<\/span><\/strong><\/a><\/li>\n<li><a href=\"https:\/\/blogsaverroes.juntadeandalucia.es\/iesalmiceran\/files\/2023\/05\/Gaceta-Imperio-Documento-2.pdf\"><strong><span style=\"font-size: large\">Documento 2<\/span><\/strong><\/a><\/li>\n<li><strong><span style=\"font-size: large\"><a href=\"https:\/\/blogsaverroes.juntadeandalucia.es\/iesalmiceran\/files\/2023\/05\/Gaceta-Imperio-Documento-3.pdf\">Documento 3<\/a><br \/><\/span><\/strong><\/li>\n<li><strong><span style=\"font-size: large\"><a href=\"https:\/\/blogsaverroes.juntadeandalucia.es\/iesalmiceran\/files\/2023\/05\/Gaceta-Imperio-Documento-4.pdf\">Documento 4<\/a><br \/><\/span><\/strong><\/li>\n<li><strong><span style=\"font-size: large\"><a href=\"https:\/\/blogsaverroes.juntadeandalucia.es\/iesalmiceran\/files\/2023\/05\/Gaceta-Imperio-Documento-5.pdf\">Documento 5<\/a><br \/><\/span><\/strong><\/li>\n<li><strong><span style=\"font-size: large\"><a href=\"https:\/\/blogsaverroes.juntadeandalucia.es\/iesalmiceran\/files\/2023\/05\/Gaceta-Imperio-Documento-6.pdf\">Documento 6<\/a><\/span><\/strong><\/li>\n<li><strong><span style=\"font-size: large\"><a href=\"https:\/\/blogsaverroes.juntadeandalucia.es\/iesalmiceran\/files\/2023\/07\/Gaceta-Imperio-Documento-7.pdf\">Documento 7<\/a><\/span><\/strong><\/li>\n<li><strong><span style=\"font-size: large\"><a href=\"https:\/\/blogsaverroes.juntadeandalucia.es\/iesalmiceran\/files\/2023\/07\/Gaceta-Imperio-Documento-8.pdf\">Documento 8<\/a><\/span><\/strong><\/li>\n<li><strong><span style=\"font-size: large\"><a href=\"https:\/\/blogsaverroes.juntadeandalucia.es\/iesalmiceran\/files\/2023\/07\/Gaceta-Imperio-Documento-9.pdf\">Documento 9<\/a><\/span><\/strong><\/li>\n<li><strong><span style=\"font-size: large\"><a href=\"https:\/\/blogsaverroes.juntadeandalucia.es\/iesalmiceran\/files\/2023\/07\/Gaceta-Imperio-Documento-10.png\">Documento 10<\/a><\/span><\/strong><\/li>\n<li><strong><span style=\"font-size: large\"><a href=\"https:\/\/blogsaverroes.juntadeandalucia.es\/iesalmiceran\/files\/2023\/07\/Gaceta-Imperio-Documento-11.pdf\">Documento 11<\/a><\/span><\/strong><\/li>\n<li><strong><span style=\"font-size: large\"><a href=\"https:\/\/blogsaverroes.juntadeandalucia.es\/iesalmiceran\/files\/2023\/07\/Gaceta-Imperio-Documento-12.pdf\">Documento 12<\/a><\/span><\/strong><\/li>\n<li><strong><span style=\"font-size: large\"><a href=\"https:\/\/blogsaverroes.juntadeandalucia.es\/iesalmiceran\/files\/2023\/07\/Gaceta-Imperio-Documento-13.pdf\">Documento 13<\/a><br \/><\/span><\/strong><\/li>\n<\/ul>\n<h1 style=\"margin-left: -0.2cm;margin-bottom: 0cm;background: transparent\" align=\"LEFT\"><strong><span style=\"font-size: large\"> Jugando a ser Mito<\/span><\/strong><\/h1>\n<h1 style=\"margin-left: -0.2cm;margin-bottom: 0cm;background: transparent\" align=\"LEFT\"><strong><span style=\"font-size: large\">Las Figuras del Carnaval<\/span><\/strong><\/h1>\n<h1 style=\"margin-left: -0.2cm;margin-bottom: 0cm;background: transparent\" align=\"LEFT\"><strong><span style=\"font-size: large\">Recitales Po\u00e9ticos<\/span><\/strong><\/h1>\n<h1 style=\"margin-left: -0.2cm;margin-bottom: 0cm;background: transparent\" align=\"LEFT\"><strong><span style=\"font-size: large\">Dramatizaciones<\/span><\/strong><\/h1>\n<h1 style=\"margin-left: -0.2cm;margin-bottom: 0cm;background: transparent\" align=\"LEFT\"><strong><span style=\"font-size: large\">Conversaciones de WhatsApp<\/span><\/strong><\/h1>\n<h1 style=\"margin-left: -0.2cm;margin-bottom: 0cm;background: transparent\" align=\"LEFT\"><strong><span style=\"font-size: large\">GALER\u00cdA<\/span><\/strong><\/h1>\n<div style=\"width: 854px;\" class=\"wp-video\"><!--[if lt IE 9]><script>document.createElement('video');<\/script><![endif]-->\n<video class=\"wp-video-shortcode\" id=\"video-1238-1\" width=\"854\" height=\"480\" preload=\"metadata\" controls=\"controls\"><source type=\"video\/mp4\" src=\"https:\/\/blogsaverroes.juntadeandalucia.es\/iesalmiceran\/files\/2022\/05\/PLC-galeria.mp4?_=1\" \/><a href=\"https:\/\/blogsaverroes.juntadeandalucia.es\/iesalmiceran\/files\/2022\/05\/PLC-galeria.mp4\">https:\/\/blogsaverroes.juntadeandalucia.es\/iesalmiceran\/files\/2022\/05\/PLC-galeria.mp4<\/a><\/video><\/div>\n<div style=\"width: 1080px;\" class=\"wp-video\"><video class=\"wp-video-shortcode\" id=\"video-1238-2\" width=\"1080\" height=\"608\" preload=\"metadata\" controls=\"controls\"><source type=\"video\/mp4\" src=\"https:\/\/blogsaverroes.juntadeandalucia.es\/iesalmiceran\/files\/2023\/05\/IES-ALMICER\u00c1N-PLC-SEGUNDO-A\u00d1O.mp4?_=2\" \/><a href=\"https:\/\/blogsaverroes.juntadeandalucia.es\/iesalmiceran\/files\/2023\/05\/IES-ALMICER\u00c1N-PLC-SEGUNDO-A\u00d1O.mp4\">https:\/\/blogsaverroes.juntadeandalucia.es\/iesalmiceran\/files\/2023\/05\/IES-ALMICER\u00c1N-PLC-SEGUNDO-A\u00d1O.mp4<\/a><\/video><\/div>\n<p><a href=\"https:\/\/youtu.be\/5ghrX-8d29Q\">Acto conmemorativo de la Semana Cultural dedicada a D. Rafael L\u00e1inez Alcal\u00e1<\/a><\/p>\n<p>[\/et_pb_text][\/et_pb_column][\/et_pb_row][\/et_pb_section]<\/p>\n","protected":false},"excerpt":{"rendered":"<p>\u00a0Justificaci\u00f3n \u00a0\u00a0\u00a0\u00a0 El PLC posee como objetivo fundamental impulsar y apoyar la puesta en marcha en los centros educativos de un proyecto global para la mejora de la competencia en comunicaci\u00f3n ling\u00fc\u00edstica. El PLC abarca tres a\u00f1os y exige el compromiso de m\u00e1s del 50% del claustro. La sensibilidad hacia esta problem\u00e1tica nos mueve a [&hellip;]<\/p>\n","protected":false},"author":12085,"featured_media":0,"parent":0,"menu_order":0,"comment_status":"closed","ping_status":"closed","template":"","meta":{"_et_pb_use_builder":"on","_et_pb_old_content":"","_et_gb_content_width":"","ngg_post_thumbnail":0,"footnotes":""},"aioseo_notices":[],"_links":{"self":[{"href":"https:\/\/blogsaverroes.juntadeandalucia.es\/iesalmiceran\/wp-json\/wp\/v2\/pages\/1238"}],"collection":[{"href":"https:\/\/blogsaverroes.juntadeandalucia.es\/iesalmiceran\/wp-json\/wp\/v2\/pages"}],"about":[{"href":"https:\/\/blogsaverroes.juntadeandalucia.es\/iesalmiceran\/wp-json\/wp\/v2\/types\/page"}],"author":[{"embeddable":true,"href":"https:\/\/blogsaverroes.juntadeandalucia.es\/iesalmiceran\/wp-json\/wp\/v2\/users\/12085"}],"replies":[{"embeddable":true,"href":"https:\/\/blogsaverroes.juntadeandalucia.es\/iesalmiceran\/wp-json\/wp\/v2\/comments?post=1238"}],"version-history":[{"count":56,"href":"https:\/\/blogsaverroes.juntadeandalucia.es\/iesalmiceran\/wp-json\/wp\/v2\/pages\/1238\/revisions"}],"predecessor-version":[{"id":1900,"href":"https:\/\/blogsaverroes.juntadeandalucia.es\/iesalmiceran\/wp-json\/wp\/v2\/pages\/1238\/revisions\/1900"}],"wp:attachment":[{"href":"https:\/\/blogsaverroes.juntadeandalucia.es\/iesalmiceran\/wp-json\/wp\/v2\/media?parent=1238"}],"curies":[{"name":"wp","href":"https:\/\/api.w.org\/{rel}","templated":true}]}}