{"id":352,"date":"2020-02-13T10:51:34","date_gmt":"2020-02-13T09:51:34","guid":{"rendered":"http:\/\/blogsaverroes.juntadeandalucia.es\/pre\/nuevoiesv2\/?page_id=352"},"modified":"2021-12-18T19:39:36","modified_gmt":"2021-12-18T18:39:36","slug":"planes-y-proyectos","status":"publish","type":"page","link":"https:\/\/blogsaverroes.juntadeandalucia.es\/iesalmiceran\/planes-y-proyectos\/","title":{"rendered":"Planes y Proyectos"},"content":{"rendered":"<p>[et_pb_section fb_built=&#8221;1&#8243; _builder_version=&#8221;3.22&#8243;][et_pb_row _builder_version=&#8221;3.25&#8243; custom_margin=&#8221;-20px|||&#8221; z_index_tablet=&#8221;500&#8243; box_shadow_horizontal_tablet=&#8221;0px&#8221; box_shadow_vertical_tablet=&#8221;0px&#8221; box_shadow_blur_tablet=&#8221;40px&#8221; box_shadow_spread_tablet=&#8221;0px&#8221;][et_pb_column type=&#8221;4_4&#8243; _builder_version=&#8221;3.0.47&#8243; custom_padding=&#8221;|||&#8221; custom_padding__hover=&#8221;|||&#8221;][et_pb_image src=&#8221;https:\/\/blogsaverroes.juntadeandalucia.es\/iesalmiceran\/files\/2020\/02\/cabecera-interior-ies-3.png&#8221; admin_label=&#8221;Imagen de la portada&#8221; _builder_version=&#8221;4.5.0&#8243; vertical_offset_tablet=&#8221;0&#8243; horizontal_offset_tablet=&#8221;0&#8243; z_index_tablet=&#8221;500&#8243; box_shadow_horizontal_tablet=&#8221;0px&#8221; box_shadow_vertical_tablet=&#8221;0px&#8221; box_shadow_blur_tablet=&#8221;40px&#8221; box_shadow_spread_tablet=&#8221;0px&#8221;][\/et_pb_image][et_pb_text admin_label=&#8221;Texto descriptivo&#8221; _builder_version=&#8221;4.5.0&#8243; hover_enabled=&#8221;0&#8243; z_index_tablet=&#8221;500&#8243; text_text_shadow_horizontal_length_tablet=&#8221;0px&#8221; text_text_shadow_vertical_length_tablet=&#8221;0px&#8221; text_text_shadow_blur_strength_tablet=&#8221;1px&#8221; link_text_shadow_horizontal_length_tablet=&#8221;0px&#8221; link_text_shadow_vertical_length_tablet=&#8221;0px&#8221; link_text_shadow_blur_strength_tablet=&#8221;1px&#8221; ul_text_shadow_horizontal_length_tablet=&#8221;0px&#8221; ul_text_shadow_vertical_length_tablet=&#8221;0px&#8221; ul_text_shadow_blur_strength_tablet=&#8221;1px&#8221; ol_text_shadow_horizontal_length_tablet=&#8221;0px&#8221; ol_text_shadow_vertical_length_tablet=&#8221;0px&#8221; ol_text_shadow_blur_strength_tablet=&#8221;1px&#8221; quote_text_shadow_horizontal_length_tablet=&#8221;0px&#8221; quote_text_shadow_vertical_length_tablet=&#8221;0px&#8221; quote_text_shadow_blur_strength_tablet=&#8221;1px&#8221; header_text_shadow_horizontal_length_tablet=&#8221;0px&#8221; header_text_shadow_vertical_length_tablet=&#8221;0px&#8221; header_text_shadow_blur_strength_tablet=&#8221;1px&#8221; header_2_text_shadow_horizontal_length_tablet=&#8221;0px&#8221; header_2_text_shadow_vertical_length_tablet=&#8221;0px&#8221; header_2_text_shadow_blur_strength_tablet=&#8221;1px&#8221; header_3_text_shadow_horizontal_length_tablet=&#8221;0px&#8221; header_3_text_shadow_vertical_length_tablet=&#8221;0px&#8221; header_3_text_shadow_blur_strength_tablet=&#8221;1px&#8221; header_4_text_shadow_horizontal_length_tablet=&#8221;0px&#8221; header_4_text_shadow_vertical_length_tablet=&#8221;0px&#8221; header_4_text_shadow_blur_strength_tablet=&#8221;1px&#8221; header_5_text_shadow_horizontal_length_tablet=&#8221;0px&#8221; header_5_text_shadow_vertical_length_tablet=&#8221;0px&#8221; header_5_text_shadow_blur_strength_tablet=&#8221;1px&#8221; header_6_text_shadow_horizontal_length_tablet=&#8221;0px&#8221; header_6_text_shadow_vertical_length_tablet=&#8221;0px&#8221; header_6_text_shadow_blur_strength_tablet=&#8221;1px&#8221; box_shadow_horizontal_tablet=&#8221;0px&#8221; box_shadow_vertical_tablet=&#8221;0px&#8221; box_shadow_blur_tablet=&#8221;40px&#8221; box_shadow_spread_tablet=&#8221;0px&#8221;]<\/p>\n<h2>Planes y Proyectos<\/h2>\n<p>&nbsp;<\/p>\n<p><span style=\"font-size: x-large\"><strong>Programas para la Innovaci\u00f3n Educativa<\/strong><\/span><\/p>\n<p><span style=\"font-size: large\"><strong><a>AulaDcine<\/a><\/strong><\/span><\/p>\n<p><span style=\"font-size: 12pt\">Aula de Cine es un programa educativo que la Consejer\u00eda de Cultura y Patrimonio Hist\u00f3rico y la Consejer\u00eda de Educaci\u00f3n y Deporte ponen a disposici\u00f3n de los centros de ense\u00f1anza andaluces con la finalidad b\u00e1sica de promover la alfabetizaci\u00f3n audiovisual del alumnado y el profesorado andaluz.<\/span><\/p>\n<p><span style=\"font-size: 12pt\">Visita nuestro blog: <span style=\"color: #3366ff\"><a style=\"color: #3366ff\" href=\"https:\/\/blogsaverroes.juntadeandalucia.es\/auladecineiesalmiceran\/\">https:\/\/blogsaverroes.juntadeandalucia.es\/auladecineiesalmiceran\/<\/a><\/span><\/span><\/p>\n<p><strong><span style=\"font-size: 14pt\"><a>Plan de Igualdad de G\u00e9nero en Educaci\u00f3n<\/a><\/span><\/strong><\/p>\n<p><span style=\"font-size: 12pt\">El dise\u00f1o de las pol\u00edticas a favor de las mujeres ha encontrado su desarrollo en los <strong>Planes de Igualdad<\/strong> que vienen a dar respuesta a la necesidad de conquistar derechos igualitarios para las mujeres, eliminando los obst\u00e1culos que se interponen a la igualdad real y al acceso al \u00e1mbito de lo p\u00fablico.<\/span><\/p>\n<p><span style=\"font-size: 12pt\">Se\u00a0proponen actuaciones en este sentido a favor de los derechos de las mujeres y adem\u00e1s, se incorporan actuaciones que inciden en la cultura real que sustenta la desigualdad, con actuaciones a favor de los hombres y de las mujeres en aquellas desigualdades espec\u00edficas que produce la tradicional socializaci\u00f3n diferenciada.<\/span><\/p>\n<p class=\"entry-title\"><span style=\"font-size: 12pt;color: #3366ff\"><a style=\"color: #3366ff\" href=\"https:\/\/blogsaverroes.juntadeandalucia.es\/iesalmiceran\/files\/2021\/04\/MEMORIA-Y-PLAN-DE-IGUALDAD-IES-ALMICER\u00c1N-20-21.pdf\">Memoria y Plan de Igualdad<\/a><\/span><\/p>\n<p class=\"entry-title\"><span style=\"font-size: 12pt;color: #3366ff\"><a style=\"color: #3366ff\" href=\"https:\/\/blogsaverroes.juntadeandalucia.es\/iesalmiceran\/8-m-dia-de-la-mujer\/\">8-M D\u00eda de la Mujer<\/a><\/span><\/p>\n<p class=\"entry-title\"><span style=\"font-size: 12pt;color: #3366ff\"><a style=\"color: #3366ff\" href=\"https:\/\/blogsaverroes.juntadeandalucia.es\/iesalmiceran\/concurso-eslogan-dia-de-la-mujer\/\">Concurso Eslogan D\u00eda de la Mujer<\/a><\/span><\/p>\n<p><strong><\/strong><\/p>\n<p><strong><span style=\"font-size: 14pt\"><a>Programa de centro biling\u00fce &#8211; Ingl\u00e9s<\/a><\/span><\/strong><\/p>\n<p class=\"entry-title\"><span style=\"font-size: 12pt;color: #3366ff\"><a style=\"color: #3366ff\" href=\"https:\/\/bilinguismoiesalmiceran.blogspot.com\/?m=1\">Blog de biling\u00fcismo<\/a><\/span><\/p>\n<p><strong><span style=\"font-size: 14pt\"><\/span><\/strong>[\/et_pb_text][\/et_pb_column][\/et_pb_row][\/et_pb_section]<\/p>\n","protected":false},"excerpt":{"rendered":"<p>Planes y Proyectos &nbsp; Programas para la Innovaci\u00f3n Educativa AulaDcine Aula de Cine es un programa educativo que la Consejer\u00eda de Cultura y Patrimonio Hist\u00f3rico y la Consejer\u00eda de Educaci\u00f3n y Deporte ponen a disposici\u00f3n de los centros de ense\u00f1anza andaluces con la finalidad b\u00e1sica de promover la alfabetizaci\u00f3n audiovisual del alumnado y el profesorado [&hellip;]<\/p>\n","protected":false},"author":7051,"featured_media":0,"parent":0,"menu_order":0,"comment_status":"closed","ping_status":"closed","template":"","meta":{"_et_pb_use_builder":"on","_et_pb_old_content":"","_et_gb_content_width":"","ngg_post_thumbnail":0,"footnotes":""},"aioseo_notices":[],"_links":{"self":[{"href":"https:\/\/blogsaverroes.juntadeandalucia.es\/iesalmiceran\/wp-json\/wp\/v2\/pages\/352"}],"collection":[{"href":"https:\/\/blogsaverroes.juntadeandalucia.es\/iesalmiceran\/wp-json\/wp\/v2\/pages"}],"about":[{"href":"https:\/\/blogsaverroes.juntadeandalucia.es\/iesalmiceran\/wp-json\/wp\/v2\/types\/page"}],"author":[{"embeddable":true,"href":"https:\/\/blogsaverroes.juntadeandalucia.es\/iesalmiceran\/wp-json\/wp\/v2\/users\/7051"}],"replies":[{"embeddable":true,"href":"https:\/\/blogsaverroes.juntadeandalucia.es\/iesalmiceran\/wp-json\/wp\/v2\/comments?post=352"}],"version-history":[{"count":10,"href":"https:\/\/blogsaverroes.juntadeandalucia.es\/iesalmiceran\/wp-json\/wp\/v2\/pages\/352\/revisions"}],"predecessor-version":[{"id":1181,"href":"https:\/\/blogsaverroes.juntadeandalucia.es\/iesalmiceran\/wp-json\/wp\/v2\/pages\/352\/revisions\/1181"}],"wp:attachment":[{"href":"https:\/\/blogsaverroes.juntadeandalucia.es\/iesalmiceran\/wp-json\/wp\/v2\/media?parent=352"}],"curies":[{"name":"wp","href":"https:\/\/api.w.org\/{rel}","templated":true}]}}