{"id":295,"date":"2020-01-23T11:42:26","date_gmt":"2020-01-23T10:42:26","guid":{"rendered":"http:\/\/blogsaverroes.juntadeandalucia.es\/pre\/nuevoiesv2\/?page_id=295"},"modified":"2024-06-13T09:53:48","modified_gmt":"2024-06-13T07:53:48","slug":"nuestra-historia","status":"publish","type":"page","link":"https:\/\/blogsaverroes.juntadeandalucia.es\/iesalmoraima\/nuestra-historia\/","title":{"rendered":"Organigrama"},"content":{"rendered":"<p>&nbsp;<\/p>\n<table style=\"border-collapse: collapse;width: 100%;height: 46px\">\n<tbody>\n<tr style=\"height: 23px\">\n<td style=\"width: 33.3333%;text-align: center;height: 23px\"><strong><span style=\"color: #000000\">DIRECCI\u00d3N<\/span><\/strong><\/td>\n<td style=\"width: 33.3333%;text-align: center;height: 23px\"><strong><span style=\"color: #000000\">JEFATURA DE ESTUDIOS<\/span><\/strong><\/td>\n<td style=\"width: 33.3333%;text-align: center;height: 23px\"><strong><span style=\"color: #000000\">SECRETAR\u00cdA<\/span><\/strong><\/td>\n<\/tr>\n<tr style=\"height: 23px\">\n<td style=\"width: 33.3333%;height: 23px;text-align: center\">Salvador Jes\u00fas Calvente Sol\u00eds<\/td>\n<td style=\"width: 33.3333%;height: 23px;text-align: center\">Vicente Meseguer Jord\u00e1n<\/td>\n<td style=\"width: 33.3333%;height: 23px;text-align: center\">Noelia Gonz\u00e1lez Carrillo<\/td>\n<\/tr>\n<\/tbody>\n<\/table>\n<table style=\"border-collapse: collapse;width: 100%;height: 115px\">\n<tbody>\n<tr style=\"height: 23px\">\n<td style=\"width: 33.3333%;height: 23px\">&nbsp;<\/td>\n<td style=\"width: 33.3333%;height: 23px\">&nbsp;<\/td>\n<td style=\"width: 33.3333%;height: 23px\">&nbsp;<\/td>\n<\/tr>\n<tr style=\"height: 23px\">\n<td style=\"width: 33.3333%;text-align: center;height: 23px\" colspan=\"3\"><strong><span style=\"color: #000000\">JEFATURAS DE DEPARTAMENTO<\/span><\/strong><\/td>\n<\/tr>\n<tr style=\"height: 23px\">\n<td style=\"width: 33.3333%;height: 23px;text-align: center\"><span style=\"color: #000000\"><strong>Dpto. de LCL<\/strong><\/span><\/td>\n<td style=\"width: 33.3333%;height: 23px;text-align: center\">&nbsp;<\/td>\n<td style=\"width: 33.3333%;height: 23px;text-align: center\"><span style=\"color: #000000\"><strong>Dpto. de Geograf\u00eda e Historia<\/strong><\/span><\/td>\n<\/tr>\n<tr style=\"height: 23px\">\n<td style=\"width: 33.3333%;height: 23px;text-align: center\">Teresa V. M.&nbsp;<\/td>\n<td style=\"width: 33.3333%;height: 23px;text-align: center\">&nbsp;<\/td>\n<td style=\"width: 33.3333%;height: 23px;text-align: center\">Mar\u00eda Jos\u00e9 D. C.&nbsp;<\/td>\n<\/tr>\n<tr style=\"height: 23px\">\n<td style=\"width: 33.3333%;height: 23px;text-align: center\"><strong><span style=\"color: #000000\">Dpto. de Biolog\u00eda y Geolog\u00eda<\/span><\/strong><\/td>\n<td style=\"width: 33.3333%;height: 23px;text-align: center\"><strong><span style=\"color: #000000\">Dpto. de F\u00edsica y Qu\u00edmica<\/span><\/strong><\/td>\n<td style=\"width: 33.3333%;height: 23px;text-align: center\"><strong><span style=\"color: #000000\">Dpto. de Ed. F\u00edsica<\/span><\/strong><\/td>\n<\/tr>\n<tr>\n<td style=\"width: 33.3333%;text-align: center\">M. Luisa G. G.&nbsp;<\/td>\n<td style=\"width: 33.3333%;text-align: center\">Adelaida M. M.<\/td>\n<td style=\"width: 33.3333%;text-align: center\">David L. G.<\/td>\n<\/tr>\n<tr>\n<td style=\"width: 33.3333%;text-align: center\"><strong><span style=\"color: #000000\">Dpto. de Tecnolog\u00eda<\/span><\/strong><\/td>\n<td style=\"width: 33.3333%;text-align: center\"><strong><span style=\"color: #000000\">Dpto. de M\u00fasica\/dibujo<\/span><\/strong><\/td>\n<td style=\"width: 33.3333%;text-align: center\"><strong><span style=\"color: #000000\">Dpto. de Franc\u00e9s<\/span><\/strong><\/td>\n<\/tr>\n<tr>\n<td style=\"width: 33.3333%;text-align: center\">J. Javier M. S.&nbsp;<\/td>\n<td style=\"width: 33.3333%;text-align: center\">Miguel L. M.<\/td>\n<td style=\"width: 33.3333%;text-align: center\">M. Milagros M. S.<\/td>\n<\/tr>\n<tr>\n<td style=\"width: 33.3333%;text-align: center\"><strong><span style=\"color: #000000\">Dpto. de Ingl\u00e9s<\/span><\/strong><\/td>\n<td style=\"width: 33.3333%;text-align: center\"><strong><span style=\"color: #000000\">&nbsp;<\/span><\/strong><\/td>\n<td style=\"width: 33.3333%;text-align: center\"><strong><span style=\"color: #000000\">Dpto. de Matem\u00e1ticas<\/span><\/strong><\/td>\n<\/tr>\n<tr>\n<td style=\"width: 33.3333%;text-align: center\">Raquel S. S.<\/td>\n<td style=\"width: 33.3333%;text-align: center\"><strong><span style=\"color: #000000\">&nbsp;<\/span><\/strong><\/td>\n<td style=\"width: 33.3333%;text-align: center\">J. Demetrio L. P.<\/td>\n<\/tr>\n<\/tbody>\n<\/table>\n<p>&nbsp;<\/p>\n","protected":false},"excerpt":{"rendered":"<p>&nbsp; DIRECCI\u00d3N JEFATURA DE ESTUDIOS SECRETAR\u00cdA Salvador Jes\u00fas Calvente Sol\u00eds Vicente Meseguer Jord\u00e1n Noelia Gonz\u00e1lez Carrillo &nbsp; &nbsp; &nbsp; JEFATURAS DE DEPARTAMENTO Dpto. de LCL &nbsp; Dpto. de Geograf\u00eda e Historia Teresa V. M.&nbsp; &nbsp; Mar\u00eda Jos\u00e9 D. C.&nbsp; Dpto. de Biolog\u00eda y Geolog\u00eda Dpto. de F\u00edsica y Qu\u00edmica Dpto. de Ed. F\u00edsica M. Luisa [&hellip;]<\/p>\n","protected":false},"author":18603,"featured_media":0,"parent":0,"menu_order":0,"comment_status":"closed","ping_status":"closed","template":"","meta":{"_et_pb_use_builder":"off","_et_pb_old_content":"","_et_gb_content_width":"","ngg_post_thumbnail":0,"footnotes":""},"aioseo_notices":[],"_links":{"self":[{"href":"https:\/\/blogsaverroes.juntadeandalucia.es\/iesalmoraima\/wp-json\/wp\/v2\/pages\/295"}],"collection":[{"href":"https:\/\/blogsaverroes.juntadeandalucia.es\/iesalmoraima\/wp-json\/wp\/v2\/pages"}],"about":[{"href":"https:\/\/blogsaverroes.juntadeandalucia.es\/iesalmoraima\/wp-json\/wp\/v2\/types\/page"}],"author":[{"embeddable":true,"href":"https:\/\/blogsaverroes.juntadeandalucia.es\/iesalmoraima\/wp-json\/wp\/v2\/users\/18603"}],"replies":[{"embeddable":true,"href":"https:\/\/blogsaverroes.juntadeandalucia.es\/iesalmoraima\/wp-json\/wp\/v2\/comments?post=295"}],"version-history":[{"count":11,"href":"https:\/\/blogsaverroes.juntadeandalucia.es\/iesalmoraima\/wp-json\/wp\/v2\/pages\/295\/revisions"}],"predecessor-version":[{"id":578,"href":"https:\/\/blogsaverroes.juntadeandalucia.es\/iesalmoraima\/wp-json\/wp\/v2\/pages\/295\/revisions\/578"}],"wp:attachment":[{"href":"https:\/\/blogsaverroes.juntadeandalucia.es\/iesalmoraima\/wp-json\/wp\/v2\/media?parent=295"}],"curies":[{"name":"wp","href":"https:\/\/api.w.org\/{rel}","templated":true}]}}