{"id":352,"date":"2020-02-13T10:51:34","date_gmt":"2020-02-13T09:51:34","guid":{"rendered":"http:\/\/blogsaverroes.juntadeandalucia.es\/pre\/nuevoiesv2\/?page_id=352"},"modified":"2024-06-13T09:43:58","modified_gmt":"2024-06-13T07:43:58","slug":"planes-y-proyectos","status":"publish","type":"page","link":"https:\/\/blogsaverroes.juntadeandalucia.es\/iesalmoraima\/planes-y-proyectos\/","title":{"rendered":"Planes y Proyectos"},"content":{"rendered":"<p>[et_pb_section fb_built=&#8221;1&#8243; theme_builder_area=&#8221;post_content&#8221; _builder_version=&#8221;4.24.2&#8243; _module_preset=&#8221;default&#8221;][et_pb_row _builder_version=&#8221;4.24.2&#8243; _module_preset=&#8221;default&#8221; theme_builder_area=&#8221;post_content&#8221;][et_pb_column _builder_version=&#8221;4.24.2&#8243; _module_preset=&#8221;default&#8221; type=&#8221;4_4&#8243; theme_builder_area=&#8221;post_content&#8221;][et_pb_text _builder_version=&#8221;4.24.2&#8243; _module_preset=&#8221;default&#8221; theme_builder_area=&#8221;post_content&#8221; hover_enabled=&#8221;0&#8243; sticky_enabled=&#8221;0&#8243; custom_padding=&#8221;0px|||||&#8221;]<\/p>\n<h1><span style=\"color: #000000\">Planes y proyectos del centro<\/span><\/h1>\n<p>[\/et_pb_text][\/et_pb_column][\/et_pb_row][et_pb_row _builder_version=&#8221;4.24.2&#8243; _module_preset=&#8221;default&#8221; theme_builder_area=&#8221;post_content&#8221; min_height=&#8221;783.1px&#8221;][et_pb_column _builder_version=&#8221;4.24.2&#8243; _module_preset=&#8221;default&#8221; type=&#8221;4_4&#8243; theme_builder_area=&#8221;post_content&#8221;][et_pb_text _builder_version=&#8221;4.24.2&#8243; _module_preset=&#8221;default&#8221; theme_builder_area=&#8221;post_content&#8221; custom_padding=&#8221;||2px|||&#8221; hover_enabled=&#8221;0&#8243; sticky_enabled=&#8221;0&#8243;]<\/p>\n<p><span style=\"color: #000000\">Siguiendo la normativa vigente, el centro cuenta en el curso actual con los siguientes <strong>planes y programas educativos<\/strong> vigentes:<\/span><\/p>\n<p><span style=\"color: #000000\">A. <strong>Plan de apertura de los centros docentes<\/strong>, relativo a los servicios conexos (servicios complementarios dentro del Sistema P\u00fablico Educativo Andaluz).<\/span><\/p>\n<p><span style=\"color: #000000\">B. <strong>Plan de Salud Laboral y PRL<\/strong>, Plan que tiene como finalidad implantar la cultura preventiva en la sociedad andaluza e impulsar la gesti\u00f3n de la calidad, integrando la prevenci\u00f3n en todas las decisiones, actividades y niveles jer\u00e1rquicos de la Administraci\u00f3n educativa.<\/span><\/p>\n<p><span style=\"color: #000000\">C. <strong>Plan de Igualdad de G\u00e9nero en educaci\u00f3n<\/strong>, propone actuaciones en este mismo sentido a favor de los derechos de las mujeres y adem\u00e1s, incorporaactuaciones que incidan en la cultura real que sustenta la desigualdad, con actuaciones a favor de los hombres y de las mujeres en aquellas desigualdades espec\u00edficas que produce la tradicional socializaci\u00f3n diferenciada.<\/span><\/p>\n<p><span style=\"color: #000000\">D. <strong>Convivencia Escolar<\/strong>, que recoge las medidas adoptadas para la promoci\u00f3n de la convivencia en los centros docentes sostenidos con fondos p\u00fablicos y se regula el derecho de las familias a participar en el proceso educativo de sus hijos e hijas.<\/span><\/p>\n<p><span style=\"color: #000000\">E. Planes y <strong>programas CIMA<\/strong> (pendientes de resoluci\u00f3n)<\/span><\/p>\n<p><span style=\"color: #000000\">\u2022 Centro de inter\u00e9s 1. Para la transformaci\u00f3n hacia entornos m\u00e1s sostenibles y saludables<\/span><br \/><span style=\"color: #000000\">\u2022 Centro de inter\u00e9s 2. Para la transformaci\u00f3n digital educativa<\/span><br \/><span style=\"color: #000000\">\u2022 Centro de inter\u00e9s 3. Para la transformaci\u00f3n desde la cultura y la alfabetizaci\u00f3n medi\u00e1tica<\/span><\/p>\n<p><span style=\"color: #000000\">F. <strong>Plan de Actuaci\u00f3n Digital:<\/strong> Transformaci\u00f3n Digital Educativa<\/span><br \/><span style=\"color: #000000\"><\/span><\/p>\n<p><span style=\"color: #000000\">G. <strong>Red \u201cEscuela: espacio de paz\u201d<\/strong><\/span><br \/><span style=\"color: #000000\"><\/span><\/p>\n<p><span style=\"color: #000000\">H. <strong>Programa Erasmus +. K120 \u2013 K210 (solicitud en curso)<\/strong><\/span><\/p>\n<p><strong><span style=\"color: #000000\">I. Coordinaci\u00f3n de Bibliotecas Escolares<\/span><\/strong><\/p>\n<p><span style=\"color: #000000\"><strong>J. Programa &#8220;Investiga y descubre&#8221;<\/strong>, para la estimulaci\u00f3n del aprendizaje y la iniciativa del alumnado.<\/span><\/p>\n<p><span style=\"color: #000000\"><strong>K. Proyecto PLANEA<\/strong>, en relaci\u00f3n con el arte y la pintura en el centro<\/span><\/p>\n<p>&nbsp;<\/p>\n<p>&nbsp;<\/p>\n<p>&nbsp;<\/p>\n<p>[\/et_pb_text][\/et_pb_column][\/et_pb_row][\/et_pb_section][et_pb_section fb_built=&#8221;1&#8243; admin_label=&#8221;section&#8221; _builder_version=&#8221;4.24.2&#8243; hover_enabled=&#8221;0&#8243; global_colors_info=&#8221;{}&#8221; sticky_enabled=&#8221;0&#8243;][\/et_pb_section]<\/p>\n","protected":false},"excerpt":{"rendered":"<p>Planes y proyectos del centroSiguiendo la normativa vigente, el centro cuenta en el curso actual con los siguientes planes y programas educativos vigentes: A. Plan de apertura de los centros docentes, relativo a los servicios conexos (servicios complementarios dentro del Sistema P\u00fablico Educativo Andaluz). B. Plan de Salud Laboral y PRL, Plan que tiene como [&hellip;]<\/p>\n","protected":false},"author":18603,"featured_media":0,"parent":0,"menu_order":0,"comment_status":"closed","ping_status":"closed","template":"","meta":{"_et_pb_use_builder":"on","_et_pb_old_content":"","_et_gb_content_width":"","ngg_post_thumbnail":0,"footnotes":""},"aioseo_notices":[],"_links":{"self":[{"href":"https:\/\/blogsaverroes.juntadeandalucia.es\/iesalmoraima\/wp-json\/wp\/v2\/pages\/352"}],"collection":[{"href":"https:\/\/blogsaverroes.juntadeandalucia.es\/iesalmoraima\/wp-json\/wp\/v2\/pages"}],"about":[{"href":"https:\/\/blogsaverroes.juntadeandalucia.es\/iesalmoraima\/wp-json\/wp\/v2\/types\/page"}],"author":[{"embeddable":true,"href":"https:\/\/blogsaverroes.juntadeandalucia.es\/iesalmoraima\/wp-json\/wp\/v2\/users\/18603"}],"replies":[{"embeddable":true,"href":"https:\/\/blogsaverroes.juntadeandalucia.es\/iesalmoraima\/wp-json\/wp\/v2\/comments?post=352"}],"version-history":[{"count":8,"href":"https:\/\/blogsaverroes.juntadeandalucia.es\/iesalmoraima\/wp-json\/wp\/v2\/pages\/352\/revisions"}],"predecessor-version":[{"id":575,"href":"https:\/\/blogsaverroes.juntadeandalucia.es\/iesalmoraima\/wp-json\/wp\/v2\/pages\/352\/revisions\/575"}],"wp:attachment":[{"href":"https:\/\/blogsaverroes.juntadeandalucia.es\/iesalmoraima\/wp-json\/wp\/v2\/media?parent=352"}],"curies":[{"name":"wp","href":"https:\/\/api.w.org\/{rel}","templated":true}]}}