{"id":39,"date":"2020-01-10T07:47:48","date_gmt":"2020-01-10T06:47:48","guid":{"rendered":"http:\/\/blogsaverroes.juntadeandalucia.es\/pre\/nuevoiesv2\/?page_id=39"},"modified":"2024-10-21T19:37:47","modified_gmt":"2024-10-21T17:37:47","slug":"plan-de-centro","status":"publish","type":"page","link":"https:\/\/blogsaverroes.juntadeandalucia.es\/iesalmoraima\/plan-de-centro\/","title":{"rendered":"Plan de centro"},"content":{"rendered":"<table style=\"border-collapse: collapse;width: 100%\">\n<tbody>\n<tr>\n<td style=\"width: 33.3333%\"><img loading=\"lazy\" decoding=\"async\" class=\"size-medium wp-image-556 aligncenter\" src=\"https:\/\/blogsaverroes.juntadeandalucia.es\/iesalmoraima\/files\/2023\/11\/Captura-de-pantalla-2023-11-26-a-las-18.34.09-212x300.png\" alt=\"\" width=\"212\" height=\"300\" srcset=\"https:\/\/blogsaverroes.juntadeandalucia.es\/iesalmoraima\/files\/2023\/11\/Captura-de-pantalla-2023-11-26-a-las-18.34.09-212x300.png 212w, https:\/\/blogsaverroes.juntadeandalucia.es\/iesalmoraima\/files\/2023\/11\/Captura-de-pantalla-2023-11-26-a-las-18.34.09.png 477w\" sizes=\"(max-width: 212px) 100vw, 212px\" \/><\/p>\n<p style=\"text-align: center\"><a href=\"https:\/\/drive.google.com\/drive\/folders\/1K5ObAW_lQPdd8GdfyVL01BRK8hlgi4xs\">PROYECTO EDUCATIVO<\/a><\/p>\n<\/td>\n<td style=\"width: 33.3333%\"><img loading=\"lazy\" decoding=\"async\" class=\"aligncenter size-medium wp-image-557\" src=\"https:\/\/blogsaverroes.juntadeandalucia.es\/iesalmoraima\/files\/2023\/11\/Captura-de-pantalla-2023-11-26-a-las-18.31.42-212x300.png\" alt=\"\" width=\"212\" height=\"300\"><\/p>\n<p style=\"text-align: center\"><a href=\"https:\/\/drive.google.com\/file\/d\/1dybqVLNDjPrUkLtm95_jOgamE8UbztwB\/view?usp=drive_link\">PLAN DE ORIENTACI\u00d3N Y ACCI\u00d3N TUTORIAL<\/a><\/p>\n<\/td>\n<td style=\"width: 33.3333%\"><img loading=\"lazy\" decoding=\"async\" class=\"aligncenter size-medium wp-image-558\" src=\"https:\/\/blogsaverroes.juntadeandalucia.es\/iesalmoraima\/files\/2023\/11\/Captura-de-pantalla-2023-11-26-a-las-18.35.53-212x300.png\" alt=\"\" width=\"212\" height=\"300\"><\/p>\n<p style=\"text-align: center\"><a href=\"https:\/\/drive.google.com\/drive\/folders\/1K5ObAW_lQPdd8GdfyVL01BRK8hlgi4xs\">REGLAMENTO DE ORGANIZACI\u00d3N Y FUNC.<\/a><\/p>\n<\/td>\n<\/tr>\n<tr>\n<td style=\"width: 33.3333%\">&nbsp;<\/td>\n<td style=\"width: 33.3333%\">&nbsp;<\/td>\n<td style=\"width: 33.3333%\">&nbsp;<\/td>\n<\/tr>\n<tr>\n<td style=\"width: 33.3333%\"><img loading=\"lazy\" decoding=\"async\" class=\"aligncenter size-medium wp-image-582\" src=\"https:\/\/blogsaverroes.juntadeandalucia.es\/iesalmoraima\/files\/2024\/06\/Captura-de-pantalla-2024-06-13-a-las-10.12.12-212x300.png\" alt=\"\" width=\"212\" height=\"300\"><\/td>\n<td style=\"width: 33.3333%;text-align: center\"><img loading=\"lazy\" decoding=\"async\" class=\"aligncenter size-medium wp-image-583\" src=\"https:\/\/blogsaverroes.juntadeandalucia.es\/iesalmoraima\/files\/2024\/06\/Captura-de-pantalla-2024-06-13-a-las-10.13.23-212x300.png\" alt=\"\" width=\"212\" height=\"300\"><\/td>\n<td style=\"width: 33.3333%\"><img loading=\"lazy\" decoding=\"async\" class=\"aligncenter size-medium wp-image-590\" src=\"https:\/\/blogsaverroes.juntadeandalucia.es\/iesalmoraima\/files\/2024\/10\/Captura-de-pantalla-2024-10-21-a-las-19.34.20-215x300.png\" alt=\"\" width=\"215\" height=\"300\"><\/td>\n<\/tr>\n<tr>\n<td style=\"width: 33.3333%;text-align: center\"><a href=\"https:\/\/drive.google.com\/file\/d\/1kkj_cO9ob5xXcSuiABapspX7WkQzcFQP\/view?usp=drive_link\">NORMAS DEL ALUMNADO<\/a><\/td>\n<td style=\"width: 33.3333%;text-align: center\"><a href=\"https:\/\/drive.google.com\/file\/d\/1fBaCUiihMKDTAkJmr9WZYlRwQozHHwTu\/view?usp=drive_link\">TRATAMIENTO DE LA LECTURA<\/a><\/td>\n<td style=\"width: 33.3333%;text-align: center\"><a href=\"https:\/\/drive.google.com\/drive\/folders\/1K5ObAW_lQPdd8GdfyVL01BRK8hlgi4xs\">PLAN DE CONVIVENCIA<\/a><\/td>\n<\/tr>\n<\/tbody>\n<\/table>\n","protected":false},"excerpt":{"rendered":"<p>PROYECTO EDUCATIVO PLAN DE ORIENTACI\u00d3N Y ACCI\u00d3N TUTORIAL REGLAMENTO DE ORGANIZACI\u00d3N Y FUNC. &nbsp; &nbsp; &nbsp; NORMAS DEL ALUMNADO TRATAMIENTO DE LA LECTURA PLAN DE CONVIVENCIA<\/p>\n","protected":false},"author":18603,"featured_media":0,"parent":0,"menu_order":0,"comment_status":"closed","ping_status":"closed","template":"","meta":{"_et_pb_use_builder":"off","_et_pb_old_content":"","_et_gb_content_width":"","ngg_post_thumbnail":0,"footnotes":""},"aioseo_notices":[],"_links":{"self":[{"href":"https:\/\/blogsaverroes.juntadeandalucia.es\/iesalmoraima\/wp-json\/wp\/v2\/pages\/39"}],"collection":[{"href":"https:\/\/blogsaverroes.juntadeandalucia.es\/iesalmoraima\/wp-json\/wp\/v2\/pages"}],"about":[{"href":"https:\/\/blogsaverroes.juntadeandalucia.es\/iesalmoraima\/wp-json\/wp\/v2\/types\/page"}],"author":[{"embeddable":true,"href":"https:\/\/blogsaverroes.juntadeandalucia.es\/iesalmoraima\/wp-json\/wp\/v2\/users\/18603"}],"replies":[{"embeddable":true,"href":"https:\/\/blogsaverroes.juntadeandalucia.es\/iesalmoraima\/wp-json\/wp\/v2\/comments?post=39"}],"version-history":[{"count":8,"href":"https:\/\/blogsaverroes.juntadeandalucia.es\/iesalmoraima\/wp-json\/wp\/v2\/pages\/39\/revisions"}],"predecessor-version":[{"id":591,"href":"https:\/\/blogsaverroes.juntadeandalucia.es\/iesalmoraima\/wp-json\/wp\/v2\/pages\/39\/revisions\/591"}],"wp:attachment":[{"href":"https:\/\/blogsaverroes.juntadeandalucia.es\/iesalmoraima\/wp-json\/wp\/v2\/media?parent=39"}],"curies":[{"name":"wp","href":"https:\/\/api.w.org\/{rel}","templated":true}]}}