{"id":1596,"date":"2022-09-03T18:37:58","date_gmt":"2022-09-03T16:37:58","guid":{"rendered":"https:\/\/blogsaverroes.juntadeandalucia.es\/iesalmunia\/?page_id=1596"},"modified":"2024-05-18T12:21:43","modified_gmt":"2024-05-18T10:21:43","slug":"oferta-eso","status":"publish","type":"page","link":"https:\/\/blogsaverroes.juntadeandalucia.es\/iesalmunia\/oferta-eso\/","title":{"rendered":"Oferta &#8211; ESO"},"content":{"rendered":"<p>[et_pb_section fb_built=\u00bb1&#8243; module_class=\u00bbseccionPagina\u00bb _builder_version=\u00bb4.16&#8243; locked=\u00bboff\u00bb global_colors_info=\u00bb{}\u00bb][et_pb_row module_class=\u00bbfilaPagina\u00bb _builder_version=\u00bb4.16&#8243; _module_preset=\u00bbdefault\u00bb global_colors_info=\u00bb{}\u00bb][et_pb_column type=\u00bb4_4&#8243; _builder_version=\u00bb4.16&#8243; _module_preset=\u00bbdefault\u00bb global_colors_info=\u00bb{}\u00bb][et_pb_text admin_label=\u00bbT\u00edtulo de p\u00e1gina\u00bb _builder_version=\u00bb4.16&#8243; _module_preset=\u00bbdefault\u00bb header_font=\u00bb|700|||||||\u00bb header_text_color=\u00bb#FFFFFF\u00bb header_font_size=\u00bb32px\u00bb background_color=\u00bbgcid-3f1082d3-0d82-4692-ab84-48f5528af1ba\u00bb use_background_color_gradient=\u00bbon\u00bb background_color_gradient_stops=\u00bbgcid-3f1082d3-0d82-4692-ab84-48f5528af1ba 0%|gcid-3f1082d3-0d82-4692-ab84-48f5528af1ba 100%\u00bb background_color_gradient_start=\u00bbgcid-3f1082d3-0d82-4692-ab84-48f5528af1ba\u00bb background_color_gradient_end=\u00bbgcid-3f1082d3-0d82-4692-ab84-48f5528af1ba\u00bb display_conditions=\u00bbW10=\u00bb custom_margin=\u00bb|-10px||-10px|false|false\u00bb custom_padding=\u00bb20px||10px|10px|false|false\u00bb background_last_edited=\u00bboff|desktop\u00bb header_text_shadow_style=\u00bbpreset2&#8243; global_colors_info=\u00bb{%22gcid-3f1082d3-0d82-4692-ab84-48f5528af1ba%22:%91%22background_color%22,%22colorStart%22,%22colorEnd%22%93}\u00bb background__hover_enabled=\u00bboff|desktop\u00bb]<\/p>\n<h1>Educaci\u00f3n Secundaria Obligatoria<\/h1>\n<p>[\/et_pb_text][et_pb_text _builder_version=\u00bb4.16&#8243; header_font=\u00bb|700|||||||\u00bb header_2_font=\u00bb|700|||||||\u00bb header_3_font=\u00bb|700|||||||\u00bb background_size=\u00bbinitial\u00bb background_position=\u00bbtop_left\u00bb background_repeat=\u00bbrepeat\u00bb custom_margin=\u00bb||0px||false|false\u00bb custom_padding=\u00bb||0px||false|false\u00bb global_colors_info=\u00bb{}\u00bb]<\/p>\n<p>La etapa de Educaci\u00f3n Secundaria Obligatoria comprende cuatro cursos acad\u00e9micos entre los doce y los diecis\u00e9is a\u00f1os de edad. Su finalidad es:<\/p>\n<ul>\n<li>lograr que los alumnos y alumnas adquieran los elementos b\u00e1sicos de la cultura, especialmente en sus aspectos human\u00edstico, art\u00edstico, cient\u00edfico y tecnol\u00f3gico;<\/li>\n<li>desarrollar y consolidar en ellos h\u00e1bitos de estudio y de trabajo;<\/li>\n<li>prepararles para su incorporaci\u00f3n a estudios posteriores y para su inserci\u00f3n laboral, y formarles para el ejercicio de sus derechos y obligaciones en la vida como ciudadanos.<\/li>\n<\/ul>\n<p>&nbsp;<\/p>\n<p>[\/et_pb_text][et_pb_button button_url=\u00bbhttps:\/\/www.juntadeandalucia.es\/organismos\/desarrolloeducativoyformacionprofesional\/areas\/ensenanzas-escolarizacion\/educacion-secundaria-obligatoria.html\u00bb url_new_window=\u00bbon\u00bb button_text=\u00bbM\u00e1s informaci\u00f3n general sobre la ESO\u00bb button_alignment=\u00bbcenter\u00bb admin_label=\u00bbEnlace M\u00e1s informaci\u00f3n ESO\u00bb _builder_version=\u00bb4.16&#8243; custom_button=\u00bbon\u00bb button_text_size=\u00bb17px\u00bb button_text_color=\u00bb#44627c\u00bb button_bg_color=\u00bb#cdd2d7&#8243; button_border_width=\u00bb0px\u00bb button_border_radius=\u00bb100px\u00bb button_letter_spacing=\u00bb1px\u00bb button_font=\u00bbLato|700|||||||\u00bb button_icon=\u00bb&#x24;||divi||400&#8243; custom_padding=\u00bb||||false|false\u00bb z_index_tablet=\u00bb500&#8243; button_text_shadow_horizontal_length_tablet=\u00bb0px\u00bb button_text_shadow_vertical_length_tablet=\u00bb0px\u00bb button_text_shadow_blur_strength_tablet=\u00bb1px\u00bb box_shadow_horizontal_tablet=\u00bb0px\u00bb box_shadow_vertical_tablet=\u00bb0px\u00bb box_shadow_blur_tablet=\u00bb40px\u00bb box_shadow_spread_tablet=\u00bb0px\u00bb saved_tabs=\u00bball\u00bb global_colors_info=\u00bb{}\u00bb button_text_size__hover_enabled=\u00bboff\u00bb button_text_size__hover=\u00bbnull\u00bb button_one_text_size__hover_enabled=\u00bboff\u00bb button_one_text_size__hover=\u00bbnull\u00bb button_two_text_size__hover_enabled=\u00bboff\u00bb button_two_text_size__hover=\u00bbnull\u00bb button_text_color__hover_enabled=\u00bboff\u00bb button_text_color__hover=\u00bbnull\u00bb button_one_text_color__hover_enabled=\u00bboff\u00bb button_one_text_color__hover=\u00bbnull\u00bb button_two_text_color__hover_enabled=\u00bboff\u00bb button_two_text_color__hover=\u00bbnull\u00bb button_border_width__hover_enabled=\u00bboff\u00bb button_border_width__hover=\u00bbnull\u00bb button_one_border_width__hover_enabled=\u00bboff\u00bb button_one_border_width__hover=\u00bbnull\u00bb button_two_border_width__hover_enabled=\u00bboff\u00bb button_two_border_width__hover=\u00bbnull\u00bb button_border_color__hover_enabled=\u00bboff\u00bb button_border_color__hover=\u00bbnull\u00bb button_one_border_color__hover_enabled=\u00bboff\u00bb button_one_border_color__hover=\u00bbnull\u00bb button_two_border_color__hover_enabled=\u00bboff\u00bb button_two_border_color__hover=\u00bbnull\u00bb button_border_radius__hover_enabled=\u00bboff\u00bb button_border_radius__hover=\u00bbnull\u00bb button_one_border_radius__hover_enabled=\u00bboff\u00bb button_one_border_radius__hover=\u00bbnull\u00bb button_two_border_radius__hover_enabled=\u00bboff\u00bb button_two_border_radius__hover=\u00bbnull\u00bb button_letter_spacing__hover_enabled=\u00bbon\u00bb button_letter_spacing__hover=\u00bb1px\u00bb button_one_letter_spacing__hover_enabled=\u00bboff\u00bb button_one_letter_spacing__hover=\u00bbnull\u00bb button_two_letter_spacing__hover_enabled=\u00bboff\u00bb button_two_letter_spacing__hover=\u00bbnull\u00bb button_bg_color__hover_enabled=\u00bboff\u00bb button_bg_color__hover=\u00bbnull\u00bb button_one_bg_color__hover_enabled=\u00bboff\u00bb button_one_bg_color__hover=\u00bbnull\u00bb button_two_bg_color__hover_enabled=\u00bboff\u00bb button_two_bg_color__hover=\u00bbnull\u00bb][\/et_pb_button][et_pb_text _builder_version=\u00bb4.16&#8243; header_font=\u00bb|700|||||||\u00bb header_2_font=\u00bb|700|||||||\u00bb header_3_font=\u00bb|700|||||||\u00bb background_size=\u00bbinitial\u00bb background_position=\u00bbtop_left\u00bb background_repeat=\u00bbrepeat\u00bb custom_margin=\u00bb0px||0px||false|false\u00bb custom_padding=\u00bb0px||0px||false|false\u00bb global_colors_info=\u00bb{}\u00bb]<\/p>\n<p>En el I.E.S. Almunia las caracter\u00edsticas de la E.S.O. son:<\/p>\n<ul>\n<li>1\u00ba, 2\u00ba, 3\u00ba y 4\u00ba curso de E.S.O. LOMLOE<\/li>\n<li>Entre cuatro y cinco grupos por curso<\/li>\n<li>Tres itinerarios en 4\u00ba de ESO: Ciencias, Letras y Aplicadas<\/li>\n<li>Optativas en todos los cursos<\/li>\n<li>Programas de Diversificaci\u00f3n Curricular en 3\u00ba y 4\u00ba<\/li>\n<\/ul>\n<p>&nbsp;<\/p>\n<p>A continuaci\u00f3n se exponen las materias ofertadas en el I.E.S. Almunia en el a\u00f1o 23-24, as\u00ed como informaci\u00f3n particular de cada curso.<\/p>\n<p>[\/et_pb_text][et_pb_tabs disabled_on=\u00bboff|off|off\u00bb admin_label=\u00bbMaterias por curso\u00bb _builder_version=\u00bb4.24.2&#8243; _module_preset=\u00bbdefault\u00bb hover_enabled=\u00bb0&#8243; global_colors_info=\u00bb{}\u00bb sticky_enabled=\u00bb0&#8243;][et_pb_tab title=\u00bb1\u00ba ESO\u00bb _builder_version=\u00bb4.24.2&#8243; _module_preset=\u00bbdefault\u00bb hover_enabled=\u00bb0&#8243; global_colors_info=\u00bb{}\u00bb sticky_enabled=\u00bb0&#8243;]<\/p>\n<p><strong>Materias 1\u00ba ESO<\/strong><\/p>\n<ul>\n<li>Geograf\u00eda e Historia (3 horas)<\/li>\n<li>Lengua Castellana y Literatura (4 horas)<\/li>\n<li>Ingl\u00e9s (4 horas)<\/li>\n<li>Educaci\u00f3n F\u00edsica (3 horas)<\/li>\n<li>Matem\u00e1ticas (4 horas)<\/li>\n<li>Biolog\u00eda y Geolog\u00eda (3 horas)<\/li>\n<li>Educaci\u00f3n Pl\u00e1stica, Visual y Art\u00edstica (1 hora)<\/li>\n<li>M\u00fasica (2 horas)<\/li>\n<li>Franc\u00e9s o \u00c1mbito Ling\u00fc\u00edstico (2 horas)<\/li>\n<li>Religi\u00f3n o Atenci\u00f3n Educativa (1 hora)<\/li>\n<li>Optativa (una de 2 horas):\n<ul style=\"list-style-type: '- '\">\n<li>Computaci\u00f3n y Rob\u00f3tica (2 horas)<\/li>\n<li>Oratoria y Debate (2 horas)<\/li>\n<\/ul>\n<\/li>\n<\/ul>\n<p>[\/et_pb_tab][et_pb_tab title=\u00bb2\u00ba ESO\u00bb _builder_version=\u00bb4.24.2&#8243; _module_preset=\u00bbdefault\u00bb hover_enabled=\u00bb0&#8243; global_colors_info=\u00bb{}\u00bb sticky_enabled=\u00bb0&#8243;]<\/p>\n<p><strong>Materias 2\u00ba ESO<\/strong><\/p>\n<ul>\n<li>Geograf\u00eda e Historia (3 horas)<\/li>\n<li>Lengua Castellana y Literatura (4 horas)<\/li>\n<li>Ingl\u00e9s (4 horas)<\/li>\n<li>Educaci\u00f3n F\u00edsica (2 horas)<\/li>\n<li>Matem\u00e1ticas (4 horas)<\/li>\n<li>F\u00edsica y Qu\u00edmica (3 horas)<\/li>\n<li>M\u00fasica (2 horas)<\/li>\n<li>Tecnolog\u00eda (3 horas)<\/li>\n<li>Educaci\u00f3n en Valores C\u00edvicos y \u00c9ticos (1 hora)<\/li>\n<li>Religi\u00f3n o Atenci\u00f3n Educativa (1 hora)<\/li>\n<li>Optativa (una de 2 horas)\n<ul style=\"list-style-type: '- '\">\n<li>Franc\u00e9s (2 horas)<\/li>\n<li>Computaci\u00f3n y Rob\u00f3tica (2 horas)<\/li>\n<li>Oratoria y Debate (2 horas)<\/li>\n<\/ul>\n<\/li>\n<\/ul>\n<p>[\/et_pb_tab][et_pb_tab title=\u00bb3\u00ba ESO\u00bb _builder_version=\u00bb4.24.2&#8243; _module_preset=\u00bbdefault\u00bb hover_enabled=\u00bb0&#8243; global_colors_info=\u00bb{}\u00bb sticky_enabled=\u00bb0&#8243;]<\/p>\n<p><strong>Materias 3\u00ba ESO<\/strong><\/p>\n<ul>\n<li>Geograf\u00eda e Historia (3 horas)<\/li>\n<li>Lengua Castellana y Literatura (4 horas)<\/li>\n<li>Ingl\u00e9s (4 horas)<\/li>\n<li>Educaci\u00f3n F\u00edsica (2 horas)<\/li>\n<li>Matem\u00e1ticas (4 horas)<\/li>\n<li>Biolog\u00eda y Geolog\u00eda (2 horas)<\/li>\n<li>F\u00edsica y Qu\u00edmica (3 horas)<\/li>\n<li>Educaci\u00f3n Pl\u00e1stica, Visual y Art\u00edstica (2 horas)<\/li>\n<li>Tecnolog\u00eda y Digitalizaci\u00f3n (2 horas)<\/li>\n<li>Religi\u00f3n o Atenci\u00f3n Educativa (1 hora)<\/li>\n<li>Optativa (una de 2 horas)\n<ul style=\"list-style-type: '- '\">\n<li>Franc\u00e9s (2 horas)<\/li>\n<li>Flamenco (2 horas)<\/li>\n<li>Computaci\u00f3n y Rob\u00f3tica (2 horas)<\/li>\n<\/ul>\n<\/li>\n<\/ul>\n<p>[\/et_pb_tab][et_pb_tab title=\u00bb4\u00ba ESO CIENCIAS\u00bb _builder_version=\u00bb4.24.2&#8243; _module_preset=\u00bbdefault\u00bb hover_enabled=\u00bb0&#8243; global_colors_info=\u00bb{}\u00bb sticky_enabled=\u00bb0&#8243;]<strong>Materias 4\u00ba ESO Ciencias<\/strong><\/p>\n<ul>\n<li>Geograf\u00eda e Historia (3 horas)<\/li>\n<li>Lengua Castellana y Literatura (4 horas)<\/li>\n<li>Ingl\u00e9s (4 horas)<\/li>\n<li>Educaci\u00f3n F\u00edsica (2 horas)<\/li>\n<li>Matem\u00e1ticas B (4 horas)<\/li>\n<li>Biolog\u00eda y Geolog\u00eda (3 horas)<\/li>\n<li>F\u00edsica y Qu\u00edmica (3 horas)<\/li>\n<li>Dos optativas (una de 3 horas y una de 2 horas)\n<ul style=\"list-style-type: '- '\">\n<li>Expresi\u00f3n Art\u00edstica (3 horas)<\/li>\n<li>M\u00fasica (3 horas)<\/li>\n<li>Digitalizaci\u00f3n (3 horas)<\/li>\n<li>Franc\u00e9s (3 horas)<\/li>\n<li>Aprendizaje Social y Emocional (2 horas)<\/li>\n<li>Artes Esc\u00e9nicas (2 horas)<\/li>\n<li>Filosof\u00eda (2 horas)<\/li>\n<\/ul>\n<\/li>\n<\/ul>\n<p>[\/et_pb_tab][et_pb_tab title=\u00bb4\u00ba ESO LETRAS\u00bb _builder_version=\u00bb4.24.2&#8243; _module_preset=\u00bbdefault\u00bb hover_enabled=\u00bb0&#8243; global_colors_info=\u00bb{}\u00bb sticky_enabled=\u00bb0&#8243;]<\/p>\n<p><strong>Materias 4\u00ba ESO Letras<\/strong><\/p>\n<ul>\n<li>Geograf\u00eda e Historia (3 horas)<\/li>\n<li>Lengua Castellana y Literatura (4 horas)<\/li>\n<li>Ingl\u00e9s (4 horas)<\/li>\n<li>Educaci\u00f3n F\u00edsica (2 horas)<\/li>\n<li>Matem\u00e1ticas B (4 horas)<\/li>\n<li>Lat\u00edn (3 horas)<\/li>\n<li>Econom\u00eda (3 horas)<\/li>\n<li>Dos optativas (una de 3 horas y una de 2 horas)\n<ul style=\"list-style-type: '- '\">\n<li>Expresi\u00f3n Art\u00edstica (3 horas)<\/li>\n<li>M\u00fasica (3 horas)<\/li>\n<li>Digitalizaci\u00f3n (3 horas)<\/li>\n<li>Franc\u00e9s (3 horas)<\/li>\n<li>Aprendizaje Social y Emocional (2 horas)<\/li>\n<li>Artes Esc\u00e9nicas (2 horas)<\/li>\n<li>Filosof\u00eda (2 horas)<\/li>\n<\/ul>\n<\/li>\n<\/ul>\n<p>[\/et_pb_tab][et_pb_tab title=\u00bb4\u00ba ESO APLICADAS\u00bb _builder_version=\u00bb4.24.2&#8243; _module_preset=\u00bbdefault\u00bb hover_enabled=\u00bb0&#8243; global_colors_info=\u00bb{}\u00bb sticky_enabled=\u00bb0&#8243;]<\/p>\n<p><strong>Materias 4\u00ba ESO Aplicadas<\/strong><\/p>\n<ul>\n<li>Geograf\u00eda e Historia (3 horas)<\/li>\n<li>Lengua Castellana y Literatura (4 horas)<\/li>\n<li>Ingl\u00e9s (4 horas)<\/li>\n<li>Educaci\u00f3n F\u00edsica (2 horas)<\/li>\n<li>Matem\u00e1ticas A (4 horas)<\/li>\n<li>Formaci\u00f3n y Orientaci\u00f3n Personal y Profesional (3 horas)<\/li>\n<li>Digitalizaci\u00f3n (3 horas)<\/li>\n<li>Dos optativas (una de 3 horas y una de 2 horas)\n<ul style=\"list-style-type: '- '\">\n<li>Expresi\u00f3n Art\u00edstica (3 horas)<\/li>\n<li>M\u00fasica (3 horas)<\/li>\n<li>Econom\u00eda (3 horas)<\/li>\n<li>Aprendizaje Social y Emocional (2 horas)<\/li>\n<li>Artes Esc\u00e9nicas (2 horas)<\/li>\n<li>Filosof\u00eda (2 horas)<\/li>\n<\/ul>\n<\/li>\n<\/ul>\n<p>[\/et_pb_tab][\/et_pb_tabs][et_pb_tabs disabled_on=\u00bboff|off|off\u00bb admin_label=\u00bbMaterias por curso Diversificaci\u00f3n\u00bb _builder_version=\u00bb4.24.2&#8243; _module_preset=\u00bbdefault\u00bb hover_enabled=\u00bb0&#8243; global_colors_info=\u00bb{}\u00bb sticky_enabled=\u00bb0&#8243;][et_pb_tab title=\u00bb3\u00ba ESO DIVERSIFICACI\u00d3N\u00bb _builder_version=\u00bb4.24.2&#8243; _module_preset=\u00bbdefault\u00bb hover_enabled=\u00bb0&#8243; global_colors_info=\u00bb{}\u00bb sticky_enabled=\u00bb0&#8243;]<\/p>\n<p><strong>Materias 3\u00ba ESO Diversificaci\u00f3n Curricular<\/strong><\/p>\n<ul>\n<li>\u00c1mbito Cient\u00edfico (9 horas)<\/li>\n<li>\u00c1mbito Ling\u00fc\u00edstico (10 horas, incluye Ingl\u00e9s)<\/li>\n<li>Educaci\u00f3n F\u00edsica (2 horas)<\/li>\n<li>Educaci\u00f3n Pl\u00e1stica, Visual y Art\u00edstica (2 horas)<\/li>\n<li>Tecnolog\u00eda y Digitalizaci\u00f3n (2 horas)<\/li>\n<li>Religi\u00f3n o Atenci\u00f3n Educativa (1 hora)<\/li>\n<li>Optativa (una de 2 horas)\n<ul style=\"list-style-type: '- '\">\n<li>Oratoria y Debate (2 horas)<\/li>\n<li>Flamenco (2 horas)<\/li>\n<li>Computaci\u00f3n y Rob\u00f3tica (2 horas)<\/li>\n<\/ul>\n<\/li>\n<\/ul>\n<p>[\/et_pb_tab][et_pb_tab title=\u00bb4\u00ba ESO DIVERSIFICACI\u00d3N\u00bb _builder_version=\u00bb4.24.2&#8243; _module_preset=\u00bbdefault\u00bb hover_enabled=\u00bb0&#8243; global_colors_info=\u00bb{}\u00bb sticky_enabled=\u00bb0&#8243;]<\/p>\n<p><strong>Materias 4\u00ba ESO Diversificaci\u00f3n Curricular<\/strong><\/p>\n<ul>\n<li>\u00c1mbito Cient\u00edfico (8 horas)<\/li>\n<li>\u00c1mbito Ling\u00fc\u00edstico (9 horas, incluye Ingl\u00e9s)<\/li>\n<li>Educaci\u00f3n F\u00edsica (2 horas)<\/li>\n<li>Formaci\u00f3n y Orientaci\u00f3n Personal y Profesional (3 horas)<\/li>\n<li>Religi\u00f3n o Atenci\u00f3n Educativa (1 hora)<\/li>\n<li>Dos optativas (una de 3 horas y una de 2 horas)\n<ul style=\"list-style-type: '- '\">\n<li>Expresi\u00f3n Art\u00edstica (3 horas)<\/li>\n<li>M\u00fasica (3 horas)<\/li>\n<li>Digitalizaci\u00f3n (3 horas)<\/li>\n<li>Aprendizaje Social y Emocional (2 horas)<\/li>\n<li>Artes esc\u00e9nicas (2 horas)<\/li>\n<\/ul>\n<\/li>\n<\/ul>\n<p>[\/et_pb_tab][\/et_pb_tabs][\/et_pb_column][\/et_pb_row][\/et_pb_section]<\/p>\n","protected":false},"excerpt":{"rendered":"<p>Educaci\u00f3n Secundaria ObligatoriaLa etapa de Educaci\u00f3n Secundaria Obligatoria comprende cuatro cursos acad\u00e9micos entre los doce y los diecis\u00e9is a\u00f1os de edad. Su finalidad es: lograr que los alumnos y alumnas adquieran los elementos b\u00e1sicos de la cultura, especialmente en sus aspectos human\u00edstico, art\u00edstico, cient\u00edfico y tecnol\u00f3gico; desarrollar y consolidar en ellos h\u00e1bitos de estudio y [&hellip;]<\/p>\n","protected":false},"author":2253,"featured_media":0,"parent":0,"menu_order":0,"comment_status":"closed","ping_status":"closed","template":"","meta":{"_et_pb_use_builder":"on","_et_pb_old_content":"","_et_gb_content_width":"","ngg_post_thumbnail":0,"footnotes":""},"aioseo_notices":[],"_links":{"self":[{"href":"https:\/\/blogsaverroes.juntadeandalucia.es\/iesalmunia\/wp-json\/wp\/v2\/pages\/1596"}],"collection":[{"href":"https:\/\/blogsaverroes.juntadeandalucia.es\/iesalmunia\/wp-json\/wp\/v2\/pages"}],"about":[{"href":"https:\/\/blogsaverroes.juntadeandalucia.es\/iesalmunia\/wp-json\/wp\/v2\/types\/page"}],"author":[{"embeddable":true,"href":"https:\/\/blogsaverroes.juntadeandalucia.es\/iesalmunia\/wp-json\/wp\/v2\/users\/2253"}],"replies":[{"embeddable":true,"href":"https:\/\/blogsaverroes.juntadeandalucia.es\/iesalmunia\/wp-json\/wp\/v2\/comments?post=1596"}],"version-history":[{"count":38,"href":"https:\/\/blogsaverroes.juntadeandalucia.es\/iesalmunia\/wp-json\/wp\/v2\/pages\/1596\/revisions"}],"predecessor-version":[{"id":3311,"href":"https:\/\/blogsaverroes.juntadeandalucia.es\/iesalmunia\/wp-json\/wp\/v2\/pages\/1596\/revisions\/3311"}],"wp:attachment":[{"href":"https:\/\/blogsaverroes.juntadeandalucia.es\/iesalmunia\/wp-json\/wp\/v2\/media?parent=1596"}],"curies":[{"name":"wp","href":"https:\/\/api.w.org\/{rel}","templated":true}]}}