{"id":1631,"date":"2022-09-04T09:36:44","date_gmt":"2022-09-04T07:36:44","guid":{"rendered":"https:\/\/blogsaverroes.juntadeandalucia.es\/iesalmunia\/?page_id=1631"},"modified":"2024-05-17T10:11:31","modified_gmt":"2024-05-17T08:11:31","slug":"oferta-fp-gm-sistemas-microinformaticos-y-redes","status":"publish","type":"page","link":"https:\/\/blogsaverroes.juntadeandalucia.es\/iesalmunia\/oferta-fp-gm-sistemas-microinformaticos-y-redes\/","title":{"rendered":"Oferta &#8211; FP &#8211; GM &#8211; Sistemas Microinform\u00e1ticos y Redes"},"content":{"rendered":"<p>[et_pb_section fb_built=\u00bb1&#8243; module_class=\u00bbseccionPagina\u00bb _builder_version=\u00bb4.16&#8243; locked=\u00bboff\u00bb global_colors_info=\u00bb{}\u00bb][et_pb_row module_class=\u00bbfilaPagina\u00bb _builder_version=\u00bb4.16&#8243; _module_preset=\u00bbdefault\u00bb global_colors_info=\u00bb{}\u00bb][et_pb_column type=\u00bb4_4&#8243; _builder_version=\u00bb4.16&#8243; _module_preset=\u00bbdefault\u00bb global_colors_info=\u00bb{}\u00bb][et_pb_text admin_label=\u00bbT\u00edtulo de p\u00e1gina\u00bb _builder_version=\u00bb4.24.2&#8243; _module_preset=\u00bbdefault\u00bb header_font=\u00bb|700|||||||\u00bb header_text_color=\u00bb#FFFFFF\u00bb header_font_size=\u00bb32px\u00bb background_color=\u00bbgcid-3f1082d3-0d82-4692-ab84-48f5528af1ba\u00bb use_background_color_gradient=\u00bbon\u00bb background_color_gradient_stops=\u00bbgcid-3f1082d3-0d82-4692-ab84-48f5528af1ba 0%|gcid-3f1082d3-0d82-4692-ab84-48f5528af1ba 100%\u00bb background_color_gradient_start=\u00bbgcid-3f1082d3-0d82-4692-ab84-48f5528af1ba\u00bb background_color_gradient_end=\u00bbgcid-3f1082d3-0d82-4692-ab84-48f5528af1ba\u00bb display_conditions=\u00bbW10=\u00bb custom_margin=\u00bb|-10px||-10px|false|false\u00bb custom_padding=\u00bb20px||10px|10px|false|false\u00bb hover_enabled=\u00bb0&#8243; background_last_edited=\u00bboff|desktop\u00bb header_text_shadow_style=\u00bbpreset2&#8243; global_colors_info=\u00bb{%22gcid-3f1082d3-0d82-4692-ab84-48f5528af1ba%22:%91%22background_color%22,%22colorStart%22,%22colorEnd%22%93}\u00bb background__hover_enabled=\u00bboff|desktop\u00bb sticky_enabled=\u00bb0&#8243;]<\/p>\n<h1>FP &#8211; CFGM &#8211; T\u00e9cnico en Sistemas Microinform\u00e1ticos y Redes<\/h1>\n<p>[\/et_pb_text][et_pb_text _builder_version=\u00bb4.24.2&#8243; header_font=\u00bb|700|||||||\u00bb header_2_font=\u00bb|700|||||||\u00bb header_3_font=\u00bb|700|||||||\u00bb background_size=\u00bbinitial\u00bb background_position=\u00bbtop_left\u00bb background_repeat=\u00bbrepeat\u00bb custom_margin=\u00bb||0px||false|false\u00bb custom_padding=\u00bb||0px||false|false\u00bb hover_enabled=\u00bb0&#8243; global_colors_info=\u00bb{}\u00bb sticky_enabled=\u00bb0&#8243;]<\/p>\n<p>El <strong>Ciclo Formativo de Grado Medio<\/strong> (C.F.G.M.) <strong>\u00abT\u00e9cnico en Sistemas Microinfom\u00e1ticos y Redes\u00bb<\/strong> (S.M.R.) de la Formaci\u00f3n Profesional (F.P.) tiene como competencia general \u201cinstalar, configurar y mantener sistemas microinform\u00e1ticos, aislados o en red, as\u00ed como redes locales en peque\u00f1os entornos, asegurando su funcionalidad y aplicando los protocolos de calidad, seguridad y respeto al medio ambiente establecidos.\u201d<\/p>\n<p>Se trata de una formaci\u00f3n oficial, con la que se obtiene el t\u00edtulo oficial de \u201cT\u00e9cnico en Sistemas Microinform\u00e1ticos y Redes\u201d y con el las siguientes cualificaciones profesionales oficiales del Cat\u00e1logo Nacional de Competencia Profesionales, todas en grado 2.<\/p>\n<ul>\n<li>IFC078_2 &#8211; Operaci\u00f3n de sistemas microinform\u00e1ticos<\/li>\n<li>IFC298_2 &#8211; Montaje y reparaci\u00f3n de sistemas microinform\u00e1ticos<\/li>\n<li>IFC299_2 &#8211; Operaci\u00f3n de redes locales<\/li>\n<li>IFC300_2 &#8211; Operaci\u00f3n de sistemas inform\u00e1ticos<\/li>\n<\/ul>\n<p>&nbsp;<\/p>\n<p>[\/et_pb_text][et_pb_button button_url=\u00bbhttps:\/\/www.juntadeandalucia.es\/organismos\/desarrolloeducativoyformacionprofesional\/areas\/ensenanzas-escolarizacion\/educacion-secundaria-obligatoria.html\u00bb url_new_window=\u00bbon\u00bb button_text=\u00bbM\u00e1s informaci\u00f3n general sobre T\u00e9cnico en Sistemas Microinfom\u00e1ticos y Redes\u00bb button_alignment=\u00bbcenter\u00bb admin_label=\u00bbEnlace M\u00e1s informaci\u00f3n SMR\u00bb _builder_version=\u00bb4.24.2&#8243; custom_button=\u00bbon\u00bb button_text_size=\u00bb17px\u00bb button_text_color=\u00bb#44627c\u00bb button_bg_color=\u00bb#cdd2d7&#8243; button_border_width=\u00bb0px\u00bb button_border_radius=\u00bb100px\u00bb button_letter_spacing=\u00bb1px\u00bb button_font=\u00bbLato|700|||||||\u00bb button_icon=\u00bb&#x24;||divi||400&#8243; custom_padding=\u00bb||||false|false\u00bb z_index_tablet=\u00bb500&#8243; button_text_shadow_horizontal_length_tablet=\u00bb0px\u00bb button_text_shadow_vertical_length_tablet=\u00bb0px\u00bb button_text_shadow_blur_strength_tablet=\u00bb1px\u00bb box_shadow_horizontal_tablet=\u00bb0px\u00bb box_shadow_vertical_tablet=\u00bb0px\u00bb box_shadow_blur_tablet=\u00bb40px\u00bb box_shadow_spread_tablet=\u00bb0px\u00bb saved_tabs=\u00bball\u00bb global_colors_info=\u00bb{}\u00bb button_text_size__hover_enabled=\u00bboff\u00bb button_text_size__hover=\u00bbnull\u00bb button_one_text_size__hover_enabled=\u00bboff\u00bb button_one_text_size__hover=\u00bbnull\u00bb button_two_text_size__hover_enabled=\u00bboff\u00bb button_two_text_size__hover=\u00bbnull\u00bb button_text_color__hover_enabled=\u00bboff\u00bb button_text_color__hover=\u00bbnull\u00bb button_one_text_color__hover_enabled=\u00bboff\u00bb button_one_text_color__hover=\u00bbnull\u00bb button_two_text_color__hover_enabled=\u00bboff\u00bb button_two_text_color__hover=\u00bbnull\u00bb button_border_width__hover_enabled=\u00bboff\u00bb button_border_width__hover=\u00bbnull\u00bb button_one_border_width__hover_enabled=\u00bboff\u00bb button_one_border_width__hover=\u00bbnull\u00bb button_two_border_width__hover_enabled=\u00bboff\u00bb button_two_border_width__hover=\u00bbnull\u00bb button_border_color__hover_enabled=\u00bboff\u00bb button_border_color__hover=\u00bbnull\u00bb button_one_border_color__hover_enabled=\u00bboff\u00bb button_one_border_color__hover=\u00bbnull\u00bb button_two_border_color__hover_enabled=\u00bboff\u00bb button_two_border_color__hover=\u00bbnull\u00bb button_border_radius__hover_enabled=\u00bboff\u00bb button_border_radius__hover=\u00bbnull\u00bb button_one_border_radius__hover_enabled=\u00bboff\u00bb button_one_border_radius__hover=\u00bbnull\u00bb button_two_border_radius__hover_enabled=\u00bboff\u00bb button_two_border_radius__hover=\u00bbnull\u00bb button_letter_spacing__hover_enabled=\u00bbon\u00bb button_letter_spacing__hover=\u00bb1px\u00bb button_one_letter_spacing__hover_enabled=\u00bboff\u00bb button_one_letter_spacing__hover=\u00bbnull\u00bb button_two_letter_spacing__hover_enabled=\u00bboff\u00bb button_two_letter_spacing__hover=\u00bbnull\u00bb button_bg_color__hover_enabled=\u00bboff\u00bb button_bg_color__hover=\u00bbnull\u00bb button_one_bg_color__hover_enabled=\u00bboff\u00bb button_one_bg_color__hover=\u00bbnull\u00bb button_two_bg_color__hover_enabled=\u00bboff\u00bb button_two_bg_color__hover=\u00bbnull\u00bb][\/et_pb_button][et_pb_text _builder_version=\u00bb4.24.2&#8243; header_font=\u00bb|700|||||||\u00bb header_2_font=\u00bb|700|||||||\u00bb header_3_font=\u00bb|700|||||||\u00bb background_size=\u00bbinitial\u00bb background_position=\u00bbtop_left\u00bb background_repeat=\u00bbrepeat\u00bb custom_margin=\u00bb0px||0px||false|false\u00bb custom_padding=\u00bb0px||0px||false|false\u00bb global_colors_info=\u00bb{}\u00bb]<\/p>\n<p>Todo lo indicado significa que aprender\u00e1s:<\/p>\n<ul>\n<li>A montar y reparar ordenadores de todo tipo: de sobremesa, port\u00e1tiles, etc.<\/li>\n<li>A configurar el sistema operativo y el software de los ordenadores<\/li>\n<li>A instalar, configurar y usar de forma avanzada las principales herramientas de ofim\u00e1tica<\/li>\n<li>A instalar, configurar, reparar y mantener redes locales cableadas e inal\u00e1mbricas<\/li>\n<li>A desplegar funcionalidades (servicios) dentro de una red local y en Internet, as\u00ed como p\u00e1ginas web<\/li>\n<li>A establecer y desplegar los mecanismos necesarios para que los sistemas inform\u00e1ticos sean seguros.<\/li>\n<li>Tus derechos y responsabilidades como trabajador\/a, estrategias de b\u00fasqueda de empleo, organizaci\u00f3n de las empresas, etc.<\/li>\n<\/ul>\n<p>&nbsp;<\/p>\n<p>Los m\u00f3dulos que cursar\u00e1s (en F.P. las asignaturas se llaman m\u00f3dulos) son:<\/p>\n<p>[\/et_pb_text][et_pb_tabs disabled_on=\u00bboff|off|off\u00bb admin_label=\u00bbM\u00f3dulos por curso\u00bb _builder_version=\u00bb4.24.2&#8243; _module_preset=\u00bbdefault\u00bb global_colors_info=\u00bb{}\u00bb][et_pb_tab title=\u00bbPrimer curso\u00bb _builder_version=\u00bb4.24.2&#8243; _module_preset=\u00bbdefault\u00bb global_colors_info=\u00bb{}\u00bb]<\/p>\n<ul>\n<li>Montaje y Mantenimiento de Equipos Inform\u00e1ticos (7 horas)<\/li>\n<li>Aplicaciones Ofim\u00e1ticas (8 horas)<\/li>\n<li>Sistemas Operativos Monopuesto (5 horas)<\/li>\n<li>Redes Locales (7 horas)<\/li>\n<li>Formaci\u00f3n y Orientaci\u00f3n Laboral (3 horas)<\/li>\n<\/ul>\n<p>[\/et_pb_tab][et_pb_tab title=\u00bbSegundo curso\u00bb _builder_version=\u00bb4.24.2&#8243; _module_preset=\u00bbdefault\u00bb global_colors_info=\u00bb{}\u00bb]<\/p>\n<ul>\n<li>Sistemas Operativos en Red (7 horas)<\/li>\n<li>Servicios en Red (7 horas)<\/li>\n<li>Aplicaciones Web (4 horas)<\/li>\n<li>Seguridad Inform\u00e1tica (5 horas)<\/li>\n<li>Empresa e Iniciativa Emprendedora (4 horas)<\/li>\n<li>M\u00f3dulo de Libre Configuraci\u00f3n, adaptado cada a\u00f1o a las necesidades del alumnado (3 horas)<\/li>\n<\/ul>\n<p>[\/et_pb_tab][\/et_pb_tabs][et_pb_text _builder_version=\u00bb4.24.2&#8243; _module_preset=\u00bbdefault\u00bb hover_enabled=\u00bb0&#8243; global_colors_info=\u00bb{}\u00bb sticky_enabled=\u00bb0&#8243;]<\/p>\n<p>En el IES Almunia disponemos 30 plazas para este ciclo, a las que se puede acceder habiendo titulado en ESO o superior, habiendo superado la prueba de acceso a Formaci\u00f3n Profesional de Grado Medio o habiendo titulado en Formaci\u00f3n Profesional de Grado B\u00e1sico.<\/p>\n<p>Nuestras instalaciones incluyen:<\/p>\n<ul>\n<li>Aulas con un ordenador por alumno\/a. Ordenador con capacidad adecuada para el uso de todo el software necesario, as\u00ed como m\u00e1quinas virtuales, simuladores de redes, etc.<\/li>\n<li>Taller de montaje y mantenimiento de equipos inform\u00e1ticos, con todas las herramientas necesarias para el diagn\u00f3stico, reparaci\u00f3n y mantenimiento de ordenadores de sobremesa, port\u00e1tiles y servidores.<\/li>\n<li>Taller de simulaci\u00f3n de instalaci\u00f3n de redes, con todos los elementos necesarios: armarios rack, cableado de par trenzado y fibra \u00f3ptica, rosetas, elementos de interconexi\u00f3n (switches, routers y puntos de acceso), etc.<\/li>\n<li>Servidores para el despliegue de sistemas operativos y servicios en red.<\/li>\n<\/ul>\nngg_shortcode_0_placeholder\n<p>El ciclo incluye periodos de formaci\u00f3n en empresas o entidades p\u00fablicas. Algunas de las empresas que han colaborado con nosotros en los \u00faltimos a\u00f1os son:<\/p>\n<ul>\n<li>App Inform\u00e1tica<\/li>\n<li>Cybersur<\/li>\n<li>Jessytel<\/li>\n<li>Rollantel<\/li>\n<li>Universidad de C\u00e1diz<\/li>\n<li>Meyga<\/li>\n<li>Centro del Profesorado de Jerez de la Frontera<\/li>\n<\/ul>\n<p>&nbsp;<\/p>\n<p>Tambi\u00e9n es posible la realizaci\u00f3n de alguno de estos periodos de formaci\u00f3n en empresas y entidades p\u00fablicas en otros pa\u00edses de la Uni\u00f3n Europea a trav\u00e9s del proyecto Erasmus+, que incluye la financiaci\u00f3n del desplazamiento y la estancia.<\/p>\n<p>[\/et_pb_text][\/et_pb_column][\/et_pb_row][\/et_pb_section]<\/p>\n","protected":false},"excerpt":{"rendered":"<p>FP &#8211; CFGM &#8211; T\u00e9cnico en Sistemas Microinform\u00e1ticos y RedesEl Ciclo Formativo de Grado Medio (C.F.G.M.) \u00abT\u00e9cnico en Sistemas Microinfom\u00e1ticos y Redes\u00bb (S.M.R.) de la Formaci\u00f3n Profesional (F.P.) tiene como competencia general \u201cinstalar, configurar y mantener sistemas microinform\u00e1ticos, aislados o en red, as\u00ed como redes locales en peque\u00f1os entornos, asegurando su funcionalidad y aplicando los [&hellip;]<\/p>\n","protected":false},"author":2253,"featured_media":0,"parent":0,"menu_order":0,"comment_status":"closed","ping_status":"closed","template":"","meta":{"_et_pb_use_builder":"on","_et_pb_old_content":"","_et_gb_content_width":"","ngg_post_thumbnail":0,"footnotes":""},"aioseo_notices":[],"_links":{"self":[{"href":"https:\/\/blogsaverroes.juntadeandalucia.es\/iesalmunia\/wp-json\/wp\/v2\/pages\/1631"}],"collection":[{"href":"https:\/\/blogsaverroes.juntadeandalucia.es\/iesalmunia\/wp-json\/wp\/v2\/pages"}],"about":[{"href":"https:\/\/blogsaverroes.juntadeandalucia.es\/iesalmunia\/wp-json\/wp\/v2\/types\/page"}],"author":[{"embeddable":true,"href":"https:\/\/blogsaverroes.juntadeandalucia.es\/iesalmunia\/wp-json\/wp\/v2\/users\/2253"}],"replies":[{"embeddable":true,"href":"https:\/\/blogsaverroes.juntadeandalucia.es\/iesalmunia\/wp-json\/wp\/v2\/comments?post=1631"}],"version-history":[{"count":20,"href":"https:\/\/blogsaverroes.juntadeandalucia.es\/iesalmunia\/wp-json\/wp\/v2\/pages\/1631\/revisions"}],"predecessor-version":[{"id":2972,"href":"https:\/\/blogsaverroes.juntadeandalucia.es\/iesalmunia\/wp-json\/wp\/v2\/pages\/1631\/revisions\/2972"}],"wp:attachment":[{"href":"https:\/\/blogsaverroes.juntadeandalucia.es\/iesalmunia\/wp-json\/wp\/v2\/media?parent=1631"}],"curies":[{"name":"wp","href":"https:\/\/api.w.org\/{rel}","templated":true}]}}