{"id":2524,"date":"2024-03-14T13:09:18","date_gmt":"2024-03-14T12:09:18","guid":{"rendered":"https:\/\/blogsaverroes.juntadeandalucia.es\/iesalmunia\/?page_id=2524"},"modified":"2024-03-14T13:55:20","modified_gmt":"2024-03-14T12:55:20","slug":"admision-matriculacion-y-becas","status":"publish","type":"page","link":"https:\/\/blogsaverroes.juntadeandalucia.es\/iesalmunia\/admision-matriculacion-y-becas\/","title":{"rendered":"Admisi\u00f3n, matriculaci\u00f3n y becas"},"content":{"rendered":"<p>[et_pb_section fb_built=\u00bb1&#8243; module_class=\u00bbseccionPagina\u00bb _builder_version=\u00bb4.14.5&#8243; custom_padding=\u00bb||||false|false\u00bb locked=\u00bboff\u00bb global_colors_info=\u00bb{}\u00bb][et_pb_row admin_label=\u00bbFila P\u00e1gina\u00bb module_class=\u00bbfilaPagina\u00bb _builder_version=\u00bb4.14.5&#8243; _module_preset=\u00bbdefault\u00bb global_colors_info=\u00bb{}\u00bb][et_pb_column type=\u00bb4_4&#8243; _builder_version=\u00bb4.14.5&#8243; _module_preset=\u00bbdefault\u00bb global_colors_info=\u00bb{}\u00bb][et_pb_text admin_label=\u00bbT\u00edtulo de p\u00e1gina\u00bb module_class=\u00bbtituloPagina\u00bb _builder_version=\u00bb4.14.5&#8243; _module_preset=\u00bbdefault\u00bb global_colors_info=\u00bb{%22gcid-3f1082d3-0d82-4692-ab84-48f5528af1ba%22:%91%22colorStart%22,%22colorEnd%22%93}\u00bb]<\/p>\n<h1>Admisi\u00f3n, matriculaci\u00f3n y becas<\/h1>\n<p>[\/et_pb_text][et_pb_text _builder_version=\u00bb4.14.5&#8243; hover_enabled=\u00bb0&#8243; global_colors_info=\u00bb{}\u00bb sticky_enabled=\u00bb0&#8243;]<\/p>\n<p>El proceso de <strong>admisi\u00f3n<\/strong> consiste en la solicitud de plaza en el centro en alguno de los cursos de los estudios ofertados en el centro. Una vez adjudicada una plaza, se debe realizar el proceso de <strong>matriculaci\u00f3n<\/strong> para hacer efectiva esa adjudicaci\u00f3n y establecer algunas cuestiones propias de cada curso y estudio: itinerarios, optatividad, etc. Sobre esa matricula se podr\u00e1 hacer una <strong>solicitud de beca<\/strong> en alguna de las convocatorias ofertadas.<\/p>\n<p>Al tratarse de un centro p\u00fablico los procedimientos de admisi\u00f3n, matriculaci\u00f3n y solicitud de beca son los <strong>establecidos y publicados por la Consejer\u00eda de Desarrollo Educativo y Formaci\u00f3n Profesional de la Junta de Andaluc\u00eda<\/strong>, que es quien determina todas las caracter\u00edsticas de los mismos, incluyendo los plazos. Ofrecemos aqu\u00ed enlaces a la informaci\u00f3n de dicha consejer\u00eda la respecto de cada procedimiento seg\u00fan los distintos estudios:<\/p>\n<p>&nbsp;<\/p>\n<h2>ESO y Bachillerato<\/h2>\n<ul>\n<li>Admisi\u00f3n: sobre el mes de marzo. Para plazo concreto, detalles del procedimiento y cumplimentaci\u00f3n telem\u00e1tica consulte el <a href=\"https:\/\/www.juntadeandalucia.es\/educacion\/portales\/es\/web\/escolarizacion\/infantil-a-bachillerato\">Portal de escolarizaci\u00f3n &#8211; ESO y Bachillerato<\/a>.<\/li>\n<li>Matriculaci\u00f3n: sobre el mes de julio. Para plazo concreto, detalles del procedimiento y cumplimentaci\u00f3n telem\u00e1tica consulte el <a href=\"https:\/\/www.juntadeandalucia.es\/educacion\/portales\/es\/web\/escolarizacion\/infantil-a-bachillerato\">Portal de escolarizaci\u00f3n &#8211; ESO y Bachillerato<\/a>.<\/li>\n<li>Becas ofertadas, plazos y procedimientos, consulte el portal de <a href=\"https:\/\/www.juntadeandalucia.es\/educacion\/portals\/web\/becas-y-ayudas\">Becas y ayudas<\/a>.<\/li>\n<\/ul>\n<p>&nbsp;<\/p>\n<h2>Formaci\u00f3n Profesional<\/h2>\n<ul>\n<li>Admisi\u00f3n: sobre el mes de junio. Para plazo concreto, detalles del procedimiento y cumplimentaci\u00f3n telem\u00e1tica consulte el <a href=\"https:\/\/www.juntadeandalucia.es\/educacion\/portales\/es\/web\/escolarizacion\/fp\">Portal de escolarizaci\u00f3n &#8211; FP<\/a>.<\/li>\n<li>Matriculaci\u00f3n: sobre el mes de julio. Para plazo concreto, detalles del procedimiento y cumplimentaci\u00f3n telem\u00e1tica consulte el <a href=\"https:\/\/www.juntadeandalucia.es\/educacion\/portales\/es\/web\/escolarizacion\/fp\">Portal de escolarizaci\u00f3n &#8211; FP<\/a>.<\/li>\n<li>Becas ofertadas, plazos y procedimientos, consulte el portal de <a href=\"https:\/\/www.juntadeandalucia.es\/educacion\/portals\/web\/becas-y-ayudas\">Becas y ayudas<\/a>.<\/li>\n<\/ul>\n<p>&nbsp;<\/p>\n<p>[\/et_pb_text][\/et_pb_column][\/et_pb_row][\/et_pb_section]<\/p>\n","protected":false},"excerpt":{"rendered":"<p>Admisi\u00f3n, matriculaci\u00f3n y becasEl proceso de admisi\u00f3n consiste en la solicitud de plaza en el centro en alguno de los cursos de los estudios ofertados en el centro. Una vez adjudicada una plaza, se debe realizar el proceso de matriculaci\u00f3n para hacer efectiva esa adjudicaci\u00f3n y establecer algunas cuestiones propias de cada curso y estudio: [&hellip;]<\/p>\n","protected":false},"author":2253,"featured_media":0,"parent":0,"menu_order":0,"comment_status":"closed","ping_status":"closed","template":"","meta":{"_et_pb_use_builder":"on","_et_pb_old_content":"","_et_gb_content_width":"","ngg_post_thumbnail":0,"footnotes":""},"aioseo_notices":[],"_links":{"self":[{"href":"https:\/\/blogsaverroes.juntadeandalucia.es\/iesalmunia\/wp-json\/wp\/v2\/pages\/2524"}],"collection":[{"href":"https:\/\/blogsaverroes.juntadeandalucia.es\/iesalmunia\/wp-json\/wp\/v2\/pages"}],"about":[{"href":"https:\/\/blogsaverroes.juntadeandalucia.es\/iesalmunia\/wp-json\/wp\/v2\/types\/page"}],"author":[{"embeddable":true,"href":"https:\/\/blogsaverroes.juntadeandalucia.es\/iesalmunia\/wp-json\/wp\/v2\/users\/2253"}],"replies":[{"embeddable":true,"href":"https:\/\/blogsaverroes.juntadeandalucia.es\/iesalmunia\/wp-json\/wp\/v2\/comments?post=2524"}],"version-history":[{"count":5,"href":"https:\/\/blogsaverroes.juntadeandalucia.es\/iesalmunia\/wp-json\/wp\/v2\/pages\/2524\/revisions"}],"predecessor-version":[{"id":2531,"href":"https:\/\/blogsaverroes.juntadeandalucia.es\/iesalmunia\/wp-json\/wp\/v2\/pages\/2524\/revisions\/2531"}],"wp:attachment":[{"href":"https:\/\/blogsaverroes.juntadeandalucia.es\/iesalmunia\/wp-json\/wp\/v2\/media?parent=2524"}],"curies":[{"name":"wp","href":"https:\/\/api.w.org\/{rel}","templated":true}]}}