{"id":2534,"date":"2024-04-04T13:10:33","date_gmt":"2024-04-04T11:10:33","guid":{"rendered":"https:\/\/blogsaverroes.juntadeandalucia.es\/iesalmunia\/?page_id=2534"},"modified":"2024-06-11T17:53:55","modified_gmt":"2024-06-11T15:53:55","slug":"plataformas-digitales","status":"publish","type":"page","link":"https:\/\/blogsaverroes.juntadeandalucia.es\/iesalmunia\/plataformas-digitales\/","title":{"rendered":"Plataformas digitales"},"content":{"rendered":"<p>[et_pb_section fb_built=\u00bb1&#8243; module_class=\u00bbseccionPagina\u00bb _builder_version=\u00bb4.16&#8243; custom_padding=\u00bb||||false|false\u00bb locked=\u00bboff\u00bb global_colors_info=\u00bb{}\u00bb][et_pb_row admin_label=\u00bbFila P\u00e1gina\u00bb module_class=\u00bbfilaPagina\u00bb _builder_version=\u00bb4.16&#8243; _module_preset=\u00bbdefault\u00bb global_colors_info=\u00bb{}\u00bb][et_pb_column type=\u00bb4_4&#8243; _builder_version=\u00bb4.16&#8243; _module_preset=\u00bbdefault\u00bb global_colors_info=\u00bb{}\u00bb][et_pb_text admin_label=\u00bbT\u00edtulo de p\u00e1gina\u00bb module_class=\u00bbtituloPagina\u00bb _builder_version=\u00bb4.16&#8243; _module_preset=\u00bbdefault\u00bb global_colors_info=\u00bb{%22gcid-3f1082d3-0d82-4692-ab84-48f5528af1ba%22:%91%22colorStart%22,%22colorEnd%22%93}\u00bb]<\/p>\n<h1>Plataformas digitales<\/h1>\n<p>[\/et_pb_text][et_pb_text _builder_version=\u00bb4.16&#8243; global_colors_info=\u00bb{}\u00bb]<\/p>\n<p>En el I.E.S. Almunia hacemos uso de varias plataformas digitales con distintos fines.<\/p>\n<p>[\/et_pb_text][\/et_pb_column][\/et_pb_row][et_pb_row column_structure=\u00bb1_3,1_3,1_3&#8243; admin_label=\u00bbPlataformas educativas\u00bb _builder_version=\u00bb4.16&#8243; _module_preset=\u00bbdefault\u00bb custom_padding=\u00bb10px||||false|false\u00bb locked=\u00bboff\u00bb global_colors_info=\u00bb{}\u00bb][et_pb_column type=\u00bb1_3&#8243; _builder_version=\u00bb4.16&#8243; _module_preset=\u00bbdefault\u00bb global_colors_info=\u00bb{}\u00bb][et_pb_image src=\u00bbhttps:\/\/blogsaverroes.juntadeandalucia.es\/iesalmunia\/files\/2024\/05\/moodle-centros.png\u00bb title_text=\u00bbmoodle centros\u00bb url=\u00bbhttps:\/\/educacionadistancia.juntadeandalucia.es\/centros\/cadiz\/\u00bb url_new_window=\u00bbon\u00bb show_bottom_space=\u00bboff\u00bb align=\u00bbcenter\u00bb admin_label=\u00bbImagen Moodle centros\u00bb _builder_version=\u00bb4.24.2&#8243; _module_preset=\u00bbdefault\u00bb animation_style=\u00bbslide\u00bb border_radii=\u00bbon|15px|15px|15px|15px\u00bb box_shadow_style=\u00bbpreset1&#8243; global_colors_info=\u00bb{}\u00bb transform_styles__hover_enabled=\u00bbon|hover\u00bb transform_scale__hover_enabled=\u00bbon|hover\u00bb transform_translate__hover_enabled=\u00bbon|desktop\u00bb transform_rotate__hover_enabled=\u00bbon|desktop\u00bb transform_skew__hover_enabled=\u00bbon|desktop\u00bb transform_origin__hover_enabled=\u00bbon|desktop\u00bb transform_scale__hover=\u00bb110%|110%\u00bb][\/et_pb_image][et_pb_text admin_label=\u00bbUsuarios Moodle\u00bb _builder_version=\u00bb4.16&#8243; _module_preset=\u00bbdefault\u00bb text_text_color=\u00bb#000000&#8243; text_orientation=\u00bbcenter\u00bb background_layout=\u00bbdark\u00bb animation_style=\u00bbslide\u00bb global_colors_info=\u00bb{}\u00bb]<\/p>\n<p style=\"text-align: center\">Alumnado y profesorado<\/p>\n<p>[\/et_pb_text][\/et_pb_column][et_pb_column type=\u00bb1_3&#8243; _builder_version=\u00bb4.16&#8243; _module_preset=\u00bbdefault\u00bb global_colors_info=\u00bb{}\u00bb][et_pb_image src=\u00bbhttps:\/\/blogsaverroes.juntadeandalucia.es\/iesalmunia\/files\/2024\/05\/google-classroom.png\u00bb title_text=\u00bbgoogle classroom\u00bb url=\u00bbhttps:\/\/classroom.google.com\/\u00bb url_new_window=\u00bbon\u00bb show_bottom_space=\u00bboff\u00bb align=\u00bbcenter\u00bb admin_label=\u00bbImagen Classroom\u00bb _builder_version=\u00bb4.24.2&#8243; _module_preset=\u00bbdefault\u00bb animation_style=\u00bbslide\u00bb border_radii=\u00bbon|15px|15px|15px|15px\u00bb box_shadow_style=\u00bbpreset1&#8243; global_colors_info=\u00bb{}\u00bb transform_styles__hover_enabled=\u00bbon|hover\u00bb transform_scale__hover_enabled=\u00bbon|hover\u00bb transform_translate__hover_enabled=\u00bbon|desktop\u00bb transform_rotate__hover_enabled=\u00bbon|desktop\u00bb transform_skew__hover_enabled=\u00bbon|desktop\u00bb transform_origin__hover_enabled=\u00bbon|desktop\u00bb transform_scale__hover=\u00bb110%|110%\u00bb][\/et_pb_image][et_pb_text admin_label=\u00bbUsuarios Classroom\u00bb _builder_version=\u00bb4.16&#8243; _module_preset=\u00bbdefault\u00bb text_text_color=\u00bb#000000&#8243; text_orientation=\u00bbcenter\u00bb background_layout=\u00bbdark\u00bb animation_style=\u00bbslide\u00bb global_colors_info=\u00bb{}\u00bb]<\/p>\n<p style=\"text-align: center\">Alumnado y profesorado<\/p>\n<p>[\/et_pb_text][\/et_pb_column][et_pb_column type=\u00bb1_3&#8243; _builder_version=\u00bb4.16&#8243; _module_preset=\u00bbdefault\u00bb global_colors_info=\u00bb{}\u00bb][et_pb_image src=\u00bbhttps:\/\/blogsaverroes.juntadeandalucia.es\/iesalmunia\/files\/2022\/07\/pasen.png\u00bb title_text=\u00bbpasen\u00bb url=\u00bbhttps:\/\/seneca.juntadeandalucia.es\/seneca\/jsp\/portalpasen\/\u00bb url_new_window=\u00bbon\u00bb show_bottom_space=\u00bboff\u00bb align=\u00bbcenter\u00bb admin_label=\u00bbImagen Pasen\u00bb _builder_version=\u00bb4.24.2&#8243; _module_preset=\u00bbdefault\u00bb animation_style=\u00bbslide\u00bb border_radii=\u00bbon|15px|15px|15px|15px\u00bb box_shadow_style=\u00bbpreset1&#8243; global_colors_info=\u00bb{}\u00bb transform_styles__hover_enabled=\u00bbon|hover\u00bb transform_scale__hover_enabled=\u00bbon|hover\u00bb transform_translate__hover_enabled=\u00bbon|desktop\u00bb transform_rotate__hover_enabled=\u00bbon|desktop\u00bb transform_skew__hover_enabled=\u00bbon|desktop\u00bb transform_origin__hover_enabled=\u00bbon|desktop\u00bb transform_scale__hover=\u00bb110%|110%\u00bb][\/et_pb_image][et_pb_text admin_label=\u00bbUsuarios Pasen\u00bb _builder_version=\u00bb4.16&#8243; _module_preset=\u00bbdefault\u00bb text_text_color=\u00bb#000000&#8243; text_orientation=\u00bbcenter\u00bb background_layout=\u00bbdark\u00bb animation_style=\u00bbslide\u00bb global_colors_info=\u00bb{}\u00bb]<\/p>\n<p style=\"text-align: center\">Alumnado y familias<\/p>\n<p>[\/et_pb_text][\/et_pb_column][\/et_pb_row][et_pb_row admin_label=\u00bbFila P\u00e1gina\u00bb module_class=\u00bbfilaPagina\u00bb _builder_version=\u00bb4.16&#8243; _module_preset=\u00bbdefault\u00bb global_colors_info=\u00bb{}\u00bb][et_pb_column type=\u00bb4_4&#8243; _builder_version=\u00bb4.16&#8243; _module_preset=\u00bbdefault\u00bb global_colors_info=\u00bb{}\u00bb][et_pb_text _builder_version=\u00bb4.24.2&#8243; hover_enabled=\u00bb0&#8243; global_colors_info=\u00bb{}\u00bb sticky_enabled=\u00bb0&#8243;]<\/p>\n<h2>Pasen para familias: informaci\u00f3n y gestiones<\/h2>\n<p>La plataforma <a href=\"https:\/\/seneca.juntadeandalucia.es\/seneca\/jsp\/portalpasen\/\" target=\"_blank\" rel=\"noopener\">Pasen<\/a> y su aplicaci\u00f3n iPasen para m\u00f3viles <a href=\"https:\/\/play.google.com\/store\/apps\/details?id=juntadeandalucia.ced.pasen\" target=\"_blank\" rel=\"noopener\">Android<\/a> o <a href=\"https:\/\/apps.apple.com\/es\/app\/ipasen\/id511127024\" target=\"_blank\" rel=\"noopener\">iOS<\/a> es una herramienta proporcionada por la Consejer\u00eda de Desarrollo Educativo y Formaci\u00f3n Profesional de la Junta de Andaluc\u00eda para que las familias puedan consultar datos acad\u00e9micos del alumnado (matr\u00edculas y asignaturas, calificaciones trimestrales y finales, expediente acad\u00e9mico, etc.) as\u00ed como realizar diferentes gestiones:<\/p>\n<ul>\n<li>Aviso y justificaci\u00f3n de faltas de asistencia<\/li>\n<li>Recepci\u00f3n de boletines de calificaciones e informes de recuperaci\u00f3n<\/li>\n<li>Recepci\u00f3n de comunicaciones realizadas por el centro<\/li>\n<li>Autorizaci\u00f3n para participaci\u00f3n en actividades complementarias<\/li>\n<li>Mensajer\u00eda con los tutores\/as de grupo<\/li>\n<li>Etc.<\/li>\n<\/ul>\n<p>Hemos elaborado una peque\u00f1a <a href=\"https:\/\/view.genially.com\/65d33d70ed7ae1001418eab0\/mobile-asistente-ipasen-m\" target=\"_blank\" rel=\"noopener\">gu\u00eda de uso<\/a> con las gestiones m\u00e1s habituales contextualizadas a nuestro centro.<\/p>\n<p><strong>Instrucciones de acceso.<\/strong> Cada padre\/madre\/tutor legal dispone de unas credenciales de acceso (usuario y contrase\u00f1a) personales, que no son las mismas que tiene el alumnado. La plataforma es la misma para todos los centros educativos p\u00fablicos de Andaluc\u00eda, por lo que si ya tiene acceso por haber estado matriculado su hijo\/a en otro centro p\u00fablico andaluz o por tener otro hijo\/a en uno de ellos no necesita un nuevo usuario y contrase\u00f1a para acceder, sirve el mismo. El alta o modificaci\u00f3n de los datos en el I.E.S. Almunia es autom\u00e1tica al realizar la matricula. No obstante si no tiene acceso puede consultar nuestra gu\u00eda de Pasen para familias del I.E.S. Almunia o solicitarlo en Secretar\u00eda.<\/p>\n<p>&nbsp;<\/p>\n<h2>Pasen para alumnado: informaci\u00f3n y gestiones<\/h2>\n<p>La plataforma <a href=\"https:\/\/seneca.juntadeandalucia.es\/seneca\/jsp\/portalpasen\/\" target=\"_blank\" rel=\"noopener\">Pasen<\/a> y su aplicaci\u00f3n iPasen para m\u00f3viles <a href=\"https:\/\/play.google.com\/store\/apps\/details?id=juntadeandalucia.ced.pasen\" target=\"_blank\" rel=\"noopener\">Android<\/a> o <a href=\"https:\/\/apps.apple.com\/es\/app\/ipasen\/id511127024\" target=\"_blank\" rel=\"noopener\">iOS<\/a> es una herramienta proporcionada por la Consejer\u00eda de Desarrollo Educativo y Formaci\u00f3n Profesional de la Junta de Andaluc\u00eda para que el alumnado pueda consultar sus datos acad\u00e9micos (matr\u00edculas y asignaturas, calificaciones trimestrales y finales, expediente acad\u00e9mico, etc.) as\u00ed como realizar algunas gestiones:<\/p>\n<ul>\n<li>Recepci\u00f3n de boletines de calificaciones e informes de recuperaci\u00f3n<\/li>\n<li>Recepci\u00f3n de comunicaciones realizadas por el centro<\/li>\n<li>Mensajer\u00eda con los tutores\/as de grupo<\/li>\n<li>Etc.<\/li>\n<\/ul>\n<p>Hemos elaborado una peque\u00f1a <a href=\"https:\/\/view.genially.com\/65d33d70ed7ae1001418eab0\/mobile-asistente-ipasen-m\" target=\"_blank\" rel=\"noopener\">gu\u00eda de uso<\/a> con las gestiones m\u00e1s habituales contextualizadas a nuestro centro.<\/p>\n<p><strong>Instrucciones de acceso.<\/strong> Cada alumno\/a dispone de unas credenciales de acceso (usuario y contrase\u00f1a) personales, que no son las mismas que tienen su padre, madre o tutor\/a legal. La plataforma es la misma para todos los centros educativos p\u00fablicos de Andaluc\u00eda, por lo que si ya se tiene acceso por haber estado matriculado en otro centro p\u00fablico andaluz no se necesita un nuevo usuario y contrase\u00f1a para acceder, sirve el mismo. El alta o modificaci\u00f3n de los datos en el I.E.S. Almunia es autom\u00e1tica al realizar la matricula. No obstante si un\/a alumno\/a no tiene acceso puede consultar con su tutor\/a del grupo para que le comunique el usuario y le genera una nueva contrase\u00f1a.<\/p>\n<p>Pasen est\u00e1 coordinado con las dos plataformas que se usan para el desarrollo de las asignaturas (Moodle Centros y Gsuite para Educaci\u00f3n\/Classroom), de manera que el usuario y contrase\u00f1a de Pasen son los que se usan en ellas. Si se cambia la contrase\u00f1a de Pasen autom\u00e1ticamente cambian las de las dos plataformas. Las contrase\u00f1as de Moodle Centros y Gsuite para Educaci\u00f3n\/Classroom no se pueden cambiar, s\u00f3lo se cambia la de Pasen y autom\u00e1ticamente cambian las otras dos.<\/p>\n<p>&nbsp;<\/p>\n<h2>Moodle Centros y GSuite para Educaci\u00f3n para alumnado: desarrollo de las asignaturas<\/h2>\n<p>En el I.E.S. Almunia cada asignatura puede desarrollarse a trav\u00e9s de una de estas dos plataformas educativas digitales: Moodle Centros o GSuite para Educaci\u00f3n (Google Classroom).<\/p>\n<p><a href=\"https:\/\/educacionadistancia.juntadeandalucia.es\/centros\/cadiz\/login\/index.php\" target=\"_blank\" rel=\"noopener\">Moodle Centros<\/a> es una plataforma digital educativa de la Consejer\u00eda de Desarrollo Educativo y Formaci\u00f3n Profesional de la Junta de Andaluc\u00eda cuya finalidad es ser un soporte para el desarrollo de algunas de las asignaturas impartidas en el centro. Cada una de estas asignaturas aparece como un curso al que tiene acceso el profesorado responsable de esa asignatura y alumnado matriculado en la misma. Ese curso contiene materiales educativos, actividades de diferentes tipos que pueden entregarse <em>online,<\/em> calificaciones de actividades, etc., adem\u00e1s de servir como sistema de mensajer\u00eda entre el alumnado y el profesorado de la asignatura. <a href=\"https:\/\/www.juntadeandalucia.es\/educacion\/eaprendizaje\/moodle-centros\/\" target=\"_blank\" rel=\"noopener\">M\u00e1s informaci\u00f3n de Moodle Centros<\/a>.<\/p>\n<p>Todo el alumnado tiene acceso a Moodle Centros por el simple hecho de estar matriculado en el I.E.S Almunia. El usuario y la contrase\u00f1a para el acceso del alumnado son los de su cuenta de Pasen. No se puede cambiar directamente la contrase\u00f1a de acceso, sino que se tiene que cambiar la de Pasen. Las familias no tienen acceso a Moodle Centros.<\/p>\n<p><strong>Gsuite para Educaci\u00f3n<\/strong> es el servicio de Google dirigido a su uso en centros educativos, ofrecido de forma gratuita mediante convenio celebrado entre Google y la Consejer\u00eda de Desarrollo Educativo y Formaci\u00f3n Profesional. En este convenio se establece que los datos son propiedad de la citada Consejer\u00eda por lo que el tratamiento de los mismos por parte de Google se ci\u00f1e a las funciones educativas. <a href=\"https:\/\/www.juntadeandalucia.es\/educacion\/eaprendizaje\/gsuite\/\" target=\"_blank\" rel=\"noopener\">M\u00e1s informaci\u00f3n de GSuite para Educaci\u00f3n en centros p\u00fablicos de Andaluc\u00eda<\/a>.<\/p>\n<p>Todo el alumnado matriculado en el IES dispone de una cuenta de Google cuyos t\u00e9rminos de uso est\u00e1n determinados por el citado acuerdo. Para el uso por menores de 14 a\u00f1os es necesaria una autorizaci\u00f3n por parte de las familias que se gestiona a trav\u00e9s de Pasen. Para cada alumno\/a el usuario (la direcci\u00f3n de correo electr\u00f3nico) es el nombre de usuario de su cuenta de Pasen seguido de @g.educaand.es (por ejemplo, si el usuario de Pasen es mpergri829, la direcci\u00f3n de correo electr\u00f3nico de Google ser\u00e1 mpergri829@g.educaand.es), y la contrase\u00f1a es la misma de su cuenta de Pasen. No se puede cambiar directamente la contrase\u00f1a de la cuenta de Google, sino que se tiene que cambiar la de Pasen. Estas cuentas @g.educaand.es son comunes a todos los centros p\u00fablicos de Andaluc\u00eda, por lo que si un\/una alumna\/a cambia de centro mantiene la misma cuenta. La cuenta y su contenido se borran a los tres meses de que el\/la alumno\/a deje de tener una matr\u00edcula activa en un centro p\u00fablico de Andaluc\u00eda. Las familias no tienen acceso a estas cuentas de Google ni sus servicios asociados.<\/p>\n<p>Entre los servicios que se ofrecen en Gsuite para Educaci\u00f3n destacan Gmail (correo electr\u00f3nico), Drive (almacenamiento en la nube) y sobre todo <a href=\"https:\/\/classroom.google.com\/\" target=\"_blank\" rel=\"noopener\">Classroom<\/a> (para el desarrollo de las asignaturas), todos accesibles directamente en la web o mediante aplicaci\u00f3n de m\u00f3vil Android o iPhone. Cada asignatura que se desarrolle en Classroom tendr\u00e1 un apartado al que s\u00f3lo accede el profesorado de la asignatura y el alumnado matriculado en ella. En ese apartado se publican materiales y actividades de distintos tipos, se puede hacer la entrega de actividades, se muestran calificaciones de las actividades, etc., adem\u00e1s de servir de mensajer\u00eda entre el alumnado y el profesorado.<\/p>\n<p>En este documento se muestran algunas <a href=\"https:\/\/drive.google.com\/file\/d\/1Tj1PSzjwIZ3_4zI4JNiqMaHuQsC6IT5g\/view?usp=drive_link\" target=\"_blank\" rel=\"noopener\">preguntas frecuentes sobre el uso de estas cuentas de Google<\/a> en nuestro centro.<\/p>\n<p>[\/et_pb_text][\/et_pb_column][\/et_pb_row][\/et_pb_section]<\/p>\n","protected":false},"excerpt":{"rendered":"<p>Plataformas digitalesEn el I.E.S. Almunia hacemos uso de varias plataformas digitales con distintos fines.Alumnado y profesoradoAlumnado y profesoradoAlumnado y familiasPasen para familias: informaci\u00f3n y gestiones La plataforma Pasen y su aplicaci\u00f3n iPasen para m\u00f3viles Android o iOS es una herramienta proporcionada por la Consejer\u00eda de Desarrollo Educativo y Formaci\u00f3n Profesional de la Junta de Andaluc\u00eda [&hellip;]<\/p>\n","protected":false},"author":2253,"featured_media":0,"parent":0,"menu_order":0,"comment_status":"closed","ping_status":"closed","template":"","meta":{"_et_pb_use_builder":"on","_et_pb_old_content":"","_et_gb_content_width":"","ngg_post_thumbnail":0,"footnotes":""},"aioseo_notices":[],"_links":{"self":[{"href":"https:\/\/blogsaverroes.juntadeandalucia.es\/iesalmunia\/wp-json\/wp\/v2\/pages\/2534"}],"collection":[{"href":"https:\/\/blogsaverroes.juntadeandalucia.es\/iesalmunia\/wp-json\/wp\/v2\/pages"}],"about":[{"href":"https:\/\/blogsaverroes.juntadeandalucia.es\/iesalmunia\/wp-json\/wp\/v2\/types\/page"}],"author":[{"embeddable":true,"href":"https:\/\/blogsaverroes.juntadeandalucia.es\/iesalmunia\/wp-json\/wp\/v2\/users\/2253"}],"replies":[{"embeddable":true,"href":"https:\/\/blogsaverroes.juntadeandalucia.es\/iesalmunia\/wp-json\/wp\/v2\/comments?post=2534"}],"version-history":[{"count":27,"href":"https:\/\/blogsaverroes.juntadeandalucia.es\/iesalmunia\/wp-json\/wp\/v2\/pages\/2534\/revisions"}],"predecessor-version":[{"id":3329,"href":"https:\/\/blogsaverroes.juntadeandalucia.es\/iesalmunia\/wp-json\/wp\/v2\/pages\/2534\/revisions\/3329"}],"wp:attachment":[{"href":"https:\/\/blogsaverroes.juntadeandalucia.es\/iesalmunia\/wp-json\/wp\/v2\/media?parent=2534"}],"curies":[{"name":"wp","href":"https:\/\/api.w.org\/{rel}","templated":true}]}}