{"id":2569,"date":"2024-05-17T16:25:23","date_gmt":"2024-05-17T14:25:23","guid":{"rendered":"https:\/\/blogsaverroes.juntadeandalucia.es\/iesalmunia\/?page_id=2569"},"modified":"2024-06-11T18:10:21","modified_gmt":"2024-06-11T16:10:21","slug":"ampa","status":"publish","type":"page","link":"https:\/\/blogsaverroes.juntadeandalucia.es\/iesalmunia\/ampa\/","title":{"rendered":"AMPA"},"content":{"rendered":"<p>[et_pb_section fb_built=\u00bb1&#8243; module_class=\u00bbseccionPagina\u00bb _builder_version=\u00bb4.16&#8243; custom_padding=\u00bb||||false|false\u00bb locked=\u00bboff\u00bb global_colors_info=\u00bb{}\u00bb][et_pb_row admin_label=\u00bbFila P\u00e1gina\u00bb module_class=\u00bbfilaPagina\u00bb _builder_version=\u00bb4.16&#8243; _module_preset=\u00bbdefault\u00bb global_colors_info=\u00bb{}\u00bb][et_pb_column type=\u00bb4_4&#8243; _builder_version=\u00bb4.16&#8243; _module_preset=\u00bbdefault\u00bb global_colors_info=\u00bb{}\u00bb][et_pb_text admin_label=\u00bbT\u00edtulo de p\u00e1gina\u00bb module_class=\u00bbtituloPagina\u00bb _builder_version=\u00bb4.24.2&#8243; _module_preset=\u00bbdefault\u00bb global_colors_info=\u00bb{%22gcid-3f1082d3-0d82-4692-ab84-48f5528af1ba%22:%91%22colorStart%22,%22colorEnd%22%93}\u00bb]<\/p>\n<h1>AMPA Los Mosaicos<\/h1>\n<p>[\/et_pb_text][et_pb_text _builder_version=\u00bb4.24.2&#8243; hover_enabled=\u00bb0&#8243; global_colors_info=\u00bb{}\u00bb sticky_enabled=\u00bb0&#8243;]<\/p>\n<p>La Asociaci\u00f3n de Madres y Padres de Alumnado (AMPA) <strong>Los Mosaicos<\/strong> est\u00e1 formada todas las familias del alumnado del IES Almunia, aunque en activo nos encontramos un reducido n\u00famero de madres. Nuestro objetivo es mejorar y apoyar a todo el alumnado del centro durante su etapa acad\u00e9mica.<\/p>\n<p>Desde la creaci\u00f3n de esta asociaci\u00f3n han sido innumerables las labores que se han realizado, y en esta \u00faltima etapa hemos podido mejorar nuestra actividad consiguiendo subvencionar:<\/p>\n<ul>\n<li>las agendas escolares de nuestros socios,<\/li>\n<li>parte de las excursiones que realizan,<\/li>\n<li>talleres educativos de entidades privadas,<\/li>\n<li>material deportivo, como la mesa de ping pong exterior,<\/li>\n<li>material escolar y libros de lectura.<\/li>\n<\/ul>\n<p>&nbsp;<\/p>\n<p>Adem\u00e1s nos encargamos de la organizaci\u00f3n de la graduaci\u00f3n del alumnado de 4\u00ba de ESO, y participamos en muchas m\u00e1s actividades de convivencia para nuestros hijos e hijas que siempre precisan de recursos econ\u00f3micos y humanos: desayuno andaluz, chocolate con polvorones, etc.<\/p>\n<p>Adem\u00e1s de todo lo indicado, tambi\u00e9n estamos disponibles para cualquier necesidad que las familias y el alumnado del centro precisen, pudi\u00e9ndose poner en contacto con nosotros en el formulario de contacto al final de esta p\u00e1gina.<\/p>\n<p>Dicho todo esto y dejando cosas en el tintero, entendemos que involucrarse personalmente, a veces, suele ser complicado, pero os animamos a que particip\u00e9is al menos con la cuota \u00fanica anual que se puede hacer por transferencia (pod\u00e9is consultar el importe y n\u00famero de cuenta en el centro o en el formulario de contacto) o presencialmente en la reuni\u00f3n inicial del curso.<\/p>\n<p>Desde la AMPA les enviamos un cordial saludo y recuerden que estamos aqu\u00ed para mejorar y apoyar la trayectoria acad\u00e9mica de nuestros hijos e hijas.<\/p>\n<div id=\"simple-translate\" class=\"simple-translate-system-theme\">\n<div class=\"simple-translate-button isShow\" style=\"height: 22px;width: 22px\">&nbsp;<\/div>\n<h3>Formulario de contacto<\/h3>\n\n<div class=\"wpcf7 no-js\" id=\"wpcf7-f2580-o1\" lang=\"es-ES\" dir=\"ltr\">\n<div class=\"screen-reader-response\"><p role=\"status\" aria-live=\"polite\" aria-atomic=\"true\"><\/p> <ul><\/ul><\/div>\n<form action=\"\/iesalmunia\/wp-json\/wp\/v2\/pages\/2569#wpcf7-f2580-o1\" method=\"post\" class=\"wpcf7-form init\" aria-label=\"Formulario de contacto\" novalidate=\"novalidate\" data-status=\"init\">\n<div style=\"display: none;\">\n<input type=\"hidden\" name=\"_wpcf7\" value=\"2580\" \/>\n<input type=\"hidden\" name=\"_wpcf7_version\" value=\"5.9.8\" \/>\n<input type=\"hidden\" name=\"_wpcf7_locale\" value=\"es_ES\" \/>\n<input type=\"hidden\" name=\"_wpcf7_unit_tag\" value=\"wpcf7-f2580-o1\" \/>\n<input type=\"hidden\" name=\"_wpcf7_container_post\" value=\"0\" \/>\n<input type=\"hidden\" name=\"_wpcf7_posted_data_hash\" value=\"\" \/>\n<\/div>\n<div class=\"et_pb_contact\">\n\t<div class=\"et_pb_contact_form\">\n\t\t<p class=\"et_pb_contact_field et_pb_contact_field_last\"><span class=\"wpcf7-form-control-wrap\" data-name=\"your-name\"><input size=\"40\" maxlength=\"400\" class=\"wpcf7-form-control wpcf7-text wpcf7-validates-as-required\" aria-required=\"true\" aria-invalid=\"false\" placeholder=\"Nombre y apellidos\" value=\"\" type=\"text\" name=\"your-name\" \/><\/span>\n\t\t<\/p>\n\t\t<p class=\"et_pb_contact_field et_pb_contact_field_half\"><span class=\"wpcf7-form-control-wrap\" data-name=\"your-email\"><input size=\"40\" maxlength=\"400\" class=\"wpcf7-form-control wpcf7-email wpcf7-validates-as-required wpcf7-text wpcf7-validates-as-email\" aria-required=\"true\" aria-invalid=\"false\" placeholder=\"Correo electr\u00f3nico (s\u00f3lo para respuesta, no se guarda)\" value=\"\" type=\"email\" name=\"your-email\" \/><\/span>\n\t\t<\/p>\n\t\t<p class=\"et_pb_contact_field et_pb_contact_field_half et_pb_contact_field_last\"><span class=\"wpcf7-form-control-wrap\" data-name=\"tel-1\"><input size=\"40\" maxlength=\"400\" class=\"wpcf7-form-control wpcf7-tel wpcf7-text wpcf7-validates-as-tel\" aria-invalid=\"false\" placeholder=\"Tel\u00e9fono (no obligatorio, s\u00f3lo para respuesta, no se guarda)\" value=\"\" type=\"tel\" name=\"tel-1\" \/><\/span>\n\t\t<\/p>\n\t\t<p class=\"et_pb_contact_field et_pb_contact_field_last\"><span class=\"wpcf7-form-control-wrap\" data-name=\"your-subject\"><input size=\"40\" maxlength=\"400\" class=\"wpcf7-form-control wpcf7-text wpcf7-validates-as-required\" aria-required=\"true\" aria-invalid=\"false\" placeholder=\"Asunto\" value=\"\" type=\"text\" name=\"your-subject\" \/><\/span>\n\t\t<\/p>\n\t\t<p class=\"et_pb_contact_field et_pb_contact_field_last\"><span class=\"wpcf7-form-control-wrap\" data-name=\"your-message\"><textarea cols=\"40\" rows=\"10\" maxlength=\"2000\" class=\"wpcf7-form-control wpcf7-textarea\" aria-invalid=\"false\" placeholder=\"Mensaje\" name=\"your-message\"><\/textarea><\/span>\n\t\t<\/p>\n\t<\/div>\n<\/div>\n<div class=\"et_contact_bottom_container padding-button-contact-form\">\n\t<p><button type=\"submit\" name=\"et_builder_submit_button\" class=\"et_pb_contact_submit et_pb_button\">Enviar<\/button>\n\t<\/p>\n<\/div><div class=\"wpcf7-response-output\" aria-hidden=\"true\"><\/div>\n<\/form>\n<\/div>\n\n<\/div>\n<p>[\/et_pb_text][\/et_pb_column][\/et_pb_row][\/et_pb_section]<\/p>\n","protected":false},"excerpt":{"rendered":"<p>AMPA Los Mosaicos La Asociaci\u00f3n de Madres y Padres de Alumnado (AMPA) Los Mosaicos est\u00e1 formada todas las familias del alumnado del IES Almunia, aunque en activo nos encontramos un reducido n\u00famero de madres. Nuestro objetivo es mejorar y apoyar a todo el alumnado del centro durante su etapa acad\u00e9mica. Desde la creaci\u00f3n de esta [&hellip;]<\/p>\n","protected":false},"author":2253,"featured_media":0,"parent":0,"menu_order":0,"comment_status":"closed","ping_status":"closed","template":"","meta":{"_et_pb_use_builder":"on","_et_pb_old_content":"","_et_gb_content_width":"","ngg_post_thumbnail":0,"footnotes":""},"aioseo_notices":[],"_links":{"self":[{"href":"https:\/\/blogsaverroes.juntadeandalucia.es\/iesalmunia\/wp-json\/wp\/v2\/pages\/2569"}],"collection":[{"href":"https:\/\/blogsaverroes.juntadeandalucia.es\/iesalmunia\/wp-json\/wp\/v2\/pages"}],"about":[{"href":"https:\/\/blogsaverroes.juntadeandalucia.es\/iesalmunia\/wp-json\/wp\/v2\/types\/page"}],"author":[{"embeddable":true,"href":"https:\/\/blogsaverroes.juntadeandalucia.es\/iesalmunia\/wp-json\/wp\/v2\/users\/2253"}],"replies":[{"embeddable":true,"href":"https:\/\/blogsaverroes.juntadeandalucia.es\/iesalmunia\/wp-json\/wp\/v2\/comments?post=2569"}],"version-history":[{"count":13,"href":"https:\/\/blogsaverroes.juntadeandalucia.es\/iesalmunia\/wp-json\/wp\/v2\/pages\/2569\/revisions"}],"predecessor-version":[{"id":3331,"href":"https:\/\/blogsaverroes.juntadeandalucia.es\/iesalmunia\/wp-json\/wp\/v2\/pages\/2569\/revisions\/3331"}],"wp:attachment":[{"href":"https:\/\/blogsaverroes.juntadeandalucia.es\/iesalmunia\/wp-json\/wp\/v2\/media?parent=2569"}],"curies":[{"name":"wp","href":"https:\/\/api.w.org\/{rel}","templated":true}]}}