{"id":500,"date":"2022-03-25T08:31:02","date_gmt":"2022-03-25T07:31:02","guid":{"rendered":"https:\/\/blogsaverroes.juntadeandalucia.es\/iesalmunia\/?page_id=500"},"modified":"2024-02-02T21:29:53","modified_gmt":"2024-02-02T20:29:53","slug":"ubicacion-y-contacto","status":"publish","type":"page","link":"https:\/\/blogsaverroes.juntadeandalucia.es\/iesalmunia\/ubicacion-y-contacto\/","title":{"rendered":"Ubicaci\u00f3n y contacto"},"content":{"rendered":"<p>[et_pb_section fb_built=\u00bb1&#8243; _builder_version=\u00bb4.14.5&#8243; global_colors_info=\u00bb{}\u00bb hover_enabled=\u00bb0&#8243; sticky_enabled=\u00bb0&#8243; module_class=\u00bbseccionPagina\u00bb][et_pb_row _builder_version=\u00bb4.14.5&#8243; _module_preset=\u00bbdefault\u00bb global_colors_info=\u00bb{}\u00bb module_class=\u00bbfilaPagina\u00bb hover_enabled=\u00bb0&#8243; sticky_enabled=\u00bb0&#8243;][et_pb_column type=\u00bb4_4&#8243; _builder_version=\u00bb4.14.5&#8243; _module_preset=\u00bbdefault\u00bb global_colors_info=\u00bb{}\u00bb][et_pb_text admin_label=\u00bbT\u00edtulo de p\u00e1gina\u00bb _builder_version=\u00bb4.14.5&#8243; _module_preset=\u00bbdefault\u00bb global_colors_info=\u00bb{%22gcid-3f1082d3-0d82-4692-ab84-48f5528af1ba%22:%91%22colorStart%22,%22colorEnd%22%93}\u00bb module_class=\u00bbtituloPagina\u00bb hover_enabled=\u00bb0&#8243; sticky_enabled=\u00bb0&#8243;]<\/p>\n<h1>Ubicaci\u00f3n y contacto<\/h1>\n<p>[\/et_pb_text][\/et_pb_column][\/et_pb_row][et_pb_row column_structure=\u00bb1_2,1_2&#8243; _builder_version=\u00bb4.14.5&#8243; background_size=\u00bbinitial\u00bb background_position=\u00bbtop_left\u00bb background_repeat=\u00bbrepeat\u00bb global_colors_info=\u00bb{}\u00bb][et_pb_column type=\u00bb1_2&#8243; _builder_version=\u00bb3.25&#8243; custom_padding=\u00bb|||\u00bb global_colors_info=\u00bb{}\u00bb custom_padding__hover=\u00bb|||\u00bb][et_pb_text _builder_version=\u00bb4.14.5&#8243; link_text_color=\u00bb#0C71C3&#8243; header_font=\u00bb|700|||||||\u00bb header_2_font=\u00bb|700|||||||\u00bb header_3_font=\u00bb|700|||||||\u00bb background_size=\u00bbinitial\u00bb background_position=\u00bbtop_left\u00bb background_repeat=\u00bbrepeat\u00bb global_colors_info=\u00bb{}\u00bb]<\/p>\n<h2>Ubicaci\u00f3n<\/h2>\n<p><strong>Direcci\u00f3n:<\/strong><br \/>C\/ M\u00e1laga, s\/n (Bda. San Enrique)<br \/>11405 &#8211; Jerez de la Frontera (C\u00e1diz)<\/p>\n<p><strong>Horario de apertura:<\/strong><br \/>D\u00edas lectivos: 8:00 &#8211; 14:45<br \/>D\u00edas no lectivos de junio, julio y septiembre : L-V 9:00 &#8211; 14:00<br \/>Resto de d\u00edas no lectivos: cerrado<\/p>\n<p><strong>Horario de secretar\u00eda:<\/strong><br \/>De 9:00 a 11:00<\/p>\n<p><strong>Horario de atenci\u00f3n del equipo directivo:<\/strong><br \/>Solicitar cita previa por tel\u00e9fono o formulario de contacto<\/p>\n<p><strong>Tel\u00e9fono:<\/strong> 956 70 99 24 \/ 956 70 99 25<br \/><strong>Fax:<\/strong> 956 70 99 30<br \/><strong>Correo electr\u00f3nico:<\/strong> 11700160.edu@juntadeandalucia.es<\/p>\n<p>[\/et_pb_text][\/et_pb_column][et_pb_column type=\u00bb1_2&#8243; _builder_version=\u00bb3.25&#8243; global_colors_info=\u00bb{}\u00bb][et_pb_code _builder_version=\u00bb4.14.5&#8243; _module_preset=\u00bbdefault\u00bb height=\u00bb450px\u00bb custom_margin=\u00bb||||false|false\u00bb custom_padding=\u00bb||||false|false\u00bb border_radii=\u00bbon|10px|10px|10px|10px\u00bb border_color_all=\u00bbRGBA(255,255,255,0)\u00bb global_colors_info=\u00bb{}\u00bb]<iframe loading=\"lazy\" src=\"https:\/\/www.google.com\/maps\/embed?pb=!1m14!1m8!1m3!1d1806.618966754211!2d-6.10025071683594!3d36.696078751244414!3m2!1i1024!2i768!4f13.1!3m3!1m2!1s0x0%3A0x2991a0816db3f4e9!2sIES%20Almunia!5e1!3m2!1ses!2ses!4v1657437358788!5m2!1ses!2ses\" width=\"100%\" height=\"450\"><\/iframe>[\/et_pb_code][\/et_pb_column][\/et_pb_row][et_pb_row _builder_version=\u00bb4.14.5&#8243; _module_preset=\u00bbdefault\u00bb custom_margin=\u00bb||0px||false|false\u00bb custom_padding=\u00bb||0px||false|false\u00bb global_colors_info=\u00bb{}\u00bb][et_pb_column type=\u00bb4_4&#8243; _builder_version=\u00bb4.14.5&#8243; _module_preset=\u00bbdefault\u00bb global_colors_info=\u00bb{}\u00bb][et_pb_text _builder_version=\u00bb4.14.5&#8243; header_2_font=\u00bb|700|||||||\u00bb header_2_text_align=\u00bbleft\u00bb background_size=\u00bbinitial\u00bb background_position=\u00bbtop_left\u00bb background_repeat=\u00bbrepeat\u00bb global_colors_info=\u00bb{}\u00bb]<\/p>\n<h2>Formulario de contacto<\/h2>\n<p>Rellene el siguiente formulario y pulse <strong>Enviar<\/strong> si desea contactar con nosotros:<\/p>\n<p>[\/et_pb_text][\/et_pb_column][\/et_pb_row][et_pb_row _builder_version=\u00bb4.14.5&#8243; _module_preset=\u00bbdefault\u00bb custom_margin=\u00bb10px||||false|false\u00bb custom_padding=\u00bb10px||||false|false\u00bb locked=\u00bboff\u00bb global_colors_info=\u00bb{}\u00bb][et_pb_column type=\u00bb4_4&#8243; _builder_version=\u00bb4.5.0&#8243; _module_preset=\u00bbdefault\u00bb background_color=\u00bb#F0F0F0;\u00bb custom_css_main_element=\u00bbborder: 1px solid black;||border-radius: 10px;||min-height: 460px;\u00bb global_colors_info=\u00bb{}\u00bb][et_pb_code module_id=\u00bbform_contact_pencil\u00bb _builder_version=\u00bb4.14.5&#8243; _module_preset=\u00bbdefault\u00bb max_height=\u00bb450px\u00bb custom_css_main_element=\u00bbpadding: 3%;\u00bb global_colors_info=\u00bb{}\u00bb]\n<div class=\"wpcf7 no-js\" id=\"wpcf7-f438-o1\" lang=\"es-ES\" dir=\"ltr\">\n<div class=\"screen-reader-response\"><p role=\"status\" aria-live=\"polite\" aria-atomic=\"true\"><\/p> <ul><\/ul><\/div>\n<form action=\"\/iesalmunia\/wp-json\/wp\/v2\/pages\/500#wpcf7-f438-o1\" method=\"post\" class=\"wpcf7-form init\" aria-label=\"Formulario de contacto\" novalidate=\"novalidate\" data-status=\"init\">\n<div style=\"display: none;\">\n<input type=\"hidden\" name=\"_wpcf7\" value=\"438\" \/>\n<input type=\"hidden\" name=\"_wpcf7_version\" value=\"5.9.8\" \/>\n<input type=\"hidden\" name=\"_wpcf7_locale\" value=\"es_ES\" \/>\n<input type=\"hidden\" name=\"_wpcf7_unit_tag\" value=\"wpcf7-f438-o1\" \/>\n<input type=\"hidden\" name=\"_wpcf7_container_post\" value=\"0\" \/>\n<input type=\"hidden\" name=\"_wpcf7_posted_data_hash\" value=\"\" \/>\n<\/div>\n<div class=\"et_pb_contact\">\n\t<div class=\"et_pb_contact_form\">\n\t\t<p class=\"et_pb_contact_field et_pb_contact_field_last\"><span class=\"wpcf7-form-control-wrap\" data-name=\"your-name\"><input size=\"40\" maxlength=\"400\" class=\"wpcf7-form-control wpcf7-text wpcf7-validates-as-required\" aria-required=\"true\" aria-invalid=\"false\" placeholder=\"Nombre y apellidos\" value=\"\" type=\"text\" name=\"your-name\" \/><\/span>\n\t\t<\/p>\n\t\t<p class=\"et_pb_contact_field et_pb_contact_field_half\"><span class=\"wpcf7-form-control-wrap\" data-name=\"your-email\"><input size=\"40\" maxlength=\"400\" class=\"wpcf7-form-control wpcf7-email wpcf7-validates-as-required wpcf7-text wpcf7-validates-as-email\" aria-required=\"true\" aria-invalid=\"false\" placeholder=\"Correo electr\u00f3nico (s\u00f3lo para respuesta, no se guarda)\" value=\"\" type=\"email\" name=\"your-email\" \/><\/span>\n\t\t<\/p>\n\t\t<p class=\"et_pb_contact_field et_pb_contact_field_half et_pb_contact_field_last\"><span class=\"wpcf7-form-control-wrap\" data-name=\"tel-1\"><input size=\"40\" maxlength=\"400\" class=\"wpcf7-form-control wpcf7-tel wpcf7-text wpcf7-validates-as-tel\" aria-invalid=\"false\" placeholder=\"Tel\u00e9fono (no obligatorio, s\u00f3lo para respuesta, no se guarda)\" value=\"\" type=\"tel\" name=\"tel-1\" \/><\/span>\n\t\t<\/p>\n\t\t<p class=\"et_pb_contact_field et_pb_contact_field_last\"><span class=\"wpcf7-form-control-wrap\" data-name=\"your-subject\"><input size=\"40\" maxlength=\"400\" class=\"wpcf7-form-control wpcf7-text wpcf7-validates-as-required\" aria-required=\"true\" aria-invalid=\"false\" placeholder=\"Asunto\" value=\"\" type=\"text\" name=\"your-subject\" \/><\/span>\n\t\t<\/p>\n\t\t<p class=\"et_pb_contact_field et_pb_contact_field_last\"><span class=\"wpcf7-form-control-wrap\" data-name=\"your-message\"><textarea cols=\"40\" rows=\"10\" maxlength=\"2000\" class=\"wpcf7-form-control wpcf7-textarea\" aria-invalid=\"false\" placeholder=\"Mensaje\" name=\"your-message\"><\/textarea><\/span>\n\t\t<\/p>\n\t<\/div>\n<\/div>\n<div class=\"et_contact_bottom_container padding-button-contact-form\">\n\t<p><button type=\"submit\" name=\"et_builder_submit_button\" class=\"et_pb_contact_submit et_pb_button\">Enviar<\/button>\n\t<\/p>\n<\/div><div class=\"wpcf7-response-output\" aria-hidden=\"true\"><\/div>\n<\/form>\n<\/div>\n[\/et_pb_code][\/et_pb_column][\/et_pb_row][\/et_pb_section]<\/p>\n","protected":false},"excerpt":{"rendered":"<p>Ubicaci\u00f3n y contactoUbicaci\u00f3n Direcci\u00f3n:C\/ M\u00e1laga, s\/n (Bda. San Enrique)11405 &#8211; Jerez de la Frontera (C\u00e1diz) Horario de apertura:D\u00edas lectivos: 8:00 &#8211; 14:45D\u00edas no lectivos de junio, julio y septiembre : L-V 9:00 &#8211; 14:00Resto de d\u00edas no lectivos: cerrado Horario de secretar\u00eda:De 9:00 a 11:00 Horario de atenci\u00f3n del equipo directivo:Solicitar cita previa por tel\u00e9fono [&hellip;]<\/p>\n","protected":false},"author":2253,"featured_media":0,"parent":0,"menu_order":0,"comment_status":"closed","ping_status":"closed","template":"","meta":{"_et_pb_use_builder":"on","_et_pb_old_content":"<p><img class=\" wp-image-501 alignleft\" src=\"https:\/\/blogsaverroes.juntadeandalucia.es\/iesalmunia\/files\/2022\/03\/logoIES150x126fondoBlanco.gif\" alt=\"\" width=\"290\" height=\"243\">INSTITUTO DE ENSE\u00d1ANZA SECUNDARIA ALMUNIA<\/p><p>Direcci\u00f3n: c\/M\u00e1laga, s\/n (Bda. San Enrique)<br>11405 - Jerez de la Frontera (C\u00e1diz)<\/p><p>Tel\u00e9fono: 956 70 99 24 \/ 956 70 99 25<br>Fax: 956 70 99 30<\/p><p>e-mail: 11700160.edu@juntadeandalucia.es<br>web: http:\/\/www.iesalmunia.com<\/p><p>Horario de atenci\u00f3n del equipo directivo:<\/p><p>\u00a0<\/p><p><iframe src=\"https:\/\/www.google.com\/maps\/embed?pb=!1m18!1m12!1m3!1d3161.6147883002586!2d-6.1013063489383494!3d36.69603168115758!2m3!1f0!2f0!3f0!3m2!1i1024!2i768!4f13.1!3m3!1m2!1s0xd0dc724ae986235%3A0x2991a0816db3f4e9!2sIES%20Almunia!5e1!3m2!1ses!2ses!4v1648193289887!5m2!1ses!2ses\" width=\"600\" height=\"450\"><\/iframe><\/p>","_et_gb_content_width":"","ngg_post_thumbnail":0,"footnotes":""},"aioseo_notices":[],"_links":{"self":[{"href":"https:\/\/blogsaverroes.juntadeandalucia.es\/iesalmunia\/wp-json\/wp\/v2\/pages\/500"}],"collection":[{"href":"https:\/\/blogsaverroes.juntadeandalucia.es\/iesalmunia\/wp-json\/wp\/v2\/pages"}],"about":[{"href":"https:\/\/blogsaverroes.juntadeandalucia.es\/iesalmunia\/wp-json\/wp\/v2\/types\/page"}],"author":[{"embeddable":true,"href":"https:\/\/blogsaverroes.juntadeandalucia.es\/iesalmunia\/wp-json\/wp\/v2\/users\/2253"}],"replies":[{"embeddable":true,"href":"https:\/\/blogsaverroes.juntadeandalucia.es\/iesalmunia\/wp-json\/wp\/v2\/comments?post=500"}],"version-history":[{"count":51,"href":"https:\/\/blogsaverroes.juntadeandalucia.es\/iesalmunia\/wp-json\/wp\/v2\/pages\/500\/revisions"}],"predecessor-version":[{"id":2420,"href":"https:\/\/blogsaverroes.juntadeandalucia.es\/iesalmunia\/wp-json\/wp\/v2\/pages\/500\/revisions\/2420"}],"wp:attachment":[{"href":"https:\/\/blogsaverroes.juntadeandalucia.es\/iesalmunia\/wp-json\/wp\/v2\/media?parent=500"}],"curies":[{"name":"wp","href":"https:\/\/api.w.org\/{rel}","templated":true}]}}