{"id":512,"date":"2022-03-25T08:51:36","date_gmt":"2022-03-25T07:51:36","guid":{"rendered":"https:\/\/blogsaverroes.juntadeandalucia.es\/iesalmunia\/?page_id=512"},"modified":"2026-01-23T06:54:30","modified_gmt":"2026-01-23T05:54:30","slug":"secretaria","status":"publish","type":"page","link":"https:\/\/blogsaverroes.juntadeandalucia.es\/iesalmunia\/secretaria\/","title":{"rendered":"Secretar\u00eda"},"content":{"rendered":"<p>[et_pb_section fb_built=\u00bb1&#8243; module_class=\u00bbseccionPagina\u00bb _builder_version=\u00bb4.16&#8243; custom_padding=\u00bb||||false|false\u00bb locked=\u00bboff\u00bb global_colors_info=\u00bb{}\u00bb][et_pb_row admin_label=\u00bbFila P\u00e1gina\u00bb module_class=\u00bbfilaPagina\u00bb _builder_version=\u00bb4.16&#8243; _module_preset=\u00bbdefault\u00bb global_colors_info=\u00bb{}\u00bb][et_pb_column type=\u00bb4_4&#8243; _builder_version=\u00bb4.16&#8243; _module_preset=\u00bbdefault\u00bb global_colors_info=\u00bb{}\u00bb][et_pb_text admin_label=\u00bbT\u00edtulo de p\u00e1gina\u00bb module_class=\u00bbtituloPagina\u00bb _builder_version=\u00bb4.16&#8243; _module_preset=\u00bbdefault\u00bb global_colors_info=\u00bb{%22gcid-3f1082d3-0d82-4692-ab84-48f5528af1ba%22:%91%22colorStart%22,%22colorEnd%22%93}\u00bb]<\/p>\n<h1>Secretar\u00eda<\/h1>\n<p>[\/et_pb_text][et_pb_text admin_label=\u00bbTexto Horario\u00bb _builder_version=\u00bb4.24.2&#8243; global_colors_info=\u00bb{}\u00bb]<\/p>\n<h3>HORARIO PRESENCIAL DE ATENCI\u00d3N AL P\u00daBLICO<\/h3>\n<p><strong>Durante el curso escolar<\/strong><\/p>\n<p>Horario de 9:00 a 11:00 horas.<br \/>Alumnos del Centro en los recreos de 11:15 a 11:40 horas.<\/p>\n<p><strong>Durante el mes de julio<\/strong><\/p>\n<p>Horario de 9:00 a 10:30 horas.<\/p>\n<p>&nbsp;<\/p>\n<p>[\/et_pb_text][et_pb_text admin_label=\u00bbTexto Solicitudes Certificados\u00bb module_id=\u00bbsecretariaSolicitudCertificado\u00bb _builder_version=\u00bb4.24.2&#8243; hover_enabled=\u00bb0&#8243; global_colors_info=\u00bb{}\u00bb sticky_enabled=\u00bb0&#8243;]<\/p>\n<h3>SOLICITUDES TELEM\u00c1TICAS DE CERTIFICADOS<\/h3>\n<p>Mediante petici\u00f3n al siguiente correo corporativo del Centro: <a href=\"mailto:11700160.adm.edu@juntadeandalucia.es\">11700160.adm.edu@juntadeandalucia.es<\/a><\/p>\n<p>Incluir en el mensaje los siguientes datos:<\/p>\n<ul>\n<li>Asunto: Certificado de Matr\u00edcula o de Expediente (Notas) seg\u00fan corresponda.<\/li>\n<li>Texto del Mensaje: Tipo de Certificado + Nombre del Alumno\/a + N\u00famero DNI<\/li>\n<\/ul>\n<p>&nbsp;<\/p>\n<p>Se puede sustituir el Certificado de Matr\u00edcula para la obtenci\u00f3n del carn\u00e9 del Autob\u00fas Urbano por una copia del resguardo de matr\u00edcula que se present\u00f3 en julio.<\/p>\n<p><strong><u>AVISO IMPORTANTE:<\/u><\/strong>&nbsp; NO SE ATENDER\u00c1N SOLICITUDES TELEM\u00c1TICAS DESDE EL <b><u>D\u00cdA 24 DE JULIO 2026<\/u><\/b>&nbsp;HASTA EL MES DE SEPTIEMBRE.<\/p>\n<p>&nbsp;<\/p>\n<p>[\/et_pb_text][et_pb_text admin_label=\u00bbTexto Solicitudes Clave Pasen\u00bb module_id=\u00bbsecretariaSolicitudClavePasen\u00bb _builder_version=\u00bb4.24.2&#8243; hover_enabled=\u00bb0&#8243; global_colors_info=\u00bb{}\u00bb sticky_enabled=\u00bb0&#8243;]<\/p>\n<h3>SOLICITUDES RENOVACI\u00d3N CLAVE PASEN POR CADUCIDAD O FALLO<\/h3>\n<p><strong>Opci\u00f3n 1 &#8211; Mediante petici\u00f3n al siguiente correo corporativo del Centro: <a href=\"mailto:11700160.adm.edu@juntadeandalucia.es\">11700160.adm.edu@juntadeandalucia.es<\/a><\/strong><\/p>\n<p>Incluir en el mensaje los siguientes datos:<\/p>\n<ul>\n<li>Asunto: Clave PASEN<\/li>\n<li>Texto del Mensaje: Nombre padre o madre solicitante + Nombre Alumno\/a + Clase<\/li>\n<\/ul>\n<p>&nbsp;<\/p>\n<p><strong><u>AVISO IMPORTANTE:<\/u><\/strong>&nbsp; NO SE ATENDER\u00c1N SOLICITUDES TELEM\u00c1TICAS DESDE EL <b><u>D\u00cdA 25 DE JULIO 2026<\/u><\/b>&nbsp;HASTA EL MES DE SEPTIEMBRE.<\/p>\n<p>&nbsp;<\/p>\n<p><strong>Opci\u00f3n 2 &#8211; Obtenci\u00f3n directa de las claves desde la Web de PASEN<\/strong><\/p>\n<p>Obtenci\u00f3n en cualquier momento por el propio usuario\/a en el siguiente enlace:<\/p>\n<p><a href=\"https:\/\/www.juntadeandalucia.es\/educacion\/portalseneca\/web\/pasen\/inicio\">https:\/\/www.juntadeandalucia.es\/educacion\/portalseneca\/web\/pasen\/inicio<\/a><\/p>\n<p>Ver documento de ayuda <a href=\"https:\/\/blogsaverroes.juntadeandalucia.es\/iesalmunia\/files\/2022\/03\/secretaria_Clave_PASEN.pdf\">AQU\u00cd<\/a>.<\/p>\n<p>&nbsp;<\/p>\n<p>[\/et_pb_text][et_pb_text admin_label=\u00bbTexto Solicitudes T\u00edtulos\u00bb module_id=\u00bbsecretariaSolicitudTitulo\u00bb _builder_version=\u00bb4.24.2&#8243; global_colors_info=\u00bb{}\u00bb]<\/p>\n<h3>SOLICITUD DE EXPEDICI\u00d3N DE T\u00cdTULOS DE BACHILLERATO O CICLOS<\/h3>\n<p>Las tasas pueden cambiar en enero de cada a\u00f1o y la cantidad abonada debe coincidir con la correspondiente en vigor al a\u00f1o de presentaci\u00f3n.<\/p>\n<p>Para el a\u00f1o 2026 las cantidades son:<\/p>\n<ul>\n<li>Bachillerato y Ciclo Superior: 58,33 \u20ac (La mitad si se es familia numerosa general: 29,17 \u20ac)<\/li>\n<li>Ciclos Medios: 23,76 \u20ac (La mitad si se es familia numerosa general: 11,88 \u20ac)<\/li>\n<li>Exentas de pago:\n<ul>\n<li>Las familias numerosas Especiales.<\/li>\n<li>Personas con discapacidad en grado igual o superior al 33%.<\/li>\n<li>Alumnado v\u00edctima de actos terroristas.<\/li>\n<li>Alumnado v\u00edctima de violencia de g\u00e9nero.<\/li>\n<li>Las personas beneficiarias de la prestaci\u00f3n del IMV.<\/li>\n<\/ul>\n<\/li>\n<li>Las personas exentas de pago tendr\u00e1n que presentar la documentaci\u00f3n justificativa de su situaci\u00f3n.<\/li>\n<\/ul>\n<p>La tasa correspondiente se abona en cualquier entidad bancaria previa presentaci\u00f3n cumplimentada del modelo 046 de la Consejer\u00eda de Hacienda.<\/p>\n<p>Una vez abonada la tasa se presentar\u00e1 en la Administraci\u00f3n del Centro la copia para la Administraci\u00f3n + Fotocopia legible de DNI + (en su caso, copia carn\u00e9 Familia Numerosa).<\/p>\n<p>Los datos para rellenar el modelo 046 son los siguientes:<\/p>\n<ul>\n<li>Fecha del Devengo -&gt; La correspondiente al pago.<\/li>\n<li>Texto Autoliquidaci\u00f3n -&gt; Expedici\u00f3n T\u00edtulo Bachillerato (Modalidad) o Tipo Ciclo + Curso en que se titul\u00f3.<\/li>\n<li>C\u00f3digo Territorial -&gt; ED11E0<\/li>\n<li>Concepto de Pago -&gt; 0049<\/li>\n<\/ul>\n<p>Pinchar <a href=\"https:\/\/blogsaverroes.juntadeandalucia.es\/iesalmunia\/files\/2022\/03\/secretaria_SOLICITUD_DEL_TITULO.pdf\">AQU\u00cd<\/a> para acceder a un archivo con las instrucciones m\u00e1s detalladas.<\/p>\n<p>El plazo gen\u00e9rico para presentar expedici\u00f3n del t\u00edtulo ser\u00e1 desde finales de enero al 15 de noviembre del mismo a\u00f1o en el que se haya pagado.<\/p>\n<p>[\/et_pb_text][\/et_pb_column][\/et_pb_row][\/et_pb_section]<\/p>\n","protected":false},"excerpt":{"rendered":"<p>Secretar\u00edaHORARIO PRESENCIAL DE ATENCI\u00d3N AL P\u00daBLICO Durante el curso escolar Horario de 9:00 a 11:00 horas.Alumnos del Centro en los recreos de 11:15 a 11:40 horas. Durante el mes de julio Horario de 9:00 a 10:30 horas. &nbsp;SOLICITUDES TELEM\u00c1TICAS DE CERTIFICADOS Mediante petici\u00f3n al siguiente correo corporativo del Centro: 11700160.adm.edu@juntadeandalucia.es Incluir en el mensaje los [&hellip;]<\/p>\n","protected":false},"author":2253,"featured_media":0,"parent":0,"menu_order":0,"comment_status":"closed","ping_status":"closed","template":"","meta":{"_et_pb_use_builder":"on","_et_pb_old_content":"<h3>HORARIO PRESENCIAL DE ATENCI\u00d3N AL P\u00daBLICO<\/h3><p>Durante el Curso Escolar de 9:00 a 11:00 horas.<br>Durante periodo sin clases en verano de 9:30 a 12:30 horas.<br>Alumnos del Centro durante el Curso Escolar en los recreos de 11:15 a 11:40 horas.<\/p><h3>SOLICITUDES TELEM\u00c1TICAS DE CERTIFICADOS<\/h3><p>Mediante petici\u00f3n al siguiente correo corporativo del Centro: 11700160.adm.edu@juntadeandalucia.es<\/p><p>Incluir en el mensaje los siguientes datos:<\/p><ul><li>Asunto: Certificado de Matr\u00edcula o de Expediente (Notas) seg\u00fan corresponda.<\/li><li>Texto del Mensaje: Tipo de Certificado + Nombre del Alumno\/a + N\u00famero DNI<\/li><\/ul><p><em>(Se puede sustituir el Certificado de Matr\u00edcula para la obtenci\u00f3n del carn\u00e9 del Autob\u00fas Urbano por una copia del resguardo de matr\u00edcula que se present\u00f3 en julio).<\/em><\/p><h3>SOLICITUDES RENOVACI\u00d3N CLAVE PASEN POR CADUCIDAD O FALLO<\/h3><p><strong>Opci\u00f3n 1-Mediante petici\u00f3n al siguiente correo corporativo del Centro: <\/strong>11700160.adm.edu@juntadeandalucia.es<\/p><p>Incluir en el mensaje los siguientes datos:<\/p><ul><li>Asunto: Clave PASEN<\/li><li>Texto del Mensaje: Nombre padre o madre solicitante + Nombre Alumno\/a + Clase<\/li><\/ul><p><strong>Opci\u00f3n 2-Obtenci\u00f3n directa de las claves desde la Web de PASEN<\/strong><\/p><p>Obtenci\u00f3n en cualquier momento por el propio usuario\/a en el siguiente enlace:<\/p><p>https:\/\/www.juntadeandalucia.es\/educacion\/portalseneca\/web\/pasen\/inicio<\/p><p>Ver documento de ayuda <a href=\"https:\/\/blogsaverroes.juntadeandalucia.es\/iesalmunia\/files\/2022\/03\/secretaria_Clave_PASEN.pdf\">AQU\u00cd<\/a>.<\/p><h3>SOLICITUD DE EXPEDICI\u00d3N DE T\u00cdTULOS DE BACHILLERATO O CICLOS<\/h3><p>Las tasas pueden cambiar en enero de cada a\u00f1o y la cantidad abonada debe coincidir con la correspondiente en vigor al a\u00f1o de presentaci\u00f3n.<\/p><p>Para el a\u00f1o 2022 las cantidades son:<\/p><ul><li>Bachillerato y Ciclo Superior: 54,97 \u20ac (La mitad si se es familia numerosa general)<\/li><li>Ciclos Medios: 22,38 \u20ac (La mitad si se es familia numerosa general)<\/li><li>Exentas de pago:<ul><li>Las familias numerosas Especiales.<\/li><li>Personas con discapacidad en grado igual o superior al 33%.<\/li><li>Alumnado v\u00edctima de actos terroristas.<\/li><li>Alumnado v\u00edctima de violencia de g\u00e9nero.<\/li><li>Las personas beneficiarias de la prestaci\u00f3n del IMV.<\/li><\/ul><\/li><li>Las personas exentas de pago tendr\u00e1n que presentar la documentaci\u00f3n justificativa de su situaci\u00f3n.<\/li><\/ul><p>La tasa correspondiente se abona en cualquier entidad bancaria previa presentaci\u00f3n cumplimentada del modelo 046 de la Consejer\u00eda de Hacienda.<\/p><p>Una vez abonada la tasa se presentar\u00e1 en la Administraci\u00f3n del Centro la copia para la Administraci\u00f3n + Fotocopia legible de DNI + (en su caso, copia carn\u00e9 Familia Numerosa).<\/p><p>Los datos para rellenar el modelo 046 son los siguientes:<\/p><ul><li>Fecha del Devengo -> La correspondiente al pago.<\/li><li>Texto Autoliquidaci\u00f3n -> Expedici\u00f3n T\u00edtulo Bachillerato (Modalidad) o Tipo Ciclo + Curso en que se titul\u00f3.<\/li><li>C\u00f3digo Territorial -> ED11E0<\/li><li>Concepto de Pago -> 0049<\/li><\/ul><p>Pinchar <a href=\"https:\/\/blogsaverroes.juntadeandalucia.es\/iesalmunia\/files\/2022\/03\/secretaria_SOLICITUD_DEL_TITULO.pdf\">AQU\u00cd<\/a> para acceder a un archivo con las instrucciones m\u00e1s detalladas.<\/p><p>El plazo gen\u00e9rico para presentar expedici\u00f3n del t\u00edtulo ser\u00e1 desde finales de enero al 15 de noviembre del mismo a\u00f1o en el que se haya pagado.<\/p>","_et_gb_content_width":"","ngg_post_thumbnail":0,"footnotes":""},"aioseo_notices":[],"_links":{"self":[{"href":"https:\/\/blogsaverroes.juntadeandalucia.es\/iesalmunia\/wp-json\/wp\/v2\/pages\/512"}],"collection":[{"href":"https:\/\/blogsaverroes.juntadeandalucia.es\/iesalmunia\/wp-json\/wp\/v2\/pages"}],"about":[{"href":"https:\/\/blogsaverroes.juntadeandalucia.es\/iesalmunia\/wp-json\/wp\/v2\/types\/page"}],"author":[{"embeddable":true,"href":"https:\/\/blogsaverroes.juntadeandalucia.es\/iesalmunia\/wp-json\/wp\/v2\/users\/2253"}],"replies":[{"embeddable":true,"href":"https:\/\/blogsaverroes.juntadeandalucia.es\/iesalmunia\/wp-json\/wp\/v2\/comments?post=512"}],"version-history":[{"count":63,"href":"https:\/\/blogsaverroes.juntadeandalucia.es\/iesalmunia\/wp-json\/wp\/v2\/pages\/512\/revisions"}],"predecessor-version":[{"id":3911,"href":"https:\/\/blogsaverroes.juntadeandalucia.es\/iesalmunia\/wp-json\/wp\/v2\/pages\/512\/revisions\/3911"}],"wp:attachment":[{"href":"https:\/\/blogsaverroes.juntadeandalucia.es\/iesalmunia\/wp-json\/wp\/v2\/media?parent=512"}],"curies":[{"name":"wp","href":"https:\/\/api.w.org\/{rel}","templated":true}]}}