{"id":525,"date":"2022-03-25T08:57:15","date_gmt":"2022-03-25T07:57:15","guid":{"rendered":"https:\/\/blogsaverroes.juntadeandalucia.es\/iesalmunia\/?page_id=525"},"modified":"2024-02-02T21:38:52","modified_gmt":"2024-02-02T20:38:52","slug":"promocion-y-titulacion","status":"publish","type":"page","link":"https:\/\/blogsaverroes.juntadeandalucia.es\/iesalmunia\/promocion-y-titulacion\/","title":{"rendered":"Promoci\u00f3n y titulaci\u00f3n"},"content":{"rendered":"<p>[et_pb_section fb_built=\u00bb1&#8243; _builder_version=\u00bb4.14.5&#8243; locked=\u00bboff\u00bb global_colors_info=\u00bb{}\u00bb module_class=\u00bbseccionPagina\u00bb hover_enabled=\u00bb0&#8243; sticky_enabled=\u00bb0&#8243;][et_pb_row _builder_version=\u00bb4.14.5&#8243; _module_preset=\u00bbdefault\u00bb global_colors_info=\u00bb{}\u00bb module_class=\u00bbfilaPagina\u00bb hover_enabled=\u00bb0&#8243; sticky_enabled=\u00bb0&#8243;][et_pb_column type=\u00bb4_4&#8243; _builder_version=\u00bb4.14.5&#8243; _module_preset=\u00bbdefault\u00bb global_colors_info=\u00bb{}\u00bb][et_pb_text admin_label=\u00bbT\u00edtulo de p\u00e1gina\u00bb _builder_version=\u00bb4.14.5&#8243; _module_preset=\u00bbdefault\u00bb global_colors_info=\u00bb{%22gcid-3f1082d3-0d82-4692-ab84-48f5528af1ba%22:%91%22colorStart%22,%22colorEnd%22%93}\u00bb module_class=\u00bbtituloPagina\u00bb hover_enabled=\u00bb0&#8243; sticky_enabled=\u00bb0&#8243;]<\/p>\n<h1>Promoci\u00f3n y titulaci\u00f3n<\/h1>\n<p>[\/et_pb_text][et_pb_text _builder_version=\u00bb4.14.5&#8243; header_font=\u00bb|700|||||||\u00bb header_2_font=\u00bb|700|||||||\u00bb header_3_font=\u00bb|700|||||||\u00bb background_size=\u00bbinitial\u00bb background_position=\u00bbtop_left\u00bb background_repeat=\u00bbrepeat\u00bb global_colors_info=\u00bb{}\u00bb]<\/p>\n<p><strong><span style=\"font-size: 14pt\">EVALUACI\u00d3N, PROMOCI\u00d3N Y TITULACI\u00d3N 23-24<\/span><\/strong> (Extra\u00eddo del Proyecto Educativo)<\/p>\n<p><iframe loading=\"lazy\" src=\"https:\/\/blogsaverroes.juntadeandalucia.es\/iesalmunia\/files\/2023\/12\/EVALUACI\u00d3N-PROMOCI\u00d3N-Y-TITULACI\u00d3N_23_24_PDF_WEB.pdf\" width=\"100%\" height=\"600px\"><\/iframe><\/p>\n<p>[\/et_pb_text][\/et_pb_column][\/et_pb_row][\/et_pb_section]<\/p>\n","protected":false},"excerpt":{"rendered":"<p>Promoci\u00f3n y titulaci\u00f3nEVALUACI\u00d3N, PROMOCI\u00d3N Y TITULACI\u00d3N 23-24 (Extra\u00eddo del Proyecto Educativo)<\/p>\n","protected":false},"author":2253,"featured_media":0,"parent":0,"menu_order":0,"comment_status":"closed","ping_status":"closed","template":"","meta":{"_et_pb_use_builder":"on","_et_pb_old_content":"<p>P\u00e1gina con promoci\u00f3n y titulaci\u00f3n<\/p>","_et_gb_content_width":"","ngg_post_thumbnail":0,"footnotes":""},"aioseo_notices":[],"_links":{"self":[{"href":"https:\/\/blogsaverroes.juntadeandalucia.es\/iesalmunia\/wp-json\/wp\/v2\/pages\/525"}],"collection":[{"href":"https:\/\/blogsaverroes.juntadeandalucia.es\/iesalmunia\/wp-json\/wp\/v2\/pages"}],"about":[{"href":"https:\/\/blogsaverroes.juntadeandalucia.es\/iesalmunia\/wp-json\/wp\/v2\/types\/page"}],"author":[{"embeddable":true,"href":"https:\/\/blogsaverroes.juntadeandalucia.es\/iesalmunia\/wp-json\/wp\/v2\/users\/2253"}],"replies":[{"embeddable":true,"href":"https:\/\/blogsaverroes.juntadeandalucia.es\/iesalmunia\/wp-json\/wp\/v2\/comments?post=525"}],"version-history":[{"count":14,"href":"https:\/\/blogsaverroes.juntadeandalucia.es\/iesalmunia\/wp-json\/wp\/v2\/pages\/525\/revisions"}],"predecessor-version":[{"id":2427,"href":"https:\/\/blogsaverroes.juntadeandalucia.es\/iesalmunia\/wp-json\/wp\/v2\/pages\/525\/revisions\/2427"}],"wp:attachment":[{"href":"https:\/\/blogsaverroes.juntadeandalucia.es\/iesalmunia\/wp-json\/wp\/v2\/media?parent=525"}],"curies":[{"name":"wp","href":"https:\/\/api.w.org\/{rel}","templated":true}]}}