{"id":534,"date":"2022-03-25T09:08:58","date_gmt":"2022-03-25T08:08:58","guid":{"rendered":"https:\/\/blogsaverroes.juntadeandalucia.es\/iesalmunia\/?page_id=534"},"modified":"2024-05-14T12:22:42","modified_gmt":"2024-05-14T10:22:42","slug":"tutoria","status":"publish","type":"page","link":"https:\/\/blogsaverroes.juntadeandalucia.es\/iesalmunia\/tutoria\/","title":{"rendered":"Tutor\u00eda"},"content":{"rendered":"<p>[et_pb_section fb_built=\u00bb1&#8243; module_class=\u00bbseccionPagina\u00bb _builder_version=\u00bb4.16&#8243; locked=\u00bboff\u00bb global_colors_info=\u00bb{}\u00bb][et_pb_row module_class=\u00bbfilaPagina\u00bb _builder_version=\u00bb4.16&#8243; _module_preset=\u00bbdefault\u00bb global_colors_info=\u00bb{}\u00bb][et_pb_column type=\u00bb4_4&#8243; _builder_version=\u00bb4.16&#8243; _module_preset=\u00bbdefault\u00bb global_colors_info=\u00bb{}\u00bb][et_pb_text admin_label=\u00bbT\u00edtulo de p\u00e1gina\u00bb _builder_version=\u00bb4.24.2&#8243; _module_preset=\u00bbdefault\u00bb header_font=\u00bb|700|||||||\u00bb header_text_color=\u00bb#FFFFFF\u00bb header_font_size=\u00bb32px\u00bb background_color=\u00bbgcid-3f1082d3-0d82-4692-ab84-48f5528af1ba\u00bb use_background_color_gradient=\u00bbon\u00bb background_color_gradient_stops=\u00bbgcid-3f1082d3-0d82-4692-ab84-48f5528af1ba 0%|gcid-3f1082d3-0d82-4692-ab84-48f5528af1ba 100%\u00bb background_color_gradient_start=\u00bbgcid-3f1082d3-0d82-4692-ab84-48f5528af1ba\u00bb background_color_gradient_end=\u00bbgcid-3f1082d3-0d82-4692-ab84-48f5528af1ba\u00bb display_conditions=\u00bbW10=\u00bb custom_margin=\u00bb|-10px||-10px|false|false\u00bb custom_padding=\u00bb20px||10px|10px|false|false\u00bb hover_enabled=\u00bb0&#8243; background_last_edited=\u00bboff|desktop\u00bb header_text_shadow_style=\u00bbpreset2&#8243; global_colors_info=\u00bb{%22gcid-3f1082d3-0d82-4692-ab84-48f5528af1ba%22:%91%22background_color%22,%22colorStart%22,%22colorEnd%22%93}\u00bb background__hover_enabled=\u00bboff|desktop\u00bb sticky_enabled=\u00bb0&#8243;]<\/p>\n<h1>Tutor\u00eda<\/h1>\n<p>[\/et_pb_text][et_pb_text disabled_on=\u00bbon|on|on\u00bb _builder_version=\u00bb4.24.2&#8243; header_font=\u00bb|700|||||||\u00bb header_2_font=\u00bb|700|||||||\u00bb header_3_font=\u00bb|700|||||||\u00bb background_size=\u00bbinitial\u00bb background_position=\u00bbtop_left\u00bb background_repeat=\u00bbrepeat\u00bb custom_margin=\u00bb||0px||false|false\u00bb custom_padding=\u00bb||0px||false|false\u00bb disabled=\u00bbon\u00bb global_colors_info=\u00bb{}\u00bb]<\/p>\n<p>El Ciclo Formativo de <strong>Grado Medio<\/strong> (C.F.G.M.) <strong>\u00abT\u00e9cnico en Sistemas Microinfom\u00e1ticos y Redes\u00bb<\/strong> (S.M.R.) de la Formaci\u00f3n Profesional (F.P.) tiene como competencia general \u201cinstalar, configurar y mantener sistemas microinform\u00e1ticos, aislados o en red, as\u00ed como redes locales en peque\u00f1os entornos, asegurando su funcionalidad y aplicando los protocolos de calidad, seguridad y respeto al medio ambiente establecidos.\u201d<\/p>\n<p>Se trata de una formaci\u00f3n oficial, con la que se obtiene el t\u00edtulo oficial de \u201cT\u00e9cnico en Sistemas Microinform\u00e1ticos y Redes\u201d y con el las siguientes cualificaciones profesionales oficiales del Cat\u00e1logo Nacional de Competencia Profesionales, todas en grado 2.<\/p>\n<ul>\n<li>IFC078_2 &#8211; Operaci\u00f3n de sistemas microinform\u00e1ticos<\/li>\n<li>IFC298_2 &#8211; Montaje y reparaci\u00f3n de sistemas microinform\u00e1ticos<\/li>\n<li>IFC299_2 &#8211; Operaci\u00f3n de redes locales<\/li>\n<li>IFC300_2 &#8211; Operaci\u00f3n de sistemas inform\u00e1ticos<\/li>\n<\/ul>\n<p>&nbsp;<\/p>\n<p>[\/et_pb_text][\/et_pb_column][\/et_pb_row][et_pb_row admin_label=\u00bbEn construcci\u00f3n\u00bb _builder_version=\u00bb4.16&#8243; _module_preset=\u00bbdefault\u00bb custom_padding=\u00bb5px||||false|false\u00bb locked=\u00bboff\u00bb global_colors_info=\u00bb{}\u00bb][et_pb_column type=\u00bb4_4&#8243; _builder_version=\u00bb4.16&#8243; _module_preset=\u00bbdefault\u00bb global_colors_info=\u00bb{}\u00bb][et_pb_text admin_label=\u00bbTexto\u00bb _builder_version=\u00bb4.16&#8243; header_font=\u00bb|700|||||||\u00bb header_2_font=\u00bb|700|||||||\u00bb header_3_font=\u00bb|700|||||||\u00bb background_size=\u00bbinitial\u00bb background_position=\u00bbtop_left\u00bb background_repeat=\u00bbrepeat\u00bb global_colors_info=\u00bb{}\u00bb]<\/p>\n<h3>Contenido en construcci\u00f3n, disculpe las molestias<\/h3>\n<p><img loading=\"lazy\" decoding=\"async\" class=\"alignnone size-full wp-image-1972\" src=\"https:\/\/blogsaverroes.juntadeandalucia.es\/iesalmunia\/files\/2023\/09\/contenidoenconstruccionconfondo.png\" alt=\"En construcci\u00f3n\" width=\"527\" height=\"547\" srcset=\"https:\/\/blogsaverroes.juntadeandalucia.es\/iesalmunia\/files\/2023\/09\/contenidoenconstruccionconfondo.png 527w, https:\/\/blogsaverroes.juntadeandalucia.es\/iesalmunia\/files\/2023\/09\/contenidoenconstruccionconfondo-480x498.png 480w\" sizes=\"(min-width: 0px) and (max-width: 480px) 480px, (min-width: 481px) 527px, 100vw\" \/><\/p>\n<p>[\/et_pb_text][\/et_pb_column][\/et_pb_row][\/et_pb_section]<\/p>\n","protected":false},"excerpt":{"rendered":"<p>Tutor\u00edaEl Ciclo Formativo de Grado Medio (C.F.G.M.) \u00abT\u00e9cnico en Sistemas Microinfom\u00e1ticos y Redes\u00bb (S.M.R.) de la Formaci\u00f3n Profesional (F.P.) tiene como competencia general \u201cinstalar, configurar y mantener sistemas microinform\u00e1ticos, aislados o en red, as\u00ed como redes locales en peque\u00f1os entornos, asegurando su funcionalidad y aplicando los protocolos de calidad, seguridad y respeto al medio ambiente [&hellip;]<\/p>\n","protected":false},"author":2253,"featured_media":0,"parent":0,"menu_order":0,"comment_status":"closed","ping_status":"closed","template":"","meta":{"_et_pb_use_builder":"on","_et_pb_old_content":"<p>Texto sobre c\u00f3mo contactar o concertar cita con tutores (a distancia si procede)<\/p><p>Texto sobre c\u00f3mo acceder a calificaciones trimestrales, finales, de preevaluaciones, etc.<\/p>","_et_gb_content_width":"","ngg_post_thumbnail":0,"footnotes":""},"aioseo_notices":[],"_links":{"self":[{"href":"https:\/\/blogsaverroes.juntadeandalucia.es\/iesalmunia\/wp-json\/wp\/v2\/pages\/534"}],"collection":[{"href":"https:\/\/blogsaverroes.juntadeandalucia.es\/iesalmunia\/wp-json\/wp\/v2\/pages"}],"about":[{"href":"https:\/\/blogsaverroes.juntadeandalucia.es\/iesalmunia\/wp-json\/wp\/v2\/types\/page"}],"author":[{"embeddable":true,"href":"https:\/\/blogsaverroes.juntadeandalucia.es\/iesalmunia\/wp-json\/wp\/v2\/users\/2253"}],"replies":[{"embeddable":true,"href":"https:\/\/blogsaverroes.juntadeandalucia.es\/iesalmunia\/wp-json\/wp\/v2\/comments?post=534"}],"version-history":[{"count":7,"href":"https:\/\/blogsaverroes.juntadeandalucia.es\/iesalmunia\/wp-json\/wp\/v2\/pages\/534\/revisions"}],"predecessor-version":[{"id":2888,"href":"https:\/\/blogsaverroes.juntadeandalucia.es\/iesalmunia\/wp-json\/wp\/v2\/pages\/534\/revisions\/2888"}],"wp:attachment":[{"href":"https:\/\/blogsaverroes.juntadeandalucia.es\/iesalmunia\/wp-json\/wp\/v2\/media?parent=534"}],"curies":[{"name":"wp","href":"https:\/\/api.w.org\/{rel}","templated":true}]}}