{"id":200,"date":"2015-03-17T10:04:24","date_gmt":"2015-03-17T10:04:24","guid":{"rendered":"http:\/\/blogsaverroes.juntadeandalucia.es\/pre\/ceip\/?page_id=200"},"modified":"2017-01-23T19:05:21","modified_gmt":"2017-01-23T19:05:21","slug":"quienes-formamos-el-ampa","status":"publish","type":"page","link":"https:\/\/blogsaverroes.juntadeandalucia.es\/iesalquivira\/quienes-formamos-el-ampa\/","title":{"rendered":"\u00bfQuienes formamos el AMPA?"},"content":{"rendered":"<p><strong>BIENVENIDA DEL AMPA<\/strong><\/p>\n<p>La Asociaci\u00f3n de Madres y Padres del IES ALQUIVIRA, te damos la bienvenida a la p\u00e1gina del AMPA. La p\u00e1gina est\u00e1 a\u00fan en construcci\u00f3n pero, la asociaci\u00f3n est\u00e1 en pleno funcionamiento para cualquier aportaci\u00f3n, comentario o sugerencia.<\/p>\n","protected":false},"excerpt":{"rendered":"<p>BIENVENIDA DEL AMPA La Asociaci\u00f3n de Madres y Padres del IES ALQUIVIRA, te damos la bienvenida a la p\u00e1gina del AMPA. La p\u00e1gina est\u00e1 a\u00fan&hellip;<\/p>\n","protected":false},"author":1,"featured_media":0,"parent":0,"menu_order":0,"comment_status":"closed","ping_status":"open","template":"page-cs.php","meta":{"ngg_post_thumbnail":0,"footnotes":"","_mc_calendar":[]},"aioseo_notices":[],"_links":{"self":[{"href":"https:\/\/blogsaverroes.juntadeandalucia.es\/iesalquivira\/wp-json\/wp\/v2\/pages\/200"}],"collection":[{"href":"https:\/\/blogsaverroes.juntadeandalucia.es\/iesalquivira\/wp-json\/wp\/v2\/pages"}],"about":[{"href":"https:\/\/blogsaverroes.juntadeandalucia.es\/iesalquivira\/wp-json\/wp\/v2\/types\/page"}],"author":[{"embeddable":true,"href":"https:\/\/blogsaverroes.juntadeandalucia.es\/iesalquivira\/wp-json\/wp\/v2\/users\/1"}],"replies":[{"embeddable":true,"href":"https:\/\/blogsaverroes.juntadeandalucia.es\/iesalquivira\/wp-json\/wp\/v2\/comments?post=200"}],"version-history":[{"count":3,"href":"https:\/\/blogsaverroes.juntadeandalucia.es\/iesalquivira\/wp-json\/wp\/v2\/pages\/200\/revisions"}],"predecessor-version":[{"id":2802,"href":"https:\/\/blogsaverroes.juntadeandalucia.es\/iesalquivira\/wp-json\/wp\/v2\/pages\/200\/revisions\/2802"}],"wp:attachment":[{"href":"https:\/\/blogsaverroes.juntadeandalucia.es\/iesalquivira\/wp-json\/wp\/v2\/media?parent=200"}],"curies":[{"name":"wp","href":"https:\/\/api.w.org\/{rel}","templated":true}]}}