{"id":2599,"date":"2016-12-08T19:39:48","date_gmt":"2016-12-08T19:39:48","guid":{"rendered":"http:\/\/blogsaverroes.juntadeandalucia.es\/iesalquivira\/?page_id=2599"},"modified":"2019-10-22T09:25:30","modified_gmt":"2019-10-22T09:25:30","slug":"fofos-3","status":"publish","type":"page","link":"https:\/\/blogsaverroes.juntadeandalucia.es\/iesalquivira\/fofos-3\/","title":{"rendered":"Viaje de Estudios a Italia"},"content":{"rendered":"<p>Todos los a\u00f1os los alumnos de 1\u00ba de Bachillerato y 1\u00ba de los Ciclos Formativos realizan un <strong>viaje de estudios a Italia<\/strong>. Actualmente el pa\u00eds con mayor n\u00famero de sitios declarados como Patrimonio de la Humanidad por la Unesco del mundo, junto con Espa\u00f1a y China.<\/p>\n<p>El objetivo de este viaje, seguramente el m\u00e1s importante de su paso por el Instituto, es comprender c\u00f3mo el arte es la manifestaci\u00f3n de la mentalidad de una \u00e9poca, contemplando de primera mano la transici\u00f3n de la Edad Media al Renacimiento a trav\u00e9s de la Historia, el Arte y la Religi\u00f3n, tres elementos imprescindibles para entender el origen de la mentalidad moderna.<\/p>\n<div id='gallery-1' class='gallery galleryid-2599 gallery-columns-3 gallery-size-thumbnail'><figure class='gallery-item'>\n\t\t\t<div class='gallery-icon landscape'>\n\t\t\t\t<a href='https:\/\/blogsaverroes.juntadeandalucia.es\/iesalquivira\/fofos-3\/dsc_0068\/'><img loading=\"lazy\" decoding=\"async\" width=\"150\" height=\"150\" src=\"https:\/\/blogsaverroes.juntadeandalucia.es\/iesalquivira\/files\/2016\/12\/DSC_0068-150x150.jpg\" class=\"attachment-thumbnail size-thumbnail\" alt=\"\" srcset=\"https:\/\/blogsaverroes.juntadeandalucia.es\/iesalquivira\/files\/2016\/12\/DSC_0068-150x150.jpg 150w, https:\/\/blogsaverroes.juntadeandalucia.es\/iesalquivira\/files\/2016\/12\/DSC_0068-100x100.jpg 100w, https:\/\/blogsaverroes.juntadeandalucia.es\/iesalquivira\/files\/2016\/12\/DSC_0068-50x50.jpg 50w\" sizes=\"(max-width: 150px) 100vw, 150px\" \/><\/a>\n\t\t\t<\/div><\/figure><figure class='gallery-item'>\n\t\t\t<div class='gallery-icon portrait'>\n\t\t\t\t<a href='https:\/\/blogsaverroes.juntadeandalucia.es\/iesalquivira\/fofos-3\/dsc_0080\/'><img loading=\"lazy\" decoding=\"async\" width=\"150\" height=\"150\" src=\"https:\/\/blogsaverroes.juntadeandalucia.es\/iesalquivira\/files\/2016\/12\/DSC_0080-e1507971736735-150x150.jpg\" class=\"attachment-thumbnail size-thumbnail\" alt=\"\" srcset=\"https:\/\/blogsaverroes.juntadeandalucia.es\/iesalquivira\/files\/2016\/12\/DSC_0080-e1507971736735-150x150.jpg 150w, https:\/\/blogsaverroes.juntadeandalucia.es\/iesalquivira\/files\/2016\/12\/DSC_0080-e1507971736735-100x100.jpg 100w, https:\/\/blogsaverroes.juntadeandalucia.es\/iesalquivira\/files\/2016\/12\/DSC_0080-e1507971736735-50x50.jpg 50w\" sizes=\"(max-width: 150px) 100vw, 150px\" \/><\/a>\n\t\t\t<\/div><\/figure><figure class='gallery-item'>\n\t\t\t<div class='gallery-icon portrait'>\n\t\t\t\t<a href='https:\/\/blogsaverroes.juntadeandalucia.es\/iesalquivira\/fofos-3\/dsc_0085\/'><img loading=\"lazy\" decoding=\"async\" width=\"150\" height=\"150\" src=\"https:\/\/blogsaverroes.juntadeandalucia.es\/iesalquivira\/files\/2016\/12\/DSC_0085-e1507971696749-150x150.jpg\" class=\"attachment-thumbnail size-thumbnail\" alt=\"\" srcset=\"https:\/\/blogsaverroes.juntadeandalucia.es\/iesalquivira\/files\/2016\/12\/DSC_0085-e1507971696749-150x150.jpg 150w, https:\/\/blogsaverroes.juntadeandalucia.es\/iesalquivira\/files\/2016\/12\/DSC_0085-e1507971696749-100x100.jpg 100w, https:\/\/blogsaverroes.juntadeandalucia.es\/iesalquivira\/files\/2016\/12\/DSC_0085-e1507971696749-50x50.jpg 50w\" sizes=\"(max-width: 150px) 100vw, 150px\" \/><\/a>\n\t\t\t<\/div><\/figure><figure class='gallery-item'>\n\t\t\t<div class='gallery-icon landscape'>\n\t\t\t\t<a href='https:\/\/blogsaverroes.juntadeandalucia.es\/iesalquivira\/fofos-3\/dsc_0086\/'><img loading=\"lazy\" decoding=\"async\" width=\"150\" height=\"150\" src=\"https:\/\/blogsaverroes.juntadeandalucia.es\/iesalquivira\/files\/2016\/12\/DSC_0086-150x150.jpg\" class=\"attachment-thumbnail size-thumbnail\" alt=\"\" srcset=\"https:\/\/blogsaverroes.juntadeandalucia.es\/iesalquivira\/files\/2016\/12\/DSC_0086-150x150.jpg 150w, https:\/\/blogsaverroes.juntadeandalucia.es\/iesalquivira\/files\/2016\/12\/DSC_0086-100x100.jpg 100w, https:\/\/blogsaverroes.juntadeandalucia.es\/iesalquivira\/files\/2016\/12\/DSC_0086-50x50.jpg 50w\" sizes=\"(max-width: 150px) 100vw, 150px\" \/><\/a>\n\t\t\t<\/div><\/figure><figure class='gallery-item'>\n\t\t\t<div class='gallery-icon landscape'>\n\t\t\t\t<a href='https:\/\/blogsaverroes.juntadeandalucia.es\/iesalquivira\/fofos-3\/dsc_0133\/'><img loading=\"lazy\" decoding=\"async\" width=\"150\" height=\"150\" src=\"https:\/\/blogsaverroes.juntadeandalucia.es\/iesalquivira\/files\/2016\/12\/DSC_0133-150x150.jpg\" class=\"attachment-thumbnail size-thumbnail\" alt=\"\" srcset=\"https:\/\/blogsaverroes.juntadeandalucia.es\/iesalquivira\/files\/2016\/12\/DSC_0133-150x150.jpg 150w, https:\/\/blogsaverroes.juntadeandalucia.es\/iesalquivira\/files\/2016\/12\/DSC_0133-100x100.jpg 100w, https:\/\/blogsaverroes.juntadeandalucia.es\/iesalquivira\/files\/2016\/12\/DSC_0133-50x50.jpg 50w\" sizes=\"(max-width: 150px) 100vw, 150px\" \/><\/a>\n\t\t\t<\/div><\/figure><figure class='gallery-item'>\n\t\t\t<div class='gallery-icon landscape'>\n\t\t\t\t<a href='https:\/\/blogsaverroes.juntadeandalucia.es\/iesalquivira\/fofos-3\/dsc_0201\/'><img loading=\"lazy\" decoding=\"async\" width=\"150\" height=\"150\" src=\"https:\/\/blogsaverroes.juntadeandalucia.es\/iesalquivira\/files\/2016\/12\/DSC_0201-150x150.jpg\" class=\"attachment-thumbnail size-thumbnail\" alt=\"\" srcset=\"https:\/\/blogsaverroes.juntadeandalucia.es\/iesalquivira\/files\/2016\/12\/DSC_0201-150x150.jpg 150w, https:\/\/blogsaverroes.juntadeandalucia.es\/iesalquivira\/files\/2016\/12\/DSC_0201-100x100.jpg 100w, https:\/\/blogsaverroes.juntadeandalucia.es\/iesalquivira\/files\/2016\/12\/DSC_0201-50x50.jpg 50w\" sizes=\"(max-width: 150px) 100vw, 150px\" \/><\/a>\n\t\t\t<\/div><\/figure><figure class='gallery-item'>\n\t\t\t<div class='gallery-icon landscape'>\n\t\t\t\t<a href='https:\/\/blogsaverroes.juntadeandalucia.es\/iesalquivira\/fofos-3\/dsc_0259\/'><img loading=\"lazy\" decoding=\"async\" width=\"150\" height=\"150\" src=\"https:\/\/blogsaverroes.juntadeandalucia.es\/iesalquivira\/files\/2016\/12\/DSC_0259-150x150.jpg\" class=\"attachment-thumbnail size-thumbnail\" alt=\"\" srcset=\"https:\/\/blogsaverroes.juntadeandalucia.es\/iesalquivira\/files\/2016\/12\/DSC_0259-150x150.jpg 150w, https:\/\/blogsaverroes.juntadeandalucia.es\/iesalquivira\/files\/2016\/12\/DSC_0259-100x100.jpg 100w, https:\/\/blogsaverroes.juntadeandalucia.es\/iesalquivira\/files\/2016\/12\/DSC_0259-50x50.jpg 50w\" sizes=\"(max-width: 150px) 100vw, 150px\" \/><\/a>\n\t\t\t<\/div><\/figure><figure class='gallery-item'>\n\t\t\t<div class='gallery-icon landscape'>\n\t\t\t\t<a href='https:\/\/blogsaverroes.juntadeandalucia.es\/iesalquivira\/fofos-3\/dsc_0294\/'><img loading=\"lazy\" decoding=\"async\" width=\"150\" height=\"150\" src=\"https:\/\/blogsaverroes.juntadeandalucia.es\/iesalquivira\/files\/2016\/12\/DSC_0294-150x150.jpg\" class=\"attachment-thumbnail size-thumbnail\" alt=\"\" srcset=\"https:\/\/blogsaverroes.juntadeandalucia.es\/iesalquivira\/files\/2016\/12\/DSC_0294-150x150.jpg 150w, https:\/\/blogsaverroes.juntadeandalucia.es\/iesalquivira\/files\/2016\/12\/DSC_0294-100x100.jpg 100w, https:\/\/blogsaverroes.juntadeandalucia.es\/iesalquivira\/files\/2016\/12\/DSC_0294-50x50.jpg 50w\" sizes=\"(max-width: 150px) 100vw, 150px\" \/><\/a>\n\t\t\t<\/div><\/figure><figure class='gallery-item'>\n\t\t\t<div class='gallery-icon portrait'>\n\t\t\t\t<a href='https:\/\/blogsaverroes.juntadeandalucia.es\/iesalquivira\/fofos-3\/dsc_0298\/'><img loading=\"lazy\" decoding=\"async\" width=\"150\" height=\"150\" src=\"https:\/\/blogsaverroes.juntadeandalucia.es\/iesalquivira\/files\/2016\/12\/DSC_0298-e1507971716960-150x150.jpg\" class=\"attachment-thumbnail size-thumbnail\" alt=\"\" srcset=\"https:\/\/blogsaverroes.juntadeandalucia.es\/iesalquivira\/files\/2016\/12\/DSC_0298-e1507971716960-150x150.jpg 150w, https:\/\/blogsaverroes.juntadeandalucia.es\/iesalquivira\/files\/2016\/12\/DSC_0298-e1507971716960-100x100.jpg 100w, https:\/\/blogsaverroes.juntadeandalucia.es\/iesalquivira\/files\/2016\/12\/DSC_0298-e1507971716960-50x50.jpg 50w\" sizes=\"(max-width: 150px) 100vw, 150px\" \/><\/a>\n\t\t\t<\/div><\/figure><figure class='gallery-item'>\n\t\t\t<div class='gallery-icon portrait'>\n\t\t\t\t<a href='https:\/\/blogsaverroes.juntadeandalucia.es\/iesalquivira\/fofos-3\/dsc_0308\/'><img loading=\"lazy\" decoding=\"async\" width=\"150\" height=\"150\" src=\"https:\/\/blogsaverroes.juntadeandalucia.es\/iesalquivira\/files\/2016\/12\/DSC_0308-e1507971674354-150x150.jpg\" class=\"attachment-thumbnail size-thumbnail\" alt=\"\" srcset=\"https:\/\/blogsaverroes.juntadeandalucia.es\/iesalquivira\/files\/2016\/12\/DSC_0308-e1507971674354-150x150.jpg 150w, https:\/\/blogsaverroes.juntadeandalucia.es\/iesalquivira\/files\/2016\/12\/DSC_0308-e1507971674354-100x100.jpg 100w, https:\/\/blogsaverroes.juntadeandalucia.es\/iesalquivira\/files\/2016\/12\/DSC_0308-e1507971674354-50x50.jpg 50w\" sizes=\"(max-width: 150px) 100vw, 150px\" \/><\/a>\n\t\t\t<\/div><\/figure><figure class='gallery-item'>\n\t\t\t<div class='gallery-icon landscape'>\n\t\t\t\t<a href='https:\/\/blogsaverroes.juntadeandalucia.es\/iesalquivira\/fofos-3\/dsc_0340\/'><img loading=\"lazy\" decoding=\"async\" width=\"150\" height=\"150\" src=\"https:\/\/blogsaverroes.juntadeandalucia.es\/iesalquivira\/files\/2016\/12\/DSC_0340-150x150.jpg\" class=\"attachment-thumbnail size-thumbnail\" alt=\"\" srcset=\"https:\/\/blogsaverroes.juntadeandalucia.es\/iesalquivira\/files\/2016\/12\/DSC_0340-150x150.jpg 150w, https:\/\/blogsaverroes.juntadeandalucia.es\/iesalquivira\/files\/2016\/12\/DSC_0340-100x100.jpg 100w, https:\/\/blogsaverroes.juntadeandalucia.es\/iesalquivira\/files\/2016\/12\/DSC_0340-50x50.jpg 50w\" sizes=\"(max-width: 150px) 100vw, 150px\" \/><\/a>\n\t\t\t<\/div><\/figure><figure class='gallery-item'>\n\t\t\t<div class='gallery-icon landscape'>\n\t\t\t\t<a href='https:\/\/blogsaverroes.juntadeandalucia.es\/iesalquivira\/fofos-3\/dsc_0379\/'><img loading=\"lazy\" decoding=\"async\" width=\"150\" height=\"150\" src=\"https:\/\/blogsaverroes.juntadeandalucia.es\/iesalquivira\/files\/2016\/12\/DSC_0379-150x150.jpg\" class=\"attachment-thumbnail size-thumbnail\" alt=\"\" srcset=\"https:\/\/blogsaverroes.juntadeandalucia.es\/iesalquivira\/files\/2016\/12\/DSC_0379-150x150.jpg 150w, https:\/\/blogsaverroes.juntadeandalucia.es\/iesalquivira\/files\/2016\/12\/DSC_0379-100x100.jpg 100w, https:\/\/blogsaverroes.juntadeandalucia.es\/iesalquivira\/files\/2016\/12\/DSC_0379-50x50.jpg 50w\" sizes=\"(max-width: 150px) 100vw, 150px\" \/><\/a>\n\t\t\t<\/div><\/figure><figure class='gallery-item'>\n\t\t\t<div class='gallery-icon landscape'>\n\t\t\t\t<a href='https:\/\/blogsaverroes.juntadeandalucia.es\/iesalquivira\/fofos-3\/dsc_0394\/'><img loading=\"lazy\" decoding=\"async\" width=\"150\" height=\"150\" src=\"https:\/\/blogsaverroes.juntadeandalucia.es\/iesalquivira\/files\/2016\/12\/DSC_0394-150x150.jpg\" class=\"attachment-thumbnail size-thumbnail\" alt=\"\" srcset=\"https:\/\/blogsaverroes.juntadeandalucia.es\/iesalquivira\/files\/2016\/12\/DSC_0394-150x150.jpg 150w, https:\/\/blogsaverroes.juntadeandalucia.es\/iesalquivira\/files\/2016\/12\/DSC_0394-100x100.jpg 100w, https:\/\/blogsaverroes.juntadeandalucia.es\/iesalquivira\/files\/2016\/12\/DSC_0394-50x50.jpg 50w\" sizes=\"(max-width: 150px) 100vw, 150px\" \/><\/a>\n\t\t\t<\/div><\/figure><figure class='gallery-item'>\n\t\t\t<div class='gallery-icon landscape'>\n\t\t\t\t<a href='https:\/\/blogsaverroes.juntadeandalucia.es\/iesalquivira\/fofos-3\/dsc_0400\/'><img loading=\"lazy\" decoding=\"async\" width=\"150\" height=\"150\" src=\"https:\/\/blogsaverroes.juntadeandalucia.es\/iesalquivira\/files\/2016\/12\/DSC_0400-150x150.jpg\" class=\"attachment-thumbnail size-thumbnail\" alt=\"\" srcset=\"https:\/\/blogsaverroes.juntadeandalucia.es\/iesalquivira\/files\/2016\/12\/DSC_0400-150x150.jpg 150w, https:\/\/blogsaverroes.juntadeandalucia.es\/iesalquivira\/files\/2016\/12\/DSC_0400-100x100.jpg 100w, https:\/\/blogsaverroes.juntadeandalucia.es\/iesalquivira\/files\/2016\/12\/DSC_0400-50x50.jpg 50w\" sizes=\"(max-width: 150px) 100vw, 150px\" \/><\/a>\n\t\t\t<\/div><\/figure><figure class='gallery-item'>\n\t\t\t<div class='gallery-icon landscape'>\n\t\t\t\t<a href='https:\/\/blogsaverroes.juntadeandalucia.es\/iesalquivira\/fofos-3\/dsc_0476\/'><img loading=\"lazy\" decoding=\"async\" width=\"150\" height=\"150\" src=\"https:\/\/blogsaverroes.juntadeandalucia.es\/iesalquivira\/files\/2016\/12\/DSC_0476-150x150.jpg\" class=\"attachment-thumbnail size-thumbnail\" alt=\"\" srcset=\"https:\/\/blogsaverroes.juntadeandalucia.es\/iesalquivira\/files\/2016\/12\/DSC_0476-150x150.jpg 150w, https:\/\/blogsaverroes.juntadeandalucia.es\/iesalquivira\/files\/2016\/12\/DSC_0476-100x100.jpg 100w, https:\/\/blogsaverroes.juntadeandalucia.es\/iesalquivira\/files\/2016\/12\/DSC_0476-50x50.jpg 50w\" sizes=\"(max-width: 150px) 100vw, 150px\" \/><\/a>\n\t\t\t<\/div><\/figure><figure class='gallery-item'>\n\t\t\t<div class='gallery-icon landscape'>\n\t\t\t\t<a href='https:\/\/blogsaverroes.juntadeandalucia.es\/iesalquivira\/fofos-3\/dsc_0569\/'><img loading=\"lazy\" decoding=\"async\" width=\"150\" height=\"150\" src=\"https:\/\/blogsaverroes.juntadeandalucia.es\/iesalquivira\/files\/2016\/12\/DSC_0569-150x150.jpg\" class=\"attachment-thumbnail size-thumbnail\" alt=\"\" srcset=\"https:\/\/blogsaverroes.juntadeandalucia.es\/iesalquivira\/files\/2016\/12\/DSC_0569-150x150.jpg 150w, https:\/\/blogsaverroes.juntadeandalucia.es\/iesalquivira\/files\/2016\/12\/DSC_0569-100x100.jpg 100w, https:\/\/blogsaverroes.juntadeandalucia.es\/iesalquivira\/files\/2016\/12\/DSC_0569-50x50.jpg 50w\" sizes=\"(max-width: 150px) 100vw, 150px\" \/><\/a>\n\t\t\t<\/div><\/figure><figure class='gallery-item'>\n\t\t\t<div class='gallery-icon landscape'>\n\t\t\t\t<a href='https:\/\/blogsaverroes.juntadeandalucia.es\/iesalquivira\/fofos-3\/dsc_0679\/'><img loading=\"lazy\" decoding=\"async\" width=\"150\" height=\"150\" src=\"https:\/\/blogsaverroes.juntadeandalucia.es\/iesalquivira\/files\/2016\/12\/DSC_0679-150x150.jpg\" class=\"attachment-thumbnail size-thumbnail\" alt=\"\" srcset=\"https:\/\/blogsaverroes.juntadeandalucia.es\/iesalquivira\/files\/2016\/12\/DSC_0679-150x150.jpg 150w, https:\/\/blogsaverroes.juntadeandalucia.es\/iesalquivira\/files\/2016\/12\/DSC_0679-100x100.jpg 100w, https:\/\/blogsaverroes.juntadeandalucia.es\/iesalquivira\/files\/2016\/12\/DSC_0679-50x50.jpg 50w\" sizes=\"(max-width: 150px) 100vw, 150px\" \/><\/a>\n\t\t\t<\/div><\/figure><figure class='gallery-item'>\n\t\t\t<div class='gallery-icon portrait'>\n\t\t\t\t<a href='https:\/\/blogsaverroes.juntadeandalucia.es\/iesalquivira\/fofos-3\/dsc_0769\/'><img loading=\"lazy\" decoding=\"async\" width=\"150\" height=\"150\" src=\"https:\/\/blogsaverroes.juntadeandalucia.es\/iesalquivira\/files\/2016\/12\/DSC_0769-e1507971658763-150x150.jpg\" class=\"attachment-thumbnail size-thumbnail\" alt=\"\" srcset=\"https:\/\/blogsaverroes.juntadeandalucia.es\/iesalquivira\/files\/2016\/12\/DSC_0769-e1507971658763-150x150.jpg 150w, https:\/\/blogsaverroes.juntadeandalucia.es\/iesalquivira\/files\/2016\/12\/DSC_0769-e1507971658763-100x100.jpg 100w, https:\/\/blogsaverroes.juntadeandalucia.es\/iesalquivira\/files\/2016\/12\/DSC_0769-e1507971658763-50x50.jpg 50w\" sizes=\"(max-width: 150px) 100vw, 150px\" \/><\/a>\n\t\t\t<\/div><\/figure><figure class='gallery-item'>\n\t\t\t<div class='gallery-icon landscape'>\n\t\t\t\t<a href='https:\/\/blogsaverroes.juntadeandalucia.es\/iesalquivira\/fofos-3\/dsc_0812\/'><img loading=\"lazy\" decoding=\"async\" width=\"150\" height=\"150\" src=\"https:\/\/blogsaverroes.juntadeandalucia.es\/iesalquivira\/files\/2016\/12\/DSC_0812-150x150.jpg\" class=\"attachment-thumbnail size-thumbnail\" alt=\"\" srcset=\"https:\/\/blogsaverroes.juntadeandalucia.es\/iesalquivira\/files\/2016\/12\/DSC_0812-150x150.jpg 150w, https:\/\/blogsaverroes.juntadeandalucia.es\/iesalquivira\/files\/2016\/12\/DSC_0812-100x100.jpg 100w, https:\/\/blogsaverroes.juntadeandalucia.es\/iesalquivira\/files\/2016\/12\/DSC_0812-50x50.jpg 50w\" sizes=\"(max-width: 150px) 100vw, 150px\" \/><\/a>\n\t\t\t<\/div><\/figure><figure class='gallery-item'>\n\t\t\t<div class='gallery-icon portrait'>\n\t\t\t\t<a href='https:\/\/blogsaverroes.juntadeandalucia.es\/iesalquivira\/fofos-3\/dsc_0914\/'><img loading=\"lazy\" decoding=\"async\" width=\"150\" height=\"150\" src=\"https:\/\/blogsaverroes.juntadeandalucia.es\/iesalquivira\/files\/2016\/12\/DSC_0914-150x150.jpg\" class=\"attachment-thumbnail size-thumbnail\" alt=\"\" srcset=\"https:\/\/blogsaverroes.juntadeandalucia.es\/iesalquivira\/files\/2016\/12\/DSC_0914-150x150.jpg 150w, https:\/\/blogsaverroes.juntadeandalucia.es\/iesalquivira\/files\/2016\/12\/DSC_0914-100x100.jpg 100w, https:\/\/blogsaverroes.juntadeandalucia.es\/iesalquivira\/files\/2016\/12\/DSC_0914-50x50.jpg 50w\" sizes=\"(max-width: 150px) 100vw, 150px\" \/><\/a>\n\t\t\t<\/div><\/figure><figure class='gallery-item'>\n\t\t\t<div class='gallery-icon landscape'>\n\t\t\t\t<a href='https:\/\/blogsaverroes.juntadeandalucia.es\/iesalquivira\/fofos-3\/dsc_0990\/'><img loading=\"lazy\" decoding=\"async\" width=\"150\" height=\"150\" src=\"https:\/\/blogsaverroes.juntadeandalucia.es\/iesalquivira\/files\/2016\/12\/DSC_0990-150x150.jpg\" class=\"attachment-thumbnail size-thumbnail\" alt=\"\" srcset=\"https:\/\/blogsaverroes.juntadeandalucia.es\/iesalquivira\/files\/2016\/12\/DSC_0990-150x150.jpg 150w, https:\/\/blogsaverroes.juntadeandalucia.es\/iesalquivira\/files\/2016\/12\/DSC_0990-100x100.jpg 100w, https:\/\/blogsaverroes.juntadeandalucia.es\/iesalquivira\/files\/2016\/12\/DSC_0990-50x50.jpg 50w\" sizes=\"(max-width: 150px) 100vw, 150px\" \/><\/a>\n\t\t\t<\/div><\/figure>\n\t\t<\/div>\n\n","protected":false},"excerpt":{"rendered":"<p>Todos los a\u00f1os los alumnos de 1\u00ba de Bachillerato y 1\u00ba de los Ciclos Formativos realizan un viaje de estudios a Italia. Actualmente el pa\u00eds&hellip;<\/p>\n","protected":false},"author":4435,"featured_media":0,"parent":0,"menu_order":0,"comment_status":"closed","ping_status":"open","template":"","meta":{"ngg_post_thumbnail":0,"footnotes":"","_mc_calendar":[]},"aioseo_notices":[],"_links":{"self":[{"href":"https:\/\/blogsaverroes.juntadeandalucia.es\/iesalquivira\/wp-json\/wp\/v2\/pages\/2599"}],"collection":[{"href":"https:\/\/blogsaverroes.juntadeandalucia.es\/iesalquivira\/wp-json\/wp\/v2\/pages"}],"about":[{"href":"https:\/\/blogsaverroes.juntadeandalucia.es\/iesalquivira\/wp-json\/wp\/v2\/types\/page"}],"author":[{"embeddable":true,"href":"https:\/\/blogsaverroes.juntadeandalucia.es\/iesalquivira\/wp-json\/wp\/v2\/users\/4435"}],"replies":[{"embeddable":true,"href":"https:\/\/blogsaverroes.juntadeandalucia.es\/iesalquivira\/wp-json\/wp\/v2\/comments?post=2599"}],"version-history":[{"count":7,"href":"https:\/\/blogsaverroes.juntadeandalucia.es\/iesalquivira\/wp-json\/wp\/v2\/pages\/2599\/revisions"}],"predecessor-version":[{"id":3483,"href":"https:\/\/blogsaverroes.juntadeandalucia.es\/iesalquivira\/wp-json\/wp\/v2\/pages\/2599\/revisions\/3483"}],"wp:attachment":[{"href":"https:\/\/blogsaverroes.juntadeandalucia.es\/iesalquivira\/wp-json\/wp\/v2\/media?parent=2599"}],"curies":[{"name":"wp","href":"https:\/\/api.w.org\/{rel}","templated":true}]}}