{"id":82,"date":"2015-03-16T06:59:55","date_gmt":"2015-03-16T06:59:55","guid":{"rendered":"http:\/\/blogsaverroes.juntadeandalucia.es\/pre\/ceip\/?page_id=82"},"modified":"2023-11-17T11:57:24","modified_gmt":"2023-11-17T11:57:24","slug":"horarios","status":"publish","type":"page","link":"https:\/\/blogsaverroes.juntadeandalucia.es\/iesalquivira\/horarios\/","title":{"rendered":"Pruebas extraordinarias para la titulaci\u00f3n de ESO."},"content":{"rendered":"<p><strong>Pruebas o actividades personalizadas extraordinarias para la titulaci\u00f3n de ESO.<\/strong><\/p>\n<p>El alumnado que una vez finalizado el proceso de evaluaci\u00f3n de cuarto curso de Educaci\u00f3n Secundaria Obligatoria no haya obtenido el t\u00edtulo y haya superado los l\u00edmites de edad establecidos en el art\u00edculo 15.5 del Decreto 102\/2023, de 9 de mayo, podr\u00e1 obtenerlo en los dos cursos siguientes a trav\u00e9s de la realizaci\u00f3n de pruebas o actividades personalizadas extraordinarias de las materias o \u00e1mbitos que no haya superado.<\/p>\n<p>Las pruebas estar\u00e1n basadas en planes de recuperaci\u00f3n que elaborar\u00e1n los correspondientes departamentos de coordinaci\u00f3n did\u00e1ctica. Estos planes contemplar\u00e1n los elementos curriculares de cada materia, tomando en especial consideraci\u00f3n sus criterios de evaluaci\u00f3n, as\u00ed como las actividades y las pruebas objetivas propuestas para la superaci\u00f3n de la misma.<\/p>\n<p>Los interesados que cumplan los requisitos (haber finalizado sin t\u00edtulo 4\u00ba de ESO, siendo el \u00faltimo centro en el que han estado matriculados el I.E.S. Alquivira y tener superado los l\u00edmites de edad establecidos en el art\u00edculo 15.5 del Decreto 102\/2023), deber\u00e1n solicitar su participaci\u00f3n en dicho procedimiento, cumplimentando para ello un modelo de Expone-Solicita y entreg\u00e1ndolo en la Secretar\u00eda del centro durante los diez \u00faltimos d\u00edas naturales del mes de junio de cada a\u00f1o.<\/p>\n<p>Una vez resueltas las solicitudes, las personas admitidas podr\u00e1n retirar de la secretar\u00eda del centro el Plan de recuperaci\u00f3n durante los diez primeros d\u00edas naturales del mes de julio.<\/p>\n<p>Las pruebas se realizar\u00e1n durante los 5 primeros d\u00edas de septiembre, seg\u00fan un calendario establecido por la Jefatura de Estudios.<\/p>\n<p>De la sesi\u00f3n de evaluaci\u00f3n se levantar\u00e1 la correspondiente acta. A esta sesi\u00f3n acudir\u00e1 el profesorado responsable de la evaluaci\u00f3n de las materias pendientes y la persona titular de la jefatura de estudios.<\/p>\n<p>El resultado de las pruebas se comunicar\u00e1 a las personas interesadas durante la primera quincena de septiembre.<\/p>\n<p>La secretar\u00eda del Centro registrar\u00e1 las calificaciones obtenidas en los documentos oficiales de evaluaci\u00f3n que procedan y ser\u00e1 visado por la direcci\u00f3n del centro.<\/p>\n","protected":false},"excerpt":{"rendered":"<p>Pruebas o actividades personalizadas extraordinarias para la titulaci\u00f3n de ESO. El alumnado que una vez finalizado el proceso de evaluaci\u00f3n de cuarto curso de Educaci\u00f3n&hellip;<\/p>\n","protected":false},"author":1,"featured_media":0,"parent":0,"menu_order":0,"comment_status":"closed","ping_status":"open","template":"page-cs.php","meta":{"ngg_post_thumbnail":0,"footnotes":"","_mc_calendar":[]},"aioseo_notices":[],"_links":{"self":[{"href":"https:\/\/blogsaverroes.juntadeandalucia.es\/iesalquivira\/wp-json\/wp\/v2\/pages\/82"}],"collection":[{"href":"https:\/\/blogsaverroes.juntadeandalucia.es\/iesalquivira\/wp-json\/wp\/v2\/pages"}],"about":[{"href":"https:\/\/blogsaverroes.juntadeandalucia.es\/iesalquivira\/wp-json\/wp\/v2\/types\/page"}],"author":[{"embeddable":true,"href":"https:\/\/blogsaverroes.juntadeandalucia.es\/iesalquivira\/wp-json\/wp\/v2\/users\/1"}],"replies":[{"embeddable":true,"href":"https:\/\/blogsaverroes.juntadeandalucia.es\/iesalquivira\/wp-json\/wp\/v2\/comments?post=82"}],"version-history":[{"count":6,"href":"https:\/\/blogsaverroes.juntadeandalucia.es\/iesalquivira\/wp-json\/wp\/v2\/pages\/82\/revisions"}],"predecessor-version":[{"id":4115,"href":"https:\/\/blogsaverroes.juntadeandalucia.es\/iesalquivira\/wp-json\/wp\/v2\/pages\/82\/revisions\/4115"}],"wp:attachment":[{"href":"https:\/\/blogsaverroes.juntadeandalucia.es\/iesalquivira\/wp-json\/wp\/v2\/media?parent=82"}],"curies":[{"name":"wp","href":"https:\/\/api.w.org\/{rel}","templated":true}]}}