{"id":155,"date":"2020-10-19T18:57:51","date_gmt":"2020-10-19T18:57:51","guid":{"rendered":"https:\/\/blogsaverroes.juntadeandalucia.es\/iesaltoalmanzora\/?page_id=155"},"modified":"2021-12-12T22:35:15","modified_gmt":"2021-12-12T22:35:15","slug":"ingles","status":"publish","type":"page","link":"https:\/\/blogsaverroes.juntadeandalucia.es\/iesaltoalmanzora\/ingles\/","title":{"rendered":"Ingl\u00e9s"},"content":{"rendered":"<p><span style=\"font-weight: 400\">DEPARTAMENTO DE INGL\u00c9S: COMPONENTES Y GRUPOS<\/span><\/p>\n<p><span style=\"font-weight: 400\">En este curso acad\u00e9mico 2021-22 el Departamento de Ingl\u00e9s estar\u00e1 compuesto por cuatro profesores. Los nombres de los profesores, as\u00ed como la distribuci\u00f3n de los grupos es la que a continuaci\u00f3n se especifica:&nbsp;<\/span><\/p>\n<p><b>Mercedes Garc\u00eda Benito<\/b><span style=\"font-weight: 400\">, que asume las funciones de la jefatura de departamento impartir\u00e1 clases de ingl\u00e9s en los siguientes grupos:<\/span><\/p>\n<ul>\n<li style=\"font-weight: 400\"><span style=\"font-weight: 400\">1\u00ba BTO (1\u00ba y 2\u00ba idioma)&nbsp;&nbsp;<\/span><\/li>\n<li style=\"font-weight: 400\"><span style=\"font-weight: 400\">1\u00ba CFAF<\/span><\/li>\n<li style=\"font-weight: 400\"><span style=\"font-weight: 400\">4\u00ba ESO (RMT)<\/span><\/li>\n<li style=\"font-weight: 400\"><span style=\"font-weight: 400\">2\u00ba FPB<\/span>&nbsp; &nbsp; &nbsp; &nbsp; &nbsp; &nbsp; &nbsp;<\/li>\n<\/ul>\n<p><b>&nbsp;Esther Gonz\u00e1lez Montiel<\/b><span style=\"font-weight: 400\">, que asume las funciones de tutora de 2\u00ba BTO A, impartir\u00e1 clase a los siguientes grupos:<\/span><span style=\"font-weight: 400\">&nbsp; &nbsp; &nbsp; &nbsp; &nbsp; &nbsp; &nbsp;<\/span><\/p>\n<ul>\n<li><span style=\"font-weight: 400\">2\u00ba BTO A (1\u00ba y 2\u00ba idioma)<\/span><\/li>\n<li><span style=\"font-weight: 400\">3\u00ba ESO A y B<\/span><\/li>\n<li><span style=\"font-weight: 400\">1\u00ba ESO (conversaci\u00f3n)<\/span><\/li>\n<li><span style=\"font-weight: 400\">1\u00ba BTO (2\u00ba id)<\/span>&nbsp; &nbsp; &nbsp; &nbsp; &nbsp; &nbsp; &nbsp; &nbsp; &nbsp;<\/li>\n<\/ul>\n<p><b>&nbsp;Javier Morterero L\u00f3pez<\/b><span style=\"font-weight: 400\">, que asume las funciones de tutor de 1\u00ba ESO B, impartir\u00e1 clase a los siguientes grupos:<\/span><\/p>\n<ul>\n<li><span style=\"font-weight: 400\">&nbsp;1\u00ba ESO A, B&nbsp;<\/span><\/li>\n<li><span style=\"font-weight: 400\">&nbsp; 2 ESO A, B<\/span><\/li>\n<\/ul>\n<p><b>&nbsp;Manuel Jim\u00e9nez Gonz\u00e1lez, <\/b><span style=\"font-weight: 400\">que asume las funciones de tutor de 4\u00ba B, impartir\u00e1 clase a los siguientes grupos<\/span><\/p>\n<ul>\n<li><span style=\"font-weight: 400\">&nbsp; &nbsp; 4\u00ba ESO A y B<\/span><\/li>\n<li><span style=\"font-weight: 400\">&nbsp; &nbsp; 4\u00ba ESO (2\u00ba id)<\/span><\/li>\n<li><span style=\"font-weight: 400\">&nbsp; &nbsp; 2\u00ba BTO B<\/span><\/li>\n<li><span style=\"font-weight: 400\">&nbsp; &nbsp;2\u00ba BTO (Conversaci\u00f3n)<\/span><\/li>\n<\/ul>\n<p><span style=\"font-weight: 400\">Los libros de texto son los siguientes:<\/span><\/p>\n<p><span style=\"font-weight: 400\">1\u00ba, 2\u00ba, 3\u00ba,&nbsp; 4\u00ba ESO: Teamwork 1, 2, 3, 4.<\/span><\/p>\n<p><span style=\"font-weight: 400\">1\u00ba, 2\u00ba Bachillerato: Make The Grade 1, 2.<\/span><\/p>\n<p><span style=\"font-weight: 400\">CF AF: Office Administrattion<\/span><\/p>\n<p><span style=\"font-weight: 400\">1\u00ba, 2\u00ba FPB: Let\u00b4s go<\/span><\/p>\n<p>&nbsp;<\/p>\n<p>&nbsp;<\/p>\n<p>&nbsp;<\/p>\n<p>&nbsp;<\/p>\n","protected":false},"excerpt":{"rendered":"<p>DEPARTAMENTO DE INGL\u00c9S: COMPONENTES Y GRUPOS En este curso acad\u00e9mico 2021-22 el Departamento de Ingl\u00e9s estar\u00e1 compuesto por cuatro profesores. Los nombres de los profesores, as\u00ed como la distribuci\u00f3n de los grupos es la&#46;&#46;&#46;<\/p>\n","protected":false},"author":10541,"featured_media":0,"parent":0,"menu_order":0,"comment_status":"closed","ping_status":"closed","template":"","meta":{"ngg_post_thumbnail":0,"footnotes":""},"aioseo_notices":[],"_links":{"self":[{"href":"https:\/\/blogsaverroes.juntadeandalucia.es\/iesaltoalmanzora\/wp-json\/wp\/v2\/pages\/155"}],"collection":[{"href":"https:\/\/blogsaverroes.juntadeandalucia.es\/iesaltoalmanzora\/wp-json\/wp\/v2\/pages"}],"about":[{"href":"https:\/\/blogsaverroes.juntadeandalucia.es\/iesaltoalmanzora\/wp-json\/wp\/v2\/types\/page"}],"author":[{"embeddable":true,"href":"https:\/\/blogsaverroes.juntadeandalucia.es\/iesaltoalmanzora\/wp-json\/wp\/v2\/users\/10541"}],"replies":[{"embeddable":true,"href":"https:\/\/blogsaverroes.juntadeandalucia.es\/iesaltoalmanzora\/wp-json\/wp\/v2\/comments?post=155"}],"version-history":[{"count":4,"href":"https:\/\/blogsaverroes.juntadeandalucia.es\/iesaltoalmanzora\/wp-json\/wp\/v2\/pages\/155\/revisions"}],"predecessor-version":[{"id":899,"href":"https:\/\/blogsaverroes.juntadeandalucia.es\/iesaltoalmanzora\/wp-json\/wp\/v2\/pages\/155\/revisions\/899"}],"wp:attachment":[{"href":"https:\/\/blogsaverroes.juntadeandalucia.es\/iesaltoalmanzora\/wp-json\/wp\/v2\/media?parent=155"}],"curies":[{"name":"wp","href":"https:\/\/api.w.org\/{rel}","templated":true}]}}