{"id":169,"date":"2020-10-19T19:00:17","date_gmt":"2020-10-19T19:00:17","guid":{"rendered":"https:\/\/blogsaverroes.juntadeandalucia.es\/iesaltoalmanzora\/?page_id=169"},"modified":"2021-11-28T11:36:33","modified_gmt":"2021-11-28T11:36:33","slug":"tecnologia","status":"publish","type":"page","link":"https:\/\/blogsaverroes.juntadeandalucia.es\/iesaltoalmanzora\/tecnologia\/","title":{"rendered":"Tecnolog\u00eda"},"content":{"rendered":"<p>Profesorado del Departamento de Tecnolog\u00eda durante el curso 2021\/2022<\/p>\n<table style=\"border-collapse: collapse;width: 100.121%;height: 153px\">\n<tbody>\n<tr>\n<td style=\"width: 50%\">Profesor<\/td>\n<td style=\"width: 50%\">Materias que imparte<\/td>\n<\/tr>\n<tr>\n<td style=\"width: 50%\">Juan Lucas Ca\u00f1abate<\/p>\n<p>Jefe de departemento y Coordinador TDE<\/td>\n<td style=\"width: 50%\">Tecnolog\u00eda 4\u00ba ESO<\/p>\n<p>Computaci\u00f3n y rob\u00f3tica 3\u00ba ESO<\/td>\n<\/tr>\n<tr>\n<td style=\"width: 50%\">Marisa L\u00f3pez Coss\u00edo<\/td>\n<td style=\"width: 50%\">Tecnolog\u00eda 2\u00ba ESO<\/td>\n<\/tr>\n<tr>\n<td style=\"width: 50%\">Francisco Guevara Tamayo<\/td>\n<td style=\"width: 50%\">Tecnolog\u00eda aplicada 1\u00ba ESO<\/p>\n<p>TIC 4\u00ba ESO<\/p>\n<p>TIC 1\u00ba BTO A<\/p>\n<p>TIC 2\u00ba BTO<\/p>\n<p>Tecnolog\u00eda 3\u00ba ESO<\/td>\n<\/tr>\n<\/tbody>\n<\/table>\n","protected":false},"excerpt":{"rendered":"<p>Profesorado del Departamento de Tecnolog\u00eda durante el curso 2021\/2022 Profesor Materias que imparte Juan Lucas Ca\u00f1abate Jefe de departemento y Coordinador TDE Tecnolog\u00eda 4\u00ba ESO Computaci\u00f3n y rob\u00f3tica 3\u00ba ESO Marisa L\u00f3pez Coss\u00edo Tecnolog\u00eda&#46;&#46;&#46;<\/p>\n","protected":false},"author":10541,"featured_media":0,"parent":0,"menu_order":0,"comment_status":"closed","ping_status":"closed","template":"","meta":{"ngg_post_thumbnail":0,"footnotes":""},"aioseo_notices":[],"_links":{"self":[{"href":"https:\/\/blogsaverroes.juntadeandalucia.es\/iesaltoalmanzora\/wp-json\/wp\/v2\/pages\/169"}],"collection":[{"href":"https:\/\/blogsaverroes.juntadeandalucia.es\/iesaltoalmanzora\/wp-json\/wp\/v2\/pages"}],"about":[{"href":"https:\/\/blogsaverroes.juntadeandalucia.es\/iesaltoalmanzora\/wp-json\/wp\/v2\/types\/page"}],"author":[{"embeddable":true,"href":"https:\/\/blogsaverroes.juntadeandalucia.es\/iesaltoalmanzora\/wp-json\/wp\/v2\/users\/10541"}],"replies":[{"embeddable":true,"href":"https:\/\/blogsaverroes.juntadeandalucia.es\/iesaltoalmanzora\/wp-json\/wp\/v2\/comments?post=169"}],"version-history":[{"count":4,"href":"https:\/\/blogsaverroes.juntadeandalucia.es\/iesaltoalmanzora\/wp-json\/wp\/v2\/pages\/169\/revisions"}],"predecessor-version":[{"id":834,"href":"https:\/\/blogsaverroes.juntadeandalucia.es\/iesaltoalmanzora\/wp-json\/wp\/v2\/pages\/169\/revisions\/834"}],"wp:attachment":[{"href":"https:\/\/blogsaverroes.juntadeandalucia.es\/iesaltoalmanzora\/wp-json\/wp\/v2\/media?parent=169"}],"curies":[{"name":"wp","href":"https:\/\/api.w.org\/{rel}","templated":true}]}}