{"id":173,"date":"2020-10-19T19:00:49","date_gmt":"2020-10-19T19:00:49","guid":{"rendered":"https:\/\/blogsaverroes.juntadeandalucia.es\/iesaltoalmanzora\/?page_id=173"},"modified":"2021-04-16T08:50:23","modified_gmt":"2021-04-16T08:50:23","slug":"economia","status":"publish","type":"page","link":"https:\/\/blogsaverroes.juntadeandalucia.es\/iesaltoalmanzora\/economia\/","title":{"rendered":"Econom\u00eda"},"content":{"rendered":"<p>Adscritas a la especialidad de Econom\u00eda se imparten, durante este curso escolar 2020\/2021, las siguientes materias distribuidas por cursos:<\/p>\n<p>&nbsp;<\/p>\n<p><b>2\u00ba ESO<\/b><\/p>\n<p><b><i>Iniciaci\u00f3n a la Actividad Emprendedora y Empresarial (IAEE)<\/i><\/b><\/p>\n<p>Profesora: Mar\u00eda&nbsp; Esther P\u00e9rez Garc\u00eda<\/p>\n<p>Material de elaboraci\u00f3n propia<\/p>\n<p><b>3\u00ba ESO<\/b><\/p>\n<p><b><i>Iniciaci\u00f3n a la Actividad Emprendedora y Empresarial (IAEE)<\/i><\/b><\/p>\n<p>Profesora: Mar\u00eda&nbsp; Esther P\u00e9rez Garc\u00eda<\/p>\n<p>Libro: Iniciaci\u00f3n a la actividad emprendedora y empresarial. Editorial Anaya. ISBN: 978-84-698-7280-2<\/p>\n<p><b>4\u00ba ESO<\/b><\/p>\n<p><b><i>Iniciaci\u00f3n a la Actividad Emprendedora y Empresarial (IAEE)<\/i><\/b><\/p>\n<p>Profesora: Mar\u00eda&nbsp; Esther P\u00e9rez Garc\u00eda<\/p>\n<p>Libro: Iniciaci\u00f3n a la actividad emprendedora y empresarial. Editorial Editex. ISBN: 978-84-9078-759-5<\/p>\n<p><b><i>Econom\u00eda<\/i><\/b><\/p>\n<p>Profesora: Patricia Andaluc\u00eda G\u00f3mez Gonz\u00e1lez<\/p>\n<p>Material de elaboraci\u00f3n propia<\/p>\n<div style=\"width: 100%\">\n<div style=\"padding-bottom: 56.3125%;padding-top: 0;height: 0\"><iframe loading=\"lazy\" src=\"https:\/\/view.genial.ly\/5f67bc8479626a0d7129013e\" scrolling=\"yes\" width=\"533px\" height=\"301px\" frameborder=\"0\"><\/iframe><\/div>\n<\/div>\n<p><b>1\u00ba Bachillerato<\/b><\/p>\n<p><b><i>Cultura Emprendedora y Empresarial (CEYE)<\/i><\/b><\/p>\n<p>Profesora: Patricia Andaluc\u00eda G\u00f3mez Gonz\u00e1lez<\/p>\n<p>Material de elaboraci\u00f3n propia<\/p>\n<p><b><i>Econom\u00eda<\/i><\/b><\/p>\n<p>Profesora: Patricia Andaluc\u00eda G\u00f3mez Gonz\u00e1lez<\/p>\n<p>Libro: Econom\u00eda 1\u00ba Bachillerato. Editorial SM. ISBN: 978-84-675-7654-2<\/p>\n<div style=\"width: 100%\">\n<div style=\"padding-bottom: 56.31%;padding-top: 0;height: 0\"><iframe loading=\"lazy\" src=\"https:\/\/view.genial.ly\/5f67cd5679626a0d7129029c\" scrolling=\"yes\" width=\"533\" height=\"301\" frameborder=\"0\"><\/iframe><\/div>\n<\/div>\n<p><b>2\u00ba de Bachillerato<\/b><\/p>\n<p><b><i>Econom\u00eda de la Empresa&nbsp;<\/i><\/b><\/p>\n<p>Profesora: Patricia Andaluc\u00eda G\u00f3mez Gonz\u00e1lez<\/p>\n<p>Libro: Econom\u00eda de la empresa 2\u00ba Bachillerato. Editorial SM. ISBN: 978-84-675-8712-8<\/p>\n<div style=\"width: 100%\">\n<div style=\"padding-bottom: 56.31%;padding-top: 0;height: 0\"><iframe loading=\"lazy\" src=\"https:\/\/view.genial.ly\/5dc6942a00b7a20f3eb9713b\" scrolling=\"yes\" width=\"533\" height=\"301\" frameborder=\"0\"><\/iframe><\/div>\n<\/div>\n","protected":false},"excerpt":{"rendered":"<p>Adscritas a la especialidad de Econom\u00eda se imparten, durante este curso escolar 2020\/2021, las siguientes materias distribuidas por cursos: &nbsp; 2\u00ba ESO Iniciaci\u00f3n a la Actividad Emprendedora y Empresarial (IAEE) Profesora: Mar\u00eda&nbsp; Esther P\u00e9rez&#46;&#46;&#46;<\/p>\n","protected":false},"author":10541,"featured_media":0,"parent":0,"menu_order":0,"comment_status":"closed","ping_status":"closed","template":"","meta":{"ngg_post_thumbnail":0,"footnotes":""},"aioseo_notices":[],"_links":{"self":[{"href":"https:\/\/blogsaverroes.juntadeandalucia.es\/iesaltoalmanzora\/wp-json\/wp\/v2\/pages\/173"}],"collection":[{"href":"https:\/\/blogsaverroes.juntadeandalucia.es\/iesaltoalmanzora\/wp-json\/wp\/v2\/pages"}],"about":[{"href":"https:\/\/blogsaverroes.juntadeandalucia.es\/iesaltoalmanzora\/wp-json\/wp\/v2\/types\/page"}],"author":[{"embeddable":true,"href":"https:\/\/blogsaverroes.juntadeandalucia.es\/iesaltoalmanzora\/wp-json\/wp\/v2\/users\/10541"}],"replies":[{"embeddable":true,"href":"https:\/\/blogsaverroes.juntadeandalucia.es\/iesaltoalmanzora\/wp-json\/wp\/v2\/comments?post=173"}],"version-history":[{"count":4,"href":"https:\/\/blogsaverroes.juntadeandalucia.es\/iesaltoalmanzora\/wp-json\/wp\/v2\/pages\/173\/revisions"}],"predecessor-version":[{"id":474,"href":"https:\/\/blogsaverroes.juntadeandalucia.es\/iesaltoalmanzora\/wp-json\/wp\/v2\/pages\/173\/revisions\/474"}],"wp:attachment":[{"href":"https:\/\/blogsaverroes.juntadeandalucia.es\/iesaltoalmanzora\/wp-json\/wp\/v2\/media?parent=173"}],"curies":[{"name":"wp","href":"https:\/\/api.w.org\/{rel}","templated":true}]}}