{"id":487,"date":"2021-05-02T21:48:29","date_gmt":"2021-05-02T21:48:29","guid":{"rendered":"https:\/\/blogsaverroes.juntadeandalucia.es\/iesaltoalmanzora\/?page_id=487"},"modified":"2024-03-09T16:36:10","modified_gmt":"2024-03-09T16:36:10","slug":"programaciones","status":"publish","type":"page","link":"https:\/\/blogsaverroes.juntadeandalucia.es\/iesaltoalmanzora\/programaciones\/","title":{"rendered":"Programaciones"},"content":{"rendered":"<p>Para acceder a la Programaci\u00f3n Did\u00e1ctica de una asignatura, por favor, visite la p\u00e1gina del Departamento responsable de la misma. Puede acceder a los mismos a trav\u00e9s del men\u00fa superior de la p\u00e1gina web.<\/p>\n<p><a href=\"https:\/\/blogsaverroes.juntadeandalucia.es\/iesaltoalmanzora\/files\/2024\/03\/Imagen-departamentos.png\"><img loading=\"lazy\" decoding=\"async\" class=\"alignnone  wp-image-1807\" src=\"https:\/\/blogsaverroes.juntadeandalucia.es\/iesaltoalmanzora\/files\/2024\/03\/Imagen-departamentos.png\" alt=\"\" width=\"145\" height=\"231\" srcset=\"https:\/\/blogsaverroes.juntadeandalucia.es\/iesaltoalmanzora\/files\/2024\/03\/Imagen-departamentos.png 244w, https:\/\/blogsaverroes.juntadeandalucia.es\/iesaltoalmanzora\/files\/2024\/03\/Imagen-departamentos-189x300.png 189w\" sizes=\"(max-width: 145px) 100vw, 145px\" \/><\/a><\/p>\n","protected":false},"excerpt":{"rendered":"<p>Para acceder a la Programaci\u00f3n Did\u00e1ctica de una asignatura, por favor, visite la p\u00e1gina del Departamento responsable de la misma. Puede acceder a los mismos a trav\u00e9s del men\u00fa superior de la p\u00e1gina web.<\/p>\n","protected":false},"author":10541,"featured_media":0,"parent":0,"menu_order":0,"comment_status":"closed","ping_status":"closed","template":"","meta":{"ngg_post_thumbnail":0,"footnotes":""},"aioseo_notices":[],"_links":{"self":[{"href":"https:\/\/blogsaverroes.juntadeandalucia.es\/iesaltoalmanzora\/wp-json\/wp\/v2\/pages\/487"}],"collection":[{"href":"https:\/\/blogsaverroes.juntadeandalucia.es\/iesaltoalmanzora\/wp-json\/wp\/v2\/pages"}],"about":[{"href":"https:\/\/blogsaverroes.juntadeandalucia.es\/iesaltoalmanzora\/wp-json\/wp\/v2\/types\/page"}],"author":[{"embeddable":true,"href":"https:\/\/blogsaverroes.juntadeandalucia.es\/iesaltoalmanzora\/wp-json\/wp\/v2\/users\/10541"}],"replies":[{"embeddable":true,"href":"https:\/\/blogsaverroes.juntadeandalucia.es\/iesaltoalmanzora\/wp-json\/wp\/v2\/comments?post=487"}],"version-history":[{"count":15,"href":"https:\/\/blogsaverroes.juntadeandalucia.es\/iesaltoalmanzora\/wp-json\/wp\/v2\/pages\/487\/revisions"}],"predecessor-version":[{"id":1808,"href":"https:\/\/blogsaverroes.juntadeandalucia.es\/iesaltoalmanzora\/wp-json\/wp\/v2\/pages\/487\/revisions\/1808"}],"wp:attachment":[{"href":"https:\/\/blogsaverroes.juntadeandalucia.es\/iesaltoalmanzora\/wp-json\/wp\/v2\/media?parent=487"}],"curies":[{"name":"wp","href":"https:\/\/api.w.org\/{rel}","templated":true}]}}